{"id":6549,"date":"2021-04-14T00:28:22","date_gmt":"2021-04-13T21:28:22","guid":{"rendered":"https:\/\/www.duunauspalvelutjarvi.fi\/?post_type=product&#038;p=6549"},"modified":"2021-04-14T00:28:22","modified_gmt":"2021-04-13T21:28:22","slug":"armytek-ladattava-tiara-c1-pro","status":"publish","type":"product","link":"https:\/\/www.duunauspalvelutjarvi.fi\/?product=armytek-ladattava-tiara-c1-pro","title":{"rendered":"ArmyTek ladattava Tiara C1 Pro"},"content":{"rendered":"<div class=\"row\">\n<div class=\"col-12 col-lg-10\">\n<div class=\"ProductPageContent__description\">\n<div class=\"WysiwygContent\">Kompakti ja kevyt, mutta samalla kest\u00e4v\u00e4 ja monitoiminen valaisin magneetti-USB-laturilla.<br \/>\nYhdistettyn\u00e4 AHM-02:n kanssa toimii korvaamattomana apulaisena rakennusty\u00f6maalla.<br \/>\nPolkupy\u00f6r\u00e4kiinnike ABM-01 pit\u00e4\u00e4 valaisimen kiinni ohjaustangossa.<br \/>\nMonitoimilamppu sopii moniin eri k\u00e4ytt\u00f6tarkoituksiin, kuten autoiluun,<br \/>\nkalastukseen, py\u00f6r\u00e4ilyyn, juoksemiseen jne.<\/p>\n<p>Maksimikirkkaus 900 OTF Lm.<br \/>\nValokeilan kantama 106 m.<br \/>\nEnint\u00e4\u00e4n 60 p\u00e4iv\u00e4n k\u00e4ytt\u00f6aika yhdell\u00e4 virtal\u00e4hteell\u00e4.<br \/>\n18350 Li-Ion akku mukana pakkauksessa.<\/p><\/div>\n<\/div>\n<\/div>\n<div class=\"ProductPageContent__description-details col-sm-12 col-lg-2\">\n<div>\n<h6>Lis\u00e4tiedot<\/h6>\n<div>\n<div class=\"ProductExtraInfo ProductExtraInfo--single-column\">\n<ul class=\"inline-dot\">\n<li>Tuotekoodi:\u00a06957713001869<\/li>\n<li>EAN: 6957713001869<\/li>\n<li><span class=\"ProductWarranty\">Takuu:\u00a0<span class=\"ProductWarranty__warranty\">10 vuotta<\/span><\/span><\/li>\n<li>Paino:\u00a00.24 kg<\/li>\n<\/ul>\n<\/div>\n<\/div>\n<\/div>\n<\/div>\n<\/div>\n<div class=\"row\"><\/div>\n","protected":false},"excerpt":{"rendered":"<p>Kompakti ja kevyt, mutta samalla kest\u00e4v\u00e4 ja monitoiminen valaisin magneetti-USB-laturilla. Yhdistettyn\u00e4 AHM-02:n kanssa toimii korvaamattomana apulaisena rakennusty\u00f6maalla. Polkupy\u00f6r\u00e4kiinnike ABM-01 pit\u00e4\u00e4 valaisimen kiinni ohjaustangossa. Monitoimilamppu sopii moniin eri k\u00e4ytt\u00f6tarkoituksiin, kuten autoiluun, kalastukseen, py\u00f6r\u00e4ilyyn, juoksemiseen jne. Maksimikirkkaus 900 OTF Lm. Valokeilan kantama 106 m. Enint\u00e4\u00e4n 60 p\u00e4iv\u00e4n k\u00e4ytt\u00f6aika yhdell\u00e4 virtal\u00e4hteell\u00e4. 18350 Li-Ion akku mukana pakkauksessa. Lis\u00e4tiedot Tuotekoodi:\u00a06957713001869 [&hellip;]<\/p>\n","protected":false},"featured_media":0,"comment_status":"open","ping_status":"closed","template":"","meta":[],"product_brand":[],"product_cat":[452],"product_tag":[],"class_list":{"0":"post-6549","1":"product","2":"type-product","3":"status-publish","5":"product_cat-otsalamput","7":"first","8":"instock","9":"taxable","10":"shipping-taxable","11":"purchasable","12":"product-type-simple"},"yoast_head":"<!-- This site is optimized with the Yoast SEO plugin v27.6 - https:\/\/yoast.com\/product\/yoast-seo-wordpress\/ -->\n<title>ArmyTek ladattava Tiara C1 Pro -<\/title>\n<meta name=\"robots\" content=\"index, follow, max-snippet:-1, max-image-preview:large, max-video-preview:-1\" \/>\n<link rel=\"canonical\" href=\"https:\/\/www.duunauspalvelutjarvi.fi\/?product=armytek-ladattava-tiara-c1-pro\" \/>\n<meta property=\"og:locale\" content=\"fi_FI\" \/>\n<meta property=\"og:type\" content=\"article\" \/>\n<meta property=\"og:title\" content=\"ArmyTek ladattava Tiara C1 Pro -\" \/>\n<meta property=\"og:description\" content=\"Kompakti ja kevyt, mutta samalla kest\u00e4v\u00e4 ja monitoiminen valaisin magneetti-USB-laturilla. Yhdistettyn\u00e4 AHM-02:n kanssa toimii korvaamattomana apulaisena rakennusty\u00f6maalla. Polkupy\u00f6r\u00e4kiinnike ABM-01 pit\u00e4\u00e4 valaisimen kiinni ohjaustangossa. Monitoimilamppu sopii moniin eri k\u00e4ytt\u00f6tarkoituksiin, kuten autoiluun, kalastukseen, py\u00f6r\u00e4ilyyn, juoksemiseen jne. Maksimikirkkaus 900 OTF Lm. Valokeilan kantama 106 m. Enint\u00e4\u00e4n 60 p\u00e4iv\u00e4n k\u00e4ytt\u00f6aika yhdell\u00e4 virtal\u00e4hteell\u00e4. 18350 Li-Ion akku mukana pakkauksessa. Lis\u00e4tiedot Tuotekoodi:\u00a06957713001869 [&hellip;]\" \/>\n<meta property=\"og:url\" content=\"https:\/\/www.duunauspalvelutjarvi.fi\/?product=armytek-ladattava-tiara-c1-pro\" \/>\n<meta name=\"twitter:card\" content=\"summary_large_image\" \/>\n<script type=\"application\/ld+json\" class=\"yoast-schema-graph\">{\"@context\":\"https:\\\/\\\/schema.org\",\"@graph\":[{\"@type\":\"WebPage\",\"@id\":\"https:\\\/\\\/www.duunauspalvelutjarvi.fi\\\/?product=armytek-ladattava-tiara-c1-pro\",\"url\":\"https:\\\/\\\/www.duunauspalvelutjarvi.fi\\\/?product=armytek-ladattava-tiara-c1-pro\",\"name\":\"ArmyTek ladattava Tiara C1 Pro -\",\"isPartOf\":{\"@id\":\"https:\\\/\\\/www.duunauspalvelutjarvi.fi\\\/#website\"},\"datePublished\":\"2021-04-13T21:28:22+00:00\",\"breadcrumb\":{\"@id\":\"https:\\\/\\\/www.duunauspalvelutjarvi.fi\\\/?product=armytek-ladattava-tiara-c1-pro#breadcrumb\"},\"inLanguage\":\"fi\",\"potentialAction\":[{\"@type\":\"ReadAction\",\"target\":[\"https:\\\/\\\/www.duunauspalvelutjarvi.fi\\\/?product=armytek-ladattava-tiara-c1-pro\"]}]},{\"@type\":\"BreadcrumbList\",\"@id\":\"https:\\\/\\\/www.duunauspalvelutjarvi.fi\\\/?product=armytek-ladattava-tiara-c1-pro#breadcrumb\",\"itemListElement\":[{\"@type\":\"ListItem\",\"position\":1,\"name\":\"Etusivu\",\"item\":\"https:\\\/\\\/www.duunauspalvelutjarvi.fi\\\/\"},{\"@type\":\"ListItem\",\"position\":2,\"name\":\"Etusivu\",\"item\":\"https:\\\/\\\/www.duunauspalvelutjarvi.fi\\\/\"},{\"@type\":\"ListItem\",\"position\":3,\"name\":\"ArmyTek ladattava Tiara C1 Pro\"}]},{\"@type\":\"WebSite\",\"@id\":\"https:\\\/\\\/www.duunauspalvelutjarvi.fi\\\/#website\",\"url\":\"https:\\\/\\\/www.duunauspalvelutjarvi.fi\\\/\",\"name\":\"\",\"description\":\"\",\"potentialAction\":[{\"@type\":\"SearchAction\",\"target\":{\"@type\":\"EntryPoint\",\"urlTemplate\":\"https:\\\/\\\/www.duunauspalvelutjarvi.fi\\\/?s={search_term_string}\"},\"query-input\":{\"@type\":\"PropertyValueSpecification\",\"valueRequired\":true,\"valueName\":\"search_term_string\"}}],\"inLanguage\":\"fi\"}]}<\/script>\n<!-- \/ Yoast SEO plugin. -->","yoast_head_json":{"title":"ArmyTek ladattava Tiara C1 Pro -","robots":{"index":"index","follow":"follow","max-snippet":"max-snippet:-1","max-image-preview":"max-image-preview:large","max-video-preview":"max-video-preview:-1"},"canonical":"https:\/\/www.duunauspalvelutjarvi.fi\/?product=armytek-ladattava-tiara-c1-pro","og_locale":"fi_FI","og_type":"article","og_title":"ArmyTek ladattava Tiara C1 Pro -","og_description":"Kompakti ja kevyt, mutta samalla kest\u00e4v\u00e4 ja monitoiminen valaisin magneetti-USB-laturilla. Yhdistettyn\u00e4 AHM-02:n kanssa toimii korvaamattomana apulaisena rakennusty\u00f6maalla. Polkupy\u00f6r\u00e4kiinnike ABM-01 pit\u00e4\u00e4 valaisimen kiinni ohjaustangossa. Monitoimilamppu sopii moniin eri k\u00e4ytt\u00f6tarkoituksiin, kuten autoiluun, kalastukseen, py\u00f6r\u00e4ilyyn, juoksemiseen jne. Maksimikirkkaus 900 OTF Lm. Valokeilan kantama 106 m. Enint\u00e4\u00e4n 60 p\u00e4iv\u00e4n k\u00e4ytt\u00f6aika yhdell\u00e4 virtal\u00e4hteell\u00e4. 18350 Li-Ion akku mukana pakkauksessa. Lis\u00e4tiedot Tuotekoodi:\u00a06957713001869 [&hellip;]","og_url":"https:\/\/www.duunauspalvelutjarvi.fi\/?product=armytek-ladattava-tiara-c1-pro","twitter_card":"summary_large_image","schema":{"@context":"https:\/\/schema.org","@graph":[{"@type":"WebPage","@id":"https:\/\/www.duunauspalvelutjarvi.fi\/?product=armytek-ladattava-tiara-c1-pro","url":"https:\/\/www.duunauspalvelutjarvi.fi\/?product=armytek-ladattava-tiara-c1-pro","name":"ArmyTek ladattava Tiara C1 Pro -","isPartOf":{"@id":"https:\/\/www.duunauspalvelutjarvi.fi\/#website"},"datePublished":"2021-04-13T21:28:22+00:00","breadcrumb":{"@id":"https:\/\/www.duunauspalvelutjarvi.fi\/?product=armytek-ladattava-tiara-c1-pro#breadcrumb"},"inLanguage":"fi","potentialAction":[{"@type":"ReadAction","target":["https:\/\/www.duunauspalvelutjarvi.fi\/?product=armytek-ladattava-tiara-c1-pro"]}]},{"@type":"BreadcrumbList","@id":"https:\/\/www.duunauspalvelutjarvi.fi\/?product=armytek-ladattava-tiara-c1-pro#breadcrumb","itemListElement":[{"@type":"ListItem","position":1,"name":"Etusivu","item":"https:\/\/www.duunauspalvelutjarvi.fi\/"},{"@type":"ListItem","position":2,"name":"Etusivu","item":"https:\/\/www.duunauspalvelutjarvi.fi\/"},{"@type":"ListItem","position":3,"name":"ArmyTek ladattava Tiara C1 Pro"}]},{"@type":"WebSite","@id":"https:\/\/www.duunauspalvelutjarvi.fi\/#website","url":"https:\/\/www.duunauspalvelutjarvi.fi\/","name":"","description":"","potentialAction":[{"@type":"SearchAction","target":{"@type":"EntryPoint","urlTemplate":"https:\/\/www.duunauspalvelutjarvi.fi\/?s={search_term_string}"},"query-input":{"@type":"PropertyValueSpecification","valueRequired":true,"valueName":"search_term_string"}}],"inLanguage":"fi"}]}},"jetpack_sharing_enabled":true,"_links":{"self":[{"href":"https:\/\/www.duunauspalvelutjarvi.fi\/index.php?rest_route=\/wp\/v2\/product\/6549","targetHints":{"allow":["GET"]}}],"collection":[{"href":"https:\/\/www.duunauspalvelutjarvi.fi\/index.php?rest_route=\/wp\/v2\/product"}],"about":[{"href":"https:\/\/www.duunauspalvelutjarvi.fi\/index.php?rest_route=\/wp\/v2\/types\/product"}],"replies":[{"embeddable":true,"href":"https:\/\/www.duunauspalvelutjarvi.fi\/index.php?rest_route=%2Fwp%2Fv2%2Fcomments&post=6549"}],"wp:attachment":[{"href":"https:\/\/www.duunauspalvelutjarvi.fi\/index.php?rest_route=%2Fwp%2Fv2%2Fmedia&parent=6549"}],"wp:term":[{"taxonomy":"product_brand","embeddable":true,"href":"https:\/\/www.duunauspalvelutjarvi.fi\/index.php?rest_route=%2Fwp%2Fv2%2Fproduct_brand&post=6549"},{"taxonomy":"product_cat","embeddable":true,"href":"https:\/\/www.duunauspalvelutjarvi.fi\/index.php?rest_route=%2Fwp%2Fv2%2Fproduct_cat&post=6549"},{"taxonomy":"product_tag","embeddable":true,"href":"https:\/\/www.duunauspalvelutjarvi.fi\/index.php?rest_route=%2Fwp%2Fv2%2Fproduct_tag&post=6549"}],"curies":[{"name":"wp","href":"https:\/\/api.w.org\/{rel}","templated":true}]}}