{"id":7218,"date":"2021-06-21T21:04:16","date_gmt":"2021-06-21T18:04:16","guid":{"rendered":"https:\/\/www.duunauspalvelutjarvi.fi\/?post_type=product&#038;p=7218"},"modified":"2021-06-21T21:20:20","modified_gmt":"2021-06-21T18:20:20","slug":"26-fatbike-x-treme-4-renkailla","status":"publish","type":"product","link":"https:\/\/www.duunauspalvelutjarvi.fi\/?product=26-fatbike-x-treme-4-renkailla","title":{"rendered":"26&#8243; Fatbike X-TREME 4&#8243; renkailla"},"content":{"rendered":"<div class=\"ev-product-description\">\n<p>Saanko esitell\u00e4 teille Fatbike -py\u00f6r\u00e4n, jolla otat niin kadut kuin mets\u00e4polut haltuun? Vaikka X-TREME Fatbike -maastopy\u00f6r\u00e4 l\u00e4htee halvalla, on se maailmanluokan kulkupeli, kuten arvostelut osoittavat. Polkupy\u00f6r\u00e4 on varustettu 4 tuuman leveill\u00e4 maastonakeilla ja tehokkailla levyjarruilla. Fatbikell\u00e4 p\u00e4\u00e4set paikkaan kuin paikkaan, siit\u00e4 pit\u00e4\u00e4 huolen\u00a0<strong>21-portainen SHIMANOn vaihteisto<\/strong>. Pystyt siis kruisailemaan sill\u00e4 miss\u00e4 tahansa, heitt\u00e4en pienemp\u00e4\u00e4 silm\u00e4\u00e4n.<\/p>\n<p>Maastokuvioiset renkaat sopivat\u00a0hyvin katuajeluun s\u00e4\u00e4ll\u00e4 kuin s\u00e4\u00e4ll\u00e4 ja todella hyvin my\u00f6s maastoon. T\u00e4ll\u00e4 polkupy\u00f6r\u00e4ll\u00e4 otat kaikki tiet ja polut haltuun ker\u00e4ten vastaantulijoiden katseet, sill\u00e4 kyseess\u00e4 on eritt\u00e4in makea py\u00f6r\u00e4. L\u00e4skipy\u00f6r\u00e4 toimitetaan mustilla Wellgon 9-piikkisill\u00e4 polkimilla, joissa jalat pysyv\u00e4t varmasti kiinni.<\/p>\n<p>Miesten fatbike\u00a0on valmistettu alumiiniseoksesta, joten se on ter\u00e4ksisiin py\u00f6riin verrattuna kevyt sek\u00e4 kest\u00e4v\u00e4, ja k\u00e4y siten hyvin monipuoliseen k\u00e4ytt\u00f6\u00f6n. Fatbiken mukana tulee\u00a0lokasuojat, jottei paikat ole aivan ravassa kruisailun j\u00e4lkeen.<\/p>\n<p>Huom.! Py\u00f6r\u00e4n poljinkampi on kuvista poiketen musta kaikissa v\u00e4rivaihtoehdoissa.<\/p>\n<p><strong>Takuu:<\/strong>\u00a0Runko 2 vuotta, vaihteisto ja muut kulutusosat 1 vuosi.<\/p>\n<\/div>\n<div class=\"ev-product-specs\">\n<h3>Tekniset tiedot:<\/h3>\n<div>\n<ul>\n<li>4\u201d leve\u00e4t renkaat CST<\/li>\n<li>26&#8243; vanteet<\/li>\n<li>21 vaihdetta, SHIMANO Tourney\n<ul>\n<li>Etuvaihtaja: SHIMANO Tourney TY500-TS6<\/li>\n<li>Takavaihtaja: SHIMANO Tourney TZ500-GS<\/li>\n<\/ul>\n<\/li>\n<li>Etu- ja takak\u00e4sijarru &amp; vaihdevivut\n<ul>\n<li>SHIMANO V-BRAKE EF500<\/li>\n<\/ul>\n<\/li>\n<li>Levyjarrut\n<ul>\n<li>Edess\u00e4 140\/160mm<\/li>\n<li>Takana 160\/180mm<\/li>\n<\/ul>\n<\/li>\n<li>Etuhaarukka: Alumiini\n<ul>\n<li>S\u00e4\u00e4dett\u00e4v\u00e4t &amp; lukittavat etujouset<\/li>\n<\/ul>\n<\/li>\n<li>Ohjainlaakeri: Alumiini<\/li>\n<li>Kammet: XC &#8211; metalli<\/li>\n<li>S\u00e4\u00e4dett\u00e4v\u00e4 satulaputki n. 28cm<\/li>\n<li>Polkimet: Wellgo &#8211; alumiini\n<ul>\n<li>9 piikki\u00e4<\/li>\n<li>Mustat<\/li>\n<\/ul>\n<\/li>\n<li>Tangon leveys: 64cm<\/li>\n<li>Rungon materiaali: Alumiiniseos<\/li>\n<li>Soveltuu 160cm-185cm kokoisille ja max 120kg painoisille ihmisille.<\/li>\n<li>Paino: 20kg<\/li>\n<\/ul>\n<\/div>\n<\/div>\n<div class=\"ev-product-package\">\n<h3>Paketin tiedot:<\/h3>\n<div>\n<ul>\n<li>1 x Fatbike X-TREME -maastopy\u00f6r\u00e4 4&#8243; renkailla<\/li>\n<li>Lokasuojat<\/li>\n<\/ul>\n<\/div>\n<\/div>\n","protected":false},"excerpt":{"rendered":"<p>T\u00e4\u00e4ll\u00e4 hetkell\u00e4 vain punamustia saatava.<\/p>\n","protected":false},"featured_media":0,"comment_status":"open","ping_status":"closed","template":"","meta":[],"product_brand":[],"product_cat":[543],"product_tag":[],"class_list":{"0":"post-7218","1":"product","2":"type-product","3":"status-publish","5":"product_cat-luokittelematon","7":"first","8":"instock","9":"taxable","10":"shipping-taxable","11":"purchasable","12":"product-type-simple"},"yoast_head":"<!-- This site is optimized with the Yoast SEO plugin v27.4 - https:\/\/yoast.com\/product\/yoast-seo-wordpress\/ -->\n<title>26&quot; Fatbike X-TREME 4&quot; renkailla -<\/title>\n<meta name=\"robots\" content=\"index, follow, max-snippet:-1, max-image-preview:large, max-video-preview:-1\" \/>\n<link rel=\"canonical\" href=\"https:\/\/www.duunauspalvelutjarvi.fi\/?product=26-fatbike-x-treme-4-renkailla\" \/>\n<meta property=\"og:locale\" content=\"fi_FI\" \/>\n<meta property=\"og:type\" content=\"article\" \/>\n<meta property=\"og:title\" content=\"26&quot; Fatbike X-TREME 4&quot; renkailla -\" \/>\n<meta property=\"og:description\" content=\"T\u00e4\u00e4ll\u00e4 hetkell\u00e4 vain punamustia saatava.\" \/>\n<meta property=\"og:url\" content=\"https:\/\/www.duunauspalvelutjarvi.fi\/?product=26-fatbike-x-treme-4-renkailla\" \/>\n<meta property=\"article:modified_time\" content=\"2021-06-21T18:20:20+00:00\" \/>\n<meta name=\"twitter:card\" content=\"summary_large_image\" \/>\n<meta name=\"twitter:label1\" content=\"Arvioitu lukuaika\" \/>\n\t<meta name=\"twitter:data1\" content=\"1 minuutti\" \/>\n<script type=\"application\/ld+json\" class=\"yoast-schema-graph\">{\"@context\":\"https:\\\/\\\/schema.org\",\"@graph\":[{\"@type\":\"WebPage\",\"@id\":\"https:\\\/\\\/www.duunauspalvelutjarvi.fi\\\/?product=26-fatbike-x-treme-4-renkailla\",\"url\":\"https:\\\/\\\/www.duunauspalvelutjarvi.fi\\\/?product=26-fatbike-x-treme-4-renkailla\",\"name\":\"26\\\" Fatbike X-TREME 4\\\" renkailla -\",\"isPartOf\":{\"@id\":\"https:\\\/\\\/www.duunauspalvelutjarvi.fi\\\/#website\"},\"datePublished\":\"2021-06-21T18:04:16+00:00\",\"dateModified\":\"2021-06-21T18:20:20+00:00\",\"breadcrumb\":{\"@id\":\"https:\\\/\\\/www.duunauspalvelutjarvi.fi\\\/?product=26-fatbike-x-treme-4-renkailla#breadcrumb\"},\"inLanguage\":\"fi\",\"potentialAction\":[{\"@type\":\"ReadAction\",\"target\":[\"https:\\\/\\\/www.duunauspalvelutjarvi.fi\\\/?product=26-fatbike-x-treme-4-renkailla\"]}]},{\"@type\":\"BreadcrumbList\",\"@id\":\"https:\\\/\\\/www.duunauspalvelutjarvi.fi\\\/?product=26-fatbike-x-treme-4-renkailla#breadcrumb\",\"itemListElement\":[{\"@type\":\"ListItem\",\"position\":1,\"name\":\"Etusivu\",\"item\":\"https:\\\/\\\/www.duunauspalvelutjarvi.fi\\\/\"},{\"@type\":\"ListItem\",\"position\":2,\"name\":\"Etusivu\",\"item\":\"https:\\\/\\\/www.duunauspalvelutjarvi.fi\\\/\"},{\"@type\":\"ListItem\",\"position\":3,\"name\":\"26&#8243; Fatbike X-TREME 4&#8243; renkailla\"}]},{\"@type\":\"WebSite\",\"@id\":\"https:\\\/\\\/www.duunauspalvelutjarvi.fi\\\/#website\",\"url\":\"https:\\\/\\\/www.duunauspalvelutjarvi.fi\\\/\",\"name\":\"\",\"description\":\"\",\"potentialAction\":[{\"@type\":\"SearchAction\",\"target\":{\"@type\":\"EntryPoint\",\"urlTemplate\":\"https:\\\/\\\/www.duunauspalvelutjarvi.fi\\\/?s={search_term_string}\"},\"query-input\":{\"@type\":\"PropertyValueSpecification\",\"valueRequired\":true,\"valueName\":\"search_term_string\"}}],\"inLanguage\":\"fi\"}]}<\/script>\n<!-- \/ Yoast SEO plugin. -->","yoast_head_json":{"title":"26\" Fatbike X-TREME 4\" renkailla -","robots":{"index":"index","follow":"follow","max-snippet":"max-snippet:-1","max-image-preview":"max-image-preview:large","max-video-preview":"max-video-preview:-1"},"canonical":"https:\/\/www.duunauspalvelutjarvi.fi\/?product=26-fatbike-x-treme-4-renkailla","og_locale":"fi_FI","og_type":"article","og_title":"26\" Fatbike X-TREME 4\" renkailla -","og_description":"T\u00e4\u00e4ll\u00e4 hetkell\u00e4 vain punamustia saatava.","og_url":"https:\/\/www.duunauspalvelutjarvi.fi\/?product=26-fatbike-x-treme-4-renkailla","article_modified_time":"2021-06-21T18:20:20+00:00","twitter_card":"summary_large_image","twitter_misc":{"Arvioitu lukuaika":"1 minuutti"},"schema":{"@context":"https:\/\/schema.org","@graph":[{"@type":"WebPage","@id":"https:\/\/www.duunauspalvelutjarvi.fi\/?product=26-fatbike-x-treme-4-renkailla","url":"https:\/\/www.duunauspalvelutjarvi.fi\/?product=26-fatbike-x-treme-4-renkailla","name":"26\" Fatbike X-TREME 4\" renkailla -","isPartOf":{"@id":"https:\/\/www.duunauspalvelutjarvi.fi\/#website"},"datePublished":"2021-06-21T18:04:16+00:00","dateModified":"2021-06-21T18:20:20+00:00","breadcrumb":{"@id":"https:\/\/www.duunauspalvelutjarvi.fi\/?product=26-fatbike-x-treme-4-renkailla#breadcrumb"},"inLanguage":"fi","potentialAction":[{"@type":"ReadAction","target":["https:\/\/www.duunauspalvelutjarvi.fi\/?product=26-fatbike-x-treme-4-renkailla"]}]},{"@type":"BreadcrumbList","@id":"https:\/\/www.duunauspalvelutjarvi.fi\/?product=26-fatbike-x-treme-4-renkailla#breadcrumb","itemListElement":[{"@type":"ListItem","position":1,"name":"Etusivu","item":"https:\/\/www.duunauspalvelutjarvi.fi\/"},{"@type":"ListItem","position":2,"name":"Etusivu","item":"https:\/\/www.duunauspalvelutjarvi.fi\/"},{"@type":"ListItem","position":3,"name":"26&#8243; Fatbike X-TREME 4&#8243; renkailla"}]},{"@type":"WebSite","@id":"https:\/\/www.duunauspalvelutjarvi.fi\/#website","url":"https:\/\/www.duunauspalvelutjarvi.fi\/","name":"","description":"","potentialAction":[{"@type":"SearchAction","target":{"@type":"EntryPoint","urlTemplate":"https:\/\/www.duunauspalvelutjarvi.fi\/?s={search_term_string}"},"query-input":{"@type":"PropertyValueSpecification","valueRequired":true,"valueName":"search_term_string"}}],"inLanguage":"fi"}]}},"jetpack_sharing_enabled":true,"_links":{"self":[{"href":"https:\/\/www.duunauspalvelutjarvi.fi\/index.php?rest_route=\/wp\/v2\/product\/7218","targetHints":{"allow":["GET"]}}],"collection":[{"href":"https:\/\/www.duunauspalvelutjarvi.fi\/index.php?rest_route=\/wp\/v2\/product"}],"about":[{"href":"https:\/\/www.duunauspalvelutjarvi.fi\/index.php?rest_route=\/wp\/v2\/types\/product"}],"replies":[{"embeddable":true,"href":"https:\/\/www.duunauspalvelutjarvi.fi\/index.php?rest_route=%2Fwp%2Fv2%2Fcomments&post=7218"}],"wp:attachment":[{"href":"https:\/\/www.duunauspalvelutjarvi.fi\/index.php?rest_route=%2Fwp%2Fv2%2Fmedia&parent=7218"}],"wp:term":[{"taxonomy":"product_brand","embeddable":true,"href":"https:\/\/www.duunauspalvelutjarvi.fi\/index.php?rest_route=%2Fwp%2Fv2%2Fproduct_brand&post=7218"},{"taxonomy":"product_cat","embeddable":true,"href":"https:\/\/www.duunauspalvelutjarvi.fi\/index.php?rest_route=%2Fwp%2Fv2%2Fproduct_cat&post=7218"},{"taxonomy":"product_tag","embeddable":true,"href":"https:\/\/www.duunauspalvelutjarvi.fi\/index.php?rest_route=%2Fwp%2Fv2%2Fproduct_tag&post=7218"}],"curies":[{"name":"wp","href":"https:\/\/api.w.org\/{rel}","templated":true}]}}