{"id":7234,"date":"2021-06-21T21:10:30","date_gmt":"2021-06-21T18:10:30","guid":{"rendered":"https:\/\/www.duunauspalvelutjarvi.fi\/?post_type=product&#038;p=7234"},"modified":"2022-07-22T20:59:18","modified_gmt":"2022-07-22T17:59:18","slug":"26-fatbike-x-treme-iron-4-renkailla","status":"publish","type":"product","link":"https:\/\/www.duunauspalvelutjarvi.fi\/?product=26-fatbike-x-treme-iron-4-renkailla","title":{"rendered":"26&#8243; Fatbike X-TREME IRON 4&#8243; renkailla"},"content":{"rendered":"<div class=\"ev-product-description\">\n<div>Saanko esitell\u00e4 todella suositun\u00a026&#8243; Fatbike X-TREME -polkupy\u00f6r\u00e4n\u00a0veljen! T\u00e4m\u00e4kin py\u00f6r\u00e4 on taattua X-TREME-laatua ja ulkon\u00e4\u00f6llisestikin samalla tasolla, mutta t\u00e4m\u00e4n fatbiken runko on vaihdettu ter\u00e4ksiseen\u00a0ja siksi hinta on\u00a0saatu nipistetty\u00e4\u00a0paremmaksi! Onko t\u00e4ss\u00e4 Suomen halvin etujousitettu fatbike?<\/div>\n<div>T\u00e4ss\u00e4 X-TREME IRON painaa vain pari kiloa edelt\u00e4j\u00e4\u00e4ns\u00e4 enemm\u00e4n. T\u00e4m\u00e4 ei kuitenkaan tunnu miss\u00e4\u00e4n, sill\u00e4 SHIMANOn 21-portainen vaihteisto auttaa sinua liikkumaan ketter\u00e4sti!<\/div>\n<div>Fatbiken isot maastokuvioiset renkaat k\u00e4yv\u00e4t katuajeluun niin kes\u00e4ll\u00e4 kuin talvella. Maastossa t\u00e4m\u00e4 &#8221;l\u00e4skipy\u00f6r\u00e4&#8221; p\u00e4\u00e4see oikeuksiinsa paremmin kuin normaali maastopy\u00f6r\u00e4, sill\u00e4 n\u00e4in paksuissa\u00a0renkaissa ei kivet tai puiden juuret tunnu miss\u00e4\u00e4n. Jos sattuu olemaan vauhtia enemm\u00e4n, isot ja tehokkaat levyjarrut pys\u00e4ytt\u00e4v\u00e4t sinut hetkess\u00e4.Wellgon alumiinisissa\u00a0polkimissa on piikit, joissa varmasti pysyv\u00e4t tassut rankemmassakin menossa. Py\u00f6r\u00e4n tangossa on irrotettavat ajosarvet, jotka antavat my\u00f6s lis\u00e4\u00e4 \u00e4rjyytt\u00e4 ulkon\u00e4k\u00f6\u00f6n. Etuhaarukan jousia voit s\u00e4\u00e4t\u00e4\u00e4 sek\u00e4 lukittaa. Siistit vanteet ja kaikki yll\u00e4mainittu, niin onhan t\u00e4m\u00e4 niin makea py\u00f6r\u00e4, ettei mit\u00e4\u00e4n j\u00e4rke\u00e4! Fatbiken mukana tulee my\u00f6s s\u00e4\u00e4dett\u00e4v\u00e4t\u00a0lokasuojat, ettei rapa roisku joka paikkaan.<\/p>\n<\/div>\n<div><\/div>\n<div><strong>Takuu:<\/strong>\u00a0Runko 2 vuotta, vaihteisto ja muut kulutusosat 1 vuosi<\/div>\n<div><\/div>\n<div><\/div>\n<div><\/div>\n<div><\/div>\n<\/div>\n<div class=\"ev-product-specs\">\n<h3>Tekniset tiedot:<\/h3>\n<div>\n<div id=\"description_spec\">\n<ul>\n<li>4\u201d renkaat CHAOYANG<\/li>\n<li>26&#8243; vanteet<\/li>\n<li>21 vaihdetta, SHIMANO Tourney TZ\n<ul>\n<li>Vaihdevivut: Shimano V-BRAKE<\/li>\n<li>Etuvaihtaja: Shimano Tourney FD-TX50<\/li>\n<li>Takavaihtaja: Shimano Tourney RD-TZ50<\/li>\n<\/ul>\n<\/li>\n<li>Kammet: Prowheel &#8211; metalli<\/li>\n<li>Etu- ja takak\u00e4sijarru (levyjarrut)\n<ul>\n<li>Edess\u00e4 140\/160mm<\/li>\n<li>Takana 160\/180mm<\/li>\n<\/ul>\n<\/li>\n<li>Etuhaarukka: Alumiini &amp; ter\u00e4s\n<ul>\n<li>S\u00e4\u00e4dett\u00e4v\u00e4t &amp; lukittavat etujouset<\/li>\n<\/ul>\n<\/li>\n<li>Polkimet: Wellgo &#8211; alumiini\n<ul>\n<li>Musta<\/li>\n<li>9 piikki\u00e4<\/li>\n<\/ul>\n<\/li>\n<li>Ketjut:\u00a0SHIMANO HG53<\/li>\n<li>Pehme\u00e4 satula kantokahvalla\n<ul>\n<li>S\u00e4\u00e4dett\u00e4v\u00e4 satulaputki n. 23cm<\/li>\n<\/ul>\n<\/li>\n<li>Tangon leveys: 64cm\n<ul>\n<li>Irrotettavat ajosarvet<\/li>\n<\/ul>\n<\/li>\n<li>Rungon materiaali: Ter\u00e4sseos &amp; Alumiini<\/li>\n<li>Soveltuu 160cm-185cm kokoisille ja max 120kg painoisille ihmisille.<\/li>\n<li>Paino: 22kg<\/li>\n<li>HUOM! Polkupy\u00f6r\u00e4t toimitetaan laatikossa puolittain osina ja vaativat kokoamisen (n. 30min.)<\/li>\n<\/ul>\n<\/div>\n<\/div>\n<\/div>\n<div class=\"ev-product-package\">\n<h3>Paketin tiedot:<\/h3>\n<div>\n<div id=\"description_package\">\n<ul>\n<li>1 x Fatbike X-TREME IRON polkupy\u00f6r\u00e4<\/li>\n<li>Lokasuojat<\/li>\n<\/ul>\n<\/div>\n<\/div>\n<\/div>\n","protected":false},"excerpt":{"rendered":"<p>Saanko esitell\u00e4 todella suositun\u00a026&#8243; Fatbike X-TREME -polkupy\u00f6r\u00e4n\u00a0veljen! T\u00e4m\u00e4kin py\u00f6r\u00e4 on taattua X-TREME-laatua ja ulkon\u00e4\u00f6llisestikin samalla tasolla, mutta t\u00e4m\u00e4n fatbiken runko on vaihdettu ter\u00e4ksiseen\u00a0ja siksi hinta on\u00a0saatu nipistetty\u00e4\u00a0paremmaksi! Onko t\u00e4ss\u00e4 Suomen halvin etujousitettu fatbike? T\u00e4ss\u00e4 X-TREME IRON painaa vain pari kiloa edelt\u00e4j\u00e4\u00e4ns\u00e4 enemm\u00e4n. T\u00e4m\u00e4 ei kuitenkaan tunnu miss\u00e4\u00e4n, sill\u00e4 SHIMANOn 21-portainen vaihteisto auttaa sinua liikkumaan ketter\u00e4sti! [&hellip;]<\/p>\n","protected":false},"featured_media":0,"comment_status":"open","ping_status":"closed","template":"","meta":[],"product_brand":[],"product_cat":[543],"product_tag":[],"class_list":{"0":"post-7234","1":"product","2":"type-product","3":"status-publish","5":"product_cat-luokittelematon","7":"first","8":"instock","9":"taxable","10":"shipping-taxable","11":"purchasable","12":"product-type-simple"},"yoast_head":"<!-- This site is optimized with the Yoast SEO plugin v27.5 - https:\/\/yoast.com\/product\/yoast-seo-wordpress\/ -->\n<title>26&quot; Fatbike X-TREME IRON 4&quot; renkailla -<\/title>\n<meta name=\"robots\" content=\"index, follow, max-snippet:-1, max-image-preview:large, max-video-preview:-1\" \/>\n<link rel=\"canonical\" href=\"https:\/\/www.duunauspalvelutjarvi.fi\/?product=26-fatbike-x-treme-iron-4-renkailla\" \/>\n<meta property=\"og:locale\" content=\"fi_FI\" \/>\n<meta property=\"og:type\" content=\"article\" \/>\n<meta property=\"og:title\" content=\"26&quot; Fatbike X-TREME IRON 4&quot; renkailla -\" \/>\n<meta property=\"og:description\" content=\"Saanko esitell\u00e4 todella suositun\u00a026&#8243; Fatbike X-TREME -polkupy\u00f6r\u00e4n\u00a0veljen! T\u00e4m\u00e4kin py\u00f6r\u00e4 on taattua X-TREME-laatua ja ulkon\u00e4\u00f6llisestikin samalla tasolla, mutta t\u00e4m\u00e4n fatbiken runko on vaihdettu ter\u00e4ksiseen\u00a0ja siksi hinta on\u00a0saatu nipistetty\u00e4\u00a0paremmaksi! Onko t\u00e4ss\u00e4 Suomen halvin etujousitettu fatbike? T\u00e4ss\u00e4 X-TREME IRON painaa vain pari kiloa edelt\u00e4j\u00e4\u00e4ns\u00e4 enemm\u00e4n. T\u00e4m\u00e4 ei kuitenkaan tunnu miss\u00e4\u00e4n, sill\u00e4 SHIMANOn 21-portainen vaihteisto auttaa sinua liikkumaan ketter\u00e4sti! [&hellip;]\" \/>\n<meta property=\"og:url\" content=\"https:\/\/www.duunauspalvelutjarvi.fi\/?product=26-fatbike-x-treme-iron-4-renkailla\" \/>\n<meta property=\"article:modified_time\" content=\"2022-07-22T17:59:18+00:00\" \/>\n<meta name=\"twitter:card\" content=\"summary_large_image\" \/>\n<meta name=\"twitter:label1\" content=\"Arvioitu lukuaika\" \/>\n\t<meta name=\"twitter:data1\" content=\"2 minuuttia\" \/>\n<script type=\"application\/ld+json\" class=\"yoast-schema-graph\">{\"@context\":\"https:\\\/\\\/schema.org\",\"@graph\":[{\"@type\":\"WebPage\",\"@id\":\"https:\\\/\\\/www.duunauspalvelutjarvi.fi\\\/?product=26-fatbike-x-treme-iron-4-renkailla\",\"url\":\"https:\\\/\\\/www.duunauspalvelutjarvi.fi\\\/?product=26-fatbike-x-treme-iron-4-renkailla\",\"name\":\"26\\\" Fatbike X-TREME IRON 4\\\" renkailla -\",\"isPartOf\":{\"@id\":\"https:\\\/\\\/www.duunauspalvelutjarvi.fi\\\/#website\"},\"datePublished\":\"2021-06-21T18:10:30+00:00\",\"dateModified\":\"2022-07-22T17:59:18+00:00\",\"breadcrumb\":{\"@id\":\"https:\\\/\\\/www.duunauspalvelutjarvi.fi\\\/?product=26-fatbike-x-treme-iron-4-renkailla#breadcrumb\"},\"inLanguage\":\"fi\",\"potentialAction\":[{\"@type\":\"ReadAction\",\"target\":[\"https:\\\/\\\/www.duunauspalvelutjarvi.fi\\\/?product=26-fatbike-x-treme-iron-4-renkailla\"]}]},{\"@type\":\"BreadcrumbList\",\"@id\":\"https:\\\/\\\/www.duunauspalvelutjarvi.fi\\\/?product=26-fatbike-x-treme-iron-4-renkailla#breadcrumb\",\"itemListElement\":[{\"@type\":\"ListItem\",\"position\":1,\"name\":\"Etusivu\",\"item\":\"https:\\\/\\\/www.duunauspalvelutjarvi.fi\\\/\"},{\"@type\":\"ListItem\",\"position\":2,\"name\":\"Etusivu\",\"item\":\"https:\\\/\\\/www.duunauspalvelutjarvi.fi\\\/\"},{\"@type\":\"ListItem\",\"position\":3,\"name\":\"26&#8243; Fatbike X-TREME IRON 4&#8243; renkailla\"}]},{\"@type\":\"WebSite\",\"@id\":\"https:\\\/\\\/www.duunauspalvelutjarvi.fi\\\/#website\",\"url\":\"https:\\\/\\\/www.duunauspalvelutjarvi.fi\\\/\",\"name\":\"\",\"description\":\"\",\"potentialAction\":[{\"@type\":\"SearchAction\",\"target\":{\"@type\":\"EntryPoint\",\"urlTemplate\":\"https:\\\/\\\/www.duunauspalvelutjarvi.fi\\\/?s={search_term_string}\"},\"query-input\":{\"@type\":\"PropertyValueSpecification\",\"valueRequired\":true,\"valueName\":\"search_term_string\"}}],\"inLanguage\":\"fi\"}]}<\/script>\n<!-- \/ Yoast SEO plugin. -->","yoast_head_json":{"title":"26\" Fatbike X-TREME IRON 4\" renkailla -","robots":{"index":"index","follow":"follow","max-snippet":"max-snippet:-1","max-image-preview":"max-image-preview:large","max-video-preview":"max-video-preview:-1"},"canonical":"https:\/\/www.duunauspalvelutjarvi.fi\/?product=26-fatbike-x-treme-iron-4-renkailla","og_locale":"fi_FI","og_type":"article","og_title":"26\" Fatbike X-TREME IRON 4\" renkailla -","og_description":"Saanko esitell\u00e4 todella suositun\u00a026&#8243; Fatbike X-TREME -polkupy\u00f6r\u00e4n\u00a0veljen! T\u00e4m\u00e4kin py\u00f6r\u00e4 on taattua X-TREME-laatua ja ulkon\u00e4\u00f6llisestikin samalla tasolla, mutta t\u00e4m\u00e4n fatbiken runko on vaihdettu ter\u00e4ksiseen\u00a0ja siksi hinta on\u00a0saatu nipistetty\u00e4\u00a0paremmaksi! Onko t\u00e4ss\u00e4 Suomen halvin etujousitettu fatbike? T\u00e4ss\u00e4 X-TREME IRON painaa vain pari kiloa edelt\u00e4j\u00e4\u00e4ns\u00e4 enemm\u00e4n. T\u00e4m\u00e4 ei kuitenkaan tunnu miss\u00e4\u00e4n, sill\u00e4 SHIMANOn 21-portainen vaihteisto auttaa sinua liikkumaan ketter\u00e4sti! [&hellip;]","og_url":"https:\/\/www.duunauspalvelutjarvi.fi\/?product=26-fatbike-x-treme-iron-4-renkailla","article_modified_time":"2022-07-22T17:59:18+00:00","twitter_card":"summary_large_image","twitter_misc":{"Arvioitu lukuaika":"2 minuuttia"},"schema":{"@context":"https:\/\/schema.org","@graph":[{"@type":"WebPage","@id":"https:\/\/www.duunauspalvelutjarvi.fi\/?product=26-fatbike-x-treme-iron-4-renkailla","url":"https:\/\/www.duunauspalvelutjarvi.fi\/?product=26-fatbike-x-treme-iron-4-renkailla","name":"26\" Fatbike X-TREME IRON 4\" renkailla -","isPartOf":{"@id":"https:\/\/www.duunauspalvelutjarvi.fi\/#website"},"datePublished":"2021-06-21T18:10:30+00:00","dateModified":"2022-07-22T17:59:18+00:00","breadcrumb":{"@id":"https:\/\/www.duunauspalvelutjarvi.fi\/?product=26-fatbike-x-treme-iron-4-renkailla#breadcrumb"},"inLanguage":"fi","potentialAction":[{"@type":"ReadAction","target":["https:\/\/www.duunauspalvelutjarvi.fi\/?product=26-fatbike-x-treme-iron-4-renkailla"]}]},{"@type":"BreadcrumbList","@id":"https:\/\/www.duunauspalvelutjarvi.fi\/?product=26-fatbike-x-treme-iron-4-renkailla#breadcrumb","itemListElement":[{"@type":"ListItem","position":1,"name":"Etusivu","item":"https:\/\/www.duunauspalvelutjarvi.fi\/"},{"@type":"ListItem","position":2,"name":"Etusivu","item":"https:\/\/www.duunauspalvelutjarvi.fi\/"},{"@type":"ListItem","position":3,"name":"26&#8243; Fatbike X-TREME IRON 4&#8243; renkailla"}]},{"@type":"WebSite","@id":"https:\/\/www.duunauspalvelutjarvi.fi\/#website","url":"https:\/\/www.duunauspalvelutjarvi.fi\/","name":"","description":"","potentialAction":[{"@type":"SearchAction","target":{"@type":"EntryPoint","urlTemplate":"https:\/\/www.duunauspalvelutjarvi.fi\/?s={search_term_string}"},"query-input":{"@type":"PropertyValueSpecification","valueRequired":true,"valueName":"search_term_string"}}],"inLanguage":"fi"}]}},"jetpack_sharing_enabled":true,"_links":{"self":[{"href":"https:\/\/www.duunauspalvelutjarvi.fi\/index.php?rest_route=\/wp\/v2\/product\/7234","targetHints":{"allow":["GET"]}}],"collection":[{"href":"https:\/\/www.duunauspalvelutjarvi.fi\/index.php?rest_route=\/wp\/v2\/product"}],"about":[{"href":"https:\/\/www.duunauspalvelutjarvi.fi\/index.php?rest_route=\/wp\/v2\/types\/product"}],"replies":[{"embeddable":true,"href":"https:\/\/www.duunauspalvelutjarvi.fi\/index.php?rest_route=%2Fwp%2Fv2%2Fcomments&post=7234"}],"wp:attachment":[{"href":"https:\/\/www.duunauspalvelutjarvi.fi\/index.php?rest_route=%2Fwp%2Fv2%2Fmedia&parent=7234"}],"wp:term":[{"taxonomy":"product_brand","embeddable":true,"href":"https:\/\/www.duunauspalvelutjarvi.fi\/index.php?rest_route=%2Fwp%2Fv2%2Fproduct_brand&post=7234"},{"taxonomy":"product_cat","embeddable":true,"href":"https:\/\/www.duunauspalvelutjarvi.fi\/index.php?rest_route=%2Fwp%2Fv2%2Fproduct_cat&post=7234"},{"taxonomy":"product_tag","embeddable":true,"href":"https:\/\/www.duunauspalvelutjarvi.fi\/index.php?rest_route=%2Fwp%2Fv2%2Fproduct_tag&post=7234"}],"curies":[{"name":"wp","href":"https:\/\/api.w.org\/{rel}","templated":true}]}}