{"id":7333,"date":"2021-06-21T23:41:19","date_gmt":"2021-06-21T20:41:19","guid":{"rendered":"https:\/\/www.duunauspalvelutjarvi.fi\/?post_type=product&#038;p=7333"},"modified":"2022-04-08T20:36:10","modified_gmt":"2022-04-08T17:36:10","slug":"aurinkopaneeli-50w-es50w-solarxon","status":"publish","type":"product","link":"https:\/\/www.duunauspalvelutjarvi.fi\/?product=aurinkopaneeli-50w-es50w-solarxon","title":{"rendered":"Aurinkopaneeli 50W ES50W SolarXon"},"content":{"rendered":"<p>SolarXon -malliston aurinkopaneelit ovat kaikki suosituinta monikiteist\u00e4 mallia, joka<br \/>\ntoimii mied\u00e4n oloissa parhaiten.<br \/>\nKaikki SolarXon -paneelit on valmistettu korkeimpien standardien mukaan vaativaan ammattik\u00e4ytt\u00f6\u00f6n, joten ne<br \/>\nylitt\u00e4v\u00e4t reilusti Standard -laadun.<br \/>\nPaneelit t\u00e4ytt\u00e4v\u00e4t tiukimmatkin laatuvaatimukset ja ovat lis\u00e4ksi TUV -hyv\u00e4ksyttyj\u00e4, joka takaa korkeimman<br \/>\nmahdollisen laadun paneeleissa.<\/p>\n<p>Kaikki 50W ja sit\u00e4 isommat SolarXon -paneelit varustetaan kytkent\u00e4rasialla, jossa on valmiit<br \/>\nkaapelit MC4 -liittimill\u00e4, pituus noin 80cm.<\/p>\n<p>SolarXon takuu:<br \/>\nRakenteellinen valmistustakuu 10 vuotta,<br \/>\nsek\u00e4 tehontuottotakuu huikeat 25 vuotta.<\/p>\n","protected":false},"excerpt":{"rendered":"<p>SolarXon -malliston aurinkopaneelit ovat kaikki suosituinta monikiteist\u00e4 mallia, joka toimii mied\u00e4n oloissa parhaiten. Kaikki SolarXon -paneelit on valmistettu korkeimpien standardien mukaan vaativaan ammattik\u00e4ytt\u00f6\u00f6n, joten ne ylitt\u00e4v\u00e4t reilusti Standard -laadun. Paneelit t\u00e4ytt\u00e4v\u00e4t tiukimmatkin laatuvaatimukset ja ovat lis\u00e4ksi TUV -hyv\u00e4ksyttyj\u00e4, joka takaa korkeimman mahdollisen laadun paneeleissa. Kaikki 50W ja sit\u00e4 isommat SolarXon -paneelit varustetaan kytkent\u00e4rasialla, jossa on [&hellip;]<\/p>\n","protected":false},"featured_media":0,"comment_status":"open","ping_status":"closed","template":"","meta":[],"product_brand":[],"product_cat":[467],"product_tag":[],"class_list":{"0":"post-7333","1":"product","2":"type-product","3":"status-publish","5":"product_cat-aurinkopaneelit","7":"first","8":"instock","9":"taxable","10":"shipping-taxable","11":"purchasable","12":"product-type-simple"},"yoast_head":"<!-- This site is optimized with the Yoast SEO plugin v27.5 - https:\/\/yoast.com\/product\/yoast-seo-wordpress\/ -->\n<title>Aurinkopaneeli 50W ES50W SolarXon -<\/title>\n<meta name=\"robots\" content=\"index, follow, max-snippet:-1, max-image-preview:large, max-video-preview:-1\" \/>\n<link rel=\"canonical\" href=\"https:\/\/www.duunauspalvelutjarvi.fi\/?product=aurinkopaneeli-50w-es50w-solarxon\" \/>\n<meta property=\"og:locale\" content=\"fi_FI\" \/>\n<meta property=\"og:type\" content=\"article\" \/>\n<meta property=\"og:title\" content=\"Aurinkopaneeli 50W ES50W SolarXon -\" \/>\n<meta property=\"og:description\" content=\"SolarXon -malliston aurinkopaneelit ovat kaikki suosituinta monikiteist\u00e4 mallia, joka toimii mied\u00e4n oloissa parhaiten. Kaikki SolarXon -paneelit on valmistettu korkeimpien standardien mukaan vaativaan ammattik\u00e4ytt\u00f6\u00f6n, joten ne ylitt\u00e4v\u00e4t reilusti Standard -laadun. Paneelit t\u00e4ytt\u00e4v\u00e4t tiukimmatkin laatuvaatimukset ja ovat lis\u00e4ksi TUV -hyv\u00e4ksyttyj\u00e4, joka takaa korkeimman mahdollisen laadun paneeleissa. Kaikki 50W ja sit\u00e4 isommat SolarXon -paneelit varustetaan kytkent\u00e4rasialla, jossa on [&hellip;]\" \/>\n<meta property=\"og:url\" content=\"https:\/\/www.duunauspalvelutjarvi.fi\/?product=aurinkopaneeli-50w-es50w-solarxon\" \/>\n<meta property=\"article:modified_time\" content=\"2022-04-08T17:36:10+00:00\" \/>\n<meta name=\"twitter:card\" content=\"summary_large_image\" \/>\n<script type=\"application\/ld+json\" class=\"yoast-schema-graph\">{\"@context\":\"https:\\\/\\\/schema.org\",\"@graph\":[{\"@type\":\"WebPage\",\"@id\":\"https:\\\/\\\/www.duunauspalvelutjarvi.fi\\\/?product=aurinkopaneeli-50w-es50w-solarxon\",\"url\":\"https:\\\/\\\/www.duunauspalvelutjarvi.fi\\\/?product=aurinkopaneeli-50w-es50w-solarxon\",\"name\":\"Aurinkopaneeli 50W ES50W SolarXon -\",\"isPartOf\":{\"@id\":\"https:\\\/\\\/www.duunauspalvelutjarvi.fi\\\/#website\"},\"datePublished\":\"2021-06-21T20:41:19+00:00\",\"dateModified\":\"2022-04-08T17:36:10+00:00\",\"breadcrumb\":{\"@id\":\"https:\\\/\\\/www.duunauspalvelutjarvi.fi\\\/?product=aurinkopaneeli-50w-es50w-solarxon#breadcrumb\"},\"inLanguage\":\"fi\",\"potentialAction\":[{\"@type\":\"ReadAction\",\"target\":[\"https:\\\/\\\/www.duunauspalvelutjarvi.fi\\\/?product=aurinkopaneeli-50w-es50w-solarxon\"]}]},{\"@type\":\"BreadcrumbList\",\"@id\":\"https:\\\/\\\/www.duunauspalvelutjarvi.fi\\\/?product=aurinkopaneeli-50w-es50w-solarxon#breadcrumb\",\"itemListElement\":[{\"@type\":\"ListItem\",\"position\":1,\"name\":\"Etusivu\",\"item\":\"https:\\\/\\\/www.duunauspalvelutjarvi.fi\\\/\"},{\"@type\":\"ListItem\",\"position\":2,\"name\":\"Etusivu\",\"item\":\"https:\\\/\\\/www.duunauspalvelutjarvi.fi\\\/\"},{\"@type\":\"ListItem\",\"position\":3,\"name\":\"Aurinkopaneeli 50W ES50W SolarXon\"}]},{\"@type\":\"WebSite\",\"@id\":\"https:\\\/\\\/www.duunauspalvelutjarvi.fi\\\/#website\",\"url\":\"https:\\\/\\\/www.duunauspalvelutjarvi.fi\\\/\",\"name\":\"\",\"description\":\"\",\"potentialAction\":[{\"@type\":\"SearchAction\",\"target\":{\"@type\":\"EntryPoint\",\"urlTemplate\":\"https:\\\/\\\/www.duunauspalvelutjarvi.fi\\\/?s={search_term_string}\"},\"query-input\":{\"@type\":\"PropertyValueSpecification\",\"valueRequired\":true,\"valueName\":\"search_term_string\"}}],\"inLanguage\":\"fi\"}]}<\/script>\n<!-- \/ Yoast SEO plugin. -->","yoast_head_json":{"title":"Aurinkopaneeli 50W ES50W SolarXon -","robots":{"index":"index","follow":"follow","max-snippet":"max-snippet:-1","max-image-preview":"max-image-preview:large","max-video-preview":"max-video-preview:-1"},"canonical":"https:\/\/www.duunauspalvelutjarvi.fi\/?product=aurinkopaneeli-50w-es50w-solarxon","og_locale":"fi_FI","og_type":"article","og_title":"Aurinkopaneeli 50W ES50W SolarXon -","og_description":"SolarXon -malliston aurinkopaneelit ovat kaikki suosituinta monikiteist\u00e4 mallia, joka toimii mied\u00e4n oloissa parhaiten. Kaikki SolarXon -paneelit on valmistettu korkeimpien standardien mukaan vaativaan ammattik\u00e4ytt\u00f6\u00f6n, joten ne ylitt\u00e4v\u00e4t reilusti Standard -laadun. Paneelit t\u00e4ytt\u00e4v\u00e4t tiukimmatkin laatuvaatimukset ja ovat lis\u00e4ksi TUV -hyv\u00e4ksyttyj\u00e4, joka takaa korkeimman mahdollisen laadun paneeleissa. Kaikki 50W ja sit\u00e4 isommat SolarXon -paneelit varustetaan kytkent\u00e4rasialla, jossa on [&hellip;]","og_url":"https:\/\/www.duunauspalvelutjarvi.fi\/?product=aurinkopaneeli-50w-es50w-solarxon","article_modified_time":"2022-04-08T17:36:10+00:00","twitter_card":"summary_large_image","schema":{"@context":"https:\/\/schema.org","@graph":[{"@type":"WebPage","@id":"https:\/\/www.duunauspalvelutjarvi.fi\/?product=aurinkopaneeli-50w-es50w-solarxon","url":"https:\/\/www.duunauspalvelutjarvi.fi\/?product=aurinkopaneeli-50w-es50w-solarxon","name":"Aurinkopaneeli 50W ES50W SolarXon -","isPartOf":{"@id":"https:\/\/www.duunauspalvelutjarvi.fi\/#website"},"datePublished":"2021-06-21T20:41:19+00:00","dateModified":"2022-04-08T17:36:10+00:00","breadcrumb":{"@id":"https:\/\/www.duunauspalvelutjarvi.fi\/?product=aurinkopaneeli-50w-es50w-solarxon#breadcrumb"},"inLanguage":"fi","potentialAction":[{"@type":"ReadAction","target":["https:\/\/www.duunauspalvelutjarvi.fi\/?product=aurinkopaneeli-50w-es50w-solarxon"]}]},{"@type":"BreadcrumbList","@id":"https:\/\/www.duunauspalvelutjarvi.fi\/?product=aurinkopaneeli-50w-es50w-solarxon#breadcrumb","itemListElement":[{"@type":"ListItem","position":1,"name":"Etusivu","item":"https:\/\/www.duunauspalvelutjarvi.fi\/"},{"@type":"ListItem","position":2,"name":"Etusivu","item":"https:\/\/www.duunauspalvelutjarvi.fi\/"},{"@type":"ListItem","position":3,"name":"Aurinkopaneeli 50W ES50W SolarXon"}]},{"@type":"WebSite","@id":"https:\/\/www.duunauspalvelutjarvi.fi\/#website","url":"https:\/\/www.duunauspalvelutjarvi.fi\/","name":"","description":"","potentialAction":[{"@type":"SearchAction","target":{"@type":"EntryPoint","urlTemplate":"https:\/\/www.duunauspalvelutjarvi.fi\/?s={search_term_string}"},"query-input":{"@type":"PropertyValueSpecification","valueRequired":true,"valueName":"search_term_string"}}],"inLanguage":"fi"}]}},"jetpack_sharing_enabled":true,"_links":{"self":[{"href":"https:\/\/www.duunauspalvelutjarvi.fi\/index.php?rest_route=\/wp\/v2\/product\/7333","targetHints":{"allow":["GET"]}}],"collection":[{"href":"https:\/\/www.duunauspalvelutjarvi.fi\/index.php?rest_route=\/wp\/v2\/product"}],"about":[{"href":"https:\/\/www.duunauspalvelutjarvi.fi\/index.php?rest_route=\/wp\/v2\/types\/product"}],"replies":[{"embeddable":true,"href":"https:\/\/www.duunauspalvelutjarvi.fi\/index.php?rest_route=%2Fwp%2Fv2%2Fcomments&post=7333"}],"wp:attachment":[{"href":"https:\/\/www.duunauspalvelutjarvi.fi\/index.php?rest_route=%2Fwp%2Fv2%2Fmedia&parent=7333"}],"wp:term":[{"taxonomy":"product_brand","embeddable":true,"href":"https:\/\/www.duunauspalvelutjarvi.fi\/index.php?rest_route=%2Fwp%2Fv2%2Fproduct_brand&post=7333"},{"taxonomy":"product_cat","embeddable":true,"href":"https:\/\/www.duunauspalvelutjarvi.fi\/index.php?rest_route=%2Fwp%2Fv2%2Fproduct_cat&post=7333"},{"taxonomy":"product_tag","embeddable":true,"href":"https:\/\/www.duunauspalvelutjarvi.fi\/index.php?rest_route=%2Fwp%2Fv2%2Fproduct_tag&post=7333"}],"curies":[{"name":"wp","href":"https:\/\/api.w.org\/{rel}","templated":true}]}}