{"id":7339,"date":"2021-06-21T23:59:32","date_gmt":"2021-06-21T20:59:32","guid":{"rendered":"https:\/\/www.duunauspalvelutjarvi.fi\/?post_type=product&#038;p=7339"},"modified":"2022-04-08T20:42:44","modified_gmt":"2022-04-08T17:42:44","slug":"aurinkopaneeli-fe-55w-sunpower-venepaneeli","status":"publish","type":"product","link":"https:\/\/www.duunauspalvelutjarvi.fi\/?product=aurinkopaneeli-fe-55w-sunpower-venepaneeli","title":{"rendered":"Aurinkopaneeli FE 55W Sunpower venepaneeli"},"content":{"rendered":"<p>SolarXon FE 55W Sunpower venepaneeli soveltuu erityisen hyvin venek\u00e4ytt\u00f6\u00f6n ohuen rakenteensa ja keveyden ansiosta.<\/p>\n<p>Sunpower FE \u2010sarjan venepaneelit ovat muovilevyn p\u00e4\u00e4lle laminoituja paneeleita, 3 mm paksuja ja kest\u00e4v\u00e4t reilusti taivutusta.<\/p>\n<p>Puolijoustava aurinkopaneeli, jossa on tehokkaat SunPower-kennot ja jotka tuottavat energiaa my\u00f6s huonommissa aurinko olosuhteissa. Paneeli on tyyppi\u00e4 \u201cback-contact\u201d, joka minimoi paneelin l\u00e4mm\u00f6ntuotannon ja tuottaa tehokkaammin virtaa.<\/p>\n<p>Sarjan aurinkopaneelit on valmistettu kest\u00e4m\u00e4\u00e4n vaativia veneilyolosuhteita, joten ne ovat vedenpit\u00e4vi\u00e4 ja siet\u00e4v\u00e4t jopa suolaa ilman ongelmia.<\/p>\n<p>Puolijoustavat paneelit voidaan joko liimata kattoon\/kuomuun tai kiinnitt\u00e4\u00e4 ruuveilla reunoista.<\/p>\n<table style=\"height: 75px;\" border=\"1\" width=\"294\" cellspacing=\"1\" cellpadding=\"1\">\n<tbody>\n<tr>\n<td><b>W<\/b><\/td>\n<td><b>A<\/b><\/td>\n<td><b>Paino, kg<\/b><\/td>\n<td><strong>Mitat (mm)<\/strong><\/td>\n<\/tr>\n<tr>\n<td>55<\/td>\n<td>2,84<\/td>\n<td>1,20<\/td>\n<td>580 x 540 x 3<\/td>\n<td><\/td>\n<\/tr>\n<\/tbody>\n<\/table>\n<p><span class=\"ProductWarranty\">Takuu:\u00a0<span class=\"ProductWarranty__warranty\">2 vuotta<\/span><\/span><\/p>\n<p>Huom! Paneelit ovat p\u00e4\u00e4lle astuttavissa, kun ne asennetaan suoraan tukevalle tasaiselle alustalle.<\/p>\n","protected":false},"excerpt":{"rendered":"<p>SolarXon FE 55W Sunpower venepaneeli soveltuu erityisen hyvin venek\u00e4ytt\u00f6\u00f6n ohuen rakenteensa ja keveyden ansiosta. Sunpower FE \u2010sarjan venepaneelit ovat muovilevyn p\u00e4\u00e4lle laminoituja paneeleita, 3 mm paksuja ja kest\u00e4v\u00e4t reilusti taivutusta. Puolijoustava aurinkopaneeli, jossa on tehokkaat SunPower-kennot ja jotka tuottavat energiaa my\u00f6s huonommissa aurinko olosuhteissa. Paneeli on tyyppi\u00e4 \u201cback-contact\u201d, joka minimoi paneelin l\u00e4mm\u00f6ntuotannon ja tuottaa tehokkaammin [&hellip;]<\/p>\n","protected":false},"featured_media":0,"comment_status":"open","ping_status":"closed","template":"","meta":[],"product_brand":[],"product_cat":[467],"product_tag":[],"class_list":{"0":"post-7339","1":"product","2":"type-product","3":"status-publish","5":"product_cat-aurinkopaneelit","7":"first","8":"instock","9":"taxable","10":"shipping-taxable","11":"purchasable","12":"product-type-simple"},"yoast_head":"<!-- This site is optimized with the Yoast SEO plugin v27.5 - https:\/\/yoast.com\/product\/yoast-seo-wordpress\/ -->\n<title>Aurinkopaneeli FE 55W Sunpower venepaneeli -<\/title>\n<meta name=\"robots\" content=\"index, follow, max-snippet:-1, max-image-preview:large, max-video-preview:-1\" \/>\n<link rel=\"canonical\" href=\"https:\/\/www.duunauspalvelutjarvi.fi\/?product=aurinkopaneeli-fe-55w-sunpower-venepaneeli\" \/>\n<meta property=\"og:locale\" content=\"fi_FI\" \/>\n<meta property=\"og:type\" content=\"article\" \/>\n<meta property=\"og:title\" content=\"Aurinkopaneeli FE 55W Sunpower venepaneeli -\" \/>\n<meta property=\"og:description\" content=\"SolarXon FE 55W Sunpower venepaneeli soveltuu erityisen hyvin venek\u00e4ytt\u00f6\u00f6n ohuen rakenteensa ja keveyden ansiosta. Sunpower FE \u2010sarjan venepaneelit ovat muovilevyn p\u00e4\u00e4lle laminoituja paneeleita, 3 mm paksuja ja kest\u00e4v\u00e4t reilusti taivutusta. Puolijoustava aurinkopaneeli, jossa on tehokkaat SunPower-kennot ja jotka tuottavat energiaa my\u00f6s huonommissa aurinko olosuhteissa. Paneeli on tyyppi\u00e4 \u201cback-contact\u201d, joka minimoi paneelin l\u00e4mm\u00f6ntuotannon ja tuottaa tehokkaammin [&hellip;]\" \/>\n<meta property=\"og:url\" content=\"https:\/\/www.duunauspalvelutjarvi.fi\/?product=aurinkopaneeli-fe-55w-sunpower-venepaneeli\" \/>\n<meta property=\"article:modified_time\" content=\"2022-04-08T17:42:44+00:00\" \/>\n<meta name=\"twitter:card\" content=\"summary_large_image\" \/>\n<meta name=\"twitter:label1\" content=\"Arvioitu lukuaika\" \/>\n\t<meta name=\"twitter:data1\" content=\"1 minuutti\" \/>\n<script type=\"application\/ld+json\" class=\"yoast-schema-graph\">{\"@context\":\"https:\\\/\\\/schema.org\",\"@graph\":[{\"@type\":\"WebPage\",\"@id\":\"https:\\\/\\\/www.duunauspalvelutjarvi.fi\\\/?product=aurinkopaneeli-fe-55w-sunpower-venepaneeli\",\"url\":\"https:\\\/\\\/www.duunauspalvelutjarvi.fi\\\/?product=aurinkopaneeli-fe-55w-sunpower-venepaneeli\",\"name\":\"Aurinkopaneeli FE 55W Sunpower venepaneeli -\",\"isPartOf\":{\"@id\":\"https:\\\/\\\/www.duunauspalvelutjarvi.fi\\\/#website\"},\"datePublished\":\"2021-06-21T20:59:32+00:00\",\"dateModified\":\"2022-04-08T17:42:44+00:00\",\"breadcrumb\":{\"@id\":\"https:\\\/\\\/www.duunauspalvelutjarvi.fi\\\/?product=aurinkopaneeli-fe-55w-sunpower-venepaneeli#breadcrumb\"},\"inLanguage\":\"fi\",\"potentialAction\":[{\"@type\":\"ReadAction\",\"target\":[\"https:\\\/\\\/www.duunauspalvelutjarvi.fi\\\/?product=aurinkopaneeli-fe-55w-sunpower-venepaneeli\"]}]},{\"@type\":\"BreadcrumbList\",\"@id\":\"https:\\\/\\\/www.duunauspalvelutjarvi.fi\\\/?product=aurinkopaneeli-fe-55w-sunpower-venepaneeli#breadcrumb\",\"itemListElement\":[{\"@type\":\"ListItem\",\"position\":1,\"name\":\"Etusivu\",\"item\":\"https:\\\/\\\/www.duunauspalvelutjarvi.fi\\\/\"},{\"@type\":\"ListItem\",\"position\":2,\"name\":\"Etusivu\",\"item\":\"https:\\\/\\\/www.duunauspalvelutjarvi.fi\\\/\"},{\"@type\":\"ListItem\",\"position\":3,\"name\":\"Aurinkopaneeli FE 55W Sunpower venepaneeli\"}]},{\"@type\":\"WebSite\",\"@id\":\"https:\\\/\\\/www.duunauspalvelutjarvi.fi\\\/#website\",\"url\":\"https:\\\/\\\/www.duunauspalvelutjarvi.fi\\\/\",\"name\":\"\",\"description\":\"\",\"potentialAction\":[{\"@type\":\"SearchAction\",\"target\":{\"@type\":\"EntryPoint\",\"urlTemplate\":\"https:\\\/\\\/www.duunauspalvelutjarvi.fi\\\/?s={search_term_string}\"},\"query-input\":{\"@type\":\"PropertyValueSpecification\",\"valueRequired\":true,\"valueName\":\"search_term_string\"}}],\"inLanguage\":\"fi\"}]}<\/script>\n<!-- \/ Yoast SEO plugin. -->","yoast_head_json":{"title":"Aurinkopaneeli FE 55W Sunpower venepaneeli -","robots":{"index":"index","follow":"follow","max-snippet":"max-snippet:-1","max-image-preview":"max-image-preview:large","max-video-preview":"max-video-preview:-1"},"canonical":"https:\/\/www.duunauspalvelutjarvi.fi\/?product=aurinkopaneeli-fe-55w-sunpower-venepaneeli","og_locale":"fi_FI","og_type":"article","og_title":"Aurinkopaneeli FE 55W Sunpower venepaneeli -","og_description":"SolarXon FE 55W Sunpower venepaneeli soveltuu erityisen hyvin venek\u00e4ytt\u00f6\u00f6n ohuen rakenteensa ja keveyden ansiosta. Sunpower FE \u2010sarjan venepaneelit ovat muovilevyn p\u00e4\u00e4lle laminoituja paneeleita, 3 mm paksuja ja kest\u00e4v\u00e4t reilusti taivutusta. Puolijoustava aurinkopaneeli, jossa on tehokkaat SunPower-kennot ja jotka tuottavat energiaa my\u00f6s huonommissa aurinko olosuhteissa. Paneeli on tyyppi\u00e4 \u201cback-contact\u201d, joka minimoi paneelin l\u00e4mm\u00f6ntuotannon ja tuottaa tehokkaammin [&hellip;]","og_url":"https:\/\/www.duunauspalvelutjarvi.fi\/?product=aurinkopaneeli-fe-55w-sunpower-venepaneeli","article_modified_time":"2022-04-08T17:42:44+00:00","twitter_card":"summary_large_image","twitter_misc":{"Arvioitu lukuaika":"1 minuutti"},"schema":{"@context":"https:\/\/schema.org","@graph":[{"@type":"WebPage","@id":"https:\/\/www.duunauspalvelutjarvi.fi\/?product=aurinkopaneeli-fe-55w-sunpower-venepaneeli","url":"https:\/\/www.duunauspalvelutjarvi.fi\/?product=aurinkopaneeli-fe-55w-sunpower-venepaneeli","name":"Aurinkopaneeli FE 55W Sunpower venepaneeli -","isPartOf":{"@id":"https:\/\/www.duunauspalvelutjarvi.fi\/#website"},"datePublished":"2021-06-21T20:59:32+00:00","dateModified":"2022-04-08T17:42:44+00:00","breadcrumb":{"@id":"https:\/\/www.duunauspalvelutjarvi.fi\/?product=aurinkopaneeli-fe-55w-sunpower-venepaneeli#breadcrumb"},"inLanguage":"fi","potentialAction":[{"@type":"ReadAction","target":["https:\/\/www.duunauspalvelutjarvi.fi\/?product=aurinkopaneeli-fe-55w-sunpower-venepaneeli"]}]},{"@type":"BreadcrumbList","@id":"https:\/\/www.duunauspalvelutjarvi.fi\/?product=aurinkopaneeli-fe-55w-sunpower-venepaneeli#breadcrumb","itemListElement":[{"@type":"ListItem","position":1,"name":"Etusivu","item":"https:\/\/www.duunauspalvelutjarvi.fi\/"},{"@type":"ListItem","position":2,"name":"Etusivu","item":"https:\/\/www.duunauspalvelutjarvi.fi\/"},{"@type":"ListItem","position":3,"name":"Aurinkopaneeli FE 55W Sunpower venepaneeli"}]},{"@type":"WebSite","@id":"https:\/\/www.duunauspalvelutjarvi.fi\/#website","url":"https:\/\/www.duunauspalvelutjarvi.fi\/","name":"","description":"","potentialAction":[{"@type":"SearchAction","target":{"@type":"EntryPoint","urlTemplate":"https:\/\/www.duunauspalvelutjarvi.fi\/?s={search_term_string}"},"query-input":{"@type":"PropertyValueSpecification","valueRequired":true,"valueName":"search_term_string"}}],"inLanguage":"fi"}]}},"jetpack_sharing_enabled":true,"_links":{"self":[{"href":"https:\/\/www.duunauspalvelutjarvi.fi\/index.php?rest_route=\/wp\/v2\/product\/7339","targetHints":{"allow":["GET"]}}],"collection":[{"href":"https:\/\/www.duunauspalvelutjarvi.fi\/index.php?rest_route=\/wp\/v2\/product"}],"about":[{"href":"https:\/\/www.duunauspalvelutjarvi.fi\/index.php?rest_route=\/wp\/v2\/types\/product"}],"replies":[{"embeddable":true,"href":"https:\/\/www.duunauspalvelutjarvi.fi\/index.php?rest_route=%2Fwp%2Fv2%2Fcomments&post=7339"}],"wp:attachment":[{"href":"https:\/\/www.duunauspalvelutjarvi.fi\/index.php?rest_route=%2Fwp%2Fv2%2Fmedia&parent=7339"}],"wp:term":[{"taxonomy":"product_brand","embeddable":true,"href":"https:\/\/www.duunauspalvelutjarvi.fi\/index.php?rest_route=%2Fwp%2Fv2%2Fproduct_brand&post=7339"},{"taxonomy":"product_cat","embeddable":true,"href":"https:\/\/www.duunauspalvelutjarvi.fi\/index.php?rest_route=%2Fwp%2Fv2%2Fproduct_cat&post=7339"},{"taxonomy":"product_tag","embeddable":true,"href":"https:\/\/www.duunauspalvelutjarvi.fi\/index.php?rest_route=%2Fwp%2Fv2%2Fproduct_tag&post=7339"}],"curies":[{"name":"wp","href":"https:\/\/api.w.org\/{rel}","templated":true}]}}