{"id":7346,"date":"2021-06-22T00:16:52","date_gmt":"2021-06-21T21:16:52","guid":{"rendered":"https:\/\/www.duunauspalvelutjarvi.fi\/?post_type=product&#038;p=7346"},"modified":"2024-05-25T19:51:21","modified_gmt":"2024-05-25T16:51:21","slug":"thermacell-hyttystorjuntalaite-vihrea","status":"publish","type":"product","link":"https:\/\/www.duunauspalvelutjarvi.fi\/?product=thermacell-hyttystorjuntalaite-vihrea","title":{"rendered":"Thermacell Hyttystorjuntalaite vihre\u00e4"},"content":{"rendered":"<div class=\"row\">\n<div class=\"col-12 col-lg-10\">\n<div class=\"ProductPageContent__description\">\n<div class=\"WysiwygContent\">Thermacell-hyttystorjuntalaite luo noin 20 m\u00b2 hyttysvapaan alueen 10-15 minuutissa.<br \/>\nThermacell torjuu tehokkaasti hyttyset, m\u00e4k\u00e4r\u00e4t, polttiaiset ja paikallaan oltaessa my\u00f6s hirvik\u00e4rp\u00e4set.Kannettava Thermacell on ihanteellinen ratkaisu pihalle, terassille ja m\u00f6kille.<br \/>\nLaite kulkee helposti matkassa mukana joko k\u00e4dess\u00e4 tai omassa kantolaukussaan.<br \/>\nThermacell on tehokas, turvallinen ja l\u00e4hes hajuton tapa torjua hyttyset. Se ei sis\u00e4ll\u00e4 DEET:t\u00e4 tai iholle levitett\u00e4vi\u00e4 haisevia voiteita tai suihkeita.<br \/>\nThermacell-hyttystorjuntalaitteeseen laitetaan pralletriinia sis\u00e4lt\u00e4v\u00e4 torjunta-ainematto. Pralletriini on tehokkain tunnettu hyttystorjunta-aine.<br \/>\nHyttystorjuntamattoa l\u00e4mmitet\u00e4\u00e4n kaasulla, jolloin torjunta-aine h\u00f6yrystyy ja muodostaa laitteen ymp\u00e4rille n. 20 m\u00b2 hyttysvapaan alueen.<\/p>\n<p>Pakkaus sis\u00e4lt\u00e4\u00e4 Thermacell-laitteen ja tarvikkeet jopa 12 tunnin k\u00e4ytt\u00f6\u00e4 varten (kaasus\u00e4ili\u00f6n ja kolme hyttystorjuntamattoa).<br \/>\nV\u00e4ri: vihre\u00e4.<br \/>\nVain ulkok\u00e4ytt\u00f6\u00f6n.<\/p>\n<p>OMINAISUUDET:<br \/>\n&#8221; luo noin 20 m\u00b2 hyttysvapaan vy\u00f6hykkeen 10-15 minuutissa<br \/>\n&#8221; kesto jopa 12 tuntia<br \/>\n&#8221; tehokas<br \/>\n&#8221; \u00e4\u00e4net\u00f6n<br \/>\n&#8221; l\u00e4hes hajuton<br \/>\n&#8221; ei sis\u00e4ll\u00e4 DEET:t\u00e4<br \/>\n&#8221; turvallinen, ei avoliekki\u00e4<br \/>\n&#8221; ihanteellinen pihalle, terassille ja m\u00f6kille<br \/>\n&#8221; Toimii kaikilla Thermacell-kaasus\u00e4ili\u00f6ill\u00e4 ja -hyttystorjuntamatoilla<br \/>\n&#8221; 100 % tyytyv\u00e4isyystakuu<br \/>\n&#8221; vain ulkok\u00e4ytt\u00f6\u00f6n<br \/>\n&#8221; myyntipakkaus sis\u00e4lt\u00e4\u00e4 laitteen ja tarvikkeet jopa 12 h k\u00e4ytt\u00f6\u00f6n: kaasus\u00e4ili\u00f6n ja kolme hyttystorjuntamattoa<\/p>\n<\/div>\n<\/div>\n<\/div>\n<div class=\"ProductPageContent__description-details col-sm-12 col-lg-2\">\n<div>\n<h6>Lis\u00e4tiedot<\/h6>\n<div>\n<div class=\"ProductExtraInfo ProductExtraInfo--single-column\">\n<ul class=\"inline-dot\">\n<li>Tuotekoodi:\u00a0843654001845<\/li>\n<li>EAN: 843654001845<\/li>\n<li><span class=\"ProductWarranty\">Takuu:\u00a0<span class=\"ProductWarranty__warranty\">1 vuosi<\/span><\/span><\/li>\n<li>Paino:\u00a00.34 kg<\/li>\n<\/ul>\n<\/div>\n<\/div>\n<\/div>\n<\/div>\n<\/div>\n<div class=\"row\"><\/div>\n","protected":false},"excerpt":{"rendered":"<p>Thermacell-hyttystorjuntalaite luo noin 20 m\u00b2 hyttysvapaan alueen 10-15 minuutissa. Thermacell torjuu tehokkaasti hyttyset, m\u00e4k\u00e4r\u00e4t, polttiaiset ja paikallaan oltaessa my\u00f6s hirvik\u00e4rp\u00e4set.Kannettava Thermacell on ihanteellinen ratkaisu pihalle, terassille ja m\u00f6kille. Laite kulkee helposti matkassa mukana joko k\u00e4dess\u00e4 tai omassa kantolaukussaan. Thermacell on tehokas, turvallinen ja l\u00e4hes hajuton tapa torjua hyttyset. Se ei sis\u00e4ll\u00e4 DEET:t\u00e4 tai iholle levitett\u00e4vi\u00e4 [&hellip;]<\/p>\n","protected":false},"featured_media":14882,"comment_status":"open","ping_status":"closed","template":"","meta":[],"product_brand":[],"product_cat":[485],"product_tag":[],"class_list":{"0":"post-7346","1":"product","2":"type-product","3":"status-publish","4":"has-post-thumbnail","6":"product_cat-hyttystorjuntalaitteet","8":"first","9":"instock","10":"taxable","11":"shipping-taxable","12":"purchasable","13":"product-type-simple"},"yoast_head":"<!-- This site is optimized with the Yoast SEO plugin v27.5 - https:\/\/yoast.com\/product\/yoast-seo-wordpress\/ -->\n<title>Thermacell Hyttystorjuntalaite vihre\u00e4 -<\/title>\n<meta name=\"robots\" content=\"index, follow, max-snippet:-1, max-image-preview:large, max-video-preview:-1\" \/>\n<link rel=\"canonical\" href=\"https:\/\/www.duunauspalvelutjarvi.fi\/?product=thermacell-hyttystorjuntalaite-vihrea\" \/>\n<meta property=\"og:locale\" content=\"fi_FI\" \/>\n<meta property=\"og:type\" content=\"article\" \/>\n<meta property=\"og:title\" content=\"Thermacell Hyttystorjuntalaite vihre\u00e4 -\" \/>\n<meta property=\"og:description\" content=\"Thermacell-hyttystorjuntalaite luo noin 20 m\u00b2 hyttysvapaan alueen 10-15 minuutissa. Thermacell torjuu tehokkaasti hyttyset, m\u00e4k\u00e4r\u00e4t, polttiaiset ja paikallaan oltaessa my\u00f6s hirvik\u00e4rp\u00e4set.Kannettava Thermacell on ihanteellinen ratkaisu pihalle, terassille ja m\u00f6kille. Laite kulkee helposti matkassa mukana joko k\u00e4dess\u00e4 tai omassa kantolaukussaan. Thermacell on tehokas, turvallinen ja l\u00e4hes hajuton tapa torjua hyttyset. Se ei sis\u00e4ll\u00e4 DEET:t\u00e4 tai iholle levitett\u00e4vi\u00e4 [&hellip;]\" \/>\n<meta property=\"og:url\" content=\"https:\/\/www.duunauspalvelutjarvi.fi\/?product=thermacell-hyttystorjuntalaite-vihrea\" \/>\n<meta property=\"article:modified_time\" content=\"2024-05-25T16:51:21+00:00\" \/>\n<meta property=\"og:image\" content=\"https:\/\/www.duunauspalvelutjarvi.fi\/wp-content\/uploads\/2021\/06\/ThermacellHyttystorjuntalaitevihrea_843654001845_8e75a4dc76b96d5516b7bdfec14c4f99_1-scaled.jpeg\" \/>\n\t<meta property=\"og:image:width\" content=\"2158\" \/>\n\t<meta property=\"og:image:height\" content=\"2560\" \/>\n\t<meta property=\"og:image:type\" content=\"image\/jpeg\" \/>\n<meta name=\"twitter:card\" content=\"summary_large_image\" \/>\n<meta name=\"twitter:label1\" content=\"Arvioitu lukuaika\" \/>\n\t<meta name=\"twitter:data1\" content=\"2 minuuttia\" \/>\n<script type=\"application\/ld+json\" class=\"yoast-schema-graph\">{\"@context\":\"https:\\\/\\\/schema.org\",\"@graph\":[{\"@type\":\"WebPage\",\"@id\":\"https:\\\/\\\/www.duunauspalvelutjarvi.fi\\\/?product=thermacell-hyttystorjuntalaite-vihrea\",\"url\":\"https:\\\/\\\/www.duunauspalvelutjarvi.fi\\\/?product=thermacell-hyttystorjuntalaite-vihrea\",\"name\":\"Thermacell Hyttystorjuntalaite vihre\u00e4 -\",\"isPartOf\":{\"@id\":\"https:\\\/\\\/www.duunauspalvelutjarvi.fi\\\/#website\"},\"primaryImageOfPage\":{\"@id\":\"https:\\\/\\\/www.duunauspalvelutjarvi.fi\\\/?product=thermacell-hyttystorjuntalaite-vihrea#primaryimage\"},\"image\":{\"@id\":\"https:\\\/\\\/www.duunauspalvelutjarvi.fi\\\/?product=thermacell-hyttystorjuntalaite-vihrea#primaryimage\"},\"thumbnailUrl\":\"https:\\\/\\\/www.duunauspalvelutjarvi.fi\\\/wp-content\\\/uploads\\\/2021\\\/06\\\/ThermacellHyttystorjuntalaitevihrea_843654001845_8e75a4dc76b96d5516b7bdfec14c4f99_1-scaled.jpeg\",\"datePublished\":\"2021-06-21T21:16:52+00:00\",\"dateModified\":\"2024-05-25T16:51:21+00:00\",\"breadcrumb\":{\"@id\":\"https:\\\/\\\/www.duunauspalvelutjarvi.fi\\\/?product=thermacell-hyttystorjuntalaite-vihrea#breadcrumb\"},\"inLanguage\":\"fi\",\"potentialAction\":[{\"@type\":\"ReadAction\",\"target\":[\"https:\\\/\\\/www.duunauspalvelutjarvi.fi\\\/?product=thermacell-hyttystorjuntalaite-vihrea\"]}]},{\"@type\":\"ImageObject\",\"inLanguage\":\"fi\",\"@id\":\"https:\\\/\\\/www.duunauspalvelutjarvi.fi\\\/?product=thermacell-hyttystorjuntalaite-vihrea#primaryimage\",\"url\":\"https:\\\/\\\/www.duunauspalvelutjarvi.fi\\\/wp-content\\\/uploads\\\/2021\\\/06\\\/ThermacellHyttystorjuntalaitevihrea_843654001845_8e75a4dc76b96d5516b7bdfec14c4f99_1-scaled.jpeg\",\"contentUrl\":\"https:\\\/\\\/www.duunauspalvelutjarvi.fi\\\/wp-content\\\/uploads\\\/2021\\\/06\\\/ThermacellHyttystorjuntalaitevihrea_843654001845_8e75a4dc76b96d5516b7bdfec14c4f99_1-scaled.jpeg\",\"width\":2158,\"height\":2560},{\"@type\":\"BreadcrumbList\",\"@id\":\"https:\\\/\\\/www.duunauspalvelutjarvi.fi\\\/?product=thermacell-hyttystorjuntalaite-vihrea#breadcrumb\",\"itemListElement\":[{\"@type\":\"ListItem\",\"position\":1,\"name\":\"Etusivu\",\"item\":\"https:\\\/\\\/www.duunauspalvelutjarvi.fi\\\/\"},{\"@type\":\"ListItem\",\"position\":2,\"name\":\"Etusivu\",\"item\":\"https:\\\/\\\/www.duunauspalvelutjarvi.fi\\\/\"},{\"@type\":\"ListItem\",\"position\":3,\"name\":\"Thermacell Hyttystorjuntalaite vihre\u00e4\"}]},{\"@type\":\"WebSite\",\"@id\":\"https:\\\/\\\/www.duunauspalvelutjarvi.fi\\\/#website\",\"url\":\"https:\\\/\\\/www.duunauspalvelutjarvi.fi\\\/\",\"name\":\"\",\"description\":\"\",\"potentialAction\":[{\"@type\":\"SearchAction\",\"target\":{\"@type\":\"EntryPoint\",\"urlTemplate\":\"https:\\\/\\\/www.duunauspalvelutjarvi.fi\\\/?s={search_term_string}\"},\"query-input\":{\"@type\":\"PropertyValueSpecification\",\"valueRequired\":true,\"valueName\":\"search_term_string\"}}],\"inLanguage\":\"fi\"}]}<\/script>\n<!-- \/ Yoast SEO plugin. -->","yoast_head_json":{"title":"Thermacell Hyttystorjuntalaite vihre\u00e4 -","robots":{"index":"index","follow":"follow","max-snippet":"max-snippet:-1","max-image-preview":"max-image-preview:large","max-video-preview":"max-video-preview:-1"},"canonical":"https:\/\/www.duunauspalvelutjarvi.fi\/?product=thermacell-hyttystorjuntalaite-vihrea","og_locale":"fi_FI","og_type":"article","og_title":"Thermacell Hyttystorjuntalaite vihre\u00e4 -","og_description":"Thermacell-hyttystorjuntalaite luo noin 20 m\u00b2 hyttysvapaan alueen 10-15 minuutissa. Thermacell torjuu tehokkaasti hyttyset, m\u00e4k\u00e4r\u00e4t, polttiaiset ja paikallaan oltaessa my\u00f6s hirvik\u00e4rp\u00e4set.Kannettava Thermacell on ihanteellinen ratkaisu pihalle, terassille ja m\u00f6kille. Laite kulkee helposti matkassa mukana joko k\u00e4dess\u00e4 tai omassa kantolaukussaan. Thermacell on tehokas, turvallinen ja l\u00e4hes hajuton tapa torjua hyttyset. Se ei sis\u00e4ll\u00e4 DEET:t\u00e4 tai iholle levitett\u00e4vi\u00e4 [&hellip;]","og_url":"https:\/\/www.duunauspalvelutjarvi.fi\/?product=thermacell-hyttystorjuntalaite-vihrea","article_modified_time":"2024-05-25T16:51:21+00:00","og_image":[{"width":2158,"height":2560,"url":"https:\/\/www.duunauspalvelutjarvi.fi\/wp-content\/uploads\/2021\/06\/ThermacellHyttystorjuntalaitevihrea_843654001845_8e75a4dc76b96d5516b7bdfec14c4f99_1-scaled.jpeg","type":"image\/jpeg"}],"twitter_card":"summary_large_image","twitter_misc":{"Arvioitu lukuaika":"2 minuuttia"},"schema":{"@context":"https:\/\/schema.org","@graph":[{"@type":"WebPage","@id":"https:\/\/www.duunauspalvelutjarvi.fi\/?product=thermacell-hyttystorjuntalaite-vihrea","url":"https:\/\/www.duunauspalvelutjarvi.fi\/?product=thermacell-hyttystorjuntalaite-vihrea","name":"Thermacell Hyttystorjuntalaite vihre\u00e4 -","isPartOf":{"@id":"https:\/\/www.duunauspalvelutjarvi.fi\/#website"},"primaryImageOfPage":{"@id":"https:\/\/www.duunauspalvelutjarvi.fi\/?product=thermacell-hyttystorjuntalaite-vihrea#primaryimage"},"image":{"@id":"https:\/\/www.duunauspalvelutjarvi.fi\/?product=thermacell-hyttystorjuntalaite-vihrea#primaryimage"},"thumbnailUrl":"https:\/\/www.duunauspalvelutjarvi.fi\/wp-content\/uploads\/2021\/06\/ThermacellHyttystorjuntalaitevihrea_843654001845_8e75a4dc76b96d5516b7bdfec14c4f99_1-scaled.jpeg","datePublished":"2021-06-21T21:16:52+00:00","dateModified":"2024-05-25T16:51:21+00:00","breadcrumb":{"@id":"https:\/\/www.duunauspalvelutjarvi.fi\/?product=thermacell-hyttystorjuntalaite-vihrea#breadcrumb"},"inLanguage":"fi","potentialAction":[{"@type":"ReadAction","target":["https:\/\/www.duunauspalvelutjarvi.fi\/?product=thermacell-hyttystorjuntalaite-vihrea"]}]},{"@type":"ImageObject","inLanguage":"fi","@id":"https:\/\/www.duunauspalvelutjarvi.fi\/?product=thermacell-hyttystorjuntalaite-vihrea#primaryimage","url":"https:\/\/www.duunauspalvelutjarvi.fi\/wp-content\/uploads\/2021\/06\/ThermacellHyttystorjuntalaitevihrea_843654001845_8e75a4dc76b96d5516b7bdfec14c4f99_1-scaled.jpeg","contentUrl":"https:\/\/www.duunauspalvelutjarvi.fi\/wp-content\/uploads\/2021\/06\/ThermacellHyttystorjuntalaitevihrea_843654001845_8e75a4dc76b96d5516b7bdfec14c4f99_1-scaled.jpeg","width":2158,"height":2560},{"@type":"BreadcrumbList","@id":"https:\/\/www.duunauspalvelutjarvi.fi\/?product=thermacell-hyttystorjuntalaite-vihrea#breadcrumb","itemListElement":[{"@type":"ListItem","position":1,"name":"Etusivu","item":"https:\/\/www.duunauspalvelutjarvi.fi\/"},{"@type":"ListItem","position":2,"name":"Etusivu","item":"https:\/\/www.duunauspalvelutjarvi.fi\/"},{"@type":"ListItem","position":3,"name":"Thermacell Hyttystorjuntalaite vihre\u00e4"}]},{"@type":"WebSite","@id":"https:\/\/www.duunauspalvelutjarvi.fi\/#website","url":"https:\/\/www.duunauspalvelutjarvi.fi\/","name":"","description":"","potentialAction":[{"@type":"SearchAction","target":{"@type":"EntryPoint","urlTemplate":"https:\/\/www.duunauspalvelutjarvi.fi\/?s={search_term_string}"},"query-input":{"@type":"PropertyValueSpecification","valueRequired":true,"valueName":"search_term_string"}}],"inLanguage":"fi"}]}},"jetpack_sharing_enabled":true,"_links":{"self":[{"href":"https:\/\/www.duunauspalvelutjarvi.fi\/index.php?rest_route=\/wp\/v2\/product\/7346","targetHints":{"allow":["GET"]}}],"collection":[{"href":"https:\/\/www.duunauspalvelutjarvi.fi\/index.php?rest_route=\/wp\/v2\/product"}],"about":[{"href":"https:\/\/www.duunauspalvelutjarvi.fi\/index.php?rest_route=\/wp\/v2\/types\/product"}],"replies":[{"embeddable":true,"href":"https:\/\/www.duunauspalvelutjarvi.fi\/index.php?rest_route=%2Fwp%2Fv2%2Fcomments&post=7346"}],"wp:featuredmedia":[{"embeddable":true,"href":"https:\/\/www.duunauspalvelutjarvi.fi\/index.php?rest_route=\/wp\/v2\/media\/14882"}],"wp:attachment":[{"href":"https:\/\/www.duunauspalvelutjarvi.fi\/index.php?rest_route=%2Fwp%2Fv2%2Fmedia&parent=7346"}],"wp:term":[{"taxonomy":"product_brand","embeddable":true,"href":"https:\/\/www.duunauspalvelutjarvi.fi\/index.php?rest_route=%2Fwp%2Fv2%2Fproduct_brand&post=7346"},{"taxonomy":"product_cat","embeddable":true,"href":"https:\/\/www.duunauspalvelutjarvi.fi\/index.php?rest_route=%2Fwp%2Fv2%2Fproduct_cat&post=7346"},{"taxonomy":"product_tag","embeddable":true,"href":"https:\/\/www.duunauspalvelutjarvi.fi\/index.php?rest_route=%2Fwp%2Fv2%2Fproduct_tag&post=7346"}],"curies":[{"name":"wp","href":"https:\/\/api.w.org\/{rel}","templated":true}]}}