{"id":7356,"date":"2021-06-22T00:23:17","date_gmt":"2021-06-21T21:23:17","guid":{"rendered":"https:\/\/www.duunauspalvelutjarvi.fi\/?post_type=product&#038;p=7356"},"modified":"2024-05-25T19:47:39","modified_gmt":"2024-05-25T16:47:39","slug":"thermacell-perimeter-hyttystorjuntasarja","status":"publish","type":"product","link":"https:\/\/www.duunauspalvelutjarvi.fi\/?product=thermacell-perimeter-hyttystorjuntasarja","title":{"rendered":"Thermacell Perimeter hyttystorjuntasarja"},"content":{"rendered":"<div class=\"row\">\n<div class=\"col-12 col-lg-10\">\n<div class=\"ProductPageContent__description\">\n<div class=\"WysiwygContent\">\n<p>Thermacell Perimeter -hyttystorjuntalaitteet torjuvat hyttyset haluamasi kokoiselta ja muotoiselta ulkoalueelta.<\/p>\n<p>Thermacell Perimeter -laitteet voidaan painaa maahan tai asettaa ulkorakenteisiin kiinnitettyihin telineisiin.<br \/>\nLaitteiden m\u00e4\u00e4r\u00e4\u00e4 ja sijaintia muuttamalla voit torjua hyttyset haluamasi kokoiselta ja muotoiselta ulkoalueelta.<br \/>\nYhdess\u00e4 myyntipakkauksessa on kaksi laitetta, joilla suojaat noin 40 m2 ulkoalueen.<br \/>\nJos haluat suojata isomman alueen, k\u00e4yt\u00e4 useampia laitteita.<br \/>\nIhanteellinen esimerkiksi kes\u00e4juhlissa tai lasten pelihetkiss\u00e4.<\/p>\n<p>Thermacell suojaa hyttysilt\u00e4 ilman voiteita ja suihkeita \u00e4\u00e4nett\u00f6m\u00e4sti ja l\u00e4hes hajuttomasti. Ei sis\u00e4ll\u00e4 DEET:t\u00e4. Johdoton, kevyt.<\/p>\n<p>Myyntipakkaus sis\u00e4lt\u00e4\u00e4 kaksi Perimeter-laitetta, kaksi jalkaa ja kaksi kiinnitystelinett\u00e4 kiinnikkeineen.<br \/>\nLis\u00e4ksi pakkauksessa on kaksi kaasus\u00e4ili\u00f6t\u00e4 ja kuusi hyttystorjuntamattoa, jotka riitt\u00e4v\u00e4t 8\u009612 tunnin k\u00e4ytt\u00f6\u00f6n.<\/p>\n<p>V\u00e4ri: musta.<\/p>\n<p>Vain ulkok\u00e4ytt\u00f6\u00f6n.<\/p>\n<p>HYTTYSTORJUNTASARJAN OMINAISUUDET:<br \/>\n&#8211; Laitteet voi asettaa telineisiin tai painaa maahan<br \/>\n&#8211; Hyttysvapaan alueen kokoa ja muotoa voi muuttaa laitteiden paikkaa ja m\u00e4\u00e4r\u00e4\u00e4 vaihtelemalla<br \/>\n&#8211; Noin 40 m\u00b2 hyttysvapaa vy\u00f6hyke 10\u009615 minuutissa<br \/>\n&#8211; Tehokas, l\u00e4hes hajuton ja \u00e4\u00e4net\u00f6n<br \/>\n&#8211; Ei sis\u00e4ll\u00e4 DEET-myrkky\u00e4<br \/>\n&#8211; Ei sotkuisia, haisevia voiteita tai suihkeita, ei avointa liekki\u00e4<br \/>\n&#8211; Toimii kaikilla Thermacell-kaasus\u00e4ili\u00f6ill\u00e4 ja -hyttystorjuntamatoilla<br \/>\n&#8211; Pakkaus sis\u00e4lt\u00e4\u00e4 kaksi Thermacell Perimeter -laitetta, kaksi jalkaa ja kaksi telinett\u00e4 kiinnikkeineen sek\u00e4 tarvikkeet 12 tunnin k\u00e4ytt\u00f6\u00f6n (2 kaasus\u00e4ili\u00f6t\u00e4, 6 hyttystorjuntamattoa)<\/p>\n<\/div>\n<\/div>\n<\/div>\n<div class=\"ProductPageContent__description-details col-sm-12 col-lg-2\">\n<div>\n<h6>Lis\u00e4tiedot<\/h6>\n<div>\n<div class=\"ProductExtraInfo ProductExtraInfo--single-column\">\n<ul class=\"inline-dot\">\n<li>Tuotekoodi:\u00a00843654004365<\/li>\n<li>EAN: 0843654004365<\/li>\n<li><span class=\"ProductWarranty\">Takuu:\u00a0<span class=\"ProductWarranty__warranty\">1 vuosi<\/span><\/span><\/li>\n<li>Paino:\u00a00.34 kg<\/li>\n<\/ul>\n<\/div>\n<\/div>\n<\/div>\n<\/div>\n<\/div>\n<div class=\"row\"><\/div>\n","protected":false},"excerpt":{"rendered":"<p>Thermacell Perimeter -hyttystorjuntalaitteet torjuvat hyttyset haluamasi kokoiselta ja muotoiselta ulkoalueelta. Thermacell Perimeter -laitteet voidaan painaa maahan tai asettaa ulkorakenteisiin kiinnitettyihin telineisiin. Laitteiden m\u00e4\u00e4r\u00e4\u00e4 ja sijaintia muuttamalla voit torjua hyttyset haluamasi kokoiselta ja muotoiselta ulkoalueelta. Yhdess\u00e4 myyntipakkauksessa on kaksi laitetta, joilla suojaat noin 40 m2 ulkoalueen. Jos haluat suojata isomman alueen, k\u00e4yt\u00e4 useampia laitteita. Ihanteellinen esimerkiksi [&hellip;]<\/p>\n","protected":false},"featured_media":14875,"comment_status":"open","ping_status":"closed","template":"","meta":[],"product_brand":[],"product_cat":[485],"product_tag":[],"class_list":{"0":"post-7356","1":"product","2":"type-product","3":"status-publish","4":"has-post-thumbnail","6":"product_cat-hyttystorjuntalaitteet","8":"first","9":"instock","10":"taxable","11":"shipping-taxable","12":"purchasable","13":"product-type-simple"},"yoast_head":"<!-- This site is optimized with the Yoast SEO plugin v27.4 - https:\/\/yoast.com\/product\/yoast-seo-wordpress\/ -->\n<title>Thermacell Perimeter hyttystorjuntasarja -<\/title>\n<meta name=\"robots\" content=\"index, follow, max-snippet:-1, max-image-preview:large, max-video-preview:-1\" \/>\n<link rel=\"canonical\" href=\"https:\/\/www.duunauspalvelutjarvi.fi\/?product=thermacell-perimeter-hyttystorjuntasarja\" \/>\n<meta property=\"og:locale\" content=\"fi_FI\" \/>\n<meta property=\"og:type\" content=\"article\" \/>\n<meta property=\"og:title\" content=\"Thermacell Perimeter hyttystorjuntasarja -\" \/>\n<meta property=\"og:description\" content=\"Thermacell Perimeter -hyttystorjuntalaitteet torjuvat hyttyset haluamasi kokoiselta ja muotoiselta ulkoalueelta. Thermacell Perimeter -laitteet voidaan painaa maahan tai asettaa ulkorakenteisiin kiinnitettyihin telineisiin. Laitteiden m\u00e4\u00e4r\u00e4\u00e4 ja sijaintia muuttamalla voit torjua hyttyset haluamasi kokoiselta ja muotoiselta ulkoalueelta. Yhdess\u00e4 myyntipakkauksessa on kaksi laitetta, joilla suojaat noin 40 m2 ulkoalueen. Jos haluat suojata isomman alueen, k\u00e4yt\u00e4 useampia laitteita. Ihanteellinen esimerkiksi [&hellip;]\" \/>\n<meta property=\"og:url\" content=\"https:\/\/www.duunauspalvelutjarvi.fi\/?product=thermacell-perimeter-hyttystorjuntasarja\" \/>\n<meta property=\"article:modified_time\" content=\"2024-05-25T16:47:39+00:00\" \/>\n<meta property=\"og:image\" content=\"https:\/\/www.duunauspalvelutjarvi.fi\/wp-content\/uploads\/2021\/06\/ThermacellPerimeterhyttystorjuntasarja_0843654004365_91b824efc05c857fffa07959c0f07583_2-scaled.jpg\" \/>\n\t<meta property=\"og:image:width\" content=\"2560\" \/>\n\t<meta property=\"og:image:height\" content=\"2158\" \/>\n\t<meta property=\"og:image:type\" content=\"image\/jpeg\" \/>\n<meta name=\"twitter:card\" content=\"summary_large_image\" \/>\n<meta name=\"twitter:label1\" content=\"Arvioitu lukuaika\" \/>\n\t<meta name=\"twitter:data1\" content=\"2 minuuttia\" \/>\n<script type=\"application\/ld+json\" class=\"yoast-schema-graph\">{\"@context\":\"https:\\\/\\\/schema.org\",\"@graph\":[{\"@type\":\"WebPage\",\"@id\":\"https:\\\/\\\/www.duunauspalvelutjarvi.fi\\\/?product=thermacell-perimeter-hyttystorjuntasarja\",\"url\":\"https:\\\/\\\/www.duunauspalvelutjarvi.fi\\\/?product=thermacell-perimeter-hyttystorjuntasarja\",\"name\":\"Thermacell Perimeter hyttystorjuntasarja -\",\"isPartOf\":{\"@id\":\"https:\\\/\\\/www.duunauspalvelutjarvi.fi\\\/#website\"},\"primaryImageOfPage\":{\"@id\":\"https:\\\/\\\/www.duunauspalvelutjarvi.fi\\\/?product=thermacell-perimeter-hyttystorjuntasarja#primaryimage\"},\"image\":{\"@id\":\"https:\\\/\\\/www.duunauspalvelutjarvi.fi\\\/?product=thermacell-perimeter-hyttystorjuntasarja#primaryimage\"},\"thumbnailUrl\":\"https:\\\/\\\/www.duunauspalvelutjarvi.fi\\\/wp-content\\\/uploads\\\/2021\\\/06\\\/ThermacellPerimeterhyttystorjuntasarja_0843654004365_91b824efc05c857fffa07959c0f07583_2-scaled.jpg\",\"datePublished\":\"2021-06-21T21:23:17+00:00\",\"dateModified\":\"2024-05-25T16:47:39+00:00\",\"breadcrumb\":{\"@id\":\"https:\\\/\\\/www.duunauspalvelutjarvi.fi\\\/?product=thermacell-perimeter-hyttystorjuntasarja#breadcrumb\"},\"inLanguage\":\"fi\",\"potentialAction\":[{\"@type\":\"ReadAction\",\"target\":[\"https:\\\/\\\/www.duunauspalvelutjarvi.fi\\\/?product=thermacell-perimeter-hyttystorjuntasarja\"]}]},{\"@type\":\"ImageObject\",\"inLanguage\":\"fi\",\"@id\":\"https:\\\/\\\/www.duunauspalvelutjarvi.fi\\\/?product=thermacell-perimeter-hyttystorjuntasarja#primaryimage\",\"url\":\"https:\\\/\\\/www.duunauspalvelutjarvi.fi\\\/wp-content\\\/uploads\\\/2021\\\/06\\\/ThermacellPerimeterhyttystorjuntasarja_0843654004365_91b824efc05c857fffa07959c0f07583_2-scaled.jpg\",\"contentUrl\":\"https:\\\/\\\/www.duunauspalvelutjarvi.fi\\\/wp-content\\\/uploads\\\/2021\\\/06\\\/ThermacellPerimeterhyttystorjuntasarja_0843654004365_91b824efc05c857fffa07959c0f07583_2-scaled.jpg\",\"width\":2560,\"height\":2158},{\"@type\":\"BreadcrumbList\",\"@id\":\"https:\\\/\\\/www.duunauspalvelutjarvi.fi\\\/?product=thermacell-perimeter-hyttystorjuntasarja#breadcrumb\",\"itemListElement\":[{\"@type\":\"ListItem\",\"position\":1,\"name\":\"Etusivu\",\"item\":\"https:\\\/\\\/www.duunauspalvelutjarvi.fi\\\/\"},{\"@type\":\"ListItem\",\"position\":2,\"name\":\"Etusivu\",\"item\":\"https:\\\/\\\/www.duunauspalvelutjarvi.fi\\\/\"},{\"@type\":\"ListItem\",\"position\":3,\"name\":\"Thermacell Perimeter hyttystorjuntasarja\"}]},{\"@type\":\"WebSite\",\"@id\":\"https:\\\/\\\/www.duunauspalvelutjarvi.fi\\\/#website\",\"url\":\"https:\\\/\\\/www.duunauspalvelutjarvi.fi\\\/\",\"name\":\"\",\"description\":\"\",\"potentialAction\":[{\"@type\":\"SearchAction\",\"target\":{\"@type\":\"EntryPoint\",\"urlTemplate\":\"https:\\\/\\\/www.duunauspalvelutjarvi.fi\\\/?s={search_term_string}\"},\"query-input\":{\"@type\":\"PropertyValueSpecification\",\"valueRequired\":true,\"valueName\":\"search_term_string\"}}],\"inLanguage\":\"fi\"}]}<\/script>\n<!-- \/ Yoast SEO plugin. -->","yoast_head_json":{"title":"Thermacell Perimeter hyttystorjuntasarja -","robots":{"index":"index","follow":"follow","max-snippet":"max-snippet:-1","max-image-preview":"max-image-preview:large","max-video-preview":"max-video-preview:-1"},"canonical":"https:\/\/www.duunauspalvelutjarvi.fi\/?product=thermacell-perimeter-hyttystorjuntasarja","og_locale":"fi_FI","og_type":"article","og_title":"Thermacell Perimeter hyttystorjuntasarja -","og_description":"Thermacell Perimeter -hyttystorjuntalaitteet torjuvat hyttyset haluamasi kokoiselta ja muotoiselta ulkoalueelta. Thermacell Perimeter -laitteet voidaan painaa maahan tai asettaa ulkorakenteisiin kiinnitettyihin telineisiin. Laitteiden m\u00e4\u00e4r\u00e4\u00e4 ja sijaintia muuttamalla voit torjua hyttyset haluamasi kokoiselta ja muotoiselta ulkoalueelta. Yhdess\u00e4 myyntipakkauksessa on kaksi laitetta, joilla suojaat noin 40 m2 ulkoalueen. Jos haluat suojata isomman alueen, k\u00e4yt\u00e4 useampia laitteita. Ihanteellinen esimerkiksi [&hellip;]","og_url":"https:\/\/www.duunauspalvelutjarvi.fi\/?product=thermacell-perimeter-hyttystorjuntasarja","article_modified_time":"2024-05-25T16:47:39+00:00","og_image":[{"width":2560,"height":2158,"url":"https:\/\/www.duunauspalvelutjarvi.fi\/wp-content\/uploads\/2021\/06\/ThermacellPerimeterhyttystorjuntasarja_0843654004365_91b824efc05c857fffa07959c0f07583_2-scaled.jpg","type":"image\/jpeg"}],"twitter_card":"summary_large_image","twitter_misc":{"Arvioitu lukuaika":"2 minuuttia"},"schema":{"@context":"https:\/\/schema.org","@graph":[{"@type":"WebPage","@id":"https:\/\/www.duunauspalvelutjarvi.fi\/?product=thermacell-perimeter-hyttystorjuntasarja","url":"https:\/\/www.duunauspalvelutjarvi.fi\/?product=thermacell-perimeter-hyttystorjuntasarja","name":"Thermacell Perimeter hyttystorjuntasarja -","isPartOf":{"@id":"https:\/\/www.duunauspalvelutjarvi.fi\/#website"},"primaryImageOfPage":{"@id":"https:\/\/www.duunauspalvelutjarvi.fi\/?product=thermacell-perimeter-hyttystorjuntasarja#primaryimage"},"image":{"@id":"https:\/\/www.duunauspalvelutjarvi.fi\/?product=thermacell-perimeter-hyttystorjuntasarja#primaryimage"},"thumbnailUrl":"https:\/\/www.duunauspalvelutjarvi.fi\/wp-content\/uploads\/2021\/06\/ThermacellPerimeterhyttystorjuntasarja_0843654004365_91b824efc05c857fffa07959c0f07583_2-scaled.jpg","datePublished":"2021-06-21T21:23:17+00:00","dateModified":"2024-05-25T16:47:39+00:00","breadcrumb":{"@id":"https:\/\/www.duunauspalvelutjarvi.fi\/?product=thermacell-perimeter-hyttystorjuntasarja#breadcrumb"},"inLanguage":"fi","potentialAction":[{"@type":"ReadAction","target":["https:\/\/www.duunauspalvelutjarvi.fi\/?product=thermacell-perimeter-hyttystorjuntasarja"]}]},{"@type":"ImageObject","inLanguage":"fi","@id":"https:\/\/www.duunauspalvelutjarvi.fi\/?product=thermacell-perimeter-hyttystorjuntasarja#primaryimage","url":"https:\/\/www.duunauspalvelutjarvi.fi\/wp-content\/uploads\/2021\/06\/ThermacellPerimeterhyttystorjuntasarja_0843654004365_91b824efc05c857fffa07959c0f07583_2-scaled.jpg","contentUrl":"https:\/\/www.duunauspalvelutjarvi.fi\/wp-content\/uploads\/2021\/06\/ThermacellPerimeterhyttystorjuntasarja_0843654004365_91b824efc05c857fffa07959c0f07583_2-scaled.jpg","width":2560,"height":2158},{"@type":"BreadcrumbList","@id":"https:\/\/www.duunauspalvelutjarvi.fi\/?product=thermacell-perimeter-hyttystorjuntasarja#breadcrumb","itemListElement":[{"@type":"ListItem","position":1,"name":"Etusivu","item":"https:\/\/www.duunauspalvelutjarvi.fi\/"},{"@type":"ListItem","position":2,"name":"Etusivu","item":"https:\/\/www.duunauspalvelutjarvi.fi\/"},{"@type":"ListItem","position":3,"name":"Thermacell Perimeter hyttystorjuntasarja"}]},{"@type":"WebSite","@id":"https:\/\/www.duunauspalvelutjarvi.fi\/#website","url":"https:\/\/www.duunauspalvelutjarvi.fi\/","name":"","description":"","potentialAction":[{"@type":"SearchAction","target":{"@type":"EntryPoint","urlTemplate":"https:\/\/www.duunauspalvelutjarvi.fi\/?s={search_term_string}"},"query-input":{"@type":"PropertyValueSpecification","valueRequired":true,"valueName":"search_term_string"}}],"inLanguage":"fi"}]}},"jetpack_sharing_enabled":true,"_links":{"self":[{"href":"https:\/\/www.duunauspalvelutjarvi.fi\/index.php?rest_route=\/wp\/v2\/product\/7356","targetHints":{"allow":["GET"]}}],"collection":[{"href":"https:\/\/www.duunauspalvelutjarvi.fi\/index.php?rest_route=\/wp\/v2\/product"}],"about":[{"href":"https:\/\/www.duunauspalvelutjarvi.fi\/index.php?rest_route=\/wp\/v2\/types\/product"}],"replies":[{"embeddable":true,"href":"https:\/\/www.duunauspalvelutjarvi.fi\/index.php?rest_route=%2Fwp%2Fv2%2Fcomments&post=7356"}],"wp:featuredmedia":[{"embeddable":true,"href":"https:\/\/www.duunauspalvelutjarvi.fi\/index.php?rest_route=\/wp\/v2\/media\/14875"}],"wp:attachment":[{"href":"https:\/\/www.duunauspalvelutjarvi.fi\/index.php?rest_route=%2Fwp%2Fv2%2Fmedia&parent=7356"}],"wp:term":[{"taxonomy":"product_brand","embeddable":true,"href":"https:\/\/www.duunauspalvelutjarvi.fi\/index.php?rest_route=%2Fwp%2Fv2%2Fproduct_brand&post=7356"},{"taxonomy":"product_cat","embeddable":true,"href":"https:\/\/www.duunauspalvelutjarvi.fi\/index.php?rest_route=%2Fwp%2Fv2%2Fproduct_cat&post=7356"},{"taxonomy":"product_tag","embeddable":true,"href":"https:\/\/www.duunauspalvelutjarvi.fi\/index.php?rest_route=%2Fwp%2Fv2%2Fproduct_tag&post=7356"}],"curies":[{"name":"wp","href":"https:\/\/api.w.org\/{rel}","templated":true}]}}