{"id":7362,"date":"2021-06-22T00:26:43","date_gmt":"2021-06-21T21:26:43","guid":{"rendered":"https:\/\/www.duunauspalvelutjarvi.fi\/?post_type=product&#038;p=7362"},"modified":"2024-05-25T19:45:30","modified_gmt":"2024-05-25T16:45:30","slug":"thermacell-saastopakkaus-412","status":"publish","type":"product","link":"https:\/\/www.duunauspalvelutjarvi.fi\/?product=thermacell-saastopakkaus-412","title":{"rendered":"Thermacell S\u00e4\u00e4st\u00f6pakkaus 4+12"},"content":{"rendered":"<p>S\u00e4\u00e4st\u00f6pakkaus Thermacell -hyttystorjuntalaitteisiin.<br \/>\nPakkaus sis\u00e4lt\u00e4\u00e4 4 kaasus\u00e4ili\u00f6t\u00e4 ja 12 hyttystorjuntamattoa.<br \/>\nRiitt\u00e4\u00e4 36-48 tunnin k\u00e4ytt\u00f6\u00f6n.<\/p>\n<p>S\u00e4\u00e4st\u00f6pakkaus k\u00e4y kannettavaan Thermacelliin, Mini Haloon sek\u00e4 Perimeteriin.<\/p>\n","protected":false},"excerpt":{"rendered":"<p>S\u00e4\u00e4st\u00f6pakkaus Thermacell -hyttystorjuntalaitteisiin. Pakkaus sis\u00e4lt\u00e4\u00e4 4 kaasus\u00e4ili\u00f6t\u00e4 ja 12 hyttystorjuntamattoa. Riitt\u00e4\u00e4 36-48 tunnin k\u00e4ytt\u00f6\u00f6n. S\u00e4\u00e4st\u00f6pakkaus k\u00e4y kannettavaan Thermacelliin, Mini Haloon sek\u00e4 Perimeteriin.<\/p>\n","protected":false},"featured_media":14870,"comment_status":"open","ping_status":"closed","template":"","meta":[],"product_brand":[],"product_cat":[485],"product_tag":[],"class_list":{"0":"post-7362","1":"product","2":"type-product","3":"status-publish","4":"has-post-thumbnail","6":"product_cat-hyttystorjuntalaitteet","8":"first","9":"instock","10":"taxable","11":"shipping-taxable","12":"purchasable","13":"product-type-simple"},"yoast_head":"<!-- This site is optimized with the Yoast SEO plugin v27.5 - https:\/\/yoast.com\/product\/yoast-seo-wordpress\/ -->\n<title>Thermacell S\u00e4\u00e4st\u00f6pakkaus 4+12 -<\/title>\n<meta name=\"robots\" content=\"index, follow, max-snippet:-1, max-image-preview:large, max-video-preview:-1\" \/>\n<link rel=\"canonical\" href=\"https:\/\/www.duunauspalvelutjarvi.fi\/?product=thermacell-saastopakkaus-412\" \/>\n<meta property=\"og:locale\" content=\"fi_FI\" \/>\n<meta property=\"og:type\" content=\"article\" \/>\n<meta property=\"og:title\" content=\"Thermacell S\u00e4\u00e4st\u00f6pakkaus 4+12 -\" \/>\n<meta property=\"og:description\" content=\"S\u00e4\u00e4st\u00f6pakkaus Thermacell -hyttystorjuntalaitteisiin. Pakkaus sis\u00e4lt\u00e4\u00e4 4 kaasus\u00e4ili\u00f6t\u00e4 ja 12 hyttystorjuntamattoa. Riitt\u00e4\u00e4 36-48 tunnin k\u00e4ytt\u00f6\u00f6n. S\u00e4\u00e4st\u00f6pakkaus k\u00e4y kannettavaan Thermacelliin, Mini Haloon sek\u00e4 Perimeteriin.\" \/>\n<meta property=\"og:url\" content=\"https:\/\/www.duunauspalvelutjarvi.fi\/?product=thermacell-saastopakkaus-412\" \/>\n<meta property=\"article:modified_time\" content=\"2024-05-25T16:45:30+00:00\" \/>\n<meta property=\"og:image\" content=\"https:\/\/www.duunauspalvelutjarvi.fi\/wp-content\/uploads\/2021\/06\/ThermacellSaastopakkaus412_843654020228_880434ebfae292ef58c6e94f15215e16_4.jpg\" \/>\n\t<meta property=\"og:image:width\" content=\"1508\" \/>\n\t<meta property=\"og:image:height\" content=\"2000\" \/>\n\t<meta property=\"og:image:type\" content=\"image\/jpeg\" \/>\n<meta name=\"twitter:card\" content=\"summary_large_image\" \/>\n<meta name=\"twitter:label1\" content=\"Arvioitu lukuaika\" \/>\n\t<meta name=\"twitter:data1\" content=\"1 minuutti\" \/>\n<script type=\"application\/ld+json\" class=\"yoast-schema-graph\">{\"@context\":\"https:\\\/\\\/schema.org\",\"@graph\":[{\"@type\":\"WebPage\",\"@id\":\"https:\\\/\\\/www.duunauspalvelutjarvi.fi\\\/?product=thermacell-saastopakkaus-412\",\"url\":\"https:\\\/\\\/www.duunauspalvelutjarvi.fi\\\/?product=thermacell-saastopakkaus-412\",\"name\":\"Thermacell S\u00e4\u00e4st\u00f6pakkaus 4+12 -\",\"isPartOf\":{\"@id\":\"https:\\\/\\\/www.duunauspalvelutjarvi.fi\\\/#website\"},\"primaryImageOfPage\":{\"@id\":\"https:\\\/\\\/www.duunauspalvelutjarvi.fi\\\/?product=thermacell-saastopakkaus-412#primaryimage\"},\"image\":{\"@id\":\"https:\\\/\\\/www.duunauspalvelutjarvi.fi\\\/?product=thermacell-saastopakkaus-412#primaryimage\"},\"thumbnailUrl\":\"https:\\\/\\\/www.duunauspalvelutjarvi.fi\\\/wp-content\\\/uploads\\\/2021\\\/06\\\/ThermacellSaastopakkaus412_843654020228_880434ebfae292ef58c6e94f15215e16_4.jpg\",\"datePublished\":\"2021-06-21T21:26:43+00:00\",\"dateModified\":\"2024-05-25T16:45:30+00:00\",\"breadcrumb\":{\"@id\":\"https:\\\/\\\/www.duunauspalvelutjarvi.fi\\\/?product=thermacell-saastopakkaus-412#breadcrumb\"},\"inLanguage\":\"fi\",\"potentialAction\":[{\"@type\":\"ReadAction\",\"target\":[\"https:\\\/\\\/www.duunauspalvelutjarvi.fi\\\/?product=thermacell-saastopakkaus-412\"]}]},{\"@type\":\"ImageObject\",\"inLanguage\":\"fi\",\"@id\":\"https:\\\/\\\/www.duunauspalvelutjarvi.fi\\\/?product=thermacell-saastopakkaus-412#primaryimage\",\"url\":\"https:\\\/\\\/www.duunauspalvelutjarvi.fi\\\/wp-content\\\/uploads\\\/2021\\\/06\\\/ThermacellSaastopakkaus412_843654020228_880434ebfae292ef58c6e94f15215e16_4.jpg\",\"contentUrl\":\"https:\\\/\\\/www.duunauspalvelutjarvi.fi\\\/wp-content\\\/uploads\\\/2021\\\/06\\\/ThermacellSaastopakkaus412_843654020228_880434ebfae292ef58c6e94f15215e16_4.jpg\",\"width\":1508,\"height\":2000,\"caption\":\"Screenshot\"},{\"@type\":\"BreadcrumbList\",\"@id\":\"https:\\\/\\\/www.duunauspalvelutjarvi.fi\\\/?product=thermacell-saastopakkaus-412#breadcrumb\",\"itemListElement\":[{\"@type\":\"ListItem\",\"position\":1,\"name\":\"Etusivu\",\"item\":\"https:\\\/\\\/www.duunauspalvelutjarvi.fi\\\/\"},{\"@type\":\"ListItem\",\"position\":2,\"name\":\"Etusivu\",\"item\":\"https:\\\/\\\/www.duunauspalvelutjarvi.fi\\\/\"},{\"@type\":\"ListItem\",\"position\":3,\"name\":\"Thermacell S\u00e4\u00e4st\u00f6pakkaus 4+12\"}]},{\"@type\":\"WebSite\",\"@id\":\"https:\\\/\\\/www.duunauspalvelutjarvi.fi\\\/#website\",\"url\":\"https:\\\/\\\/www.duunauspalvelutjarvi.fi\\\/\",\"name\":\"\",\"description\":\"\",\"potentialAction\":[{\"@type\":\"SearchAction\",\"target\":{\"@type\":\"EntryPoint\",\"urlTemplate\":\"https:\\\/\\\/www.duunauspalvelutjarvi.fi\\\/?s={search_term_string}\"},\"query-input\":{\"@type\":\"PropertyValueSpecification\",\"valueRequired\":true,\"valueName\":\"search_term_string\"}}],\"inLanguage\":\"fi\"}]}<\/script>\n<!-- \/ Yoast SEO plugin. -->","yoast_head_json":{"title":"Thermacell S\u00e4\u00e4st\u00f6pakkaus 4+12 -","robots":{"index":"index","follow":"follow","max-snippet":"max-snippet:-1","max-image-preview":"max-image-preview:large","max-video-preview":"max-video-preview:-1"},"canonical":"https:\/\/www.duunauspalvelutjarvi.fi\/?product=thermacell-saastopakkaus-412","og_locale":"fi_FI","og_type":"article","og_title":"Thermacell S\u00e4\u00e4st\u00f6pakkaus 4+12 -","og_description":"S\u00e4\u00e4st\u00f6pakkaus Thermacell -hyttystorjuntalaitteisiin. Pakkaus sis\u00e4lt\u00e4\u00e4 4 kaasus\u00e4ili\u00f6t\u00e4 ja 12 hyttystorjuntamattoa. Riitt\u00e4\u00e4 36-48 tunnin k\u00e4ytt\u00f6\u00f6n. S\u00e4\u00e4st\u00f6pakkaus k\u00e4y kannettavaan Thermacelliin, Mini Haloon sek\u00e4 Perimeteriin.","og_url":"https:\/\/www.duunauspalvelutjarvi.fi\/?product=thermacell-saastopakkaus-412","article_modified_time":"2024-05-25T16:45:30+00:00","og_image":[{"width":1508,"height":2000,"url":"https:\/\/www.duunauspalvelutjarvi.fi\/wp-content\/uploads\/2021\/06\/ThermacellSaastopakkaus412_843654020228_880434ebfae292ef58c6e94f15215e16_4.jpg","type":"image\/jpeg"}],"twitter_card":"summary_large_image","twitter_misc":{"Arvioitu lukuaika":"1 minuutti"},"schema":{"@context":"https:\/\/schema.org","@graph":[{"@type":"WebPage","@id":"https:\/\/www.duunauspalvelutjarvi.fi\/?product=thermacell-saastopakkaus-412","url":"https:\/\/www.duunauspalvelutjarvi.fi\/?product=thermacell-saastopakkaus-412","name":"Thermacell S\u00e4\u00e4st\u00f6pakkaus 4+12 -","isPartOf":{"@id":"https:\/\/www.duunauspalvelutjarvi.fi\/#website"},"primaryImageOfPage":{"@id":"https:\/\/www.duunauspalvelutjarvi.fi\/?product=thermacell-saastopakkaus-412#primaryimage"},"image":{"@id":"https:\/\/www.duunauspalvelutjarvi.fi\/?product=thermacell-saastopakkaus-412#primaryimage"},"thumbnailUrl":"https:\/\/www.duunauspalvelutjarvi.fi\/wp-content\/uploads\/2021\/06\/ThermacellSaastopakkaus412_843654020228_880434ebfae292ef58c6e94f15215e16_4.jpg","datePublished":"2021-06-21T21:26:43+00:00","dateModified":"2024-05-25T16:45:30+00:00","breadcrumb":{"@id":"https:\/\/www.duunauspalvelutjarvi.fi\/?product=thermacell-saastopakkaus-412#breadcrumb"},"inLanguage":"fi","potentialAction":[{"@type":"ReadAction","target":["https:\/\/www.duunauspalvelutjarvi.fi\/?product=thermacell-saastopakkaus-412"]}]},{"@type":"ImageObject","inLanguage":"fi","@id":"https:\/\/www.duunauspalvelutjarvi.fi\/?product=thermacell-saastopakkaus-412#primaryimage","url":"https:\/\/www.duunauspalvelutjarvi.fi\/wp-content\/uploads\/2021\/06\/ThermacellSaastopakkaus412_843654020228_880434ebfae292ef58c6e94f15215e16_4.jpg","contentUrl":"https:\/\/www.duunauspalvelutjarvi.fi\/wp-content\/uploads\/2021\/06\/ThermacellSaastopakkaus412_843654020228_880434ebfae292ef58c6e94f15215e16_4.jpg","width":1508,"height":2000,"caption":"Screenshot"},{"@type":"BreadcrumbList","@id":"https:\/\/www.duunauspalvelutjarvi.fi\/?product=thermacell-saastopakkaus-412#breadcrumb","itemListElement":[{"@type":"ListItem","position":1,"name":"Etusivu","item":"https:\/\/www.duunauspalvelutjarvi.fi\/"},{"@type":"ListItem","position":2,"name":"Etusivu","item":"https:\/\/www.duunauspalvelutjarvi.fi\/"},{"@type":"ListItem","position":3,"name":"Thermacell S\u00e4\u00e4st\u00f6pakkaus 4+12"}]},{"@type":"WebSite","@id":"https:\/\/www.duunauspalvelutjarvi.fi\/#website","url":"https:\/\/www.duunauspalvelutjarvi.fi\/","name":"","description":"","potentialAction":[{"@type":"SearchAction","target":{"@type":"EntryPoint","urlTemplate":"https:\/\/www.duunauspalvelutjarvi.fi\/?s={search_term_string}"},"query-input":{"@type":"PropertyValueSpecification","valueRequired":true,"valueName":"search_term_string"}}],"inLanguage":"fi"}]}},"jetpack_sharing_enabled":true,"_links":{"self":[{"href":"https:\/\/www.duunauspalvelutjarvi.fi\/index.php?rest_route=\/wp\/v2\/product\/7362","targetHints":{"allow":["GET"]}}],"collection":[{"href":"https:\/\/www.duunauspalvelutjarvi.fi\/index.php?rest_route=\/wp\/v2\/product"}],"about":[{"href":"https:\/\/www.duunauspalvelutjarvi.fi\/index.php?rest_route=\/wp\/v2\/types\/product"}],"replies":[{"embeddable":true,"href":"https:\/\/www.duunauspalvelutjarvi.fi\/index.php?rest_route=%2Fwp%2Fv2%2Fcomments&post=7362"}],"wp:featuredmedia":[{"embeddable":true,"href":"https:\/\/www.duunauspalvelutjarvi.fi\/index.php?rest_route=\/wp\/v2\/media\/14870"}],"wp:attachment":[{"href":"https:\/\/www.duunauspalvelutjarvi.fi\/index.php?rest_route=%2Fwp%2Fv2%2Fmedia&parent=7362"}],"wp:term":[{"taxonomy":"product_brand","embeddable":true,"href":"https:\/\/www.duunauspalvelutjarvi.fi\/index.php?rest_route=%2Fwp%2Fv2%2Fproduct_brand&post=7362"},{"taxonomy":"product_cat","embeddable":true,"href":"https:\/\/www.duunauspalvelutjarvi.fi\/index.php?rest_route=%2Fwp%2Fv2%2Fproduct_cat&post=7362"},{"taxonomy":"product_tag","embeddable":true,"href":"https:\/\/www.duunauspalvelutjarvi.fi\/index.php?rest_route=%2Fwp%2Fv2%2Fproduct_tag&post=7362"}],"curies":[{"name":"wp","href":"https:\/\/api.w.org\/{rel}","templated":true}]}}