{"id":7365,"date":"2021-06-22T00:28:51","date_gmt":"2021-06-21T21:28:51","guid":{"rendered":"https:\/\/www.duunauspalvelutjarvi.fi\/?post_type=product&#038;p=7365"},"modified":"2024-05-25T19:44:56","modified_gmt":"2024-05-25T16:44:56","slug":"thermacell-tayttopakkaus-13","status":"publish","type":"product","link":"https:\/\/www.duunauspalvelutjarvi.fi\/?product=thermacell-tayttopakkaus-13","title":{"rendered":"Thermacell T\u00e4ytt\u00f6pakkaus 1+3"},"content":{"rendered":"<p>T\u00e4ytt\u00f6pakkaus Thermacell -hyttystorjuntalaitteeseen.<br \/>\nPakkaus sis\u00e4lt\u00e4\u00e4 kaasus\u00e4ili\u00f6n ja kolme hyttystorjuntamattoa.<br \/>\nRiitt\u00e4\u00e4 8-12 tunnin k\u00e4ytt\u00f6\u00f6n.<br \/>\nT\u00e4ytt\u00f6pakkaus k\u00e4y kannettavaan Thermacelliin, Mini Haloon sek\u00e4 Perimeteriin.<\/p>\n","protected":false},"excerpt":{"rendered":"<p>T\u00e4ytt\u00f6pakkaus Thermacell -hyttystorjuntalaitteeseen. Pakkaus sis\u00e4lt\u00e4\u00e4 kaasus\u00e4ili\u00f6n ja kolme hyttystorjuntamattoa. Riitt\u00e4\u00e4 8-12 tunnin k\u00e4ytt\u00f6\u00f6n. T\u00e4ytt\u00f6pakkaus k\u00e4y kannettavaan Thermacelliin, Mini Haloon sek\u00e4 Perimeteriin.<\/p>\n","protected":false},"featured_media":14868,"comment_status":"open","ping_status":"closed","template":"","meta":[],"product_brand":[],"product_cat":[485],"product_tag":[],"class_list":{"0":"post-7365","1":"product","2":"type-product","3":"status-publish","4":"has-post-thumbnail","6":"product_cat-hyttystorjuntalaitteet","8":"first","9":"instock","10":"taxable","11":"shipping-taxable","12":"purchasable","13":"product-type-simple"},"yoast_head":"<!-- This site is optimized with the Yoast SEO plugin v27.4 - https:\/\/yoast.com\/product\/yoast-seo-wordpress\/ -->\n<title>Thermacell T\u00e4ytt\u00f6pakkaus 1+3 -<\/title>\n<meta name=\"robots\" content=\"index, follow, max-snippet:-1, max-image-preview:large, max-video-preview:-1\" \/>\n<link rel=\"canonical\" href=\"https:\/\/www.duunauspalvelutjarvi.fi\/?product=thermacell-tayttopakkaus-13\" \/>\n<meta property=\"og:locale\" content=\"fi_FI\" \/>\n<meta property=\"og:type\" content=\"article\" \/>\n<meta property=\"og:title\" content=\"Thermacell T\u00e4ytt\u00f6pakkaus 1+3 -\" \/>\n<meta property=\"og:description\" content=\"T\u00e4ytt\u00f6pakkaus Thermacell -hyttystorjuntalaitteeseen. Pakkaus sis\u00e4lt\u00e4\u00e4 kaasus\u00e4ili\u00f6n ja kolme hyttystorjuntamattoa. Riitt\u00e4\u00e4 8-12 tunnin k\u00e4ytt\u00f6\u00f6n. T\u00e4ytt\u00f6pakkaus k\u00e4y kannettavaan Thermacelliin, Mini Haloon sek\u00e4 Perimeteriin.\" \/>\n<meta property=\"og:url\" content=\"https:\/\/www.duunauspalvelutjarvi.fi\/?product=thermacell-tayttopakkaus-13\" \/>\n<meta property=\"article:modified_time\" content=\"2024-05-25T16:44:56+00:00\" \/>\n<meta property=\"og:image\" content=\"https:\/\/www.duunauspalvelutjarvi.fi\/wp-content\/uploads\/2021\/06\/ThermacellTayttopakkaus13_843654020211_f18ec93f4515de3b15cf2e8c5ff0ab7d_4-scaled.jpg\" \/>\n\t<meta property=\"og:image:width\" content=\"1440\" \/>\n\t<meta property=\"og:image:height\" content=\"2560\" \/>\n\t<meta property=\"og:image:type\" content=\"image\/jpeg\" \/>\n<meta name=\"twitter:card\" content=\"summary_large_image\" \/>\n<meta name=\"twitter:label1\" content=\"Arvioitu lukuaika\" \/>\n\t<meta name=\"twitter:data1\" content=\"1 minuutti\" \/>\n<script type=\"application\/ld+json\" class=\"yoast-schema-graph\">{\"@context\":\"https:\\\/\\\/schema.org\",\"@graph\":[{\"@type\":\"WebPage\",\"@id\":\"https:\\\/\\\/www.duunauspalvelutjarvi.fi\\\/?product=thermacell-tayttopakkaus-13\",\"url\":\"https:\\\/\\\/www.duunauspalvelutjarvi.fi\\\/?product=thermacell-tayttopakkaus-13\",\"name\":\"Thermacell T\u00e4ytt\u00f6pakkaus 1+3 -\",\"isPartOf\":{\"@id\":\"https:\\\/\\\/www.duunauspalvelutjarvi.fi\\\/#website\"},\"primaryImageOfPage\":{\"@id\":\"https:\\\/\\\/www.duunauspalvelutjarvi.fi\\\/?product=thermacell-tayttopakkaus-13#primaryimage\"},\"image\":{\"@id\":\"https:\\\/\\\/www.duunauspalvelutjarvi.fi\\\/?product=thermacell-tayttopakkaus-13#primaryimage\"},\"thumbnailUrl\":\"https:\\\/\\\/www.duunauspalvelutjarvi.fi\\\/wp-content\\\/uploads\\\/2021\\\/06\\\/ThermacellTayttopakkaus13_843654020211_f18ec93f4515de3b15cf2e8c5ff0ab7d_4-scaled.jpg\",\"datePublished\":\"2021-06-21T21:28:51+00:00\",\"dateModified\":\"2024-05-25T16:44:56+00:00\",\"breadcrumb\":{\"@id\":\"https:\\\/\\\/www.duunauspalvelutjarvi.fi\\\/?product=thermacell-tayttopakkaus-13#breadcrumb\"},\"inLanguage\":\"fi\",\"potentialAction\":[{\"@type\":\"ReadAction\",\"target\":[\"https:\\\/\\\/www.duunauspalvelutjarvi.fi\\\/?product=thermacell-tayttopakkaus-13\"]}]},{\"@type\":\"ImageObject\",\"inLanguage\":\"fi\",\"@id\":\"https:\\\/\\\/www.duunauspalvelutjarvi.fi\\\/?product=thermacell-tayttopakkaus-13#primaryimage\",\"url\":\"https:\\\/\\\/www.duunauspalvelutjarvi.fi\\\/wp-content\\\/uploads\\\/2021\\\/06\\\/ThermacellTayttopakkaus13_843654020211_f18ec93f4515de3b15cf2e8c5ff0ab7d_4-scaled.jpg\",\"contentUrl\":\"https:\\\/\\\/www.duunauspalvelutjarvi.fi\\\/wp-content\\\/uploads\\\/2021\\\/06\\\/ThermacellTayttopakkaus13_843654020211_f18ec93f4515de3b15cf2e8c5ff0ab7d_4-scaled.jpg\",\"width\":1440,\"height\":2560,\"caption\":\"Screenshot\"},{\"@type\":\"BreadcrumbList\",\"@id\":\"https:\\\/\\\/www.duunauspalvelutjarvi.fi\\\/?product=thermacell-tayttopakkaus-13#breadcrumb\",\"itemListElement\":[{\"@type\":\"ListItem\",\"position\":1,\"name\":\"Etusivu\",\"item\":\"https:\\\/\\\/www.duunauspalvelutjarvi.fi\\\/\"},{\"@type\":\"ListItem\",\"position\":2,\"name\":\"Etusivu\",\"item\":\"https:\\\/\\\/www.duunauspalvelutjarvi.fi\\\/\"},{\"@type\":\"ListItem\",\"position\":3,\"name\":\"Thermacell T\u00e4ytt\u00f6pakkaus 1+3\"}]},{\"@type\":\"WebSite\",\"@id\":\"https:\\\/\\\/www.duunauspalvelutjarvi.fi\\\/#website\",\"url\":\"https:\\\/\\\/www.duunauspalvelutjarvi.fi\\\/\",\"name\":\"\",\"description\":\"\",\"potentialAction\":[{\"@type\":\"SearchAction\",\"target\":{\"@type\":\"EntryPoint\",\"urlTemplate\":\"https:\\\/\\\/www.duunauspalvelutjarvi.fi\\\/?s={search_term_string}\"},\"query-input\":{\"@type\":\"PropertyValueSpecification\",\"valueRequired\":true,\"valueName\":\"search_term_string\"}}],\"inLanguage\":\"fi\"}]}<\/script>\n<!-- \/ Yoast SEO plugin. -->","yoast_head_json":{"title":"Thermacell T\u00e4ytt\u00f6pakkaus 1+3 -","robots":{"index":"index","follow":"follow","max-snippet":"max-snippet:-1","max-image-preview":"max-image-preview:large","max-video-preview":"max-video-preview:-1"},"canonical":"https:\/\/www.duunauspalvelutjarvi.fi\/?product=thermacell-tayttopakkaus-13","og_locale":"fi_FI","og_type":"article","og_title":"Thermacell T\u00e4ytt\u00f6pakkaus 1+3 -","og_description":"T\u00e4ytt\u00f6pakkaus Thermacell -hyttystorjuntalaitteeseen. Pakkaus sis\u00e4lt\u00e4\u00e4 kaasus\u00e4ili\u00f6n ja kolme hyttystorjuntamattoa. Riitt\u00e4\u00e4 8-12 tunnin k\u00e4ytt\u00f6\u00f6n. T\u00e4ytt\u00f6pakkaus k\u00e4y kannettavaan Thermacelliin, Mini Haloon sek\u00e4 Perimeteriin.","og_url":"https:\/\/www.duunauspalvelutjarvi.fi\/?product=thermacell-tayttopakkaus-13","article_modified_time":"2024-05-25T16:44:56+00:00","og_image":[{"width":1440,"height":2560,"url":"https:\/\/www.duunauspalvelutjarvi.fi\/wp-content\/uploads\/2021\/06\/ThermacellTayttopakkaus13_843654020211_f18ec93f4515de3b15cf2e8c5ff0ab7d_4-scaled.jpg","type":"image\/jpeg"}],"twitter_card":"summary_large_image","twitter_misc":{"Arvioitu lukuaika":"1 minuutti"},"schema":{"@context":"https:\/\/schema.org","@graph":[{"@type":"WebPage","@id":"https:\/\/www.duunauspalvelutjarvi.fi\/?product=thermacell-tayttopakkaus-13","url":"https:\/\/www.duunauspalvelutjarvi.fi\/?product=thermacell-tayttopakkaus-13","name":"Thermacell T\u00e4ytt\u00f6pakkaus 1+3 -","isPartOf":{"@id":"https:\/\/www.duunauspalvelutjarvi.fi\/#website"},"primaryImageOfPage":{"@id":"https:\/\/www.duunauspalvelutjarvi.fi\/?product=thermacell-tayttopakkaus-13#primaryimage"},"image":{"@id":"https:\/\/www.duunauspalvelutjarvi.fi\/?product=thermacell-tayttopakkaus-13#primaryimage"},"thumbnailUrl":"https:\/\/www.duunauspalvelutjarvi.fi\/wp-content\/uploads\/2021\/06\/ThermacellTayttopakkaus13_843654020211_f18ec93f4515de3b15cf2e8c5ff0ab7d_4-scaled.jpg","datePublished":"2021-06-21T21:28:51+00:00","dateModified":"2024-05-25T16:44:56+00:00","breadcrumb":{"@id":"https:\/\/www.duunauspalvelutjarvi.fi\/?product=thermacell-tayttopakkaus-13#breadcrumb"},"inLanguage":"fi","potentialAction":[{"@type":"ReadAction","target":["https:\/\/www.duunauspalvelutjarvi.fi\/?product=thermacell-tayttopakkaus-13"]}]},{"@type":"ImageObject","inLanguage":"fi","@id":"https:\/\/www.duunauspalvelutjarvi.fi\/?product=thermacell-tayttopakkaus-13#primaryimage","url":"https:\/\/www.duunauspalvelutjarvi.fi\/wp-content\/uploads\/2021\/06\/ThermacellTayttopakkaus13_843654020211_f18ec93f4515de3b15cf2e8c5ff0ab7d_4-scaled.jpg","contentUrl":"https:\/\/www.duunauspalvelutjarvi.fi\/wp-content\/uploads\/2021\/06\/ThermacellTayttopakkaus13_843654020211_f18ec93f4515de3b15cf2e8c5ff0ab7d_4-scaled.jpg","width":1440,"height":2560,"caption":"Screenshot"},{"@type":"BreadcrumbList","@id":"https:\/\/www.duunauspalvelutjarvi.fi\/?product=thermacell-tayttopakkaus-13#breadcrumb","itemListElement":[{"@type":"ListItem","position":1,"name":"Etusivu","item":"https:\/\/www.duunauspalvelutjarvi.fi\/"},{"@type":"ListItem","position":2,"name":"Etusivu","item":"https:\/\/www.duunauspalvelutjarvi.fi\/"},{"@type":"ListItem","position":3,"name":"Thermacell T\u00e4ytt\u00f6pakkaus 1+3"}]},{"@type":"WebSite","@id":"https:\/\/www.duunauspalvelutjarvi.fi\/#website","url":"https:\/\/www.duunauspalvelutjarvi.fi\/","name":"","description":"","potentialAction":[{"@type":"SearchAction","target":{"@type":"EntryPoint","urlTemplate":"https:\/\/www.duunauspalvelutjarvi.fi\/?s={search_term_string}"},"query-input":{"@type":"PropertyValueSpecification","valueRequired":true,"valueName":"search_term_string"}}],"inLanguage":"fi"}]}},"jetpack_sharing_enabled":true,"_links":{"self":[{"href":"https:\/\/www.duunauspalvelutjarvi.fi\/index.php?rest_route=\/wp\/v2\/product\/7365","targetHints":{"allow":["GET"]}}],"collection":[{"href":"https:\/\/www.duunauspalvelutjarvi.fi\/index.php?rest_route=\/wp\/v2\/product"}],"about":[{"href":"https:\/\/www.duunauspalvelutjarvi.fi\/index.php?rest_route=\/wp\/v2\/types\/product"}],"replies":[{"embeddable":true,"href":"https:\/\/www.duunauspalvelutjarvi.fi\/index.php?rest_route=%2Fwp%2Fv2%2Fcomments&post=7365"}],"wp:featuredmedia":[{"embeddable":true,"href":"https:\/\/www.duunauspalvelutjarvi.fi\/index.php?rest_route=\/wp\/v2\/media\/14868"}],"wp:attachment":[{"href":"https:\/\/www.duunauspalvelutjarvi.fi\/index.php?rest_route=%2Fwp%2Fv2%2Fmedia&parent=7365"}],"wp:term":[{"taxonomy":"product_brand","embeddable":true,"href":"https:\/\/www.duunauspalvelutjarvi.fi\/index.php?rest_route=%2Fwp%2Fv2%2Fproduct_brand&post=7365"},{"taxonomy":"product_cat","embeddable":true,"href":"https:\/\/www.duunauspalvelutjarvi.fi\/index.php?rest_route=%2Fwp%2Fv2%2Fproduct_cat&post=7365"},{"taxonomy":"product_tag","embeddable":true,"href":"https:\/\/www.duunauspalvelutjarvi.fi\/index.php?rest_route=%2Fwp%2Fv2%2Fproduct_tag&post=7365"}],"curies":[{"name":"wp","href":"https:\/\/api.w.org\/{rel}","templated":true}]}}