{"id":7404,"date":"2021-06-22T15:44:58","date_gmt":"2021-06-22T12:44:58","guid":{"rendered":"https:\/\/www.duunauspalvelutjarvi.fi\/?post_type=product&#038;p=7404"},"modified":"2021-06-22T15:46:48","modified_gmt":"2021-06-22T12:46:48","slug":"victron-bluesolar-pwm-lcdusb-12-24v-10a","status":"publish","type":"product","link":"https:\/\/www.duunauspalvelutjarvi.fi\/?product=victron-bluesolar-pwm-lcdusb-12-24v-10a","title":{"rendered":"Victron BlueSolar PWM-LCD&#038;USB 12\/24V 10A"},"content":{"rendered":"<p>N\u00e4ytt\u00e4\u00e4 valvontatiedot ja mahdollistaa asetuksien muuttamisen.<\/p>\n<p>Akun syv\u00e4purkautuminen on mahdollista est\u00e4\u00e4 liitt\u00e4m\u00e4ll\u00e4 kaikki kuormat kuormal\u00e4ht\u00f6\u00f6n.<br \/>\nKuormal\u00e4ht\u00f6 katkaisee virransy\u00f6t\u00f6n mik\u00e4li akku on purkautunut niin paljon, ett\u00e4 akkuj\u00e4nnite putoaa esivalitun j\u00e4nnitetason alapuolelle.<br \/>\nTietyt kuormat (kuten invertterit) on yleens\u00e4 syyt\u00e4 liitt\u00e4\u00e4 suoraan akkuun, jolloin invertterin kaukoohjausliit\u00e4nt\u00e4 voidaan kytke\u00e4 kuormal\u00e4ht\u00f6\u00f6n.<br \/>\nK\u00e4ytt\u00f6ohjeessa on lis\u00e4tietoja liit\u00e4nn\u00e4ss\u00e4 mahdollisesti tarvittavasta erikoiskaapelista. Irtikytkent\u00e4- ja takaisin p\u00e4\u00e4lle -kytkent\u00e4j\u00e4nnitetasot ovat s\u00e4\u00e4dett\u00e4viss\u00e4.<\/p>\n<p>P\u00e4iv\u00e4\/y\u00f6-ajastus kuormal\u00e4hd\u00f6ille. T\u00e4m\u00e4n toiminnon avulla on mahdollista esiohjelmoida kuorman P\u00c4\u00c4LL\u00c4-aika auringonlaskun j\u00e4lkeen.<\/p>\n<p>Ohjelmoitava akun latausalgoritmi. Esiohjelmoidut latausalgoritmit seuraaville akkutyypeille:<br \/>\nAGM, GEL, M\u00e4rk\u00e4 ja LiFePO4 (vain mik\u00e4li LiFePO4akku on varustettu sis\u00e4isell\u00e4 BMS-toiminnolla).<\/p>\n<p>Kaksi 5 V USB-l\u00e4ht\u00f6\u00e4 Maksimivirta (molemmat l\u00e4hd\u00f6t yhteens\u00e4): 2 A<\/p>\n","protected":false},"excerpt":{"rendered":"<p>N\u00e4ytt\u00e4\u00e4 valvontatiedot ja mahdollistaa asetuksien muuttamisen. Akun syv\u00e4purkautuminen on mahdollista est\u00e4\u00e4 liitt\u00e4m\u00e4ll\u00e4 kaikki kuormat kuormal\u00e4ht\u00f6\u00f6n. Kuormal\u00e4ht\u00f6 katkaisee virransy\u00f6t\u00f6n mik\u00e4li akku on purkautunut niin paljon, ett\u00e4 akkuj\u00e4nnite putoaa esivalitun j\u00e4nnitetason alapuolelle. Tietyt kuormat (kuten invertterit) on yleens\u00e4 syyt\u00e4 liitt\u00e4\u00e4 suoraan akkuun, jolloin invertterin kaukoohjausliit\u00e4nt\u00e4 voidaan kytke\u00e4 kuormal\u00e4ht\u00f6\u00f6n. K\u00e4ytt\u00f6ohjeessa on lis\u00e4tietoja liit\u00e4nn\u00e4ss\u00e4 mahdollisesti tarvittavasta erikoiskaapelista. Irtikytkent\u00e4- ja [&hellip;]<\/p>\n","protected":false},"featured_media":0,"comment_status":"open","ping_status":"closed","template":"","meta":[],"product_brand":[],"product_cat":[490],"product_tag":[],"class_list":{"0":"post-7404","1":"product","2":"type-product","3":"status-publish","5":"product_cat-aurinkopaneelisaatimet","7":"first","8":"instock","9":"taxable","10":"shipping-taxable","11":"purchasable","12":"product-type-simple"},"yoast_head":"<!-- This site is optimized with the Yoast SEO plugin v27.5 - https:\/\/yoast.com\/product\/yoast-seo-wordpress\/ -->\n<title>Victron BlueSolar PWM-LCD&amp;USB 12\/24V 10A -<\/title>\n<meta name=\"robots\" content=\"index, follow, max-snippet:-1, max-image-preview:large, max-video-preview:-1\" \/>\n<link rel=\"canonical\" href=\"https:\/\/www.duunauspalvelutjarvi.fi\/?product=victron-bluesolar-pwm-lcdusb-12-24v-10a\" \/>\n<meta property=\"og:locale\" content=\"fi_FI\" \/>\n<meta property=\"og:type\" content=\"article\" \/>\n<meta property=\"og:title\" content=\"Victron BlueSolar PWM-LCD&amp;USB 12\/24V 10A -\" \/>\n<meta property=\"og:description\" content=\"N\u00e4ytt\u00e4\u00e4 valvontatiedot ja mahdollistaa asetuksien muuttamisen. Akun syv\u00e4purkautuminen on mahdollista est\u00e4\u00e4 liitt\u00e4m\u00e4ll\u00e4 kaikki kuormat kuormal\u00e4ht\u00f6\u00f6n. Kuormal\u00e4ht\u00f6 katkaisee virransy\u00f6t\u00f6n mik\u00e4li akku on purkautunut niin paljon, ett\u00e4 akkuj\u00e4nnite putoaa esivalitun j\u00e4nnitetason alapuolelle. Tietyt kuormat (kuten invertterit) on yleens\u00e4 syyt\u00e4 liitt\u00e4\u00e4 suoraan akkuun, jolloin invertterin kaukoohjausliit\u00e4nt\u00e4 voidaan kytke\u00e4 kuormal\u00e4ht\u00f6\u00f6n. K\u00e4ytt\u00f6ohjeessa on lis\u00e4tietoja liit\u00e4nn\u00e4ss\u00e4 mahdollisesti tarvittavasta erikoiskaapelista. Irtikytkent\u00e4- ja [&hellip;]\" \/>\n<meta property=\"og:url\" content=\"https:\/\/www.duunauspalvelutjarvi.fi\/?product=victron-bluesolar-pwm-lcdusb-12-24v-10a\" \/>\n<meta property=\"article:modified_time\" content=\"2021-06-22T12:46:48+00:00\" \/>\n<meta name=\"twitter:card\" content=\"summary_large_image\" \/>\n<meta name=\"twitter:label1\" content=\"Arvioitu lukuaika\" \/>\n\t<meta name=\"twitter:data1\" content=\"1 minuutti\" \/>\n<script type=\"application\/ld+json\" class=\"yoast-schema-graph\">{\"@context\":\"https:\\\/\\\/schema.org\",\"@graph\":[{\"@type\":\"WebPage\",\"@id\":\"https:\\\/\\\/www.duunauspalvelutjarvi.fi\\\/?product=victron-bluesolar-pwm-lcdusb-12-24v-10a\",\"url\":\"https:\\\/\\\/www.duunauspalvelutjarvi.fi\\\/?product=victron-bluesolar-pwm-lcdusb-12-24v-10a\",\"name\":\"Victron BlueSolar PWM-LCD&USB 12\\\/24V 10A -\",\"isPartOf\":{\"@id\":\"https:\\\/\\\/www.duunauspalvelutjarvi.fi\\\/#website\"},\"datePublished\":\"2021-06-22T12:44:58+00:00\",\"dateModified\":\"2021-06-22T12:46:48+00:00\",\"breadcrumb\":{\"@id\":\"https:\\\/\\\/www.duunauspalvelutjarvi.fi\\\/?product=victron-bluesolar-pwm-lcdusb-12-24v-10a#breadcrumb\"},\"inLanguage\":\"fi\",\"potentialAction\":[{\"@type\":\"ReadAction\",\"target\":[\"https:\\\/\\\/www.duunauspalvelutjarvi.fi\\\/?product=victron-bluesolar-pwm-lcdusb-12-24v-10a\"]}]},{\"@type\":\"BreadcrumbList\",\"@id\":\"https:\\\/\\\/www.duunauspalvelutjarvi.fi\\\/?product=victron-bluesolar-pwm-lcdusb-12-24v-10a#breadcrumb\",\"itemListElement\":[{\"@type\":\"ListItem\",\"position\":1,\"name\":\"Etusivu\",\"item\":\"https:\\\/\\\/www.duunauspalvelutjarvi.fi\\\/\"},{\"@type\":\"ListItem\",\"position\":2,\"name\":\"Etusivu\",\"item\":\"https:\\\/\\\/www.duunauspalvelutjarvi.fi\\\/\"},{\"@type\":\"ListItem\",\"position\":3,\"name\":\"Victron BlueSolar PWM-LCD&#038;USB 12\\\/24V 10A\"}]},{\"@type\":\"WebSite\",\"@id\":\"https:\\\/\\\/www.duunauspalvelutjarvi.fi\\\/#website\",\"url\":\"https:\\\/\\\/www.duunauspalvelutjarvi.fi\\\/\",\"name\":\"\",\"description\":\"\",\"potentialAction\":[{\"@type\":\"SearchAction\",\"target\":{\"@type\":\"EntryPoint\",\"urlTemplate\":\"https:\\\/\\\/www.duunauspalvelutjarvi.fi\\\/?s={search_term_string}\"},\"query-input\":{\"@type\":\"PropertyValueSpecification\",\"valueRequired\":true,\"valueName\":\"search_term_string\"}}],\"inLanguage\":\"fi\"}]}<\/script>\n<!-- \/ Yoast SEO plugin. -->","yoast_head_json":{"title":"Victron BlueSolar PWM-LCD&USB 12\/24V 10A -","robots":{"index":"index","follow":"follow","max-snippet":"max-snippet:-1","max-image-preview":"max-image-preview:large","max-video-preview":"max-video-preview:-1"},"canonical":"https:\/\/www.duunauspalvelutjarvi.fi\/?product=victron-bluesolar-pwm-lcdusb-12-24v-10a","og_locale":"fi_FI","og_type":"article","og_title":"Victron BlueSolar PWM-LCD&USB 12\/24V 10A -","og_description":"N\u00e4ytt\u00e4\u00e4 valvontatiedot ja mahdollistaa asetuksien muuttamisen. Akun syv\u00e4purkautuminen on mahdollista est\u00e4\u00e4 liitt\u00e4m\u00e4ll\u00e4 kaikki kuormat kuormal\u00e4ht\u00f6\u00f6n. Kuormal\u00e4ht\u00f6 katkaisee virransy\u00f6t\u00f6n mik\u00e4li akku on purkautunut niin paljon, ett\u00e4 akkuj\u00e4nnite putoaa esivalitun j\u00e4nnitetason alapuolelle. Tietyt kuormat (kuten invertterit) on yleens\u00e4 syyt\u00e4 liitt\u00e4\u00e4 suoraan akkuun, jolloin invertterin kaukoohjausliit\u00e4nt\u00e4 voidaan kytke\u00e4 kuormal\u00e4ht\u00f6\u00f6n. K\u00e4ytt\u00f6ohjeessa on lis\u00e4tietoja liit\u00e4nn\u00e4ss\u00e4 mahdollisesti tarvittavasta erikoiskaapelista. Irtikytkent\u00e4- ja [&hellip;]","og_url":"https:\/\/www.duunauspalvelutjarvi.fi\/?product=victron-bluesolar-pwm-lcdusb-12-24v-10a","article_modified_time":"2021-06-22T12:46:48+00:00","twitter_card":"summary_large_image","twitter_misc":{"Arvioitu lukuaika":"1 minuutti"},"schema":{"@context":"https:\/\/schema.org","@graph":[{"@type":"WebPage","@id":"https:\/\/www.duunauspalvelutjarvi.fi\/?product=victron-bluesolar-pwm-lcdusb-12-24v-10a","url":"https:\/\/www.duunauspalvelutjarvi.fi\/?product=victron-bluesolar-pwm-lcdusb-12-24v-10a","name":"Victron BlueSolar PWM-LCD&USB 12\/24V 10A -","isPartOf":{"@id":"https:\/\/www.duunauspalvelutjarvi.fi\/#website"},"datePublished":"2021-06-22T12:44:58+00:00","dateModified":"2021-06-22T12:46:48+00:00","breadcrumb":{"@id":"https:\/\/www.duunauspalvelutjarvi.fi\/?product=victron-bluesolar-pwm-lcdusb-12-24v-10a#breadcrumb"},"inLanguage":"fi","potentialAction":[{"@type":"ReadAction","target":["https:\/\/www.duunauspalvelutjarvi.fi\/?product=victron-bluesolar-pwm-lcdusb-12-24v-10a"]}]},{"@type":"BreadcrumbList","@id":"https:\/\/www.duunauspalvelutjarvi.fi\/?product=victron-bluesolar-pwm-lcdusb-12-24v-10a#breadcrumb","itemListElement":[{"@type":"ListItem","position":1,"name":"Etusivu","item":"https:\/\/www.duunauspalvelutjarvi.fi\/"},{"@type":"ListItem","position":2,"name":"Etusivu","item":"https:\/\/www.duunauspalvelutjarvi.fi\/"},{"@type":"ListItem","position":3,"name":"Victron BlueSolar PWM-LCD&#038;USB 12\/24V 10A"}]},{"@type":"WebSite","@id":"https:\/\/www.duunauspalvelutjarvi.fi\/#website","url":"https:\/\/www.duunauspalvelutjarvi.fi\/","name":"","description":"","potentialAction":[{"@type":"SearchAction","target":{"@type":"EntryPoint","urlTemplate":"https:\/\/www.duunauspalvelutjarvi.fi\/?s={search_term_string}"},"query-input":{"@type":"PropertyValueSpecification","valueRequired":true,"valueName":"search_term_string"}}],"inLanguage":"fi"}]}},"jetpack_sharing_enabled":true,"_links":{"self":[{"href":"https:\/\/www.duunauspalvelutjarvi.fi\/index.php?rest_route=\/wp\/v2\/product\/7404","targetHints":{"allow":["GET"]}}],"collection":[{"href":"https:\/\/www.duunauspalvelutjarvi.fi\/index.php?rest_route=\/wp\/v2\/product"}],"about":[{"href":"https:\/\/www.duunauspalvelutjarvi.fi\/index.php?rest_route=\/wp\/v2\/types\/product"}],"replies":[{"embeddable":true,"href":"https:\/\/www.duunauspalvelutjarvi.fi\/index.php?rest_route=%2Fwp%2Fv2%2Fcomments&post=7404"}],"wp:attachment":[{"href":"https:\/\/www.duunauspalvelutjarvi.fi\/index.php?rest_route=%2Fwp%2Fv2%2Fmedia&parent=7404"}],"wp:term":[{"taxonomy":"product_brand","embeddable":true,"href":"https:\/\/www.duunauspalvelutjarvi.fi\/index.php?rest_route=%2Fwp%2Fv2%2Fproduct_brand&post=7404"},{"taxonomy":"product_cat","embeddable":true,"href":"https:\/\/www.duunauspalvelutjarvi.fi\/index.php?rest_route=%2Fwp%2Fv2%2Fproduct_cat&post=7404"},{"taxonomy":"product_tag","embeddable":true,"href":"https:\/\/www.duunauspalvelutjarvi.fi\/index.php?rest_route=%2Fwp%2Fv2%2Fproduct_tag&post=7404"}],"curies":[{"name":"wp","href":"https:\/\/api.w.org\/{rel}","templated":true}]}}