{"id":7613,"date":"2021-07-29T11:38:21","date_gmt":"2021-07-29T08:38:21","guid":{"rendered":"https:\/\/www.duunauspalvelutjarvi.fi\/?post_type=product&#038;p=7613"},"modified":"2021-07-29T11:39:34","modified_gmt":"2021-07-29T08:39:34","slug":"zippo-torch-butaani-sisus-1-liekki","status":"publish","type":"product","link":"https:\/\/www.duunauspalvelutjarvi.fi\/?product=zippo-torch-butaani-sisus-1-liekki","title":{"rendered":"Zippo Torch butaani-sisus, 1-liekki"},"content":{"rendered":"<div class=\"row\">\n<div class=\"col-12 col-lg-10\">\n<div class=\"ProductPageContent__description\">\n<div class=\"WysiwygContent\">\n<p>P\u00e4ivit\u00e4t vanhan, perinteisen sytytinbensiinill\u00e4 toimivan, Zipposi helposti nykyaikaiseksi kaasutoimiseksi vaihtamalla normaalikokoiseen Zippo kuoreen Torch -sisukset.<\/p>\n<p>Tekniset tiedot:<\/p>\n<p>&#8211; 1-liekill\u00e4 oleva Torch -sytytin sisus, sopii normaalikokoisen Zippo sytyttimen kuoreen.<br \/>\n&#8211; S\u00e4\u00e4dett\u00e4v\u00e4 liekki<br \/>\n&#8211; Painonappi sytytys<br \/>\n&#8211; Uudelleen t\u00e4ytett\u00e4v\u00e4<br \/>\n&#8211; 2 vuoden takuu<br \/>\n&#8211; Toimitetaan ilman kaasua<\/p>\n<\/div>\n<\/div>\n<\/div>\n<div class=\"ProductPageContent__description-details col-sm-12 col-lg-2\">\n<div>\n<h6>Lis\u00e4tiedot<\/h6>\n<div>\n<div class=\"ProductExtraInfo ProductExtraInfo--single-column\">\n<ul class=\"inline-dot\">\n<li>Tuotekoodi:\u00a01916931258184<\/li>\n<li>EAN: 1916931258184<\/li>\n<li><span class=\"ProductWarranty\">Takuu:\u00a0<span class=\"ProductWarranty__warranty\">2 vuotta<\/span><\/span><\/li>\n<li>Paino:\u00a00.13 kg<\/li>\n<\/ul>\n<\/div>\n<\/div>\n<\/div>\n<\/div>\n<\/div>\n<div class=\"row\"><\/div>\n","protected":false},"excerpt":{"rendered":"<p>P\u00e4ivit\u00e4t vanhan, perinteisen sytytinbensiinill\u00e4 toimivan, Zipposi helposti nykyaikaiseksi kaasutoimiseksi vaihtamalla normaalikokoiseen Zippo kuoreen Torch -sisukset. Tekniset tiedot: &#8211; 1-liekill\u00e4 oleva Torch -sytytin sisus, sopii normaalikokoisen Zippo sytyttimen kuoreen. &#8211; S\u00e4\u00e4dett\u00e4v\u00e4 liekki &#8211; Painonappi sytytys &#8211; Uudelleen t\u00e4ytett\u00e4v\u00e4 &#8211; 2 vuoden takuu &#8211; Toimitetaan ilman kaasua Lis\u00e4tiedot Tuotekoodi:\u00a01916931258184 EAN: 1916931258184 Takuu:\u00a02 vuotta Paino:\u00a00.13 kg<\/p>\n","protected":false},"featured_media":0,"comment_status":"open","ping_status":"closed","template":"","meta":[],"product_brand":[],"product_cat":[493],"product_tag":[],"class_list":{"0":"post-7613","1":"product","2":"type-product","3":"status-publish","5":"product_cat-zippo-sytyttimet-ja-tarvikkeet","7":"first","8":"instock","9":"taxable","10":"shipping-taxable","11":"purchasable","12":"product-type-simple"},"yoast_head":"<!-- This site is optimized with the Yoast SEO plugin v27.4 - https:\/\/yoast.com\/product\/yoast-seo-wordpress\/ -->\n<title>Zippo Torch butaani-sisus, 1-liekki -<\/title>\n<meta name=\"robots\" content=\"index, follow, max-snippet:-1, max-image-preview:large, max-video-preview:-1\" \/>\n<link rel=\"canonical\" href=\"https:\/\/www.duunauspalvelutjarvi.fi\/?product=zippo-torch-butaani-sisus-1-liekki\" \/>\n<meta property=\"og:locale\" content=\"fi_FI\" \/>\n<meta property=\"og:type\" content=\"article\" \/>\n<meta property=\"og:title\" content=\"Zippo Torch butaani-sisus, 1-liekki -\" \/>\n<meta property=\"og:description\" content=\"P\u00e4ivit\u00e4t vanhan, perinteisen sytytinbensiinill\u00e4 toimivan, Zipposi helposti nykyaikaiseksi kaasutoimiseksi vaihtamalla normaalikokoiseen Zippo kuoreen Torch -sisukset. Tekniset tiedot: &#8211; 1-liekill\u00e4 oleva Torch -sytytin sisus, sopii normaalikokoisen Zippo sytyttimen kuoreen. &#8211; S\u00e4\u00e4dett\u00e4v\u00e4 liekki &#8211; Painonappi sytytys &#8211; Uudelleen t\u00e4ytett\u00e4v\u00e4 &#8211; 2 vuoden takuu &#8211; Toimitetaan ilman kaasua Lis\u00e4tiedot Tuotekoodi:\u00a01916931258184 EAN: 1916931258184 Takuu:\u00a02 vuotta Paino:\u00a00.13 kg\" \/>\n<meta property=\"og:url\" content=\"https:\/\/www.duunauspalvelutjarvi.fi\/?product=zippo-torch-butaani-sisus-1-liekki\" \/>\n<meta property=\"article:modified_time\" content=\"2021-07-29T08:39:34+00:00\" \/>\n<meta name=\"twitter:card\" content=\"summary_large_image\" \/>\n<script type=\"application\/ld+json\" class=\"yoast-schema-graph\">{\"@context\":\"https:\\\/\\\/schema.org\",\"@graph\":[{\"@type\":\"WebPage\",\"@id\":\"https:\\\/\\\/www.duunauspalvelutjarvi.fi\\\/?product=zippo-torch-butaani-sisus-1-liekki\",\"url\":\"https:\\\/\\\/www.duunauspalvelutjarvi.fi\\\/?product=zippo-torch-butaani-sisus-1-liekki\",\"name\":\"Zippo Torch butaani-sisus, 1-liekki -\",\"isPartOf\":{\"@id\":\"https:\\\/\\\/www.duunauspalvelutjarvi.fi\\\/#website\"},\"datePublished\":\"2021-07-29T08:38:21+00:00\",\"dateModified\":\"2021-07-29T08:39:34+00:00\",\"breadcrumb\":{\"@id\":\"https:\\\/\\\/www.duunauspalvelutjarvi.fi\\\/?product=zippo-torch-butaani-sisus-1-liekki#breadcrumb\"},\"inLanguage\":\"fi\",\"potentialAction\":[{\"@type\":\"ReadAction\",\"target\":[\"https:\\\/\\\/www.duunauspalvelutjarvi.fi\\\/?product=zippo-torch-butaani-sisus-1-liekki\"]}]},{\"@type\":\"BreadcrumbList\",\"@id\":\"https:\\\/\\\/www.duunauspalvelutjarvi.fi\\\/?product=zippo-torch-butaani-sisus-1-liekki#breadcrumb\",\"itemListElement\":[{\"@type\":\"ListItem\",\"position\":1,\"name\":\"Etusivu\",\"item\":\"https:\\\/\\\/www.duunauspalvelutjarvi.fi\\\/\"},{\"@type\":\"ListItem\",\"position\":2,\"name\":\"Etusivu\",\"item\":\"https:\\\/\\\/www.duunauspalvelutjarvi.fi\\\/\"},{\"@type\":\"ListItem\",\"position\":3,\"name\":\"Zippo Torch butaani-sisus, 1-liekki\"}]},{\"@type\":\"WebSite\",\"@id\":\"https:\\\/\\\/www.duunauspalvelutjarvi.fi\\\/#website\",\"url\":\"https:\\\/\\\/www.duunauspalvelutjarvi.fi\\\/\",\"name\":\"\",\"description\":\"\",\"potentialAction\":[{\"@type\":\"SearchAction\",\"target\":{\"@type\":\"EntryPoint\",\"urlTemplate\":\"https:\\\/\\\/www.duunauspalvelutjarvi.fi\\\/?s={search_term_string}\"},\"query-input\":{\"@type\":\"PropertyValueSpecification\",\"valueRequired\":true,\"valueName\":\"search_term_string\"}}],\"inLanguage\":\"fi\"}]}<\/script>\n<!-- \/ Yoast SEO plugin. -->","yoast_head_json":{"title":"Zippo Torch butaani-sisus, 1-liekki -","robots":{"index":"index","follow":"follow","max-snippet":"max-snippet:-1","max-image-preview":"max-image-preview:large","max-video-preview":"max-video-preview:-1"},"canonical":"https:\/\/www.duunauspalvelutjarvi.fi\/?product=zippo-torch-butaani-sisus-1-liekki","og_locale":"fi_FI","og_type":"article","og_title":"Zippo Torch butaani-sisus, 1-liekki -","og_description":"P\u00e4ivit\u00e4t vanhan, perinteisen sytytinbensiinill\u00e4 toimivan, Zipposi helposti nykyaikaiseksi kaasutoimiseksi vaihtamalla normaalikokoiseen Zippo kuoreen Torch -sisukset. Tekniset tiedot: &#8211; 1-liekill\u00e4 oleva Torch -sytytin sisus, sopii normaalikokoisen Zippo sytyttimen kuoreen. &#8211; S\u00e4\u00e4dett\u00e4v\u00e4 liekki &#8211; Painonappi sytytys &#8211; Uudelleen t\u00e4ytett\u00e4v\u00e4 &#8211; 2 vuoden takuu &#8211; Toimitetaan ilman kaasua Lis\u00e4tiedot Tuotekoodi:\u00a01916931258184 EAN: 1916931258184 Takuu:\u00a02 vuotta Paino:\u00a00.13 kg","og_url":"https:\/\/www.duunauspalvelutjarvi.fi\/?product=zippo-torch-butaani-sisus-1-liekki","article_modified_time":"2021-07-29T08:39:34+00:00","twitter_card":"summary_large_image","schema":{"@context":"https:\/\/schema.org","@graph":[{"@type":"WebPage","@id":"https:\/\/www.duunauspalvelutjarvi.fi\/?product=zippo-torch-butaani-sisus-1-liekki","url":"https:\/\/www.duunauspalvelutjarvi.fi\/?product=zippo-torch-butaani-sisus-1-liekki","name":"Zippo Torch butaani-sisus, 1-liekki -","isPartOf":{"@id":"https:\/\/www.duunauspalvelutjarvi.fi\/#website"},"datePublished":"2021-07-29T08:38:21+00:00","dateModified":"2021-07-29T08:39:34+00:00","breadcrumb":{"@id":"https:\/\/www.duunauspalvelutjarvi.fi\/?product=zippo-torch-butaani-sisus-1-liekki#breadcrumb"},"inLanguage":"fi","potentialAction":[{"@type":"ReadAction","target":["https:\/\/www.duunauspalvelutjarvi.fi\/?product=zippo-torch-butaani-sisus-1-liekki"]}]},{"@type":"BreadcrumbList","@id":"https:\/\/www.duunauspalvelutjarvi.fi\/?product=zippo-torch-butaani-sisus-1-liekki#breadcrumb","itemListElement":[{"@type":"ListItem","position":1,"name":"Etusivu","item":"https:\/\/www.duunauspalvelutjarvi.fi\/"},{"@type":"ListItem","position":2,"name":"Etusivu","item":"https:\/\/www.duunauspalvelutjarvi.fi\/"},{"@type":"ListItem","position":3,"name":"Zippo Torch butaani-sisus, 1-liekki"}]},{"@type":"WebSite","@id":"https:\/\/www.duunauspalvelutjarvi.fi\/#website","url":"https:\/\/www.duunauspalvelutjarvi.fi\/","name":"","description":"","potentialAction":[{"@type":"SearchAction","target":{"@type":"EntryPoint","urlTemplate":"https:\/\/www.duunauspalvelutjarvi.fi\/?s={search_term_string}"},"query-input":{"@type":"PropertyValueSpecification","valueRequired":true,"valueName":"search_term_string"}}],"inLanguage":"fi"}]}},"jetpack_sharing_enabled":true,"_links":{"self":[{"href":"https:\/\/www.duunauspalvelutjarvi.fi\/index.php?rest_route=\/wp\/v2\/product\/7613","targetHints":{"allow":["GET"]}}],"collection":[{"href":"https:\/\/www.duunauspalvelutjarvi.fi\/index.php?rest_route=\/wp\/v2\/product"}],"about":[{"href":"https:\/\/www.duunauspalvelutjarvi.fi\/index.php?rest_route=\/wp\/v2\/types\/product"}],"replies":[{"embeddable":true,"href":"https:\/\/www.duunauspalvelutjarvi.fi\/index.php?rest_route=%2Fwp%2Fv2%2Fcomments&post=7613"}],"wp:attachment":[{"href":"https:\/\/www.duunauspalvelutjarvi.fi\/index.php?rest_route=%2Fwp%2Fv2%2Fmedia&parent=7613"}],"wp:term":[{"taxonomy":"product_brand","embeddable":true,"href":"https:\/\/www.duunauspalvelutjarvi.fi\/index.php?rest_route=%2Fwp%2Fv2%2Fproduct_brand&post=7613"},{"taxonomy":"product_cat","embeddable":true,"href":"https:\/\/www.duunauspalvelutjarvi.fi\/index.php?rest_route=%2Fwp%2Fv2%2Fproduct_cat&post=7613"},{"taxonomy":"product_tag","embeddable":true,"href":"https:\/\/www.duunauspalvelutjarvi.fi\/index.php?rest_route=%2Fwp%2Fv2%2Fproduct_tag&post=7613"}],"curies":[{"name":"wp","href":"https:\/\/api.w.org\/{rel}","templated":true}]}}