{"id":7619,"date":"2021-07-29T11:40:58","date_gmt":"2021-07-29T08:40:58","guid":{"rendered":"https:\/\/www.duunauspalvelutjarvi.fi\/?post_type=product&#038;p=7619"},"modified":"2021-07-29T11:41:53","modified_gmt":"2021-07-29T08:41:53","slug":"zippo-bensasytytin-207g-kultamusta","status":"publish","type":"product","link":"https:\/\/www.duunauspalvelutjarvi.fi\/?product=zippo-bensasytytin-207g-kultamusta","title":{"rendered":"Zippo bensasytytin 207G Kultamusta"},"content":{"rendered":"<p>Zippo on tunnettu sytytinvalmistaja, jonka tuotteet ovat kest\u00e4vi\u00e4 ja muotoilultaan ajattomia.<br \/>\nZippo toimii sek\u00e4 tuulessa ett\u00e4 tuiskussa. Silloin, kun sit\u00e4 tarvitaan.<br \/>\nAidon klik-\u00e4\u00e4nen kuulet vain Ziposta.<\/p>\n","protected":false},"excerpt":{"rendered":"<p>Zippo on tunnettu sytytinvalmistaja, jonka tuotteet ovat kest\u00e4vi\u00e4 ja muotoilultaan ajattomia. Zippo toimii sek\u00e4 tuulessa ett\u00e4 tuiskussa. Silloin, kun sit\u00e4 tarvitaan. Aidon klik-\u00e4\u00e4nen kuulet vain Ziposta.<\/p>\n","protected":false},"featured_media":0,"comment_status":"open","ping_status":"closed","template":"","meta":[],"product_brand":[],"product_cat":[493],"product_tag":[],"class_list":{"0":"post-7619","1":"product","2":"type-product","3":"status-publish","5":"product_cat-zippo-sytyttimet-ja-tarvikkeet","7":"first","8":"instock","9":"taxable","10":"shipping-taxable","11":"purchasable","12":"product-type-simple"},"yoast_head":"<!-- This site is optimized with the Yoast SEO plugin v27.4 - https:\/\/yoast.com\/product\/yoast-seo-wordpress\/ -->\n<title>Zippo bensasytytin 207G Kultamusta -<\/title>\n<meta name=\"robots\" content=\"index, follow, max-snippet:-1, max-image-preview:large, max-video-preview:-1\" \/>\n<link rel=\"canonical\" href=\"https:\/\/www.duunauspalvelutjarvi.fi\/?product=zippo-bensasytytin-207g-kultamusta\" \/>\n<meta property=\"og:locale\" content=\"fi_FI\" \/>\n<meta property=\"og:type\" content=\"article\" \/>\n<meta property=\"og:title\" content=\"Zippo bensasytytin 207G Kultamusta -\" \/>\n<meta property=\"og:description\" content=\"Zippo on tunnettu sytytinvalmistaja, jonka tuotteet ovat kest\u00e4vi\u00e4 ja muotoilultaan ajattomia. Zippo toimii sek\u00e4 tuulessa ett\u00e4 tuiskussa. Silloin, kun sit\u00e4 tarvitaan. Aidon klik-\u00e4\u00e4nen kuulet vain Ziposta.\" \/>\n<meta property=\"og:url\" content=\"https:\/\/www.duunauspalvelutjarvi.fi\/?product=zippo-bensasytytin-207g-kultamusta\" \/>\n<meta property=\"article:modified_time\" content=\"2021-07-29T08:41:53+00:00\" \/>\n<meta name=\"twitter:card\" content=\"summary_large_image\" \/>\n<script type=\"application\/ld+json\" class=\"yoast-schema-graph\">{\"@context\":\"https:\\\/\\\/schema.org\",\"@graph\":[{\"@type\":\"WebPage\",\"@id\":\"https:\\\/\\\/www.duunauspalvelutjarvi.fi\\\/?product=zippo-bensasytytin-207g-kultamusta\",\"url\":\"https:\\\/\\\/www.duunauspalvelutjarvi.fi\\\/?product=zippo-bensasytytin-207g-kultamusta\",\"name\":\"Zippo bensasytytin 207G Kultamusta -\",\"isPartOf\":{\"@id\":\"https:\\\/\\\/www.duunauspalvelutjarvi.fi\\\/#website\"},\"datePublished\":\"2021-07-29T08:40:58+00:00\",\"dateModified\":\"2021-07-29T08:41:53+00:00\",\"breadcrumb\":{\"@id\":\"https:\\\/\\\/www.duunauspalvelutjarvi.fi\\\/?product=zippo-bensasytytin-207g-kultamusta#breadcrumb\"},\"inLanguage\":\"fi\",\"potentialAction\":[{\"@type\":\"ReadAction\",\"target\":[\"https:\\\/\\\/www.duunauspalvelutjarvi.fi\\\/?product=zippo-bensasytytin-207g-kultamusta\"]}]},{\"@type\":\"BreadcrumbList\",\"@id\":\"https:\\\/\\\/www.duunauspalvelutjarvi.fi\\\/?product=zippo-bensasytytin-207g-kultamusta#breadcrumb\",\"itemListElement\":[{\"@type\":\"ListItem\",\"position\":1,\"name\":\"Etusivu\",\"item\":\"https:\\\/\\\/www.duunauspalvelutjarvi.fi\\\/\"},{\"@type\":\"ListItem\",\"position\":2,\"name\":\"Etusivu\",\"item\":\"https:\\\/\\\/www.duunauspalvelutjarvi.fi\\\/\"},{\"@type\":\"ListItem\",\"position\":3,\"name\":\"Zippo bensasytytin 207G Kultamusta\"}]},{\"@type\":\"WebSite\",\"@id\":\"https:\\\/\\\/www.duunauspalvelutjarvi.fi\\\/#website\",\"url\":\"https:\\\/\\\/www.duunauspalvelutjarvi.fi\\\/\",\"name\":\"\",\"description\":\"\",\"potentialAction\":[{\"@type\":\"SearchAction\",\"target\":{\"@type\":\"EntryPoint\",\"urlTemplate\":\"https:\\\/\\\/www.duunauspalvelutjarvi.fi\\\/?s={search_term_string}\"},\"query-input\":{\"@type\":\"PropertyValueSpecification\",\"valueRequired\":true,\"valueName\":\"search_term_string\"}}],\"inLanguage\":\"fi\"}]}<\/script>\n<!-- \/ Yoast SEO plugin. -->","yoast_head_json":{"title":"Zippo bensasytytin 207G Kultamusta -","robots":{"index":"index","follow":"follow","max-snippet":"max-snippet:-1","max-image-preview":"max-image-preview:large","max-video-preview":"max-video-preview:-1"},"canonical":"https:\/\/www.duunauspalvelutjarvi.fi\/?product=zippo-bensasytytin-207g-kultamusta","og_locale":"fi_FI","og_type":"article","og_title":"Zippo bensasytytin 207G Kultamusta -","og_description":"Zippo on tunnettu sytytinvalmistaja, jonka tuotteet ovat kest\u00e4vi\u00e4 ja muotoilultaan ajattomia. Zippo toimii sek\u00e4 tuulessa ett\u00e4 tuiskussa. Silloin, kun sit\u00e4 tarvitaan. Aidon klik-\u00e4\u00e4nen kuulet vain Ziposta.","og_url":"https:\/\/www.duunauspalvelutjarvi.fi\/?product=zippo-bensasytytin-207g-kultamusta","article_modified_time":"2021-07-29T08:41:53+00:00","twitter_card":"summary_large_image","schema":{"@context":"https:\/\/schema.org","@graph":[{"@type":"WebPage","@id":"https:\/\/www.duunauspalvelutjarvi.fi\/?product=zippo-bensasytytin-207g-kultamusta","url":"https:\/\/www.duunauspalvelutjarvi.fi\/?product=zippo-bensasytytin-207g-kultamusta","name":"Zippo bensasytytin 207G Kultamusta -","isPartOf":{"@id":"https:\/\/www.duunauspalvelutjarvi.fi\/#website"},"datePublished":"2021-07-29T08:40:58+00:00","dateModified":"2021-07-29T08:41:53+00:00","breadcrumb":{"@id":"https:\/\/www.duunauspalvelutjarvi.fi\/?product=zippo-bensasytytin-207g-kultamusta#breadcrumb"},"inLanguage":"fi","potentialAction":[{"@type":"ReadAction","target":["https:\/\/www.duunauspalvelutjarvi.fi\/?product=zippo-bensasytytin-207g-kultamusta"]}]},{"@type":"BreadcrumbList","@id":"https:\/\/www.duunauspalvelutjarvi.fi\/?product=zippo-bensasytytin-207g-kultamusta#breadcrumb","itemListElement":[{"@type":"ListItem","position":1,"name":"Etusivu","item":"https:\/\/www.duunauspalvelutjarvi.fi\/"},{"@type":"ListItem","position":2,"name":"Etusivu","item":"https:\/\/www.duunauspalvelutjarvi.fi\/"},{"@type":"ListItem","position":3,"name":"Zippo bensasytytin 207G Kultamusta"}]},{"@type":"WebSite","@id":"https:\/\/www.duunauspalvelutjarvi.fi\/#website","url":"https:\/\/www.duunauspalvelutjarvi.fi\/","name":"","description":"","potentialAction":[{"@type":"SearchAction","target":{"@type":"EntryPoint","urlTemplate":"https:\/\/www.duunauspalvelutjarvi.fi\/?s={search_term_string}"},"query-input":{"@type":"PropertyValueSpecification","valueRequired":true,"valueName":"search_term_string"}}],"inLanguage":"fi"}]}},"jetpack_sharing_enabled":true,"_links":{"self":[{"href":"https:\/\/www.duunauspalvelutjarvi.fi\/index.php?rest_route=\/wp\/v2\/product\/7619","targetHints":{"allow":["GET"]}}],"collection":[{"href":"https:\/\/www.duunauspalvelutjarvi.fi\/index.php?rest_route=\/wp\/v2\/product"}],"about":[{"href":"https:\/\/www.duunauspalvelutjarvi.fi\/index.php?rest_route=\/wp\/v2\/types\/product"}],"replies":[{"embeddable":true,"href":"https:\/\/www.duunauspalvelutjarvi.fi\/index.php?rest_route=%2Fwp%2Fv2%2Fcomments&post=7619"}],"wp:attachment":[{"href":"https:\/\/www.duunauspalvelutjarvi.fi\/index.php?rest_route=%2Fwp%2Fv2%2Fmedia&parent=7619"}],"wp:term":[{"taxonomy":"product_brand","embeddable":true,"href":"https:\/\/www.duunauspalvelutjarvi.fi\/index.php?rest_route=%2Fwp%2Fv2%2Fproduct_brand&post=7619"},{"taxonomy":"product_cat","embeddable":true,"href":"https:\/\/www.duunauspalvelutjarvi.fi\/index.php?rest_route=%2Fwp%2Fv2%2Fproduct_cat&post=7619"},{"taxonomy":"product_tag","embeddable":true,"href":"https:\/\/www.duunauspalvelutjarvi.fi\/index.php?rest_route=%2Fwp%2Fv2%2Fproduct_tag&post=7619"}],"curies":[{"name":"wp","href":"https:\/\/api.w.org\/{rel}","templated":true}]}}