{"id":7632,"date":"2021-07-29T11:57:34","date_gmt":"2021-07-29T08:57:34","guid":{"rendered":"https:\/\/www.duunauspalvelutjarvi.fi\/?post_type=product&#038;p=7632"},"modified":"2021-07-29T11:57:49","modified_gmt":"2021-07-29T08:57:49","slug":"zippo-kadenlammitin","status":"publish","type":"product","link":"https:\/\/www.duunauspalvelutjarvi.fi\/?product=zippo-kadenlammitin","title":{"rendered":"Zippo k\u00e4denl\u00e4mmitin"},"content":{"rendered":"<p>Zippo K\u00e4denl\u00e4mmitin<\/p>\n<p>Zippo-k\u00e4denl\u00e4mmitin toimii bensalla ja sen mukana tulee pussi, jonka voit laittaa vaikka k\u00e4sineen sis\u00e4\u00e4n.<br \/>\nTurvallinen = ei liekki\u00e4.<\/p>\n<p>Tankkaa k\u00e4denl\u00e4mmitin Zippo-bensalla. Yhdell\u00e4 t\u00e4yt\u00f6ll\u00e4, se l\u00e4mmitt\u00e4\u00e4 noin 12 tuntia.<br \/>\nL\u00e4mm\u00f6n saa aikaan sytytt\u00e4misen j\u00e4lkeen katalyyttinen prosessi ilman liekki\u00e4, joten k\u00e4denl\u00e4mmitin on turvallinen k\u00e4ytt\u00e4\u00e4.<\/p>\n<p>T\u00e4ytt\u00e4misohje:<br \/>\nIrrota k\u00e4denl\u00e4mmittimen kansi ja irrota sitten katalyyttipoltin rungosta pit\u00e4en sit\u00e4 pituussuunnassa.<br \/>\nKaada Zippo-polttoainetta t\u00e4ytt\u00f6kannuun, \u00e4l\u00e4 l\u00e4ikyt\u00e4.<br \/>\nT\u00e4yt\u00e4 t\u00e4ytt\u00f6astia alempaan viivaan (n. 6 h l\u00e4mmityst\u00e4), tai ylemp\u00e4\u00e4n (n. 12 h).<br \/>\n\u00c4l\u00e4 t\u00e4yt\u00e4 liikaa.<br \/>\nEnsimm\u00e4isell\u00e4 k\u00e4ytt\u00f6kerralla t\u00e4yt\u00e4 Zippo-k\u00e4denl\u00e4mmitin kahdella (2) t\u00e4ytt\u00f6astiallisella polttoainetta.<br \/>\nKaada t\u00e4ytt\u00f6kannun sis\u00e4lt\u00f6 katalyyttipolttimen aukkoon.<br \/>\nPyyhi huolellisesti kaikki ylivalunut polttoaine l\u00e4mmittimen pinnoilta ja anna ylim\u00e4\u00e4r\u00e4isen polttoaineen haihtua.<br \/>\nAseta lopuksi katalyyttipoltin varovasti paikoilleen.<br \/>\nEnnen sytytt\u00e4mist\u00e4 varmista ettei polttoainetta ole l\u00e4ikkynyt ymp\u00e4rist\u00f6\u00f6n.<\/p>\n<p>Sytytysohje:<br \/>\nPid\u00e4 toisella k\u00e4dell\u00e4 tukevasti l\u00e4mmittimen rungosta kiinni kannen ollessa irti, ja ja aseta toisella k\u00e4dell\u00e4<br \/>\nliekki katalyyttipolttimeen 3\u00965 sekunnin ajaksi.<br \/>\nK\u00e4yt\u00e4 esimerkiksi Zippo sytytint\u00e4.<br \/>\nPid\u00e4 k\u00e4det ja vaatteet pois liekist\u00e4.<br \/>\nAseta kansi takaisin paikoilleen ja pane k\u00e4denl\u00e4mmitin mukana tulleeseen pussiin.<br \/>\nL\u00e4mmityst\u00e4 ei voi keskeytt\u00e4\u00e4 sytytt\u00e4misen j\u00e4lkeen.<br \/>\nMik\u00e4li et halua jatkaa l\u00e4mmityst\u00e4, aseta k\u00e4denl\u00e4mmitin pussissaan palamattomalle alustalle ja anna olla kunnes<br \/>\npolttoaine on palanut loppuun ja l\u00e4mmitin on j\u00e4\u00e4htynyt.<\/p>\n<p>K\u00e4yt\u00e4 Zippo-k\u00e4denl\u00e4mmitint\u00e4 vain mukana tulevan pussin sis\u00e4ll\u00e4.<br \/>\nJos k\u00e4denl\u00e4mmitin poistetaan pussista k\u00e4yt\u00f6n aikana, se voi aiheuttaa palovammoja paljaalle iholle.<br \/>\n\u00c4l\u00e4 ota k\u00e4denl\u00e4mmitint\u00e4 pois pussista tai kosketa poltinta l\u00e4mmittimen ollessa toiminnassa.<\/p>\n","protected":false},"excerpt":{"rendered":"<p>Zippo K\u00e4denl\u00e4mmitin Zippo-k\u00e4denl\u00e4mmitin toimii bensalla ja sen mukana tulee pussi, jonka voit laittaa vaikka k\u00e4sineen sis\u00e4\u00e4n. Turvallinen = ei liekki\u00e4. Tankkaa k\u00e4denl\u00e4mmitin Zippo-bensalla. Yhdell\u00e4 t\u00e4yt\u00f6ll\u00e4, se l\u00e4mmitt\u00e4\u00e4 noin 12 tuntia. L\u00e4mm\u00f6n saa aikaan sytytt\u00e4misen j\u00e4lkeen katalyyttinen prosessi ilman liekki\u00e4, joten k\u00e4denl\u00e4mmitin on turvallinen k\u00e4ytt\u00e4\u00e4. T\u00e4ytt\u00e4misohje: Irrota k\u00e4denl\u00e4mmittimen kansi ja irrota sitten katalyyttipoltin rungosta pit\u00e4en sit\u00e4 [&hellip;]<\/p>\n","protected":false},"featured_media":0,"comment_status":"open","ping_status":"closed","template":"","meta":[],"product_brand":[],"product_cat":[493],"product_tag":[],"class_list":{"0":"post-7632","1":"product","2":"type-product","3":"status-publish","5":"product_cat-zippo-sytyttimet-ja-tarvikkeet","7":"first","8":"instock","9":"taxable","10":"shipping-taxable","11":"purchasable","12":"product-type-simple"},"yoast_head":"<!-- This site is optimized with the Yoast SEO plugin v27.5 - https:\/\/yoast.com\/product\/yoast-seo-wordpress\/ -->\n<title>Zippo k\u00e4denl\u00e4mmitin -<\/title>\n<meta name=\"robots\" content=\"index, follow, max-snippet:-1, max-image-preview:large, max-video-preview:-1\" \/>\n<link rel=\"canonical\" href=\"https:\/\/www.duunauspalvelutjarvi.fi\/?product=zippo-kadenlammitin\" \/>\n<meta property=\"og:locale\" content=\"fi_FI\" \/>\n<meta property=\"og:type\" content=\"article\" \/>\n<meta property=\"og:title\" content=\"Zippo k\u00e4denl\u00e4mmitin -\" \/>\n<meta property=\"og:description\" content=\"Zippo K\u00e4denl\u00e4mmitin Zippo-k\u00e4denl\u00e4mmitin toimii bensalla ja sen mukana tulee pussi, jonka voit laittaa vaikka k\u00e4sineen sis\u00e4\u00e4n. Turvallinen = ei liekki\u00e4. Tankkaa k\u00e4denl\u00e4mmitin Zippo-bensalla. Yhdell\u00e4 t\u00e4yt\u00f6ll\u00e4, se l\u00e4mmitt\u00e4\u00e4 noin 12 tuntia. L\u00e4mm\u00f6n saa aikaan sytytt\u00e4misen j\u00e4lkeen katalyyttinen prosessi ilman liekki\u00e4, joten k\u00e4denl\u00e4mmitin on turvallinen k\u00e4ytt\u00e4\u00e4. T\u00e4ytt\u00e4misohje: Irrota k\u00e4denl\u00e4mmittimen kansi ja irrota sitten katalyyttipoltin rungosta pit\u00e4en sit\u00e4 [&hellip;]\" \/>\n<meta property=\"og:url\" content=\"https:\/\/www.duunauspalvelutjarvi.fi\/?product=zippo-kadenlammitin\" \/>\n<meta property=\"article:modified_time\" content=\"2021-07-29T08:57:49+00:00\" \/>\n<meta name=\"twitter:card\" content=\"summary_large_image\" \/>\n<meta name=\"twitter:label1\" content=\"Arvioitu lukuaika\" \/>\n\t<meta name=\"twitter:data1\" content=\"1 minuutti\" \/>\n<script type=\"application\/ld+json\" class=\"yoast-schema-graph\">{\"@context\":\"https:\\\/\\\/schema.org\",\"@graph\":[{\"@type\":\"WebPage\",\"@id\":\"https:\\\/\\\/www.duunauspalvelutjarvi.fi\\\/?product=zippo-kadenlammitin\",\"url\":\"https:\\\/\\\/www.duunauspalvelutjarvi.fi\\\/?product=zippo-kadenlammitin\",\"name\":\"Zippo k\u00e4denl\u00e4mmitin -\",\"isPartOf\":{\"@id\":\"https:\\\/\\\/www.duunauspalvelutjarvi.fi\\\/#website\"},\"datePublished\":\"2021-07-29T08:57:34+00:00\",\"dateModified\":\"2021-07-29T08:57:49+00:00\",\"breadcrumb\":{\"@id\":\"https:\\\/\\\/www.duunauspalvelutjarvi.fi\\\/?product=zippo-kadenlammitin#breadcrumb\"},\"inLanguage\":\"fi\",\"potentialAction\":[{\"@type\":\"ReadAction\",\"target\":[\"https:\\\/\\\/www.duunauspalvelutjarvi.fi\\\/?product=zippo-kadenlammitin\"]}]},{\"@type\":\"BreadcrumbList\",\"@id\":\"https:\\\/\\\/www.duunauspalvelutjarvi.fi\\\/?product=zippo-kadenlammitin#breadcrumb\",\"itemListElement\":[{\"@type\":\"ListItem\",\"position\":1,\"name\":\"Etusivu\",\"item\":\"https:\\\/\\\/www.duunauspalvelutjarvi.fi\\\/\"},{\"@type\":\"ListItem\",\"position\":2,\"name\":\"Etusivu\",\"item\":\"https:\\\/\\\/www.duunauspalvelutjarvi.fi\\\/\"},{\"@type\":\"ListItem\",\"position\":3,\"name\":\"Zippo k\u00e4denl\u00e4mmitin\"}]},{\"@type\":\"WebSite\",\"@id\":\"https:\\\/\\\/www.duunauspalvelutjarvi.fi\\\/#website\",\"url\":\"https:\\\/\\\/www.duunauspalvelutjarvi.fi\\\/\",\"name\":\"\",\"description\":\"\",\"potentialAction\":[{\"@type\":\"SearchAction\",\"target\":{\"@type\":\"EntryPoint\",\"urlTemplate\":\"https:\\\/\\\/www.duunauspalvelutjarvi.fi\\\/?s={search_term_string}\"},\"query-input\":{\"@type\":\"PropertyValueSpecification\",\"valueRequired\":true,\"valueName\":\"search_term_string\"}}],\"inLanguage\":\"fi\"}]}<\/script>\n<!-- \/ Yoast SEO plugin. -->","yoast_head_json":{"title":"Zippo k\u00e4denl\u00e4mmitin -","robots":{"index":"index","follow":"follow","max-snippet":"max-snippet:-1","max-image-preview":"max-image-preview:large","max-video-preview":"max-video-preview:-1"},"canonical":"https:\/\/www.duunauspalvelutjarvi.fi\/?product=zippo-kadenlammitin","og_locale":"fi_FI","og_type":"article","og_title":"Zippo k\u00e4denl\u00e4mmitin -","og_description":"Zippo K\u00e4denl\u00e4mmitin Zippo-k\u00e4denl\u00e4mmitin toimii bensalla ja sen mukana tulee pussi, jonka voit laittaa vaikka k\u00e4sineen sis\u00e4\u00e4n. Turvallinen = ei liekki\u00e4. Tankkaa k\u00e4denl\u00e4mmitin Zippo-bensalla. Yhdell\u00e4 t\u00e4yt\u00f6ll\u00e4, se l\u00e4mmitt\u00e4\u00e4 noin 12 tuntia. L\u00e4mm\u00f6n saa aikaan sytytt\u00e4misen j\u00e4lkeen katalyyttinen prosessi ilman liekki\u00e4, joten k\u00e4denl\u00e4mmitin on turvallinen k\u00e4ytt\u00e4\u00e4. T\u00e4ytt\u00e4misohje: Irrota k\u00e4denl\u00e4mmittimen kansi ja irrota sitten katalyyttipoltin rungosta pit\u00e4en sit\u00e4 [&hellip;]","og_url":"https:\/\/www.duunauspalvelutjarvi.fi\/?product=zippo-kadenlammitin","article_modified_time":"2021-07-29T08:57:49+00:00","twitter_card":"summary_large_image","twitter_misc":{"Arvioitu lukuaika":"1 minuutti"},"schema":{"@context":"https:\/\/schema.org","@graph":[{"@type":"WebPage","@id":"https:\/\/www.duunauspalvelutjarvi.fi\/?product=zippo-kadenlammitin","url":"https:\/\/www.duunauspalvelutjarvi.fi\/?product=zippo-kadenlammitin","name":"Zippo k\u00e4denl\u00e4mmitin -","isPartOf":{"@id":"https:\/\/www.duunauspalvelutjarvi.fi\/#website"},"datePublished":"2021-07-29T08:57:34+00:00","dateModified":"2021-07-29T08:57:49+00:00","breadcrumb":{"@id":"https:\/\/www.duunauspalvelutjarvi.fi\/?product=zippo-kadenlammitin#breadcrumb"},"inLanguage":"fi","potentialAction":[{"@type":"ReadAction","target":["https:\/\/www.duunauspalvelutjarvi.fi\/?product=zippo-kadenlammitin"]}]},{"@type":"BreadcrumbList","@id":"https:\/\/www.duunauspalvelutjarvi.fi\/?product=zippo-kadenlammitin#breadcrumb","itemListElement":[{"@type":"ListItem","position":1,"name":"Etusivu","item":"https:\/\/www.duunauspalvelutjarvi.fi\/"},{"@type":"ListItem","position":2,"name":"Etusivu","item":"https:\/\/www.duunauspalvelutjarvi.fi\/"},{"@type":"ListItem","position":3,"name":"Zippo k\u00e4denl\u00e4mmitin"}]},{"@type":"WebSite","@id":"https:\/\/www.duunauspalvelutjarvi.fi\/#website","url":"https:\/\/www.duunauspalvelutjarvi.fi\/","name":"","description":"","potentialAction":[{"@type":"SearchAction","target":{"@type":"EntryPoint","urlTemplate":"https:\/\/www.duunauspalvelutjarvi.fi\/?s={search_term_string}"},"query-input":{"@type":"PropertyValueSpecification","valueRequired":true,"valueName":"search_term_string"}}],"inLanguage":"fi"}]}},"jetpack_sharing_enabled":true,"_links":{"self":[{"href":"https:\/\/www.duunauspalvelutjarvi.fi\/index.php?rest_route=\/wp\/v2\/product\/7632","targetHints":{"allow":["GET"]}}],"collection":[{"href":"https:\/\/www.duunauspalvelutjarvi.fi\/index.php?rest_route=\/wp\/v2\/product"}],"about":[{"href":"https:\/\/www.duunauspalvelutjarvi.fi\/index.php?rest_route=\/wp\/v2\/types\/product"}],"replies":[{"embeddable":true,"href":"https:\/\/www.duunauspalvelutjarvi.fi\/index.php?rest_route=%2Fwp%2Fv2%2Fcomments&post=7632"}],"wp:attachment":[{"href":"https:\/\/www.duunauspalvelutjarvi.fi\/index.php?rest_route=%2Fwp%2Fv2%2Fmedia&parent=7632"}],"wp:term":[{"taxonomy":"product_brand","embeddable":true,"href":"https:\/\/www.duunauspalvelutjarvi.fi\/index.php?rest_route=%2Fwp%2Fv2%2Fproduct_brand&post=7632"},{"taxonomy":"product_cat","embeddable":true,"href":"https:\/\/www.duunauspalvelutjarvi.fi\/index.php?rest_route=%2Fwp%2Fv2%2Fproduct_cat&post=7632"},{"taxonomy":"product_tag","embeddable":true,"href":"https:\/\/www.duunauspalvelutjarvi.fi\/index.php?rest_route=%2Fwp%2Fv2%2Fproduct_tag&post=7632"}],"curies":[{"name":"wp","href":"https:\/\/api.w.org\/{rel}","templated":true}]}}