{"id":7649,"date":"2021-07-29T12:13:27","date_gmt":"2021-07-29T09:13:27","guid":{"rendered":"https:\/\/www.duunauspalvelutjarvi.fi\/?post_type=product&#038;p=7649"},"modified":"2021-07-29T12:37:20","modified_gmt":"2021-07-29T09:37:20","slug":"kaari-roihu-x2-plasmasytytin-kameleontti","status":"publish","type":"product","link":"https:\/\/www.duunauspalvelutjarvi.fi\/?product=kaari-roihu-x2-plasmasytytin-kameleontti","title":{"rendered":"Kaari Roihu X2 plasmasytytin kameleontti"},"content":{"rendered":"<p><b>Kaari Roihu X2 \u2013 Sytyt\u00e4 tyylill\u00e4, tehokkaammin<\/b><\/p>\n<p>Metallikuorinen ja hyvin suojattu plasmasytytin toimii luotettavasti tuulesta ja sateesta huolimatta. Lis\u00e4ksi se on koristeellinen k\u00e4ytt\u00f6esine, joka henkii arvokkuutta ja tyylitajua k\u00e4ytt\u00e4j\u00e4st\u00e4\u00e4n. Suomessa suunnitellut ja tyylikk\u00e4\u00e4t Kaari Roihu X2 -taskusytyttimet kiinnitt\u00e4v\u00e4t huomiota kaikissa tilanteissa ja sopivat erityisesti koti- ja kaupunkik\u00e4ytt\u00f6\u00f6n.<\/p>\n<p><b>Helposti ja nopeasti ladattava<\/b><\/p>\n<p>Kaari Roihu X2 -plasmasytyttimell\u00e4 voi sytytt\u00e4\u00e4 tulen jopa 120 kertaa yhdell\u00e4 latauksella. Sen j\u00e4lkeen sis\u00e4isen akun voi ladata mikro-USB-liit\u00e4nn\u00e4n ja mukana tulevan USB-kaapelin avulla. Sytytin ei tarvitse haitallisia sytytysnesteit\u00e4, vaan sen voi ladata s\u00e4hk\u00f6ll\u00e4 \u00e4lypuhelinten latureilla, tietokoneilla tai varavirtal\u00e4hteill\u00e4. N\u00e4in helppoa ja ekologista ei sytyttimen t\u00e4ytt\u00f6 ole ennen ollut.<\/p>\n<p><b>Tuulessa sammumaton<\/b><\/p>\n<p>Plasmasytyttimess\u00e4 ei ole tuulessa tai sateessa helposti sammuvaa liekki\u00e4. Sen sijaan sytytin muodostaa s\u00e4hk\u00f6virralla 1100-asteisen kaksoisplasmakaaren, joka kest\u00e4\u00e4 tuulenpuuskat, sateet ja pakkasviimat vaivatta. Kaari Roihu X2 tarjoaa ainutlaatuisen s\u00e4\u00e4nkest\u00e4v\u00e4n sytytysratkaisun kaikenlaisiin tarpeisiin tilanteesta ja s\u00e4\u00e4oloista riippumatta.<\/p>\n<p><b>T\u00e4ysmetallikuori<\/b><\/p>\n<p>Kaari Roihu X2 on metallikuorinen taskusytytin, joka on k\u00e4yt\u00e4nn\u00f6llinen ty\u00f6kalu ja tyylik\u00e4s arvoesine. Sytyttimen elinik\u00e4 mitataan vuosissa eik\u00e4 se siksi kuormita luontoa perinteisen kertak\u00e4ytt\u00f6isen sytyttimen tavoin. Upea Kaari Roihu X voikin siirty\u00e4 perint\u00f6n\u00e4 is\u00e4lt\u00e4 pojalle tai hy\u00f6dykkeen\u00e4 kodista toiseen.<\/p>\n<p><b>Merkkivalot kertovat lataustarpeen<\/b><\/p>\n<p>Kaari Roihu X2 -taskusytyttimess\u00e4 on k\u00e4tev\u00e4t merkkivalot, joista n\u00e4kee nopeasti sytyttimen akun lataustarpeen. Yhdell\u00e4 latauksella sytytint\u00e4 voi k\u00e4ytt\u00e4\u00e4 jopa 120 sytytykseen.<\/p>\n<p><b>Tuotepakkauksen sis\u00e4lt\u00f6<\/b><\/p>\n<ul>\n<li>Plasmasytytin (mitat: 73 x 36 x 13 mm)<\/li>\n<li>Sis\u00e4inen litiumpolymeeriakku (430 mAh)<\/li>\n<li>Mikro-USB-kaapeli<\/li>\n<li>K\u00e4ytt\u00f6ohje (suomi, ruotsi ja englanti)<\/li>\n<li>CE-, ROHS-, MSDS- ja UN38.3-sertifiointi<\/li>\n<li>12 kuukauden tuotetakuu<\/li>\n<\/ul>\n<p>&nbsp;<\/p>\n","protected":false},"excerpt":{"rendered":"<p>Kaari Roihu X2 \u2013 Sytyt\u00e4 tyylill\u00e4, tehokkaammin Metallikuorinen ja hyvin suojattu plasmasytytin toimii luotettavasti tuulesta ja sateesta huolimatta. Lis\u00e4ksi se on koristeellinen k\u00e4ytt\u00f6esine, joka henkii arvokkuutta ja tyylitajua k\u00e4ytt\u00e4j\u00e4st\u00e4\u00e4n. Suomessa suunnitellut ja tyylikk\u00e4\u00e4t Kaari Roihu X2 -taskusytyttimet kiinnitt\u00e4v\u00e4t huomiota kaikissa tilanteissa ja sopivat erityisesti koti- ja kaupunkik\u00e4ytt\u00f6\u00f6n. Helposti ja nopeasti ladattava Kaari Roihu X2 -plasmasytyttimell\u00e4 [&hellip;]<\/p>\n","protected":false},"featured_media":0,"comment_status":"open","ping_status":"closed","template":"","meta":[],"product_brand":[],"product_cat":[494],"product_tag":[],"class_list":{"0":"post-7649","1":"product","2":"type-product","3":"status-publish","5":"product_cat-kaari-plasmasytyttimet","7":"first","8":"instock","9":"taxable","10":"shipping-taxable","11":"purchasable","12":"product-type-simple"},"yoast_head":"<!-- This site is optimized with the Yoast SEO plugin v27.4 - https:\/\/yoast.com\/product\/yoast-seo-wordpress\/ -->\n<title>Kaari Roihu X2 plasmasytytin kameleontti -<\/title>\n<meta name=\"robots\" content=\"index, follow, max-snippet:-1, max-image-preview:large, max-video-preview:-1\" \/>\n<link rel=\"canonical\" href=\"https:\/\/www.duunauspalvelutjarvi.fi\/?product=kaari-roihu-x2-plasmasytytin-kameleontti\" \/>\n<meta property=\"og:locale\" content=\"fi_FI\" \/>\n<meta property=\"og:type\" content=\"article\" \/>\n<meta property=\"og:title\" content=\"Kaari Roihu X2 plasmasytytin kameleontti -\" \/>\n<meta property=\"og:description\" content=\"Kaari Roihu X2 \u2013 Sytyt\u00e4 tyylill\u00e4, tehokkaammin Metallikuorinen ja hyvin suojattu plasmasytytin toimii luotettavasti tuulesta ja sateesta huolimatta. Lis\u00e4ksi se on koristeellinen k\u00e4ytt\u00f6esine, joka henkii arvokkuutta ja tyylitajua k\u00e4ytt\u00e4j\u00e4st\u00e4\u00e4n. Suomessa suunnitellut ja tyylikk\u00e4\u00e4t Kaari Roihu X2 -taskusytyttimet kiinnitt\u00e4v\u00e4t huomiota kaikissa tilanteissa ja sopivat erityisesti koti- ja kaupunkik\u00e4ytt\u00f6\u00f6n. Helposti ja nopeasti ladattava Kaari Roihu X2 -plasmasytyttimell\u00e4 [&hellip;]\" \/>\n<meta property=\"og:url\" content=\"https:\/\/www.duunauspalvelutjarvi.fi\/?product=kaari-roihu-x2-plasmasytytin-kameleontti\" \/>\n<meta property=\"article:modified_time\" content=\"2021-07-29T09:37:20+00:00\" \/>\n<meta name=\"twitter:card\" content=\"summary_large_image\" \/>\n<meta name=\"twitter:label1\" content=\"Arvioitu lukuaika\" \/>\n\t<meta name=\"twitter:data1\" content=\"1 minuutti\" \/>\n<script type=\"application\/ld+json\" class=\"yoast-schema-graph\">{\"@context\":\"https:\\\/\\\/schema.org\",\"@graph\":[{\"@type\":\"WebPage\",\"@id\":\"https:\\\/\\\/www.duunauspalvelutjarvi.fi\\\/?product=kaari-roihu-x2-plasmasytytin-kameleontti\",\"url\":\"https:\\\/\\\/www.duunauspalvelutjarvi.fi\\\/?product=kaari-roihu-x2-plasmasytytin-kameleontti\",\"name\":\"Kaari Roihu X2 plasmasytytin kameleontti -\",\"isPartOf\":{\"@id\":\"https:\\\/\\\/www.duunauspalvelutjarvi.fi\\\/#website\"},\"datePublished\":\"2021-07-29T09:13:27+00:00\",\"dateModified\":\"2021-07-29T09:37:20+00:00\",\"breadcrumb\":{\"@id\":\"https:\\\/\\\/www.duunauspalvelutjarvi.fi\\\/?product=kaari-roihu-x2-plasmasytytin-kameleontti#breadcrumb\"},\"inLanguage\":\"fi\",\"potentialAction\":[{\"@type\":\"ReadAction\",\"target\":[\"https:\\\/\\\/www.duunauspalvelutjarvi.fi\\\/?product=kaari-roihu-x2-plasmasytytin-kameleontti\"]}]},{\"@type\":\"BreadcrumbList\",\"@id\":\"https:\\\/\\\/www.duunauspalvelutjarvi.fi\\\/?product=kaari-roihu-x2-plasmasytytin-kameleontti#breadcrumb\",\"itemListElement\":[{\"@type\":\"ListItem\",\"position\":1,\"name\":\"Etusivu\",\"item\":\"https:\\\/\\\/www.duunauspalvelutjarvi.fi\\\/\"},{\"@type\":\"ListItem\",\"position\":2,\"name\":\"Etusivu\",\"item\":\"https:\\\/\\\/www.duunauspalvelutjarvi.fi\\\/\"},{\"@type\":\"ListItem\",\"position\":3,\"name\":\"Kaari Roihu X2 plasmasytytin kameleontti\"}]},{\"@type\":\"WebSite\",\"@id\":\"https:\\\/\\\/www.duunauspalvelutjarvi.fi\\\/#website\",\"url\":\"https:\\\/\\\/www.duunauspalvelutjarvi.fi\\\/\",\"name\":\"\",\"description\":\"\",\"potentialAction\":[{\"@type\":\"SearchAction\",\"target\":{\"@type\":\"EntryPoint\",\"urlTemplate\":\"https:\\\/\\\/www.duunauspalvelutjarvi.fi\\\/?s={search_term_string}\"},\"query-input\":{\"@type\":\"PropertyValueSpecification\",\"valueRequired\":true,\"valueName\":\"search_term_string\"}}],\"inLanguage\":\"fi\"}]}<\/script>\n<!-- \/ Yoast SEO plugin. -->","yoast_head_json":{"title":"Kaari Roihu X2 plasmasytytin kameleontti -","robots":{"index":"index","follow":"follow","max-snippet":"max-snippet:-1","max-image-preview":"max-image-preview:large","max-video-preview":"max-video-preview:-1"},"canonical":"https:\/\/www.duunauspalvelutjarvi.fi\/?product=kaari-roihu-x2-plasmasytytin-kameleontti","og_locale":"fi_FI","og_type":"article","og_title":"Kaari Roihu X2 plasmasytytin kameleontti -","og_description":"Kaari Roihu X2 \u2013 Sytyt\u00e4 tyylill\u00e4, tehokkaammin Metallikuorinen ja hyvin suojattu plasmasytytin toimii luotettavasti tuulesta ja sateesta huolimatta. Lis\u00e4ksi se on koristeellinen k\u00e4ytt\u00f6esine, joka henkii arvokkuutta ja tyylitajua k\u00e4ytt\u00e4j\u00e4st\u00e4\u00e4n. Suomessa suunnitellut ja tyylikk\u00e4\u00e4t Kaari Roihu X2 -taskusytyttimet kiinnitt\u00e4v\u00e4t huomiota kaikissa tilanteissa ja sopivat erityisesti koti- ja kaupunkik\u00e4ytt\u00f6\u00f6n. Helposti ja nopeasti ladattava Kaari Roihu X2 -plasmasytyttimell\u00e4 [&hellip;]","og_url":"https:\/\/www.duunauspalvelutjarvi.fi\/?product=kaari-roihu-x2-plasmasytytin-kameleontti","article_modified_time":"2021-07-29T09:37:20+00:00","twitter_card":"summary_large_image","twitter_misc":{"Arvioitu lukuaika":"1 minuutti"},"schema":{"@context":"https:\/\/schema.org","@graph":[{"@type":"WebPage","@id":"https:\/\/www.duunauspalvelutjarvi.fi\/?product=kaari-roihu-x2-plasmasytytin-kameleontti","url":"https:\/\/www.duunauspalvelutjarvi.fi\/?product=kaari-roihu-x2-plasmasytytin-kameleontti","name":"Kaari Roihu X2 plasmasytytin kameleontti -","isPartOf":{"@id":"https:\/\/www.duunauspalvelutjarvi.fi\/#website"},"datePublished":"2021-07-29T09:13:27+00:00","dateModified":"2021-07-29T09:37:20+00:00","breadcrumb":{"@id":"https:\/\/www.duunauspalvelutjarvi.fi\/?product=kaari-roihu-x2-plasmasytytin-kameleontti#breadcrumb"},"inLanguage":"fi","potentialAction":[{"@type":"ReadAction","target":["https:\/\/www.duunauspalvelutjarvi.fi\/?product=kaari-roihu-x2-plasmasytytin-kameleontti"]}]},{"@type":"BreadcrumbList","@id":"https:\/\/www.duunauspalvelutjarvi.fi\/?product=kaari-roihu-x2-plasmasytytin-kameleontti#breadcrumb","itemListElement":[{"@type":"ListItem","position":1,"name":"Etusivu","item":"https:\/\/www.duunauspalvelutjarvi.fi\/"},{"@type":"ListItem","position":2,"name":"Etusivu","item":"https:\/\/www.duunauspalvelutjarvi.fi\/"},{"@type":"ListItem","position":3,"name":"Kaari Roihu X2 plasmasytytin kameleontti"}]},{"@type":"WebSite","@id":"https:\/\/www.duunauspalvelutjarvi.fi\/#website","url":"https:\/\/www.duunauspalvelutjarvi.fi\/","name":"","description":"","potentialAction":[{"@type":"SearchAction","target":{"@type":"EntryPoint","urlTemplate":"https:\/\/www.duunauspalvelutjarvi.fi\/?s={search_term_string}"},"query-input":{"@type":"PropertyValueSpecification","valueRequired":true,"valueName":"search_term_string"}}],"inLanguage":"fi"}]}},"jetpack_sharing_enabled":true,"_links":{"self":[{"href":"https:\/\/www.duunauspalvelutjarvi.fi\/index.php?rest_route=\/wp\/v2\/product\/7649","targetHints":{"allow":["GET"]}}],"collection":[{"href":"https:\/\/www.duunauspalvelutjarvi.fi\/index.php?rest_route=\/wp\/v2\/product"}],"about":[{"href":"https:\/\/www.duunauspalvelutjarvi.fi\/index.php?rest_route=\/wp\/v2\/types\/product"}],"replies":[{"embeddable":true,"href":"https:\/\/www.duunauspalvelutjarvi.fi\/index.php?rest_route=%2Fwp%2Fv2%2Fcomments&post=7649"}],"wp:attachment":[{"href":"https:\/\/www.duunauspalvelutjarvi.fi\/index.php?rest_route=%2Fwp%2Fv2%2Fmedia&parent=7649"}],"wp:term":[{"taxonomy":"product_brand","embeddable":true,"href":"https:\/\/www.duunauspalvelutjarvi.fi\/index.php?rest_route=%2Fwp%2Fv2%2Fproduct_brand&post=7649"},{"taxonomy":"product_cat","embeddable":true,"href":"https:\/\/www.duunauspalvelutjarvi.fi\/index.php?rest_route=%2Fwp%2Fv2%2Fproduct_cat&post=7649"},{"taxonomy":"product_tag","embeddable":true,"href":"https:\/\/www.duunauspalvelutjarvi.fi\/index.php?rest_route=%2Fwp%2Fv2%2Fproduct_tag&post=7649"}],"curies":[{"name":"wp","href":"https:\/\/api.w.org\/{rel}","templated":true}]}}