{"id":7670,"date":"2021-07-29T12:32:00","date_gmt":"2021-07-29T09:32:00","guid":{"rendered":"https:\/\/www.duunauspalvelutjarvi.fi\/?post_type=product&#038;p=7670"},"modified":"2021-07-29T12:32:27","modified_gmt":"2021-07-29T09:32:27","slug":"kaari-loimu-xpower-plasmasytytin-oranssi","status":"publish","type":"product","link":"https:\/\/www.duunauspalvelutjarvi.fi\/?product=kaari-loimu-xpower-plasmasytytin-oranssi","title":{"rendered":"Kaari Loimu XPower plasmasytytin oranssi"},"content":{"rendered":"<p><b>Kaari Loimu XPower \u2013 monipuolinen sytytt\u00e4j\u00e4, valaisija ja lataaja<\/b><\/p>\n<p>Suomessa suunniteltu Kaari Loimu XPower on maailman ensimm\u00e4inen usb-ladattava plasmasytytin, joka toimii samalla led-taskulamppuna ja varavirtal\u00e4hteen\u00e4. Vett\u00e4, likaa, p\u00f6ly\u00e4 ja iskuja kest\u00e4v\u00e4ll\u00e4 monitoimilaitteella tulenteko, valaiseminen ja lataaminen on helppoa ja turvallista kaikissa olosuhteissa.<\/p>\n<p><b>Helposti ja nopeasti ladattava<br \/>\n<\/b>Kaari Loimu XPower -plasmasytyttimell\u00e4 voi sytytt\u00e4\u00e4 tulen jopa 500 kertaa yhdell\u00e4 latauksella.\u00a0Sen j\u00e4lkeen massiivisen tehokkaan akun voi ladata USB-C-liit\u00e4nn\u00e4n ja mukana tulevan USB-kaapelin avulla.\u00a0Sytytin ei tarvitse haitallisia sytytysnesteit\u00e4, vaan sen voi ladata s\u00e4hk\u00f6ll\u00e4 \u00e4lypuhelinten latureilla, tietokoneilla tai varavirtal\u00e4hteill\u00e4. N\u00e4in helppoa ja ekologista ei sytyttimen t\u00e4ytt\u00f6 ole ennen ollut.<\/p>\n<p><b>Tuulessa sammumaton<br \/>\n<\/b>Plasmasytyttimess\u00e4 ei ole tuulessa tai sateessa helposti sammuvaa liekki\u00e4. Sen sijaan sytytin muodostaa s\u00e4hk\u00f6virralla 1100-asteisen kaksoisplasmakaaren, joka kest\u00e4\u00e4 tuulenpuuskat, sateet ja pakkasviimat vaivatta.<\/p>\n<p><b>Suojattu vedelt\u00e4, lialta, p\u00f6lylt\u00e4 ja iskuilta<br \/>\nKest\u00e4v\u00e4st\u00e4 polykarbonaatista tehty Kaari Loimu XPower -plasmasytytin on suojattu vedelt\u00e4, lialta, p\u00f6lylt\u00e4 ja iskuilta. Se t\u00e4ytt\u00e4\u00e4\u00a0IP65-suojaluokituksen vaatimukset, joten sytytint\u00e4 voi huoletta k\u00e4ytt\u00e4\u00e4 haastavissakin olosuhteissa.<\/b><\/p>\n<p><b>Tehokas taskulamppu<br \/>\nKaari Loimu XPower ei ole pelkk\u00e4 plasmasytytin, vaan se on my\u00f6s kaksitehoinen taskulamppu. Kirkas 100 lumenin taskulamppu toimii tehokkailla led-valokennoilla.<\/b><\/p>\n<p><b>Tehokas ja pienikokoinen varavirtal\u00e4hde<br \/>\n<\/b>Kaari Loimu XPower toimii my\u00f6s tehokkaana varavirtal\u00e4hteen\u00e4 2 900 milliampeeritunnin akullaan. Se sopii hyvin \u00e4lypuhelimien, tablettilaitteiden, kameroiden ja monien muiden pienten usb-liit\u00e4nt\u00e4isten s\u00e4hk\u00f6laitteiden lataamiseen kaikkialla. Sytyttimen kyljess\u00e4 oleva merkkivalo kertoo akun varaustilan.<\/p>\n<p><b>Tuotepakkauksen sis\u00e4lt\u00f6:<\/b><\/p>\n<ul>\n<li>Plasmasytytin (mitat: 100 x 60,5 x 24 mm)<\/li>\n<li>Sis\u00e4inen litiumioniakku (2900 mAh)<\/li>\n<li>USB-C-kaapeli<\/li>\n<li>Karbiinihaka<\/li>\n<li>Heijastava kaulanauha<\/li>\n<li>K\u00e4ytt\u00f6ohje (suomi ja englanti)<\/li>\n<li>12 kuukauden tuotetakuu<b><\/b><b><\/b><\/li>\n<\/ul>\n","protected":false},"excerpt":{"rendered":"<p>Kaari Loimu XPower \u2013 monipuolinen sytytt\u00e4j\u00e4, valaisija ja lataaja Suomessa suunniteltu Kaari Loimu XPower on maailman ensimm\u00e4inen usb-ladattava plasmasytytin, joka toimii samalla led-taskulamppuna ja varavirtal\u00e4hteen\u00e4. Vett\u00e4, likaa, p\u00f6ly\u00e4 ja iskuja kest\u00e4v\u00e4ll\u00e4 monitoimilaitteella tulenteko, valaiseminen ja lataaminen on helppoa ja turvallista kaikissa olosuhteissa. Helposti ja nopeasti ladattava Kaari Loimu XPower -plasmasytyttimell\u00e4 voi sytytt\u00e4\u00e4 tulen jopa 500 [&hellip;]<\/p>\n","protected":false},"featured_media":0,"comment_status":"open","ping_status":"closed","template":"","meta":[],"product_brand":[],"product_cat":[494],"product_tag":[],"class_list":{"0":"post-7670","1":"product","2":"type-product","3":"status-publish","5":"product_cat-kaari-plasmasytyttimet","7":"first","8":"instock","9":"taxable","10":"shipping-taxable","11":"purchasable","12":"product-type-simple"},"yoast_head":"<!-- This site is optimized with the Yoast SEO plugin v27.4 - https:\/\/yoast.com\/product\/yoast-seo-wordpress\/ -->\n<title>Kaari Loimu XPower plasmasytytin oranssi -<\/title>\n<meta name=\"robots\" content=\"index, follow, max-snippet:-1, max-image-preview:large, max-video-preview:-1\" \/>\n<link rel=\"canonical\" href=\"https:\/\/www.duunauspalvelutjarvi.fi\/?product=kaari-loimu-xpower-plasmasytytin-oranssi\" \/>\n<meta property=\"og:locale\" content=\"fi_FI\" \/>\n<meta property=\"og:type\" content=\"article\" \/>\n<meta property=\"og:title\" content=\"Kaari Loimu XPower plasmasytytin oranssi -\" \/>\n<meta property=\"og:description\" content=\"Kaari Loimu XPower \u2013 monipuolinen sytytt\u00e4j\u00e4, valaisija ja lataaja Suomessa suunniteltu Kaari Loimu XPower on maailman ensimm\u00e4inen usb-ladattava plasmasytytin, joka toimii samalla led-taskulamppuna ja varavirtal\u00e4hteen\u00e4. Vett\u00e4, likaa, p\u00f6ly\u00e4 ja iskuja kest\u00e4v\u00e4ll\u00e4 monitoimilaitteella tulenteko, valaiseminen ja lataaminen on helppoa ja turvallista kaikissa olosuhteissa. Helposti ja nopeasti ladattava Kaari Loimu XPower -plasmasytyttimell\u00e4 voi sytytt\u00e4\u00e4 tulen jopa 500 [&hellip;]\" \/>\n<meta property=\"og:url\" content=\"https:\/\/www.duunauspalvelutjarvi.fi\/?product=kaari-loimu-xpower-plasmasytytin-oranssi\" \/>\n<meta property=\"article:modified_time\" content=\"2021-07-29T09:32:27+00:00\" \/>\n<meta name=\"twitter:card\" content=\"summary_large_image\" \/>\n<meta name=\"twitter:label1\" content=\"Arvioitu lukuaika\" \/>\n\t<meta name=\"twitter:data1\" content=\"1 minuutti\" \/>\n<script type=\"application\/ld+json\" class=\"yoast-schema-graph\">{\"@context\":\"https:\\\/\\\/schema.org\",\"@graph\":[{\"@type\":\"WebPage\",\"@id\":\"https:\\\/\\\/www.duunauspalvelutjarvi.fi\\\/?product=kaari-loimu-xpower-plasmasytytin-oranssi\",\"url\":\"https:\\\/\\\/www.duunauspalvelutjarvi.fi\\\/?product=kaari-loimu-xpower-plasmasytytin-oranssi\",\"name\":\"Kaari Loimu XPower plasmasytytin oranssi -\",\"isPartOf\":{\"@id\":\"https:\\\/\\\/www.duunauspalvelutjarvi.fi\\\/#website\"},\"datePublished\":\"2021-07-29T09:32:00+00:00\",\"dateModified\":\"2021-07-29T09:32:27+00:00\",\"breadcrumb\":{\"@id\":\"https:\\\/\\\/www.duunauspalvelutjarvi.fi\\\/?product=kaari-loimu-xpower-plasmasytytin-oranssi#breadcrumb\"},\"inLanguage\":\"fi\",\"potentialAction\":[{\"@type\":\"ReadAction\",\"target\":[\"https:\\\/\\\/www.duunauspalvelutjarvi.fi\\\/?product=kaari-loimu-xpower-plasmasytytin-oranssi\"]}]},{\"@type\":\"BreadcrumbList\",\"@id\":\"https:\\\/\\\/www.duunauspalvelutjarvi.fi\\\/?product=kaari-loimu-xpower-plasmasytytin-oranssi#breadcrumb\",\"itemListElement\":[{\"@type\":\"ListItem\",\"position\":1,\"name\":\"Etusivu\",\"item\":\"https:\\\/\\\/www.duunauspalvelutjarvi.fi\\\/\"},{\"@type\":\"ListItem\",\"position\":2,\"name\":\"Etusivu\",\"item\":\"https:\\\/\\\/www.duunauspalvelutjarvi.fi\\\/\"},{\"@type\":\"ListItem\",\"position\":3,\"name\":\"Kaari Loimu XPower plasmasytytin oranssi\"}]},{\"@type\":\"WebSite\",\"@id\":\"https:\\\/\\\/www.duunauspalvelutjarvi.fi\\\/#website\",\"url\":\"https:\\\/\\\/www.duunauspalvelutjarvi.fi\\\/\",\"name\":\"\",\"description\":\"\",\"potentialAction\":[{\"@type\":\"SearchAction\",\"target\":{\"@type\":\"EntryPoint\",\"urlTemplate\":\"https:\\\/\\\/www.duunauspalvelutjarvi.fi\\\/?s={search_term_string}\"},\"query-input\":{\"@type\":\"PropertyValueSpecification\",\"valueRequired\":true,\"valueName\":\"search_term_string\"}}],\"inLanguage\":\"fi\"}]}<\/script>\n<!-- \/ Yoast SEO plugin. -->","yoast_head_json":{"title":"Kaari Loimu XPower plasmasytytin oranssi -","robots":{"index":"index","follow":"follow","max-snippet":"max-snippet:-1","max-image-preview":"max-image-preview:large","max-video-preview":"max-video-preview:-1"},"canonical":"https:\/\/www.duunauspalvelutjarvi.fi\/?product=kaari-loimu-xpower-plasmasytytin-oranssi","og_locale":"fi_FI","og_type":"article","og_title":"Kaari Loimu XPower plasmasytytin oranssi -","og_description":"Kaari Loimu XPower \u2013 monipuolinen sytytt\u00e4j\u00e4, valaisija ja lataaja Suomessa suunniteltu Kaari Loimu XPower on maailman ensimm\u00e4inen usb-ladattava plasmasytytin, joka toimii samalla led-taskulamppuna ja varavirtal\u00e4hteen\u00e4. Vett\u00e4, likaa, p\u00f6ly\u00e4 ja iskuja kest\u00e4v\u00e4ll\u00e4 monitoimilaitteella tulenteko, valaiseminen ja lataaminen on helppoa ja turvallista kaikissa olosuhteissa. Helposti ja nopeasti ladattava Kaari Loimu XPower -plasmasytyttimell\u00e4 voi sytytt\u00e4\u00e4 tulen jopa 500 [&hellip;]","og_url":"https:\/\/www.duunauspalvelutjarvi.fi\/?product=kaari-loimu-xpower-plasmasytytin-oranssi","article_modified_time":"2021-07-29T09:32:27+00:00","twitter_card":"summary_large_image","twitter_misc":{"Arvioitu lukuaika":"1 minuutti"},"schema":{"@context":"https:\/\/schema.org","@graph":[{"@type":"WebPage","@id":"https:\/\/www.duunauspalvelutjarvi.fi\/?product=kaari-loimu-xpower-plasmasytytin-oranssi","url":"https:\/\/www.duunauspalvelutjarvi.fi\/?product=kaari-loimu-xpower-plasmasytytin-oranssi","name":"Kaari Loimu XPower plasmasytytin oranssi -","isPartOf":{"@id":"https:\/\/www.duunauspalvelutjarvi.fi\/#website"},"datePublished":"2021-07-29T09:32:00+00:00","dateModified":"2021-07-29T09:32:27+00:00","breadcrumb":{"@id":"https:\/\/www.duunauspalvelutjarvi.fi\/?product=kaari-loimu-xpower-plasmasytytin-oranssi#breadcrumb"},"inLanguage":"fi","potentialAction":[{"@type":"ReadAction","target":["https:\/\/www.duunauspalvelutjarvi.fi\/?product=kaari-loimu-xpower-plasmasytytin-oranssi"]}]},{"@type":"BreadcrumbList","@id":"https:\/\/www.duunauspalvelutjarvi.fi\/?product=kaari-loimu-xpower-plasmasytytin-oranssi#breadcrumb","itemListElement":[{"@type":"ListItem","position":1,"name":"Etusivu","item":"https:\/\/www.duunauspalvelutjarvi.fi\/"},{"@type":"ListItem","position":2,"name":"Etusivu","item":"https:\/\/www.duunauspalvelutjarvi.fi\/"},{"@type":"ListItem","position":3,"name":"Kaari Loimu XPower plasmasytytin oranssi"}]},{"@type":"WebSite","@id":"https:\/\/www.duunauspalvelutjarvi.fi\/#website","url":"https:\/\/www.duunauspalvelutjarvi.fi\/","name":"","description":"","potentialAction":[{"@type":"SearchAction","target":{"@type":"EntryPoint","urlTemplate":"https:\/\/www.duunauspalvelutjarvi.fi\/?s={search_term_string}"},"query-input":{"@type":"PropertyValueSpecification","valueRequired":true,"valueName":"search_term_string"}}],"inLanguage":"fi"}]}},"jetpack_sharing_enabled":true,"_links":{"self":[{"href":"https:\/\/www.duunauspalvelutjarvi.fi\/index.php?rest_route=\/wp\/v2\/product\/7670","targetHints":{"allow":["GET"]}}],"collection":[{"href":"https:\/\/www.duunauspalvelutjarvi.fi\/index.php?rest_route=\/wp\/v2\/product"}],"about":[{"href":"https:\/\/www.duunauspalvelutjarvi.fi\/index.php?rest_route=\/wp\/v2\/types\/product"}],"replies":[{"embeddable":true,"href":"https:\/\/www.duunauspalvelutjarvi.fi\/index.php?rest_route=%2Fwp%2Fv2%2Fcomments&post=7670"}],"wp:attachment":[{"href":"https:\/\/www.duunauspalvelutjarvi.fi\/index.php?rest_route=%2Fwp%2Fv2%2Fmedia&parent=7670"}],"wp:term":[{"taxonomy":"product_brand","embeddable":true,"href":"https:\/\/www.duunauspalvelutjarvi.fi\/index.php?rest_route=%2Fwp%2Fv2%2Fproduct_brand&post=7670"},{"taxonomy":"product_cat","embeddable":true,"href":"https:\/\/www.duunauspalvelutjarvi.fi\/index.php?rest_route=%2Fwp%2Fv2%2Fproduct_cat&post=7670"},{"taxonomy":"product_tag","embeddable":true,"href":"https:\/\/www.duunauspalvelutjarvi.fi\/index.php?rest_route=%2Fwp%2Fv2%2Fproduct_tag&post=7670"}],"curies":[{"name":"wp","href":"https:\/\/api.w.org\/{rel}","templated":true}]}}