{"id":7704,"date":"2021-07-29T12:53:29","date_gmt":"2021-07-29T09:53:29","guid":{"rendered":"https:\/\/www.duunauspalvelutjarvi.fi\/?post_type=product&#038;p=7704"},"modified":"2021-07-29T12:53:29","modified_gmt":"2021-07-29T09:53:29","slug":"kaari-tuikku-plasmasytytin-frosted","status":"publish","type":"product","link":"https:\/\/www.duunauspalvelutjarvi.fi\/?product=kaari-tuikku-plasmasytytin-frosted","title":{"rendered":"Kaari Tuikku plasmasytytin Frosted"},"content":{"rendered":"<p>KAARI TUIKKU on jokaiseen kotiin, m\u00f6kkiin, veneeseen ja asuntovaunuun soveltuva pitk\u00e4vartinen yleissytytin.<\/p>\n<p>Uudelleenladattava, liekit\u00f6n ja s\u00e4hk\u00f6k\u00e4ytt\u00f6inen KAARI TUIKKU tuottaa tehokkaan 1100-asteisen plasmakaaren, joka sytytt\u00e4\u00e4 kynttil\u00e4t, takkapuut tai grillihiilet k\u00e4denk\u00e4\u00e4nteess\u00e4. KAARI TUIKKU toimii heti my\u00f6s sateessa, myrskytuulessa ja pakkasessa. T\u00e4ysmetallinen runko ja frosted efektimaalaus tuo luksusta sytytt\u00e4miseen. KAARI TUIKKU on suomalainen designtuote.\u00a0Design from Finland.<\/p>\n<p>KAARI TUIKKU -plasmasytytin toimii muiden sytyttimien tapaan, mutta ilman haitallisia kaasuja tai kemikaaleja. KAARI TUIKKU sytytt\u00e4\u00e4 helpommin, tehokkaammin, turvallisemmin ja ymp\u00e4rist\u00f6yst\u00e4v\u00e4llisemmin. Plasmasytytin korvaa perinteiset ponnekaasuihin tai fossiilisiin polttoaineisiin perustuvat sytyttimet vihre\u00e4mm\u00e4ll\u00e4 vaihtoehdolla. Plasmasytyttimell\u00e4 voi sytytt\u00e4\u00e4 jopa 100 kertaa yhdell\u00e4 akun latauksella, jonka j\u00e4lkeen sen voi ladata tavallisella usb-laturilla.<\/p>\n<p>HUOM! \u00c4L\u00c4 K\u00c4YT\u00c4 LATAAMISEEN PIKALATURIA.<\/p>\n<p>Sytyttimen koko: 200 * 26 * 16.9 mm<br \/>\nPakkauksen sis\u00e4lt\u00f6:<br \/>\n&#8211; 1 kpl KAARI TUIKKU -plasmasytytin<br \/>\n&#8211; 1 kpl Mikro-USB-kaapeli<br \/>\n&#8211; 1 kpl K\u00e4ytt\u00f6ohje: Suomi ja Englanti<\/p>\n","protected":false},"excerpt":{"rendered":"<p>KAARI TUIKKU on jokaiseen kotiin, m\u00f6kkiin, veneeseen ja asuntovaunuun soveltuva pitk\u00e4vartinen yleissytytin. Uudelleenladattava, liekit\u00f6n ja s\u00e4hk\u00f6k\u00e4ytt\u00f6inen KAARI TUIKKU tuottaa tehokkaan 1100-asteisen plasmakaaren, joka sytytt\u00e4\u00e4 kynttil\u00e4t, takkapuut tai grillihiilet k\u00e4denk\u00e4\u00e4nteess\u00e4. KAARI TUIKKU toimii heti my\u00f6s sateessa, myrskytuulessa ja pakkasessa. T\u00e4ysmetallinen runko ja frosted efektimaalaus tuo luksusta sytytt\u00e4miseen. KAARI TUIKKU on suomalainen designtuote.\u00a0Design from Finland. KAARI TUIKKU [&hellip;]<\/p>\n","protected":false},"featured_media":0,"comment_status":"open","ping_status":"closed","template":"","meta":[],"product_brand":[],"product_cat":[494],"product_tag":[],"class_list":{"0":"post-7704","1":"product","2":"type-product","3":"status-publish","5":"product_cat-kaari-plasmasytyttimet","7":"first","8":"instock","9":"taxable","10":"shipping-taxable","11":"purchasable","12":"product-type-variable"},"yoast_head":"<!-- This site is optimized with the Yoast SEO plugin v27.5 - https:\/\/yoast.com\/product\/yoast-seo-wordpress\/ -->\n<title>Kaari Tuikku plasmasytytin Frosted -<\/title>\n<meta name=\"robots\" content=\"index, follow, max-snippet:-1, max-image-preview:large, max-video-preview:-1\" \/>\n<link rel=\"canonical\" href=\"https:\/\/www.duunauspalvelutjarvi.fi\/?product=kaari-tuikku-plasmasytytin-frosted\" \/>\n<meta property=\"og:locale\" content=\"fi_FI\" \/>\n<meta property=\"og:type\" content=\"article\" \/>\n<meta property=\"og:title\" content=\"Kaari Tuikku plasmasytytin Frosted -\" \/>\n<meta property=\"og:description\" content=\"KAARI TUIKKU on jokaiseen kotiin, m\u00f6kkiin, veneeseen ja asuntovaunuun soveltuva pitk\u00e4vartinen yleissytytin. Uudelleenladattava, liekit\u00f6n ja s\u00e4hk\u00f6k\u00e4ytt\u00f6inen KAARI TUIKKU tuottaa tehokkaan 1100-asteisen plasmakaaren, joka sytytt\u00e4\u00e4 kynttil\u00e4t, takkapuut tai grillihiilet k\u00e4denk\u00e4\u00e4nteess\u00e4. KAARI TUIKKU toimii heti my\u00f6s sateessa, myrskytuulessa ja pakkasessa. T\u00e4ysmetallinen runko ja frosted efektimaalaus tuo luksusta sytytt\u00e4miseen. KAARI TUIKKU on suomalainen designtuote.\u00a0Design from Finland. KAARI TUIKKU [&hellip;]\" \/>\n<meta property=\"og:url\" content=\"https:\/\/www.duunauspalvelutjarvi.fi\/?product=kaari-tuikku-plasmasytytin-frosted\" \/>\n<meta name=\"twitter:card\" content=\"summary_large_image\" \/>\n<meta name=\"twitter:label1\" content=\"Arvioitu lukuaika\" \/>\n\t<meta name=\"twitter:data1\" content=\"1 minuutti\" \/>\n<script type=\"application\/ld+json\" class=\"yoast-schema-graph\">{\"@context\":\"https:\\\/\\\/schema.org\",\"@graph\":[{\"@type\":\"WebPage\",\"@id\":\"https:\\\/\\\/www.duunauspalvelutjarvi.fi\\\/?product=kaari-tuikku-plasmasytytin-frosted\",\"url\":\"https:\\\/\\\/www.duunauspalvelutjarvi.fi\\\/?product=kaari-tuikku-plasmasytytin-frosted\",\"name\":\"Kaari Tuikku plasmasytytin Frosted -\",\"isPartOf\":{\"@id\":\"https:\\\/\\\/www.duunauspalvelutjarvi.fi\\\/#website\"},\"datePublished\":\"2021-07-29T09:53:29+00:00\",\"breadcrumb\":{\"@id\":\"https:\\\/\\\/www.duunauspalvelutjarvi.fi\\\/?product=kaari-tuikku-plasmasytytin-frosted#breadcrumb\"},\"inLanguage\":\"fi\",\"potentialAction\":[{\"@type\":\"ReadAction\",\"target\":[\"https:\\\/\\\/www.duunauspalvelutjarvi.fi\\\/?product=kaari-tuikku-plasmasytytin-frosted\"]}]},{\"@type\":\"BreadcrumbList\",\"@id\":\"https:\\\/\\\/www.duunauspalvelutjarvi.fi\\\/?product=kaari-tuikku-plasmasytytin-frosted#breadcrumb\",\"itemListElement\":[{\"@type\":\"ListItem\",\"position\":1,\"name\":\"Etusivu\",\"item\":\"https:\\\/\\\/www.duunauspalvelutjarvi.fi\\\/\"},{\"@type\":\"ListItem\",\"position\":2,\"name\":\"Etusivu\",\"item\":\"https:\\\/\\\/www.duunauspalvelutjarvi.fi\\\/\"},{\"@type\":\"ListItem\",\"position\":3,\"name\":\"Kaari Tuikku plasmasytytin Frosted\"}]},{\"@type\":\"WebSite\",\"@id\":\"https:\\\/\\\/www.duunauspalvelutjarvi.fi\\\/#website\",\"url\":\"https:\\\/\\\/www.duunauspalvelutjarvi.fi\\\/\",\"name\":\"\",\"description\":\"\",\"potentialAction\":[{\"@type\":\"SearchAction\",\"target\":{\"@type\":\"EntryPoint\",\"urlTemplate\":\"https:\\\/\\\/www.duunauspalvelutjarvi.fi\\\/?s={search_term_string}\"},\"query-input\":{\"@type\":\"PropertyValueSpecification\",\"valueRequired\":true,\"valueName\":\"search_term_string\"}}],\"inLanguage\":\"fi\"}]}<\/script>\n<!-- \/ Yoast SEO plugin. -->","yoast_head_json":{"title":"Kaari Tuikku plasmasytytin Frosted -","robots":{"index":"index","follow":"follow","max-snippet":"max-snippet:-1","max-image-preview":"max-image-preview:large","max-video-preview":"max-video-preview:-1"},"canonical":"https:\/\/www.duunauspalvelutjarvi.fi\/?product=kaari-tuikku-plasmasytytin-frosted","og_locale":"fi_FI","og_type":"article","og_title":"Kaari Tuikku plasmasytytin Frosted -","og_description":"KAARI TUIKKU on jokaiseen kotiin, m\u00f6kkiin, veneeseen ja asuntovaunuun soveltuva pitk\u00e4vartinen yleissytytin. Uudelleenladattava, liekit\u00f6n ja s\u00e4hk\u00f6k\u00e4ytt\u00f6inen KAARI TUIKKU tuottaa tehokkaan 1100-asteisen plasmakaaren, joka sytytt\u00e4\u00e4 kynttil\u00e4t, takkapuut tai grillihiilet k\u00e4denk\u00e4\u00e4nteess\u00e4. KAARI TUIKKU toimii heti my\u00f6s sateessa, myrskytuulessa ja pakkasessa. T\u00e4ysmetallinen runko ja frosted efektimaalaus tuo luksusta sytytt\u00e4miseen. KAARI TUIKKU on suomalainen designtuote.\u00a0Design from Finland. KAARI TUIKKU [&hellip;]","og_url":"https:\/\/www.duunauspalvelutjarvi.fi\/?product=kaari-tuikku-plasmasytytin-frosted","twitter_card":"summary_large_image","twitter_misc":{"Arvioitu lukuaika":"1 minuutti"},"schema":{"@context":"https:\/\/schema.org","@graph":[{"@type":"WebPage","@id":"https:\/\/www.duunauspalvelutjarvi.fi\/?product=kaari-tuikku-plasmasytytin-frosted","url":"https:\/\/www.duunauspalvelutjarvi.fi\/?product=kaari-tuikku-plasmasytytin-frosted","name":"Kaari Tuikku plasmasytytin Frosted -","isPartOf":{"@id":"https:\/\/www.duunauspalvelutjarvi.fi\/#website"},"datePublished":"2021-07-29T09:53:29+00:00","breadcrumb":{"@id":"https:\/\/www.duunauspalvelutjarvi.fi\/?product=kaari-tuikku-plasmasytytin-frosted#breadcrumb"},"inLanguage":"fi","potentialAction":[{"@type":"ReadAction","target":["https:\/\/www.duunauspalvelutjarvi.fi\/?product=kaari-tuikku-plasmasytytin-frosted"]}]},{"@type":"BreadcrumbList","@id":"https:\/\/www.duunauspalvelutjarvi.fi\/?product=kaari-tuikku-plasmasytytin-frosted#breadcrumb","itemListElement":[{"@type":"ListItem","position":1,"name":"Etusivu","item":"https:\/\/www.duunauspalvelutjarvi.fi\/"},{"@type":"ListItem","position":2,"name":"Etusivu","item":"https:\/\/www.duunauspalvelutjarvi.fi\/"},{"@type":"ListItem","position":3,"name":"Kaari Tuikku plasmasytytin Frosted"}]},{"@type":"WebSite","@id":"https:\/\/www.duunauspalvelutjarvi.fi\/#website","url":"https:\/\/www.duunauspalvelutjarvi.fi\/","name":"","description":"","potentialAction":[{"@type":"SearchAction","target":{"@type":"EntryPoint","urlTemplate":"https:\/\/www.duunauspalvelutjarvi.fi\/?s={search_term_string}"},"query-input":{"@type":"PropertyValueSpecification","valueRequired":true,"valueName":"search_term_string"}}],"inLanguage":"fi"}]}},"jetpack_sharing_enabled":true,"_links":{"self":[{"href":"https:\/\/www.duunauspalvelutjarvi.fi\/index.php?rest_route=\/wp\/v2\/product\/7704","targetHints":{"allow":["GET"]}}],"collection":[{"href":"https:\/\/www.duunauspalvelutjarvi.fi\/index.php?rest_route=\/wp\/v2\/product"}],"about":[{"href":"https:\/\/www.duunauspalvelutjarvi.fi\/index.php?rest_route=\/wp\/v2\/types\/product"}],"replies":[{"embeddable":true,"href":"https:\/\/www.duunauspalvelutjarvi.fi\/index.php?rest_route=%2Fwp%2Fv2%2Fcomments&post=7704"}],"wp:attachment":[{"href":"https:\/\/www.duunauspalvelutjarvi.fi\/index.php?rest_route=%2Fwp%2Fv2%2Fmedia&parent=7704"}],"wp:term":[{"taxonomy":"product_brand","embeddable":true,"href":"https:\/\/www.duunauspalvelutjarvi.fi\/index.php?rest_route=%2Fwp%2Fv2%2Fproduct_brand&post=7704"},{"taxonomy":"product_cat","embeddable":true,"href":"https:\/\/www.duunauspalvelutjarvi.fi\/index.php?rest_route=%2Fwp%2Fv2%2Fproduct_cat&post=7704"},{"taxonomy":"product_tag","embeddable":true,"href":"https:\/\/www.duunauspalvelutjarvi.fi\/index.php?rest_route=%2Fwp%2Fv2%2Fproduct_tag&post=7704"}],"curies":[{"name":"wp","href":"https:\/\/api.w.org\/{rel}","templated":true}]}}