{"id":7723,"date":"2021-07-29T13:20:40","date_gmt":"2021-07-29T10:20:40","guid":{"rendered":"https:\/\/www.duunauspalvelutjarvi.fi\/?post_type=product&#038;p=7723"},"modified":"2024-06-27T23:41:16","modified_gmt":"2024-06-27T20:41:16","slug":"coolxon-jaakaappi-50-l-kompressori-12-24v-valk-pakastelokerolla","status":"publish","type":"product","link":"https:\/\/www.duunauspalvelutjarvi.fi\/?product=coolxon-jaakaappi-50-l-kompressori-12-24v-valk-pakastelokerolla","title":{"rendered":"J\u00e4\u00e4kaappi Cuisine 12\/24V, 50l"},"content":{"rendered":"<p>Kompakti 50 litran j\u00e4\u00e4kaappi (ilman pakastelokeroa). Keskim\u00e4\u00e4r\u00e4inen virrankulutus n. 25 &#8211; 30 Ah\/vrk, riippuen ulkol\u00e4mp\u00f6tilasta.<\/p>\n<ul class=\"bulleted-list\">\n<li>Energialuokka A<\/li>\n<li>Lasihyllyt<\/li>\n<li>Sunwindin 12\/24V kompressorij\u00e4\u00e4kaapit &#8211; toimivat 100% kierr\u00e4tett\u00e4v\u00e4ll\u00e4 energialla!<\/li>\n<\/ul>\n<p>12\/24V kompressorij\u00e4\u00e4kaapit viilenev\u00e4t nopeasti. Aurinkoenergiaj\u00e4rjestelmiss\u00e4 on kuitenkin mitoituksen kanssa mietitt\u00e4v\u00e4 tarkkaan miten pitki\u00e4 aikoja j\u00e4\u00e4kaappia pidet\u00e4\u00e4n p\u00e4\u00e4ll\u00e4. Vaikka j\u00e4\u00e4kaapit ovatkin energiatehokkaita, niin ne silti muodostavat kes\u00e4m\u00f6kill\u00e4 suurimman kulutuksen. J\u00e4\u00e4kaappia ymp\u00e4r\u00f6iv\u00e4ll\u00e4 l\u00e4mp\u00f6tilalla on suuri vaikutus j\u00e4\u00e4kaapin kulutukseen. Yleisesti j\u00e4\u00e4kaappien kulutuslukemat on laskettu 20 asteen mukaan. 50\u00a0litran j\u00e4\u00e4kaappi kuluttaa n. 25\u00a0&#8211; 30 Ah vuorokaudessa.<\/p>\n<p>J\u00e4\u00e4kaappi kytket\u00e4\u00e4n yleens\u00e4 sulakkeen kautta suoraan akkuun. Muista mitoittaa j\u00e4\u00e4kaapin virtajohto (ei sis\u00e4lly myyntipakkaukseen) oikein! Nyrkkis\u00e4\u00e4nt\u00f6n\u00e4 on 1mm2 per metri. Eli jos akusto on 4 metrin et\u00e4isyydell\u00e4 j\u00e4\u00e4kaapista, kaapelin poikkipinta-ala tulee olla 2x4mm2. Jos et\u00e4isyys on 10 metri\u00e4, niin kaapelin vahvuus on 2x10mm2 jne.<\/p>\n","protected":false},"excerpt":{"rendered":"<p>Kompakti 50 litran j\u00e4\u00e4kaappi (ilman pakastelokeroa). Keskim\u00e4\u00e4r\u00e4inen virrankulutus n. 25 &#8211; 30 Ah\/vrk, riippuen ulkol\u00e4mp\u00f6tilasta. Energialuokka A Lasihyllyt Sunwindin 12\/24V kompressorij\u00e4\u00e4kaapit &#8211; toimivat 100% kierr\u00e4tett\u00e4v\u00e4ll\u00e4 energialla! 12\/24V kompressorij\u00e4\u00e4kaapit viilenev\u00e4t nopeasti. Aurinkoenergiaj\u00e4rjestelmiss\u00e4 on kuitenkin mitoituksen kanssa mietitt\u00e4v\u00e4 tarkkaan miten pitki\u00e4 aikoja j\u00e4\u00e4kaappia pidet\u00e4\u00e4n p\u00e4\u00e4ll\u00e4. Vaikka j\u00e4\u00e4kaapit ovatkin energiatehokkaita, niin ne silti muodostavat kes\u00e4m\u00f6kill\u00e4 suurimman kulutuksen. J\u00e4\u00e4kaappia [&hellip;]<\/p>\n","protected":false},"featured_media":14973,"comment_status":"open","ping_status":"closed","template":"","meta":[],"product_brand":[],"product_cat":[496],"product_tag":[],"class_list":{"0":"post-7723","1":"product","2":"type-product","3":"status-publish","4":"has-post-thumbnail","6":"product_cat-12-24v-jaakaapitliedetuunit","8":"first","9":"instock","10":"taxable","11":"shipping-taxable","12":"purchasable","13":"product-type-simple"},"yoast_head":"<!-- This site is optimized with the Yoast SEO plugin v27.4 - https:\/\/yoast.com\/product\/yoast-seo-wordpress\/ -->\n<title>J\u00e4\u00e4kaappi Cuisine 12\/24V, 50l -<\/title>\n<meta name=\"robots\" content=\"index, follow, max-snippet:-1, max-image-preview:large, max-video-preview:-1\" \/>\n<link rel=\"canonical\" href=\"https:\/\/www.duunauspalvelutjarvi.fi\/?product=coolxon-jaakaappi-50-l-kompressori-12-24v-valk-pakastelokerolla\" \/>\n<meta property=\"og:locale\" content=\"fi_FI\" \/>\n<meta property=\"og:type\" content=\"article\" \/>\n<meta property=\"og:title\" content=\"J\u00e4\u00e4kaappi Cuisine 12\/24V, 50l -\" \/>\n<meta property=\"og:description\" content=\"Kompakti 50 litran j\u00e4\u00e4kaappi (ilman pakastelokeroa). Keskim\u00e4\u00e4r\u00e4inen virrankulutus n. 25 &#8211; 30 Ah\/vrk, riippuen ulkol\u00e4mp\u00f6tilasta. Energialuokka A Lasihyllyt Sunwindin 12\/24V kompressorij\u00e4\u00e4kaapit &#8211; toimivat 100% kierr\u00e4tett\u00e4v\u00e4ll\u00e4 energialla! 12\/24V kompressorij\u00e4\u00e4kaapit viilenev\u00e4t nopeasti. Aurinkoenergiaj\u00e4rjestelmiss\u00e4 on kuitenkin mitoituksen kanssa mietitt\u00e4v\u00e4 tarkkaan miten pitki\u00e4 aikoja j\u00e4\u00e4kaappia pidet\u00e4\u00e4n p\u00e4\u00e4ll\u00e4. Vaikka j\u00e4\u00e4kaapit ovatkin energiatehokkaita, niin ne silti muodostavat kes\u00e4m\u00f6kill\u00e4 suurimman kulutuksen. J\u00e4\u00e4kaappia [&hellip;]\" \/>\n<meta property=\"og:url\" content=\"https:\/\/www.duunauspalvelutjarvi.fi\/?product=coolxon-jaakaappi-50-l-kompressori-12-24v-valk-pakastelokerolla\" \/>\n<meta property=\"article:modified_time\" content=\"2024-06-27T20:41:16+00:00\" \/>\n<meta property=\"og:image\" content=\"https:\/\/www.duunauspalvelutjarvi.fi\/wp-content\/uploads\/2021\/07\/541720.jpg\" \/>\n\t<meta property=\"og:image:width\" content=\"1000\" \/>\n\t<meta property=\"og:image:height\" content=\"1000\" \/>\n\t<meta property=\"og:image:type\" content=\"image\/jpeg\" \/>\n<meta name=\"twitter:card\" content=\"summary_large_image\" \/>\n<meta name=\"twitter:label1\" content=\"Arvioitu lukuaika\" \/>\n\t<meta name=\"twitter:data1\" content=\"1 minuutti\" \/>\n<script type=\"application\/ld+json\" class=\"yoast-schema-graph\">{\"@context\":\"https:\\\/\\\/schema.org\",\"@graph\":[{\"@type\":\"WebPage\",\"@id\":\"https:\\\/\\\/www.duunauspalvelutjarvi.fi\\\/?product=coolxon-jaakaappi-50-l-kompressori-12-24v-valk-pakastelokerolla\",\"url\":\"https:\\\/\\\/www.duunauspalvelutjarvi.fi\\\/?product=coolxon-jaakaappi-50-l-kompressori-12-24v-valk-pakastelokerolla\",\"name\":\"J\u00e4\u00e4kaappi Cuisine 12\\\/24V, 50l -\",\"isPartOf\":{\"@id\":\"https:\\\/\\\/www.duunauspalvelutjarvi.fi\\\/#website\"},\"primaryImageOfPage\":{\"@id\":\"https:\\\/\\\/www.duunauspalvelutjarvi.fi\\\/?product=coolxon-jaakaappi-50-l-kompressori-12-24v-valk-pakastelokerolla#primaryimage\"},\"image\":{\"@id\":\"https:\\\/\\\/www.duunauspalvelutjarvi.fi\\\/?product=coolxon-jaakaappi-50-l-kompressori-12-24v-valk-pakastelokerolla#primaryimage\"},\"thumbnailUrl\":\"https:\\\/\\\/www.duunauspalvelutjarvi.fi\\\/wp-content\\\/uploads\\\/2021\\\/07\\\/541720.jpg\",\"datePublished\":\"2021-07-29T10:20:40+00:00\",\"dateModified\":\"2024-06-27T20:41:16+00:00\",\"breadcrumb\":{\"@id\":\"https:\\\/\\\/www.duunauspalvelutjarvi.fi\\\/?product=coolxon-jaakaappi-50-l-kompressori-12-24v-valk-pakastelokerolla#breadcrumb\"},\"inLanguage\":\"fi\",\"potentialAction\":[{\"@type\":\"ReadAction\",\"target\":[\"https:\\\/\\\/www.duunauspalvelutjarvi.fi\\\/?product=coolxon-jaakaappi-50-l-kompressori-12-24v-valk-pakastelokerolla\"]}]},{\"@type\":\"ImageObject\",\"inLanguage\":\"fi\",\"@id\":\"https:\\\/\\\/www.duunauspalvelutjarvi.fi\\\/?product=coolxon-jaakaappi-50-l-kompressori-12-24v-valk-pakastelokerolla#primaryimage\",\"url\":\"https:\\\/\\\/www.duunauspalvelutjarvi.fi\\\/wp-content\\\/uploads\\\/2021\\\/07\\\/541720.jpg\",\"contentUrl\":\"https:\\\/\\\/www.duunauspalvelutjarvi.fi\\\/wp-content\\\/uploads\\\/2021\\\/07\\\/541720.jpg\",\"width\":1000,\"height\":1000},{\"@type\":\"BreadcrumbList\",\"@id\":\"https:\\\/\\\/www.duunauspalvelutjarvi.fi\\\/?product=coolxon-jaakaappi-50-l-kompressori-12-24v-valk-pakastelokerolla#breadcrumb\",\"itemListElement\":[{\"@type\":\"ListItem\",\"position\":1,\"name\":\"Etusivu\",\"item\":\"https:\\\/\\\/www.duunauspalvelutjarvi.fi\\\/\"},{\"@type\":\"ListItem\",\"position\":2,\"name\":\"Etusivu\",\"item\":\"https:\\\/\\\/www.duunauspalvelutjarvi.fi\\\/\"},{\"@type\":\"ListItem\",\"position\":3,\"name\":\"J\u00e4\u00e4kaappi Cuisine 12\\\/24V, 50l\"}]},{\"@type\":\"WebSite\",\"@id\":\"https:\\\/\\\/www.duunauspalvelutjarvi.fi\\\/#website\",\"url\":\"https:\\\/\\\/www.duunauspalvelutjarvi.fi\\\/\",\"name\":\"\",\"description\":\"\",\"potentialAction\":[{\"@type\":\"SearchAction\",\"target\":{\"@type\":\"EntryPoint\",\"urlTemplate\":\"https:\\\/\\\/www.duunauspalvelutjarvi.fi\\\/?s={search_term_string}\"},\"query-input\":{\"@type\":\"PropertyValueSpecification\",\"valueRequired\":true,\"valueName\":\"search_term_string\"}}],\"inLanguage\":\"fi\"}]}<\/script>\n<!-- \/ Yoast SEO plugin. -->","yoast_head_json":{"title":"J\u00e4\u00e4kaappi Cuisine 12\/24V, 50l -","robots":{"index":"index","follow":"follow","max-snippet":"max-snippet:-1","max-image-preview":"max-image-preview:large","max-video-preview":"max-video-preview:-1"},"canonical":"https:\/\/www.duunauspalvelutjarvi.fi\/?product=coolxon-jaakaappi-50-l-kompressori-12-24v-valk-pakastelokerolla","og_locale":"fi_FI","og_type":"article","og_title":"J\u00e4\u00e4kaappi Cuisine 12\/24V, 50l -","og_description":"Kompakti 50 litran j\u00e4\u00e4kaappi (ilman pakastelokeroa). Keskim\u00e4\u00e4r\u00e4inen virrankulutus n. 25 &#8211; 30 Ah\/vrk, riippuen ulkol\u00e4mp\u00f6tilasta. Energialuokka A Lasihyllyt Sunwindin 12\/24V kompressorij\u00e4\u00e4kaapit &#8211; toimivat 100% kierr\u00e4tett\u00e4v\u00e4ll\u00e4 energialla! 12\/24V kompressorij\u00e4\u00e4kaapit viilenev\u00e4t nopeasti. Aurinkoenergiaj\u00e4rjestelmiss\u00e4 on kuitenkin mitoituksen kanssa mietitt\u00e4v\u00e4 tarkkaan miten pitki\u00e4 aikoja j\u00e4\u00e4kaappia pidet\u00e4\u00e4n p\u00e4\u00e4ll\u00e4. Vaikka j\u00e4\u00e4kaapit ovatkin energiatehokkaita, niin ne silti muodostavat kes\u00e4m\u00f6kill\u00e4 suurimman kulutuksen. J\u00e4\u00e4kaappia [&hellip;]","og_url":"https:\/\/www.duunauspalvelutjarvi.fi\/?product=coolxon-jaakaappi-50-l-kompressori-12-24v-valk-pakastelokerolla","article_modified_time":"2024-06-27T20:41:16+00:00","og_image":[{"width":1000,"height":1000,"url":"https:\/\/www.duunauspalvelutjarvi.fi\/wp-content\/uploads\/2021\/07\/541720.jpg","type":"image\/jpeg"}],"twitter_card":"summary_large_image","twitter_misc":{"Arvioitu lukuaika":"1 minuutti"},"schema":{"@context":"https:\/\/schema.org","@graph":[{"@type":"WebPage","@id":"https:\/\/www.duunauspalvelutjarvi.fi\/?product=coolxon-jaakaappi-50-l-kompressori-12-24v-valk-pakastelokerolla","url":"https:\/\/www.duunauspalvelutjarvi.fi\/?product=coolxon-jaakaappi-50-l-kompressori-12-24v-valk-pakastelokerolla","name":"J\u00e4\u00e4kaappi Cuisine 12\/24V, 50l -","isPartOf":{"@id":"https:\/\/www.duunauspalvelutjarvi.fi\/#website"},"primaryImageOfPage":{"@id":"https:\/\/www.duunauspalvelutjarvi.fi\/?product=coolxon-jaakaappi-50-l-kompressori-12-24v-valk-pakastelokerolla#primaryimage"},"image":{"@id":"https:\/\/www.duunauspalvelutjarvi.fi\/?product=coolxon-jaakaappi-50-l-kompressori-12-24v-valk-pakastelokerolla#primaryimage"},"thumbnailUrl":"https:\/\/www.duunauspalvelutjarvi.fi\/wp-content\/uploads\/2021\/07\/541720.jpg","datePublished":"2021-07-29T10:20:40+00:00","dateModified":"2024-06-27T20:41:16+00:00","breadcrumb":{"@id":"https:\/\/www.duunauspalvelutjarvi.fi\/?product=coolxon-jaakaappi-50-l-kompressori-12-24v-valk-pakastelokerolla#breadcrumb"},"inLanguage":"fi","potentialAction":[{"@type":"ReadAction","target":["https:\/\/www.duunauspalvelutjarvi.fi\/?product=coolxon-jaakaappi-50-l-kompressori-12-24v-valk-pakastelokerolla"]}]},{"@type":"ImageObject","inLanguage":"fi","@id":"https:\/\/www.duunauspalvelutjarvi.fi\/?product=coolxon-jaakaappi-50-l-kompressori-12-24v-valk-pakastelokerolla#primaryimage","url":"https:\/\/www.duunauspalvelutjarvi.fi\/wp-content\/uploads\/2021\/07\/541720.jpg","contentUrl":"https:\/\/www.duunauspalvelutjarvi.fi\/wp-content\/uploads\/2021\/07\/541720.jpg","width":1000,"height":1000},{"@type":"BreadcrumbList","@id":"https:\/\/www.duunauspalvelutjarvi.fi\/?product=coolxon-jaakaappi-50-l-kompressori-12-24v-valk-pakastelokerolla#breadcrumb","itemListElement":[{"@type":"ListItem","position":1,"name":"Etusivu","item":"https:\/\/www.duunauspalvelutjarvi.fi\/"},{"@type":"ListItem","position":2,"name":"Etusivu","item":"https:\/\/www.duunauspalvelutjarvi.fi\/"},{"@type":"ListItem","position":3,"name":"J\u00e4\u00e4kaappi Cuisine 12\/24V, 50l"}]},{"@type":"WebSite","@id":"https:\/\/www.duunauspalvelutjarvi.fi\/#website","url":"https:\/\/www.duunauspalvelutjarvi.fi\/","name":"","description":"","potentialAction":[{"@type":"SearchAction","target":{"@type":"EntryPoint","urlTemplate":"https:\/\/www.duunauspalvelutjarvi.fi\/?s={search_term_string}"},"query-input":{"@type":"PropertyValueSpecification","valueRequired":true,"valueName":"search_term_string"}}],"inLanguage":"fi"}]}},"jetpack_sharing_enabled":true,"_links":{"self":[{"href":"https:\/\/www.duunauspalvelutjarvi.fi\/index.php?rest_route=\/wp\/v2\/product\/7723","targetHints":{"allow":["GET"]}}],"collection":[{"href":"https:\/\/www.duunauspalvelutjarvi.fi\/index.php?rest_route=\/wp\/v2\/product"}],"about":[{"href":"https:\/\/www.duunauspalvelutjarvi.fi\/index.php?rest_route=\/wp\/v2\/types\/product"}],"replies":[{"embeddable":true,"href":"https:\/\/www.duunauspalvelutjarvi.fi\/index.php?rest_route=%2Fwp%2Fv2%2Fcomments&post=7723"}],"wp:featuredmedia":[{"embeddable":true,"href":"https:\/\/www.duunauspalvelutjarvi.fi\/index.php?rest_route=\/wp\/v2\/media\/14973"}],"wp:attachment":[{"href":"https:\/\/www.duunauspalvelutjarvi.fi\/index.php?rest_route=%2Fwp%2Fv2%2Fmedia&parent=7723"}],"wp:term":[{"taxonomy":"product_brand","embeddable":true,"href":"https:\/\/www.duunauspalvelutjarvi.fi\/index.php?rest_route=%2Fwp%2Fv2%2Fproduct_brand&post=7723"},{"taxonomy":"product_cat","embeddable":true,"href":"https:\/\/www.duunauspalvelutjarvi.fi\/index.php?rest_route=%2Fwp%2Fv2%2Fproduct_cat&post=7723"},{"taxonomy":"product_tag","embeddable":true,"href":"https:\/\/www.duunauspalvelutjarvi.fi\/index.php?rest_route=%2Fwp%2Fv2%2Fproduct_tag&post=7723"}],"curies":[{"name":"wp","href":"https:\/\/api.w.org\/{rel}","templated":true}]}}