{"id":7755,"date":"2021-07-29T19:28:47","date_gmt":"2021-07-29T16:28:47","guid":{"rendered":"https:\/\/www.duunauspalvelutjarvi.fi\/?post_type=product&#038;p=7755"},"modified":"2021-07-29T19:28:50","modified_gmt":"2021-07-29T16:28:50","slug":"ledxon-12v-3w-e14-led-valkoinen","status":"publish","type":"product","link":"https:\/\/www.duunauspalvelutjarvi.fi\/?product=ledxon-12v-3w-e14-led-valkoinen","title":{"rendered":"Ledxon 12v 3W E14 led valkoinen"},"content":{"rendered":"<div class=\"row\">\n<div class=\"col-12 col-lg-10\">\n<div class=\"ProductPageContent__description\">\n<div class=\"WysiwygContent\">Ledxon E14-kantainen 12V 4W LED-polttimo. 50-kertainen k\u00e4ytt\u00f6ik\u00e4 verrattuna hehkulamppuihin.<br \/>\nLED-polttimo tuottaa kymmenkertaisen valotehon tavalliseen polttimoon verrattuna.<br \/>\nLis\u00e4ksi se kuluttaa v\u00e4h\u00e4n energiaa ja s\u00e4\u00e4st\u00e4\u00e4 s\u00e4hk\u00f6\u00e4.<br \/>\nErinomainen valinta mm. m\u00f6kin tai veneen valaistukseen 12 voltin s\u00e4hk\u00f6j\u00e4rjestelm\u00e4\u00e4n.<\/p>\n<p>Tekniset tiedot:<\/p>\n<p>&#8211; Teho: 4 W<\/p>\n<p>&#8211; J\u00e4nnite: 12 V<\/p>\n<p>&#8211; Lamppukanta: E14<\/p>\n<p>&#8211; LEDien m\u00e4\u00e4r\u00e4: 9 SMD<\/p>\n<p>&#8211; Heijastimen halkaisija: 45 mm<\/p>\n<p>&#8211; V\u00e4ril\u00e4mp\u00f6tila: 3000 K<\/p>\n<p>&#8211; Valovirta: 300 lm<\/p>\n<p>&#8211; Elinik\u00e4: n. 50 000 tuntia<\/p><\/div>\n<\/div>\n<\/div>\n<div class=\"ProductPageContent__description-details col-sm-12 col-lg-2\">\n<div>\n<h6>Lis\u00e4tiedot<\/h6>\n<div>\n<div class=\"ProductExtraInfo ProductExtraInfo--short-list ProductExtraInfo--single-column\">\n<ul class=\"inline-dot\">\n<li>Tuotekoodi:\u00a06430057540565<\/li>\n<li>EAN: 6430057540565<\/li>\n<li>Paino:\u00a00.58 kg<\/li>\n<\/ul>\n<\/div>\n<\/div>\n<\/div>\n<\/div>\n<\/div>\n<div class=\"row\"><\/div>\n","protected":false},"excerpt":{"rendered":"<p>Ledxon E14-kantainen 12V 4W LED-polttimo. 50-kertainen k\u00e4ytt\u00f6ik\u00e4 verrattuna hehkulamppuihin. LED-polttimo tuottaa kymmenkertaisen valotehon tavalliseen polttimoon verrattuna. Lis\u00e4ksi se kuluttaa v\u00e4h\u00e4n energiaa ja s\u00e4\u00e4st\u00e4\u00e4 s\u00e4hk\u00f6\u00e4. Erinomainen valinta mm. m\u00f6kin tai veneen valaistukseen 12 voltin s\u00e4hk\u00f6j\u00e4rjestelm\u00e4\u00e4n. Tekniset tiedot: &#8211; Teho: 4 W &#8211; J\u00e4nnite: 12 V &#8211; Lamppukanta: E14 &#8211; LEDien m\u00e4\u00e4r\u00e4: 9 SMD &#8211; Heijastimen halkaisija: [&hellip;]<\/p>\n","protected":false},"featured_media":0,"comment_status":"open","ping_status":"closed","template":"","meta":[],"product_brand":[],"product_cat":[498],"product_tag":[],"class_list":{"0":"post-7755","1":"product","2":"type-product","3":"status-publish","5":"product_cat-12v-polttimot-ja-lamput","7":"first","8":"instock","9":"taxable","10":"shipping-taxable","11":"purchasable","12":"product-type-simple"},"yoast_head":"<!-- This site is optimized with the Yoast SEO plugin v27.3 - https:\/\/yoast.com\/product\/yoast-seo-wordpress\/ -->\n<title>Ledxon 12v 3W E14 led valkoinen -<\/title>\n<meta name=\"robots\" content=\"index, follow, max-snippet:-1, max-image-preview:large, max-video-preview:-1\" \/>\n<link rel=\"canonical\" href=\"https:\/\/www.duunauspalvelutjarvi.fi\/?product=ledxon-12v-3w-e14-led-valkoinen\" \/>\n<meta property=\"og:locale\" content=\"fi_FI\" \/>\n<meta property=\"og:type\" content=\"article\" \/>\n<meta property=\"og:title\" content=\"Ledxon 12v 3W E14 led valkoinen -\" \/>\n<meta property=\"og:description\" content=\"Ledxon E14-kantainen 12V 4W LED-polttimo. 50-kertainen k\u00e4ytt\u00f6ik\u00e4 verrattuna hehkulamppuihin. LED-polttimo tuottaa kymmenkertaisen valotehon tavalliseen polttimoon verrattuna. Lis\u00e4ksi se kuluttaa v\u00e4h\u00e4n energiaa ja s\u00e4\u00e4st\u00e4\u00e4 s\u00e4hk\u00f6\u00e4. Erinomainen valinta mm. m\u00f6kin tai veneen valaistukseen 12 voltin s\u00e4hk\u00f6j\u00e4rjestelm\u00e4\u00e4n. Tekniset tiedot: &#8211; Teho: 4 W &#8211; J\u00e4nnite: 12 V &#8211; Lamppukanta: E14 &#8211; LEDien m\u00e4\u00e4r\u00e4: 9 SMD &#8211; Heijastimen halkaisija: [&hellip;]\" \/>\n<meta property=\"og:url\" content=\"https:\/\/www.duunauspalvelutjarvi.fi\/?product=ledxon-12v-3w-e14-led-valkoinen\" \/>\n<meta property=\"article:modified_time\" content=\"2021-07-29T16:28:50+00:00\" \/>\n<meta name=\"twitter:card\" content=\"summary_large_image\" \/>\n<script type=\"application\/ld+json\" class=\"yoast-schema-graph\">{\"@context\":\"https:\\\/\\\/schema.org\",\"@graph\":[{\"@type\":\"WebPage\",\"@id\":\"https:\\\/\\\/www.duunauspalvelutjarvi.fi\\\/?product=ledxon-12v-3w-e14-led-valkoinen\",\"url\":\"https:\\\/\\\/www.duunauspalvelutjarvi.fi\\\/?product=ledxon-12v-3w-e14-led-valkoinen\",\"name\":\"Ledxon 12v 3W E14 led valkoinen -\",\"isPartOf\":{\"@id\":\"https:\\\/\\\/www.duunauspalvelutjarvi.fi\\\/#website\"},\"datePublished\":\"2021-07-29T16:28:47+00:00\",\"dateModified\":\"2021-07-29T16:28:50+00:00\",\"breadcrumb\":{\"@id\":\"https:\\\/\\\/www.duunauspalvelutjarvi.fi\\\/?product=ledxon-12v-3w-e14-led-valkoinen#breadcrumb\"},\"inLanguage\":\"fi\",\"potentialAction\":[{\"@type\":\"ReadAction\",\"target\":[\"https:\\\/\\\/www.duunauspalvelutjarvi.fi\\\/?product=ledxon-12v-3w-e14-led-valkoinen\"]}]},{\"@type\":\"BreadcrumbList\",\"@id\":\"https:\\\/\\\/www.duunauspalvelutjarvi.fi\\\/?product=ledxon-12v-3w-e14-led-valkoinen#breadcrumb\",\"itemListElement\":[{\"@type\":\"ListItem\",\"position\":1,\"name\":\"Etusivu\",\"item\":\"https:\\\/\\\/www.duunauspalvelutjarvi.fi\\\/\"},{\"@type\":\"ListItem\",\"position\":2,\"name\":\"Etusivu\",\"item\":\"https:\\\/\\\/www.duunauspalvelutjarvi.fi\\\/\"},{\"@type\":\"ListItem\",\"position\":3,\"name\":\"Ledxon 12v 3W E14 led valkoinen\"}]},{\"@type\":\"WebSite\",\"@id\":\"https:\\\/\\\/www.duunauspalvelutjarvi.fi\\\/#website\",\"url\":\"https:\\\/\\\/www.duunauspalvelutjarvi.fi\\\/\",\"name\":\"\",\"description\":\"\",\"potentialAction\":[{\"@type\":\"SearchAction\",\"target\":{\"@type\":\"EntryPoint\",\"urlTemplate\":\"https:\\\/\\\/www.duunauspalvelutjarvi.fi\\\/?s={search_term_string}\"},\"query-input\":{\"@type\":\"PropertyValueSpecification\",\"valueRequired\":true,\"valueName\":\"search_term_string\"}}],\"inLanguage\":\"fi\"}]}<\/script>\n<!-- \/ Yoast SEO plugin. -->","yoast_head_json":{"title":"Ledxon 12v 3W E14 led valkoinen -","robots":{"index":"index","follow":"follow","max-snippet":"max-snippet:-1","max-image-preview":"max-image-preview:large","max-video-preview":"max-video-preview:-1"},"canonical":"https:\/\/www.duunauspalvelutjarvi.fi\/?product=ledxon-12v-3w-e14-led-valkoinen","og_locale":"fi_FI","og_type":"article","og_title":"Ledxon 12v 3W E14 led valkoinen -","og_description":"Ledxon E14-kantainen 12V 4W LED-polttimo. 50-kertainen k\u00e4ytt\u00f6ik\u00e4 verrattuna hehkulamppuihin. LED-polttimo tuottaa kymmenkertaisen valotehon tavalliseen polttimoon verrattuna. Lis\u00e4ksi se kuluttaa v\u00e4h\u00e4n energiaa ja s\u00e4\u00e4st\u00e4\u00e4 s\u00e4hk\u00f6\u00e4. Erinomainen valinta mm. m\u00f6kin tai veneen valaistukseen 12 voltin s\u00e4hk\u00f6j\u00e4rjestelm\u00e4\u00e4n. Tekniset tiedot: &#8211; Teho: 4 W &#8211; J\u00e4nnite: 12 V &#8211; Lamppukanta: E14 &#8211; LEDien m\u00e4\u00e4r\u00e4: 9 SMD &#8211; Heijastimen halkaisija: [&hellip;]","og_url":"https:\/\/www.duunauspalvelutjarvi.fi\/?product=ledxon-12v-3w-e14-led-valkoinen","article_modified_time":"2021-07-29T16:28:50+00:00","twitter_card":"summary_large_image","schema":{"@context":"https:\/\/schema.org","@graph":[{"@type":"WebPage","@id":"https:\/\/www.duunauspalvelutjarvi.fi\/?product=ledxon-12v-3w-e14-led-valkoinen","url":"https:\/\/www.duunauspalvelutjarvi.fi\/?product=ledxon-12v-3w-e14-led-valkoinen","name":"Ledxon 12v 3W E14 led valkoinen -","isPartOf":{"@id":"https:\/\/www.duunauspalvelutjarvi.fi\/#website"},"datePublished":"2021-07-29T16:28:47+00:00","dateModified":"2021-07-29T16:28:50+00:00","breadcrumb":{"@id":"https:\/\/www.duunauspalvelutjarvi.fi\/?product=ledxon-12v-3w-e14-led-valkoinen#breadcrumb"},"inLanguage":"fi","potentialAction":[{"@type":"ReadAction","target":["https:\/\/www.duunauspalvelutjarvi.fi\/?product=ledxon-12v-3w-e14-led-valkoinen"]}]},{"@type":"BreadcrumbList","@id":"https:\/\/www.duunauspalvelutjarvi.fi\/?product=ledxon-12v-3w-e14-led-valkoinen#breadcrumb","itemListElement":[{"@type":"ListItem","position":1,"name":"Etusivu","item":"https:\/\/www.duunauspalvelutjarvi.fi\/"},{"@type":"ListItem","position":2,"name":"Etusivu","item":"https:\/\/www.duunauspalvelutjarvi.fi\/"},{"@type":"ListItem","position":3,"name":"Ledxon 12v 3W E14 led valkoinen"}]},{"@type":"WebSite","@id":"https:\/\/www.duunauspalvelutjarvi.fi\/#website","url":"https:\/\/www.duunauspalvelutjarvi.fi\/","name":"","description":"","potentialAction":[{"@type":"SearchAction","target":{"@type":"EntryPoint","urlTemplate":"https:\/\/www.duunauspalvelutjarvi.fi\/?s={search_term_string}"},"query-input":{"@type":"PropertyValueSpecification","valueRequired":true,"valueName":"search_term_string"}}],"inLanguage":"fi"}]}},"jetpack_sharing_enabled":true,"_links":{"self":[{"href":"https:\/\/www.duunauspalvelutjarvi.fi\/index.php?rest_route=\/wp\/v2\/product\/7755","targetHints":{"allow":["GET"]}}],"collection":[{"href":"https:\/\/www.duunauspalvelutjarvi.fi\/index.php?rest_route=\/wp\/v2\/product"}],"about":[{"href":"https:\/\/www.duunauspalvelutjarvi.fi\/index.php?rest_route=\/wp\/v2\/types\/product"}],"replies":[{"embeddable":true,"href":"https:\/\/www.duunauspalvelutjarvi.fi\/index.php?rest_route=%2Fwp%2Fv2%2Fcomments&post=7755"}],"wp:attachment":[{"href":"https:\/\/www.duunauspalvelutjarvi.fi\/index.php?rest_route=%2Fwp%2Fv2%2Fmedia&parent=7755"}],"wp:term":[{"taxonomy":"product_brand","embeddable":true,"href":"https:\/\/www.duunauspalvelutjarvi.fi\/index.php?rest_route=%2Fwp%2Fv2%2Fproduct_brand&post=7755"},{"taxonomy":"product_cat","embeddable":true,"href":"https:\/\/www.duunauspalvelutjarvi.fi\/index.php?rest_route=%2Fwp%2Fv2%2Fproduct_cat&post=7755"},{"taxonomy":"product_tag","embeddable":true,"href":"https:\/\/www.duunauspalvelutjarvi.fi\/index.php?rest_route=%2Fwp%2Fv2%2Fproduct_tag&post=7755"}],"curies":[{"name":"wp","href":"https:\/\/api.w.org\/{rel}","templated":true}]}}