{"id":8440,"date":"2021-08-03T23:25:33","date_gmt":"2021-08-03T20:25:33","guid":{"rendered":"https:\/\/www.duunauspalvelutjarvi.fi\/?post_type=product&#038;p=8440"},"modified":"2021-09-04T23:08:06","modified_gmt":"2021-09-04T20:08:06","slug":"dahua-4x-wifi-fullhd-kameraa-ja-verkkotallennin","status":"publish","type":"product","link":"https:\/\/www.duunauspalvelutjarvi.fi\/?product=dahua-4x-wifi-fullhd-kameraa-ja-verkkotallennin","title":{"rendered":"Dahua 4x WiFi FullHD+ kameraa ja verkkotallennin"},"content":{"rendered":"<div class=\"ev-product-description\">\n<p>Dahuan huippulaadukas langaton valvontakameraj\u00e4rjestelm\u00e4 nelj\u00e4ll\u00e4 FullHD+ tarkkuutta kuvaavalla WiFi-kameralla ja WiFi-verkkovideotallentimella. Ammattitason valvontakameraj\u00e4rjestelm\u00e4 ilman piuhoja ja hankalaa asennusty\u00f6t\u00e4. Maailman johtaviin valvontakameravalmistajiin kuuluvan Dahuan laitteet tunnetaan erinomaisesta kest\u00e4vyydest\u00e4, toimintavarmuudesta ja tietoturvasta. Annammekin t\u00e4lle valvontakameraj\u00e4rjestelm\u00e4lle 3 vuoden takuun!<\/p>\n<p>Kameroissa on 2,8mm linssi, 2304&#215;1296 resoluutio, 100\u00b0 laajakulma ja ammattitason \u00e4lyvalvontaominaisuudet. \u00a0Kamerat ovat t\u00e4ysin vedenpit\u00e4vi\u00e4 (IP67-suojaus) ja kest\u00e4v\u00e4t jopa salamaniskut (6kV salamasuojaus). Kameroiden 24 IR-ledi\u00e4 valaisevat pime\u00e4ss\u00e4 30 metriin saakka. J\u00e4rjestelm\u00e4 tukee liiketunnistustallennusta ja voit itse asettaa kuvaan alueet, joilla haluat liiketunnistuksen h\u00e4lytt\u00e4v\u00e4n. Dahuan oman mobiilisovelluksen ja PC-ohjelmiston kautta saat monipuoliset \u00e4lyvalvontaominaisuudet k\u00e4ytt\u00f6\u00f6si ilmaiseksi. PC-sovelluksessa on my\u00f6s suomenkieli valittavana. Sovelluksien kautta n\u00e4et helposti mit\u00e4 kotonasi tapahtuu ja katsot tallenteita paikasta riippumatta. Tallenteiden katselu onnistuu my\u00f6s suoraan internetselaimen kautta.<\/p>\n<p>Asenna vain\u00a0kiintolevy\u00a0(osta lis\u00e4tarvikkeena) ja sinulla on k\u00e4ytt\u00f6valmis valvontakameraj\u00e4rjestelm\u00e4, jota voit k\u00e4ytt\u00e4\u00e4 kytkettyn\u00e4 tietokoneeseen tai kytkettyn\u00e4 erilliseen n\u00e4ytt\u00f6\u00f6n, niin sinulla on toimiva kokonaisuus. Paketin mukana tulee hiiri tallentimen k\u00e4ytt\u00f6\u00e4 varten erillisen monitorin kautta.<\/p>\n<p>Voit nukkua y\u00f6si luottavaisin mielen tiet\u00e4en, ett\u00e4 h\u00e4lytykset toimivat luotettavasti ja omaisuutesi on turvassa. Kameroidesi livekuvaan ja nauhoituksiisi ei varmasti p\u00e4\u00e4se ulkopuoliset k\u00e4siksi. Dahuaan luottavat niin suuryritykset kuin valtionhallinnot ymp\u00e4ri maailman, joten mik\u00e4 olisikaan parempi valinta pit\u00e4m\u00e4\u00e4n perheesi ja omaisuutesi turvassa.<\/p>\n<\/div>\n<div class=\"ev-product-specs\">\n<h3>Tekniset tiedot:<\/h3>\n<div>\n<ul>\n<li>Kamerat\u00a0IPC-HFW1320S-W 3MP\n<ul>\n<li>Sensori: 3MP CMOS keno<\/li>\n<li>Resoluutio: 2304&#215;1296<\/li>\n<li>2,8 mm 100\u00b0 laajakulma linssi<\/li>\n<li>Pime\u00e4kuvaus:\n<ul>\n<li>24 IR LEDi\u00e4<\/li>\n<li>30m kantavuus<\/li>\n<\/ul>\n<\/li>\n<li>Muistikorttituki: <a href=\"https:\/\/www.duunauspalvelutjarvi.fi\/?product_cat=muistikortit\"><span style=\"color: #0000ff;\">MicroSD<\/span> (<span style=\"color: #ff0000;\">max. 128GB, osta lis\u00e4tarvikkeena<\/span>)<\/a><\/li>\n<li>Dahuan monipuoliset ohjelmistot\n<ul>\n<li>Mobiilisovellukset: Dahua IDMSS\/GDMSS<\/li>\n<li>PC-sovellut: SmartPSS (my\u00f6s suomenkielisen\u00e4), Easy4ip<\/li>\n<\/ul>\n<\/li>\n<li>Tuetut standardit: ONVIF, PSIA, CGI<\/li>\n<li>Tuetut protokollat: http,HTTPs,TCP,ARP,RTSP,RTP,UDP,SMTP,FTP, DHCP,DNS,DDNS,IPv4\/v6,QoS,UPnP,NTP, Bonjour,Multicast,ICMP,IGMP<\/li>\n<li>264-pakkaus<\/li>\n<li>Suojaus:\n<ul>\n<li>IP-67-suojaus, vedenpit\u00e4v\u00e4<\/li>\n<li>Salamaniskuilta suojattu aina 6kV asti<\/li>\n<li>Siet\u00e4\u00e4 \u00b110% j\u00e4nnitteenvaihtelua, joten toimii my\u00f6s ep\u00e4vakaissa s\u00e4hk\u00f6verkoissa<\/li>\n<li>K\u00e4ytt\u00f6l\u00e4mp\u00f6tila: -20\u00b0 C ~ +50\u00b0 C<\/li>\n<\/ul>\n<\/li>\n<li>WiFi: IEEE802.11 b\/g\/n<\/li>\n<li>WiFin kantavuus: 50m<\/li>\n<li>Virta: 12DC\n<ul>\n<li>Virrankulutus: max. 4.4W<\/li>\n<\/ul>\n<\/li>\n<li>Ulkomitat: 164,7 x 70 mm<\/li>\n<li>Paino: 430g<\/li>\n<\/ul>\n<\/li>\n<\/ul>\n<p>Verkkovideotallennin\u00a0DHI-NVR2104HS-W-4KS2<\/p>\n<ul>\n<li>Prosessori: Dual-core embedded processor<\/li>\n<li>K\u00e4ytt\u00f6j\u00e4rjestelm\u00e4: LINUX<\/li>\n<li>Kanavat: 4 kanavaa<\/li>\n<li>Liit\u00e4nn\u00e4t monitorille: 1 HDMI, 1 VGA<\/li>\n<li>Pakatun videon purkaminen: 1ch@8MP 30fps, 4ch@1080P 30fps<\/li>\n<li>N\u00e4yt\u00f6njako: 1 tai 4 kameran kuva monitorilla samanaikaisesti<\/li>\n<li>Pakkaus: H.265+\/H.264+\/H.265\/H.264<\/li>\n<li>Tuettu kameran resoluutio: 8MP\/6MP\/5MP\/4MP\/3MP\/1080P\/720P\/D1<\/li>\n<li>Tallennuksen bitrate: max 80Mbps<\/li>\n<li>Tallennustilat: jatkuva, ajastettu, liiketallennus<\/li>\n<li>Tukee 396 k\u00e4ytt\u00e4j\u00e4n m\u00e4\u00e4rittelem\u00e4\u00e4 liikkeentunnistusaluetta<\/li>\n<li>Tukee varmuuskopiointia USBn kautta tai internetin v\u00e4lityksell\u00e4 esim. pilvipalveluun<\/li>\n<li>Yhteensopivuus muiden valmistajien kameroihin:<\/li>\n<li>Arecont Vision, AXIS, Brickcom, Canon,<\/li>\n<li>CP Plus, Dynacolor, Honeywell, Panasonic, Pelco,<\/li>\n<li>Samsung, Sanyo, Sony, Videotec ym.<\/li>\n<li>Internetliit\u00e4nt\u00e4: 1 x RJ-45 port (10\/100Mbps)<\/li>\n<li>WiFi: IEEE802.11b\/g\/n(2.4GHz)<\/li>\n<li>Tuetut protokollat:<\/li>\n<li>HTTP\/HTTPS, TCP\/IP, IPv4\/IPv6, RTSP, UDP, NTP,<\/li>\n<li>DHCP, DNS, IP Filter, DDNS, IP haku (Dahua<\/li>\n<li>IP camera, DVR, NVS yms.), P2P<\/li>\n<li>Maksimik\u00e4ytt\u00e4j\u00e4m\u00e4\u00e4r\u00e4: 128<\/li>\n<li>Mobiilisovellus:\n<ul>\n<li>Dahua IDMSS\/GDMSS<\/li>\n<\/ul>\n<\/li>\n<li>PC-sovellus:\n<ul>\n<li>Dahua SmartPSS<\/li>\n<\/ul>\n<\/li>\n<li>Yhteensopivuus: iPhone, iPad, Android -laitteet<\/li>\n<li>Yhteensopivuus laitestandardeihin: ONVIF 2.4, SDK, CGI<\/li>\n<li>Kiintolevypaikka: 1x HDD max. 4TB (<a href=\"https:\/\/www.duunauspalvelutjarvi.fi\/?product_cat=sata-levyt\"><span style=\"color: #ff0000;\">Kiintolevy ei sis\u00e4lly pakettiin osta se T\u00c4\u00c4LT\u00c4<\/span><\/a>)<\/li>\n<li>Kuulokeliit\u00e4nt\u00e4: 3.5mm<\/li>\n<li>2 x USB2.0<\/li>\n<li>Virta: DC12V\/2A\n<ul>\n<li>Virrankulutus &lt; 6.6W (ilman kiintolevy\u00e4)<\/li>\n<\/ul>\n<\/li>\n<li>K\u00e4ytt\u00f6l\u00e4mp\u00f6tila: 0\u00b0C ~ +40\u00b0C , 86 ~ 106kpa<\/li>\n<li>Ulkomitat: 226mm\u00d7226.9mm\u00d740.4mm<\/li>\n<li>Paino: 1.3 kg (ilman kiintolevy\u00e4)<\/li>\n<\/ul>\n<\/div>\n<\/div>\n<div class=\"ev-product-package\">\n<h3>Paketin tiedot:<\/h3>\n<div>\n<ul>\n<li>1 x Dahua WiFi verkkotallennin<\/li>\n<li>4 x Dahua 3MP WiFi kamera<\/li>\n<li>1 x Virta-adapteri<\/li>\n<li>1 x Hiiri<\/li>\n<li>1 x Asennuskaapelit<\/li>\n<li>1 x K\u00e4ytt\u00f6ohjeet<\/li>\n<\/ul>\n<\/div>\n<\/div>\n","protected":false},"excerpt":{"rendered":"<p>Dahuan huippulaadukas langaton valvontakameraj\u00e4rjestelm\u00e4 nelj\u00e4ll\u00e4 FullHD+ tarkkuutta kuvaavalla WiFi-kameralla ja WiFi-verkkovideotallentimella. Ammattitason valvontakameraj\u00e4rjestelm\u00e4 ilman piuhoja ja hankalaa asennusty\u00f6t\u00e4. Maailman johtaviin valvontakameravalmistajiin kuuluvan Dahuan laitteet tunnetaan erinomaisesta kest\u00e4vyydest\u00e4, toimintavarmuudesta ja tietoturvasta. Annammekin t\u00e4lle valvontakameraj\u00e4rjestelm\u00e4lle 3 vuoden takuun! Kameroissa on 2,8mm linssi, 2304&#215;1296 resoluutio, 100\u00b0 laajakulma ja ammattitason \u00e4lyvalvontaominaisuudet. \u00a0Kamerat ovat t\u00e4ysin vedenpit\u00e4vi\u00e4 (IP67-suojaus) ja kest\u00e4v\u00e4t jopa [&hellip;]<\/p>\n","protected":false},"featured_media":0,"comment_status":"open","ping_status":"closed","template":"","meta":[],"product_brand":[],"product_cat":[547],"product_tag":[],"class_list":{"0":"post-8440","1":"product","2":"type-product","3":"status-publish","5":"product_cat-valvontajarjestelmat","7":"first","8":"instock","9":"taxable","10":"shipping-taxable","11":"purchasable","12":"product-type-simple"},"yoast_head":"<!-- This site is optimized with the Yoast SEO plugin v27.4 - https:\/\/yoast.com\/product\/yoast-seo-wordpress\/ -->\n<title>Dahua 4x WiFi FullHD+ kameraa ja verkkotallennin -<\/title>\n<meta name=\"robots\" content=\"index, follow, max-snippet:-1, max-image-preview:large, max-video-preview:-1\" \/>\n<link rel=\"canonical\" href=\"https:\/\/www.duunauspalvelutjarvi.fi\/?product=dahua-4x-wifi-fullhd-kameraa-ja-verkkotallennin\" \/>\n<meta property=\"og:locale\" content=\"fi_FI\" \/>\n<meta property=\"og:type\" content=\"article\" \/>\n<meta property=\"og:title\" content=\"Dahua 4x WiFi FullHD+ kameraa ja verkkotallennin -\" \/>\n<meta property=\"og:description\" content=\"Dahuan huippulaadukas langaton valvontakameraj\u00e4rjestelm\u00e4 nelj\u00e4ll\u00e4 FullHD+ tarkkuutta kuvaavalla WiFi-kameralla ja WiFi-verkkovideotallentimella. Ammattitason valvontakameraj\u00e4rjestelm\u00e4 ilman piuhoja ja hankalaa asennusty\u00f6t\u00e4. Maailman johtaviin valvontakameravalmistajiin kuuluvan Dahuan laitteet tunnetaan erinomaisesta kest\u00e4vyydest\u00e4, toimintavarmuudesta ja tietoturvasta. Annammekin t\u00e4lle valvontakameraj\u00e4rjestelm\u00e4lle 3 vuoden takuun! Kameroissa on 2,8mm linssi, 2304&#215;1296 resoluutio, 100\u00b0 laajakulma ja ammattitason \u00e4lyvalvontaominaisuudet. \u00a0Kamerat ovat t\u00e4ysin vedenpit\u00e4vi\u00e4 (IP67-suojaus) ja kest\u00e4v\u00e4t jopa [&hellip;]\" \/>\n<meta property=\"og:url\" content=\"https:\/\/www.duunauspalvelutjarvi.fi\/?product=dahua-4x-wifi-fullhd-kameraa-ja-verkkotallennin\" \/>\n<meta property=\"article:modified_time\" content=\"2021-09-04T20:08:06+00:00\" \/>\n<meta name=\"twitter:card\" content=\"summary_large_image\" \/>\n<meta name=\"twitter:label1\" content=\"Arvioitu lukuaika\" \/>\n\t<meta name=\"twitter:data1\" content=\"3 minuuttia\" \/>\n<script type=\"application\/ld+json\" class=\"yoast-schema-graph\">{\"@context\":\"https:\\\/\\\/schema.org\",\"@graph\":[{\"@type\":\"WebPage\",\"@id\":\"https:\\\/\\\/www.duunauspalvelutjarvi.fi\\\/?product=dahua-4x-wifi-fullhd-kameraa-ja-verkkotallennin\",\"url\":\"https:\\\/\\\/www.duunauspalvelutjarvi.fi\\\/?product=dahua-4x-wifi-fullhd-kameraa-ja-verkkotallennin\",\"name\":\"Dahua 4x WiFi FullHD+ kameraa ja verkkotallennin -\",\"isPartOf\":{\"@id\":\"https:\\\/\\\/www.duunauspalvelutjarvi.fi\\\/#website\"},\"datePublished\":\"2021-08-03T20:25:33+00:00\",\"dateModified\":\"2021-09-04T20:08:06+00:00\",\"breadcrumb\":{\"@id\":\"https:\\\/\\\/www.duunauspalvelutjarvi.fi\\\/?product=dahua-4x-wifi-fullhd-kameraa-ja-verkkotallennin#breadcrumb\"},\"inLanguage\":\"fi\",\"potentialAction\":[{\"@type\":\"ReadAction\",\"target\":[\"https:\\\/\\\/www.duunauspalvelutjarvi.fi\\\/?product=dahua-4x-wifi-fullhd-kameraa-ja-verkkotallennin\"]}]},{\"@type\":\"BreadcrumbList\",\"@id\":\"https:\\\/\\\/www.duunauspalvelutjarvi.fi\\\/?product=dahua-4x-wifi-fullhd-kameraa-ja-verkkotallennin#breadcrumb\",\"itemListElement\":[{\"@type\":\"ListItem\",\"position\":1,\"name\":\"Etusivu\",\"item\":\"https:\\\/\\\/www.duunauspalvelutjarvi.fi\\\/\"},{\"@type\":\"ListItem\",\"position\":2,\"name\":\"Etusivu\",\"item\":\"https:\\\/\\\/www.duunauspalvelutjarvi.fi\\\/\"},{\"@type\":\"ListItem\",\"position\":3,\"name\":\"Dahua 4x WiFi FullHD+ kameraa ja verkkotallennin\"}]},{\"@type\":\"WebSite\",\"@id\":\"https:\\\/\\\/www.duunauspalvelutjarvi.fi\\\/#website\",\"url\":\"https:\\\/\\\/www.duunauspalvelutjarvi.fi\\\/\",\"name\":\"\",\"description\":\"\",\"potentialAction\":[{\"@type\":\"SearchAction\",\"target\":{\"@type\":\"EntryPoint\",\"urlTemplate\":\"https:\\\/\\\/www.duunauspalvelutjarvi.fi\\\/?s={search_term_string}\"},\"query-input\":{\"@type\":\"PropertyValueSpecification\",\"valueRequired\":true,\"valueName\":\"search_term_string\"}}],\"inLanguage\":\"fi\"}]}<\/script>\n<!-- \/ Yoast SEO plugin. -->","yoast_head_json":{"title":"Dahua 4x WiFi FullHD+ kameraa ja verkkotallennin -","robots":{"index":"index","follow":"follow","max-snippet":"max-snippet:-1","max-image-preview":"max-image-preview:large","max-video-preview":"max-video-preview:-1"},"canonical":"https:\/\/www.duunauspalvelutjarvi.fi\/?product=dahua-4x-wifi-fullhd-kameraa-ja-verkkotallennin","og_locale":"fi_FI","og_type":"article","og_title":"Dahua 4x WiFi FullHD+ kameraa ja verkkotallennin -","og_description":"Dahuan huippulaadukas langaton valvontakameraj\u00e4rjestelm\u00e4 nelj\u00e4ll\u00e4 FullHD+ tarkkuutta kuvaavalla WiFi-kameralla ja WiFi-verkkovideotallentimella. Ammattitason valvontakameraj\u00e4rjestelm\u00e4 ilman piuhoja ja hankalaa asennusty\u00f6t\u00e4. Maailman johtaviin valvontakameravalmistajiin kuuluvan Dahuan laitteet tunnetaan erinomaisesta kest\u00e4vyydest\u00e4, toimintavarmuudesta ja tietoturvasta. Annammekin t\u00e4lle valvontakameraj\u00e4rjestelm\u00e4lle 3 vuoden takuun! Kameroissa on 2,8mm linssi, 2304&#215;1296 resoluutio, 100\u00b0 laajakulma ja ammattitason \u00e4lyvalvontaominaisuudet. \u00a0Kamerat ovat t\u00e4ysin vedenpit\u00e4vi\u00e4 (IP67-suojaus) ja kest\u00e4v\u00e4t jopa [&hellip;]","og_url":"https:\/\/www.duunauspalvelutjarvi.fi\/?product=dahua-4x-wifi-fullhd-kameraa-ja-verkkotallennin","article_modified_time":"2021-09-04T20:08:06+00:00","twitter_card":"summary_large_image","twitter_misc":{"Arvioitu lukuaika":"3 minuuttia"},"schema":{"@context":"https:\/\/schema.org","@graph":[{"@type":"WebPage","@id":"https:\/\/www.duunauspalvelutjarvi.fi\/?product=dahua-4x-wifi-fullhd-kameraa-ja-verkkotallennin","url":"https:\/\/www.duunauspalvelutjarvi.fi\/?product=dahua-4x-wifi-fullhd-kameraa-ja-verkkotallennin","name":"Dahua 4x WiFi FullHD+ kameraa ja verkkotallennin -","isPartOf":{"@id":"https:\/\/www.duunauspalvelutjarvi.fi\/#website"},"datePublished":"2021-08-03T20:25:33+00:00","dateModified":"2021-09-04T20:08:06+00:00","breadcrumb":{"@id":"https:\/\/www.duunauspalvelutjarvi.fi\/?product=dahua-4x-wifi-fullhd-kameraa-ja-verkkotallennin#breadcrumb"},"inLanguage":"fi","potentialAction":[{"@type":"ReadAction","target":["https:\/\/www.duunauspalvelutjarvi.fi\/?product=dahua-4x-wifi-fullhd-kameraa-ja-verkkotallennin"]}]},{"@type":"BreadcrumbList","@id":"https:\/\/www.duunauspalvelutjarvi.fi\/?product=dahua-4x-wifi-fullhd-kameraa-ja-verkkotallennin#breadcrumb","itemListElement":[{"@type":"ListItem","position":1,"name":"Etusivu","item":"https:\/\/www.duunauspalvelutjarvi.fi\/"},{"@type":"ListItem","position":2,"name":"Etusivu","item":"https:\/\/www.duunauspalvelutjarvi.fi\/"},{"@type":"ListItem","position":3,"name":"Dahua 4x WiFi FullHD+ kameraa ja verkkotallennin"}]},{"@type":"WebSite","@id":"https:\/\/www.duunauspalvelutjarvi.fi\/#website","url":"https:\/\/www.duunauspalvelutjarvi.fi\/","name":"","description":"","potentialAction":[{"@type":"SearchAction","target":{"@type":"EntryPoint","urlTemplate":"https:\/\/www.duunauspalvelutjarvi.fi\/?s={search_term_string}"},"query-input":{"@type":"PropertyValueSpecification","valueRequired":true,"valueName":"search_term_string"}}],"inLanguage":"fi"}]}},"jetpack_sharing_enabled":true,"_links":{"self":[{"href":"https:\/\/www.duunauspalvelutjarvi.fi\/index.php?rest_route=\/wp\/v2\/product\/8440","targetHints":{"allow":["GET"]}}],"collection":[{"href":"https:\/\/www.duunauspalvelutjarvi.fi\/index.php?rest_route=\/wp\/v2\/product"}],"about":[{"href":"https:\/\/www.duunauspalvelutjarvi.fi\/index.php?rest_route=\/wp\/v2\/types\/product"}],"replies":[{"embeddable":true,"href":"https:\/\/www.duunauspalvelutjarvi.fi\/index.php?rest_route=%2Fwp%2Fv2%2Fcomments&post=8440"}],"wp:attachment":[{"href":"https:\/\/www.duunauspalvelutjarvi.fi\/index.php?rest_route=%2Fwp%2Fv2%2Fmedia&parent=8440"}],"wp:term":[{"taxonomy":"product_brand","embeddable":true,"href":"https:\/\/www.duunauspalvelutjarvi.fi\/index.php?rest_route=%2Fwp%2Fv2%2Fproduct_brand&post=8440"},{"taxonomy":"product_cat","embeddable":true,"href":"https:\/\/www.duunauspalvelutjarvi.fi\/index.php?rest_route=%2Fwp%2Fv2%2Fproduct_cat&post=8440"},{"taxonomy":"product_tag","embeddable":true,"href":"https:\/\/www.duunauspalvelutjarvi.fi\/index.php?rest_route=%2Fwp%2Fv2%2Fproduct_tag&post=8440"}],"curies":[{"name":"wp","href":"https:\/\/api.w.org\/{rel}","templated":true}]}}