{"id":8453,"date":"2021-08-03T23:47:50","date_gmt":"2021-08-03T20:47:50","guid":{"rendered":"https:\/\/www.duunauspalvelutjarvi.fi\/?post_type=product&#038;p=8453"},"modified":"2021-08-04T00:04:02","modified_gmt":"2021-08-03T21:04:02","slug":"alykas-kodin-valvontajarjestelma","status":"publish","type":"product","link":"https:\/\/www.duunauspalvelutjarvi.fi\/?product=alykas-kodin-valvontajarjestelma","title":{"rendered":"\u00c4lyk\u00e4s kodin valvontaj\u00e4rjestelm\u00e4"},"content":{"rendered":"<div class=\"ev-product-description\">\n<div>Kaikenkattava \u00e4lyk\u00e4s kodin valvontaj\u00e4rjestelm\u00e4 kotisi turvaksi! Et\u00e4ohjattavan HD-valvontakameran lis\u00e4ksi pakettiin kuuluu paloh\u00e4lytin, kaksi ovisensoria sek\u00e4 liiketunnistin, joiden aktivoituessa saat\u00a0ilmoituksen suoraan \u00e4lypuhelimeesi. Helppok\u00e4ytt\u00f6inen mobiilisovellus osaa kertoa mik\u00e4 h\u00e4lytys on aktiivinen ja voit nopeasti katsoa kamerasta mit\u00e4 ihmett\u00e4 paikanp\u00e4\u00e4ll\u00e4 tapahtuu.<\/div>\n<div><\/div>\n<div>Katso esittelyvideo, kuinka nerokkaasta j\u00e4rjestelm\u00e4st\u00e4 onkaan kyse:<\/div>\n<div>Kameran 3.6mm laajakuvalinssi tallentaa tarkkaa HD-laatuista videokuvaa suoraan muistikortille, jota on mahdollista tarkistella j\u00e4lkik\u00e4teen my\u00f6s et\u00e4n\u00e4. \u00c4lyk\u00e4s liiketunnistin aloittaa nauhoituksen heti liikett\u00e4 havaitessaan ja l\u00e4hett\u00e4\u00e4 sinulle kuvan tapahtumapaikalta. J\u00e4rjestelm\u00e4n kaksisuuntaisen \u00e4\u00e4nen avulla kuulet, mit\u00e4 paikalla tapahtuu ja voit my\u00f6s\u00a0huutaa\u00a0tunkeilijoille, ett\u00e4 &#8221;suksikaa kuuseen minun mailta&#8221;!<\/div>\n<div><\/div>\n<div>Ei en\u00e4\u00e4 monimutkaisia turvaj\u00e4rjestelmi\u00e4. T\u00e4m\u00e4 helppok\u00e4ytt\u00f6inen ja Plug-And-Play -asennuksella toimiva j\u00e4rjestelm\u00e4 turvaa kotisi monipuolisesti ja tehokkaasti! Turvaj\u00e4rjestelm\u00e4n asennusta auttaa my\u00f6s suomenkielinen k\u00e4ytt\u00f6ohje. Setiss\u00e4 mukana tulevien nelj\u00e4n sensorin lis\u00e4ksi settiin voi kytke\u00e4 yhteens\u00e4 jopa 20 sensoria.<\/div>\n<div><\/div>\n<div>Tekniikan Maailma testasi valvontaj\u00e4rjestelm\u00e4n ja totesi sen p\u00e4tev\u00e4ksi:<\/div>\n<div><a title=\"Tekniikan Maailman testi tuotteesta\" href=\"https:\/\/tekniikanmaailma.fi\/tm-testi-smart-home-alarm-kit-ipdh08-halpa-ja-hyva-kodin-valvontajarjestelma\" target=\"_blank\" rel=\"noopener noreferrer\" aria-describedby=\"a11y-new-window-external-message\"><img decoding=\"async\" class=\"addtc-np\" src=\"https:\/\/www.e-ville.com\/js\/tinymce\/uploaded\/tm_testi.jpg\" alt=\"Kurkkaa my\u00f6s mit\u00e4 mielt\u00e4 Tekniikan Maailma oli tuotteesta\" width=\"auto\" height=\"auto\" \/><\/a><\/div>\n<div><\/div>\n<div>\n<div>Lataa sovellukset Androidille tai iPhonelle:<\/div>\n<div>\n<div class=\"scrollable-wrapper\">\n<table class=\"table\" width=\"auto\" cellspacing=\"0\" cellpadding=\"0\">\n<tbody>\n<tr>\n<td><a title=\"iEye -sovellus Play Kauppa\" href=\"https:\/\/play.google.com\/store\/apps\/details?id=com.zben.ieye&amp;hl=en_US\" target=\"_blank\" rel=\"noopener noreferrer\" aria-describedby=\"a11y-new-window-external-message\"><img decoding=\"async\" class=\"addtc-np\" src=\"https:\/\/www.e-ville.com\/js\/tinymce\/uploaded\/playy.jpg\" alt=\"\" width=\"auto\" height=\"auto\" \/><\/a><\/td>\n<td><a title=\"App Store - iEye\" href=\"https:\/\/itunes.apple.com\/us\/app\/ieye-camera\/id998819240?mt=8\" target=\"_blank\" rel=\"noopener noreferrer\" aria-describedby=\"a11y-new-window-external-message\"><img decoding=\"async\" class=\"addtc-np\" src=\"https:\/\/www.e-ville.com\/js\/tinymce\/uploaded\/app.jpg\" alt=\"\" width=\"auto\" height=\"auto\" \/><\/a><\/td>\n<\/tr>\n<\/tbody>\n<\/table>\n<\/div>\n<\/div>\n<\/div>\n<\/div>\n<div class=\"ev-product-specs\">\n<h3>Tekniset tiedot:<\/h3>\n<div>\n<ul>\n<li>Malli:\u00a0IPDH08K<\/li>\n<li>Plug&amp;Play-asennus<\/li>\n<li>Linssi: 3.6mm Laajakuva<\/li>\n<li>Video: H.265, HD 1280x720p\n<ul>\n<li>Automaattinen nauhoitus<\/li>\n<li>InfrapunaLEDit: Y\u00f6kuvaus 10 metriin<\/li>\n<\/ul>\n<\/li>\n<li>Kaksisuuntainen audio<\/li>\n<li>\u00c4lyk\u00e4s liiketunnistin\n<ul>\n<li>H\u00e4lytt\u00e4\u00e4 joko s\u00e4hk\u00f6postiin tai puhelinnumeroon<\/li>\n<\/ul>\n<\/li>\n<li><a href=\"https:\/\/www.duunauspalvelutjarvi.fi\/?product_cat=muistikortit\"><span style=\"color: #0000ff;\">Muistikortti<\/span><\/a>paikka max. 128GB (32GB kortille mahtuu videokuvaa noin kaksi viikkoa)<\/li>\n<li>WiFi\u00a02.4GHz<\/li>\n<li>Helppok\u00e4ytt\u00f6inen sovellus: iEye\n<ul>\n<li>Yhteensopivuus: iOS, Android, Windows<\/li>\n<li>S\u00e4\u00e4d\u00e4 asetukset helposti sovelluksen kautta<\/li>\n<\/ul>\n<\/li>\n<\/ul>\n<\/div>\n<\/div>\n<div class=\"ev-product-package\">\n<h3>Paketin tiedot:<\/h3>\n<div>\n<div id=\"description_package\">\n<ul>\n<li>1 x 720P HD Valvontakamera<\/li>\n<li>2 x Ovisensori<\/li>\n<li>1 x Liiketunnistin<\/li>\n<li>1 x Paloh\u00e4lytin<\/li>\n<li>1 x Sein\u00e4kiinnikkeet<\/li>\n<li>1 x Englanninkieliset kuvalliset k\u00e4ytt\u00f6ohjeet<\/li>\n<li>1 x\u00a0Suomenkieliset kuvalliset k\u00e4ytt\u00f6ohjeet<\/li>\n<\/ul>\n<\/div>\n<\/div>\n<\/div>\n","protected":false},"excerpt":{"rendered":"<p>Kaikenkattava \u00e4lyk\u00e4s kodin valvontaj\u00e4rjestelm\u00e4 kotisi turvaksi! Et\u00e4ohjattavan HD-valvontakameran lis\u00e4ksi pakettiin kuuluu paloh\u00e4lytin, kaksi ovisensoria sek\u00e4 liiketunnistin, joiden aktivoituessa saat\u00a0ilmoituksen suoraan \u00e4lypuhelimeesi. Helppok\u00e4ytt\u00f6inen mobiilisovellus osaa kertoa mik\u00e4 h\u00e4lytys on aktiivinen ja voit nopeasti katsoa kamerasta mit\u00e4 ihmett\u00e4 paikanp\u00e4\u00e4ll\u00e4 tapahtuu. Katso esittelyvideo, kuinka nerokkaasta j\u00e4rjestelm\u00e4st\u00e4 onkaan kyse: Kameran 3.6mm laajakuvalinssi tallentaa tarkkaa HD-laatuista videokuvaa suoraan muistikortille, jota [&hellip;]<\/p>\n","protected":false},"featured_media":0,"comment_status":"open","ping_status":"closed","template":"","meta":[],"product_brand":[],"product_cat":[547],"product_tag":[],"class_list":{"0":"post-8453","1":"product","2":"type-product","3":"status-publish","5":"product_cat-valvontajarjestelmat","7":"first","8":"instock","9":"taxable","10":"shipping-taxable","11":"purchasable","12":"product-type-simple"},"yoast_head":"<!-- This site is optimized with the Yoast SEO plugin v27.4 - https:\/\/yoast.com\/product\/yoast-seo-wordpress\/ -->\n<title>\u00c4lyk\u00e4s kodin valvontaj\u00e4rjestelm\u00e4 -<\/title>\n<meta name=\"robots\" content=\"index, follow, max-snippet:-1, max-image-preview:large, max-video-preview:-1\" \/>\n<link rel=\"canonical\" href=\"https:\/\/www.duunauspalvelutjarvi.fi\/?product=alykas-kodin-valvontajarjestelma\" \/>\n<meta property=\"og:locale\" content=\"fi_FI\" \/>\n<meta property=\"og:type\" content=\"article\" \/>\n<meta property=\"og:title\" content=\"\u00c4lyk\u00e4s kodin valvontaj\u00e4rjestelm\u00e4 -\" \/>\n<meta property=\"og:description\" content=\"Kaikenkattava \u00e4lyk\u00e4s kodin valvontaj\u00e4rjestelm\u00e4 kotisi turvaksi! Et\u00e4ohjattavan HD-valvontakameran lis\u00e4ksi pakettiin kuuluu paloh\u00e4lytin, kaksi ovisensoria sek\u00e4 liiketunnistin, joiden aktivoituessa saat\u00a0ilmoituksen suoraan \u00e4lypuhelimeesi. Helppok\u00e4ytt\u00f6inen mobiilisovellus osaa kertoa mik\u00e4 h\u00e4lytys on aktiivinen ja voit nopeasti katsoa kamerasta mit\u00e4 ihmett\u00e4 paikanp\u00e4\u00e4ll\u00e4 tapahtuu. Katso esittelyvideo, kuinka nerokkaasta j\u00e4rjestelm\u00e4st\u00e4 onkaan kyse: Kameran 3.6mm laajakuvalinssi tallentaa tarkkaa HD-laatuista videokuvaa suoraan muistikortille, jota [&hellip;]\" \/>\n<meta property=\"og:url\" content=\"https:\/\/www.duunauspalvelutjarvi.fi\/?product=alykas-kodin-valvontajarjestelma\" \/>\n<meta property=\"article:modified_time\" content=\"2021-08-03T21:04:02+00:00\" \/>\n<meta property=\"og:image\" content=\"https:\/\/www.e-ville.com\/js\/tinymce\/uploaded\/tm_testi.jpg\" \/>\n<meta name=\"twitter:card\" content=\"summary_large_image\" \/>\n<meta name=\"twitter:label1\" content=\"Arvioitu lukuaika\" \/>\n\t<meta name=\"twitter:data1\" content=\"1 minuutti\" \/>\n<script type=\"application\/ld+json\" class=\"yoast-schema-graph\">{\"@context\":\"https:\\\/\\\/schema.org\",\"@graph\":[{\"@type\":\"WebPage\",\"@id\":\"https:\\\/\\\/www.duunauspalvelutjarvi.fi\\\/?product=alykas-kodin-valvontajarjestelma\",\"url\":\"https:\\\/\\\/www.duunauspalvelutjarvi.fi\\\/?product=alykas-kodin-valvontajarjestelma\",\"name\":\"\u00c4lyk\u00e4s kodin valvontaj\u00e4rjestelm\u00e4 -\",\"isPartOf\":{\"@id\":\"https:\\\/\\\/www.duunauspalvelutjarvi.fi\\\/#website\"},\"primaryImageOfPage\":{\"@id\":\"https:\\\/\\\/www.duunauspalvelutjarvi.fi\\\/?product=alykas-kodin-valvontajarjestelma#primaryimage\"},\"image\":{\"@id\":\"https:\\\/\\\/www.duunauspalvelutjarvi.fi\\\/?product=alykas-kodin-valvontajarjestelma#primaryimage\"},\"thumbnailUrl\":\"https:\\\/\\\/www.e-ville.com\\\/js\\\/tinymce\\\/uploaded\\\/tm_testi.jpg\",\"datePublished\":\"2021-08-03T20:47:50+00:00\",\"dateModified\":\"2021-08-03T21:04:02+00:00\",\"breadcrumb\":{\"@id\":\"https:\\\/\\\/www.duunauspalvelutjarvi.fi\\\/?product=alykas-kodin-valvontajarjestelma#breadcrumb\"},\"inLanguage\":\"fi\",\"potentialAction\":[{\"@type\":\"ReadAction\",\"target\":[\"https:\\\/\\\/www.duunauspalvelutjarvi.fi\\\/?product=alykas-kodin-valvontajarjestelma\"]}]},{\"@type\":\"ImageObject\",\"inLanguage\":\"fi\",\"@id\":\"https:\\\/\\\/www.duunauspalvelutjarvi.fi\\\/?product=alykas-kodin-valvontajarjestelma#primaryimage\",\"url\":\"https:\\\/\\\/www.e-ville.com\\\/js\\\/tinymce\\\/uploaded\\\/tm_testi.jpg\",\"contentUrl\":\"https:\\\/\\\/www.e-ville.com\\\/js\\\/tinymce\\\/uploaded\\\/tm_testi.jpg\"},{\"@type\":\"BreadcrumbList\",\"@id\":\"https:\\\/\\\/www.duunauspalvelutjarvi.fi\\\/?product=alykas-kodin-valvontajarjestelma#breadcrumb\",\"itemListElement\":[{\"@type\":\"ListItem\",\"position\":1,\"name\":\"Etusivu\",\"item\":\"https:\\\/\\\/www.duunauspalvelutjarvi.fi\\\/\"},{\"@type\":\"ListItem\",\"position\":2,\"name\":\"Etusivu\",\"item\":\"https:\\\/\\\/www.duunauspalvelutjarvi.fi\\\/\"},{\"@type\":\"ListItem\",\"position\":3,\"name\":\"\u00c4lyk\u00e4s kodin valvontaj\u00e4rjestelm\u00e4\"}]},{\"@type\":\"WebSite\",\"@id\":\"https:\\\/\\\/www.duunauspalvelutjarvi.fi\\\/#website\",\"url\":\"https:\\\/\\\/www.duunauspalvelutjarvi.fi\\\/\",\"name\":\"\",\"description\":\"\",\"potentialAction\":[{\"@type\":\"SearchAction\",\"target\":{\"@type\":\"EntryPoint\",\"urlTemplate\":\"https:\\\/\\\/www.duunauspalvelutjarvi.fi\\\/?s={search_term_string}\"},\"query-input\":{\"@type\":\"PropertyValueSpecification\",\"valueRequired\":true,\"valueName\":\"search_term_string\"}}],\"inLanguage\":\"fi\"}]}<\/script>\n<!-- \/ Yoast SEO plugin. -->","yoast_head_json":{"title":"\u00c4lyk\u00e4s kodin valvontaj\u00e4rjestelm\u00e4 -","robots":{"index":"index","follow":"follow","max-snippet":"max-snippet:-1","max-image-preview":"max-image-preview:large","max-video-preview":"max-video-preview:-1"},"canonical":"https:\/\/www.duunauspalvelutjarvi.fi\/?product=alykas-kodin-valvontajarjestelma","og_locale":"fi_FI","og_type":"article","og_title":"\u00c4lyk\u00e4s kodin valvontaj\u00e4rjestelm\u00e4 -","og_description":"Kaikenkattava \u00e4lyk\u00e4s kodin valvontaj\u00e4rjestelm\u00e4 kotisi turvaksi! Et\u00e4ohjattavan HD-valvontakameran lis\u00e4ksi pakettiin kuuluu paloh\u00e4lytin, kaksi ovisensoria sek\u00e4 liiketunnistin, joiden aktivoituessa saat\u00a0ilmoituksen suoraan \u00e4lypuhelimeesi. Helppok\u00e4ytt\u00f6inen mobiilisovellus osaa kertoa mik\u00e4 h\u00e4lytys on aktiivinen ja voit nopeasti katsoa kamerasta mit\u00e4 ihmett\u00e4 paikanp\u00e4\u00e4ll\u00e4 tapahtuu. Katso esittelyvideo, kuinka nerokkaasta j\u00e4rjestelm\u00e4st\u00e4 onkaan kyse: Kameran 3.6mm laajakuvalinssi tallentaa tarkkaa HD-laatuista videokuvaa suoraan muistikortille, jota [&hellip;]","og_url":"https:\/\/www.duunauspalvelutjarvi.fi\/?product=alykas-kodin-valvontajarjestelma","article_modified_time":"2021-08-03T21:04:02+00:00","og_image":[{"url":"https:\/\/www.e-ville.com\/js\/tinymce\/uploaded\/tm_testi.jpg","type":"","width":"","height":""}],"twitter_card":"summary_large_image","twitter_misc":{"Arvioitu lukuaika":"1 minuutti"},"schema":{"@context":"https:\/\/schema.org","@graph":[{"@type":"WebPage","@id":"https:\/\/www.duunauspalvelutjarvi.fi\/?product=alykas-kodin-valvontajarjestelma","url":"https:\/\/www.duunauspalvelutjarvi.fi\/?product=alykas-kodin-valvontajarjestelma","name":"\u00c4lyk\u00e4s kodin valvontaj\u00e4rjestelm\u00e4 -","isPartOf":{"@id":"https:\/\/www.duunauspalvelutjarvi.fi\/#website"},"primaryImageOfPage":{"@id":"https:\/\/www.duunauspalvelutjarvi.fi\/?product=alykas-kodin-valvontajarjestelma#primaryimage"},"image":{"@id":"https:\/\/www.duunauspalvelutjarvi.fi\/?product=alykas-kodin-valvontajarjestelma#primaryimage"},"thumbnailUrl":"https:\/\/www.e-ville.com\/js\/tinymce\/uploaded\/tm_testi.jpg","datePublished":"2021-08-03T20:47:50+00:00","dateModified":"2021-08-03T21:04:02+00:00","breadcrumb":{"@id":"https:\/\/www.duunauspalvelutjarvi.fi\/?product=alykas-kodin-valvontajarjestelma#breadcrumb"},"inLanguage":"fi","potentialAction":[{"@type":"ReadAction","target":["https:\/\/www.duunauspalvelutjarvi.fi\/?product=alykas-kodin-valvontajarjestelma"]}]},{"@type":"ImageObject","inLanguage":"fi","@id":"https:\/\/www.duunauspalvelutjarvi.fi\/?product=alykas-kodin-valvontajarjestelma#primaryimage","url":"https:\/\/www.e-ville.com\/js\/tinymce\/uploaded\/tm_testi.jpg","contentUrl":"https:\/\/www.e-ville.com\/js\/tinymce\/uploaded\/tm_testi.jpg"},{"@type":"BreadcrumbList","@id":"https:\/\/www.duunauspalvelutjarvi.fi\/?product=alykas-kodin-valvontajarjestelma#breadcrumb","itemListElement":[{"@type":"ListItem","position":1,"name":"Etusivu","item":"https:\/\/www.duunauspalvelutjarvi.fi\/"},{"@type":"ListItem","position":2,"name":"Etusivu","item":"https:\/\/www.duunauspalvelutjarvi.fi\/"},{"@type":"ListItem","position":3,"name":"\u00c4lyk\u00e4s kodin valvontaj\u00e4rjestelm\u00e4"}]},{"@type":"WebSite","@id":"https:\/\/www.duunauspalvelutjarvi.fi\/#website","url":"https:\/\/www.duunauspalvelutjarvi.fi\/","name":"","description":"","potentialAction":[{"@type":"SearchAction","target":{"@type":"EntryPoint","urlTemplate":"https:\/\/www.duunauspalvelutjarvi.fi\/?s={search_term_string}"},"query-input":{"@type":"PropertyValueSpecification","valueRequired":true,"valueName":"search_term_string"}}],"inLanguage":"fi"}]}},"jetpack_sharing_enabled":true,"_links":{"self":[{"href":"https:\/\/www.duunauspalvelutjarvi.fi\/index.php?rest_route=\/wp\/v2\/product\/8453","targetHints":{"allow":["GET"]}}],"collection":[{"href":"https:\/\/www.duunauspalvelutjarvi.fi\/index.php?rest_route=\/wp\/v2\/product"}],"about":[{"href":"https:\/\/www.duunauspalvelutjarvi.fi\/index.php?rest_route=\/wp\/v2\/types\/product"}],"replies":[{"embeddable":true,"href":"https:\/\/www.duunauspalvelutjarvi.fi\/index.php?rest_route=%2Fwp%2Fv2%2Fcomments&post=8453"}],"wp:attachment":[{"href":"https:\/\/www.duunauspalvelutjarvi.fi\/index.php?rest_route=%2Fwp%2Fv2%2Fmedia&parent=8453"}],"wp:term":[{"taxonomy":"product_brand","embeddable":true,"href":"https:\/\/www.duunauspalvelutjarvi.fi\/index.php?rest_route=%2Fwp%2Fv2%2Fproduct_brand&post=8453"},{"taxonomy":"product_cat","embeddable":true,"href":"https:\/\/www.duunauspalvelutjarvi.fi\/index.php?rest_route=%2Fwp%2Fv2%2Fproduct_cat&post=8453"},{"taxonomy":"product_tag","embeddable":true,"href":"https:\/\/www.duunauspalvelutjarvi.fi\/index.php?rest_route=%2Fwp%2Fv2%2Fproduct_tag&post=8453"}],"curies":[{"name":"wp","href":"https:\/\/api.w.org\/{rel}","templated":true}]}}