{"id":8463,"date":"2021-08-03T23:54:29","date_gmt":"2021-08-03T20:54:29","guid":{"rendered":"https:\/\/www.duunauspalvelutjarvi.fi\/?post_type=product&#038;p=8463"},"modified":"2021-08-04T00:03:34","modified_gmt":"2021-08-03T21:03:34","slug":"8463","status":"publish","type":"product","link":"https:\/\/www.duunauspalvelutjarvi.fi\/?product=8463","title":{"rendered":"Dahua 4 FullHD kameran valvontakameraj\u00e4rjestelm\u00e4"},"content":{"rendered":"<div class=\"ev-product-description\">\n<p>Ammattitason Dahua valvontakameraj\u00e4rjestelm\u00e4 nelj\u00e4ll\u00e4 FullHD -kameralla ja verkkotallentimella ja valmiiksi asennetulla 2TB Seagate kiintolevyll\u00e4. Kamerat toimivat PoE (Power-over-ethernet) -teknologialla, eli kamerat saavat virtansa ja kuva liikkuu samaa ethernet kaapelia pitkin. Kaikki tavalliset ethernet kaapelit tukevat PoE-teknologiaa. T\u00e4m\u00e4 takaa \u00e4\u00e4rimm\u00e4isen tarkan ja sulavan kuvan eik\u00e4 sinun tarvitse kytke\u00e4 kameroihin erillisi\u00e4 virtapiuhoja vaan yksi ethernet kaapeli riitt\u00e4\u00e4. Paketti on taattua Dahua -laatua, johon luottavat niin valtionhallinnot kuin suuryritykset ymp\u00e4ri maailman.<\/p>\n<p>Kameroissa on 3,6mm linssi, 1080p tarkkuus ja Dahuan paranneltu H.265 HEVCAdvance -pakkausteknologia. Dahuan teknologian avulla siirr\u00e4t eritt\u00e4in tarkkaa kuvaa tehokkaasti ja tallennat sen huomattavan pieneen tilaan. S\u00e4\u00e4st\u00e4t jopa 50% tallennustilaa verrattuna H.264 -pakattuun valvontakameranauhoitukseen.<\/p>\n<p>Ominaisuudet soveltuvat vaativimpiinkin k\u00e4ytt\u00f6kohteisiin. Kameroiden IR-ledit valaisevat pime\u00e4ss\u00e4 n. 30 metriin asti. J\u00e4rjestelm\u00e4 tukee liiketunnistustallennusta ja lis\u00e4ksi voit m\u00e4\u00e4ritell\u00e4 \u00e4lykk\u00e4it\u00e4 IVS (Intelligent Video System -analytics) toiminnallisuuksia kuten asettaa \u201dviivoja\u201d ja alueita kamerakuvaan, jolloin kamera alkaa tallentamaan, jos kohde ylitt\u00e4\u00e4 t\u00e4llaisen viivan tai tulee m\u00e4\u00e4ritt\u00e4m\u00e4llesi alueelle. Esim. aseta j\u00e4rjestelm\u00e4 l\u00e4hett\u00e4m\u00e4\u00e4n liikeh\u00e4lytys puhelimeesi tai s\u00e4hk\u00f6postiisi, jos joku k\u00e4velee autosi luokse ovellesi! Dahuan \u00e4lyratkaisut ovat ilmaisia Dahua -k\u00e4ytt\u00e4jille.<\/p>\n<p>Kamerat kest\u00e4v\u00e4t kovimmatkin pakkaset ja myrskyt eiv\u00e4tk\u00e4 varmasti hyydy edes Lapin ankarissa oloissa. J\u00e4rjestelm\u00e4 on todella helppo ottaa k\u00e4ytt\u00f6\u00f6n. Kytket vain virran verkkotallentimeen ja ethernet -kaapelit kameroihin, jolloin ohjelmisto l\u00f6yt\u00e4\u00e4 kamerat automaattisesti. Dahuan SmartPSS -PC ohjelmisto on my\u00f6s suomenkielisen\u00e4 saatavilla. K\u00e4yt\u00e4t j\u00e4rjestelm\u00e4\u00e4 yhdistyy my\u00f6s Dahuan puhelinappin kautta, josta saat halutettasi yhteyden niin kameroiden livekuvaan kuin my\u00f6s PC:lle, verkkotallentimelle tai pilvipalveluun tallentamiisi nauhoituksiin.<\/p>\n<p>Kiintolevy on valmiiksi asennettu helpottamaan k\u00e4ytt\u00f6\u00f6nottoa.<\/p>\n<\/div>\n<div class=\"ev-product-specs\">\n<h3>Tekniset tiedot:<\/h3>\n<div>\n<p><strong>Verkkotallennin:<\/strong><\/p>\n<ul>\n<li>Mallikoodi: NVR4014HS-P-4KS2<\/li>\n<li>Neliydinprosessori ja Linux -k\u00e4ytt\u00f6j\u00e4rjestelm\u00e4<\/li>\n<li>Kameroiden m\u00e4\u00e4r\u00e4: max 4kpl<\/li>\n<li>Tallennusnopeus: 80Mbps<\/li>\n<li>Tallennusresoluutio:max 8MP<\/li>\n<li>Tallennuksen bitrate: 16Kbps ~ 20Mbps per kamera<\/li>\n<li>Yhteensopivuus: kaikki Dahua kamerat joissa max 8MP tarkkuus<\/li>\n<li>Muiden valmistajien yhteensopivuus: Sony, Samsung, LG, Panasonic, Canon yms.<\/li>\n<li>Tuetut standardit: ONVIF 2.4, SDK, CGI<\/li>\n<li>Kiintolevy: 1x SATA III Portti, max 6TB HDD <a href=\"https:\/\/www.duunauspalvelutjarvi.fi\/?product_cat=sata-levyt\">(osta <span style=\"color: #0000ff;\">kiintovely<\/span> lis\u00e4tarvikkeena)<\/a><\/li>\n<li>Mobiiliappi: Dahuan oma gDMSS (Android ja IoS)<\/li>\n<li>PC-ohjelmisto: Dahuan omat SmartPSS (my\u00f6s suomenkieli), DSS, Easy4ip<\/li>\n<li>ONVIF, PSIA, CGI -yhteensopivuus<\/li>\n<li>Videopakkaus: H.265 HEVCAdcance\u00a0\/ H.264<\/li>\n<li>Eco-savvy PoE-teknologia, joka mahdollistaa jopa 800m siirtoet\u00e4isyyden kaapelilla<\/li>\n<li>Liit\u00e4nn\u00e4t: RJ-45 ethernet (10\/100M), 1x itsen\u00e4inen 100M ethernet, 4x PoE-ethernet porttia (IEEE802.3at\/af), 2x USB 2.0<\/li>\n<li>Tuetut protokollat: HTTP, HTTPS, TCP\/IP, IPv4\/IPv6, UPnP, RTSP, UDP, SMTP, NTP, DHCP, DNS, IP Filter, PPPoE, DDNS, FTP, SNMP, IP Search, Easy4ip<\/li>\n<li>Maksimik\u00e4ytt\u00e4j\u00e4m\u00e4\u00e4r\u00e4: 128<\/li>\n<li>Liiketunnistus, m\u00e4\u00e4ritelt\u00e4v\u00e4t viivat ja alueet -h\u00e4lytyksille ja kuvaukselle, ajastettu kuvaus, PTZ-kameran hallinta yms.<\/li>\n<li>Runko: metallia<\/li>\n<li>Suojaus: IP67<\/li>\n<li>Virrankulutus: max 7.5W<\/li>\n<li>Virtaliit\u00e4nt\u00e4: DC48V\/1.5A<\/li>\n<li>K\u00e4ytt\u00f6l\u00e4mp\u00f6tila:\u00a0-10\u00b0 C ~ +55\u00b0 C<\/li>\n<li>Paino: 800g<\/li>\n<li>Mitat: 260 x 224.9 x 47.6 mm<\/li>\n<\/ul>\n<p><strong>Kamerat:<\/strong><\/p>\n<ul>\n<li>Mallinimi:\u00a0IPC-HFW1230SP<\/li>\n<li>Kuvakenno: 1\/2.7&#8243; CMOS<\/li>\n<li>Pikselit: 1920x 1080p Full HD<\/li>\n<li>Kuvanopeus: 1-30fps<\/li>\n<li>IR-valaistus: 18ledi\u00e4, n\u00e4kyvyys 30m<\/li>\n<li>Kuvalaajuus: vaaka 104\u00b0, pysty 55\u00b0<\/li>\n<li>Linssi: kiinte\u00e4 3.6mm<\/li>\n<li>Mobiiliappi: Dahuan oma gDMSS (Android ja IoS)<\/li>\n<li>PC-ohjelmisto: Dahuan omat SmartPSS (my\u00f6s suomenkieli), DSS, Easy4ip<\/li>\n<li>Yhteensopivuus: kaikki Dahua -verkkotallentimet ja kamerat. Sopii my\u00f6s kaikkiin tavallisiin PoE -reittiimiin tai PoE -kytkimiin.<\/li>\n<li>Yhteensopivuus: kaikki Dahua -verkkotallentimet ja kamerat. Sopii my\u00f6s kaikkiin tavallisiin PoE -reittiimiin tai PoE -kytkimiin.<\/li>\n<li>ONVIF, PSIA, CGI -yhteensopivuus<\/li>\n<li>Videopakkaus: H.265 HEVCAdcance\u00a0\/ H.264<\/li>\n<li>Liit\u00e4nt\u00e4: RJ-45 ethernet<\/li>\n<li>Liiketunnistus, m\u00e4\u00e4ritelt\u00e4v\u00e4t viivat ja alueet -h\u00e4lytyksille ja kuvaukselle, ajastettu kuvaus<\/li>\n<li>K\u00e4ytt\u00f6ymp\u00e4rist\u00f6: sis\u00e4- ja ulkok\u00e4ytt\u00f6\u00f6n<\/li>\n<li>Suojaus: IP67<\/li>\n<li>S\u00e4\u00e4nkest\u00e4vyys:\u00a0-30\u00b0 C ~ +60\u00b0 C<\/li>\n<li>Paino: 490g<\/li>\n<li>Mitat: 176 x 91 x 98 mm<\/li>\n<\/ul>\n<p><strong>Kiintolevy:<\/strong><\/p>\n<ul>\n<li>Muistin koko: 2TB<\/li>\n<li>Muoto\/koko: 2.5&#8243;<\/li>\n<li>Kierrosnopeus: 5400rpm<\/li>\n<li>Liit\u00e4nt\u00e4: SATA III 6Gb\/s<\/li>\n<li>Puskurin koko: 128MB<\/li>\n<li>Tavua\/sektori: 4096<\/li>\n<\/ul>\n<\/div>\n<\/div>\n<div class=\"ev-product-package\">\n<h3>Paketin tiedot:<\/h3>\n<div>\n<ul>\n<li>1 x NVR4014HS-P-4KS2 verkkotallennin<\/li>\n<li>4 x Dahua IPC-HFW1230SP kamera<\/li>\n<li>1 x 2TB Seagate kiintolevy<\/li>\n<li>1 x Virta-adapteri<\/li>\n<li>1 x Hiiri<\/li>\n<li>1 x Verkkotallentimen k\u00e4ytt\u00f6ohjeet<\/li>\n<li>1 x Ohjelmistolevy<\/li>\n<li>4 x Sein\u00e4kiinnikkeet<\/li>\n<li>4 x Kiinnitysruuvit<\/li>\n<li>1 x Kameroiden k\u00e4ytt\u00f6ohjeet<\/li>\n<\/ul>\n<\/div>\n<\/div>\n","protected":false},"excerpt":{"rendered":"<p>Ammattitason Dahua valvontakameraj\u00e4rjestelm\u00e4 nelj\u00e4ll\u00e4 FullHD -kameralla ja verkkotallentimella ja valmiiksi asennetulla 2TB Seagate kiintolevyll\u00e4. Kamerat toimivat PoE (Power-over-ethernet) -teknologialla, eli kamerat saavat virtansa ja kuva liikkuu samaa ethernet kaapelia pitkin. Kaikki tavalliset ethernet kaapelit tukevat PoE-teknologiaa. T\u00e4m\u00e4 takaa \u00e4\u00e4rimm\u00e4isen tarkan ja sulavan kuvan eik\u00e4 sinun tarvitse kytke\u00e4 kameroihin erillisi\u00e4 virtapiuhoja vaan yksi ethernet kaapeli riitt\u00e4\u00e4. [&hellip;]<\/p>\n","protected":false},"featured_media":0,"comment_status":"open","ping_status":"closed","template":"","meta":[],"product_brand":[],"product_cat":[547],"product_tag":[],"class_list":{"0":"post-8463","1":"product","2":"type-product","3":"status-publish","5":"product_cat-valvontajarjestelmat","7":"first","8":"instock","9":"taxable","10":"shipping-taxable","11":"purchasable","12":"product-type-simple"},"yoast_head":"<!-- This site is optimized with the Yoast SEO plugin v27.5 - https:\/\/yoast.com\/product\/yoast-seo-wordpress\/ -->\n<title>Dahua 4 FullHD kameran valvontakameraj\u00e4rjestelm\u00e4 -<\/title>\n<meta name=\"robots\" content=\"index, follow, max-snippet:-1, max-image-preview:large, max-video-preview:-1\" \/>\n<link rel=\"canonical\" href=\"https:\/\/www.duunauspalvelutjarvi.fi\/?product=8463\" \/>\n<meta property=\"og:locale\" content=\"fi_FI\" \/>\n<meta property=\"og:type\" content=\"article\" \/>\n<meta property=\"og:title\" content=\"Dahua 4 FullHD kameran valvontakameraj\u00e4rjestelm\u00e4 -\" \/>\n<meta property=\"og:description\" content=\"Ammattitason Dahua valvontakameraj\u00e4rjestelm\u00e4 nelj\u00e4ll\u00e4 FullHD -kameralla ja verkkotallentimella ja valmiiksi asennetulla 2TB Seagate kiintolevyll\u00e4. Kamerat toimivat PoE (Power-over-ethernet) -teknologialla, eli kamerat saavat virtansa ja kuva liikkuu samaa ethernet kaapelia pitkin. Kaikki tavalliset ethernet kaapelit tukevat PoE-teknologiaa. T\u00e4m\u00e4 takaa \u00e4\u00e4rimm\u00e4isen tarkan ja sulavan kuvan eik\u00e4 sinun tarvitse kytke\u00e4 kameroihin erillisi\u00e4 virtapiuhoja vaan yksi ethernet kaapeli riitt\u00e4\u00e4. [&hellip;]\" \/>\n<meta property=\"og:url\" content=\"https:\/\/www.duunauspalvelutjarvi.fi\/?product=8463\" \/>\n<meta property=\"article:modified_time\" content=\"2021-08-03T21:03:34+00:00\" \/>\n<meta name=\"twitter:card\" content=\"summary_large_image\" \/>\n<meta name=\"twitter:label1\" content=\"Arvioitu lukuaika\" \/>\n\t<meta name=\"twitter:data1\" content=\"3 minuuttia\" \/>\n<script type=\"application\/ld+json\" class=\"yoast-schema-graph\">{\"@context\":\"https:\\\/\\\/schema.org\",\"@graph\":[{\"@type\":\"WebPage\",\"@id\":\"https:\\\/\\\/www.duunauspalvelutjarvi.fi\\\/?product=8463\",\"url\":\"https:\\\/\\\/www.duunauspalvelutjarvi.fi\\\/?product=8463\",\"name\":\"Dahua 4 FullHD kameran valvontakameraj\u00e4rjestelm\u00e4 -\",\"isPartOf\":{\"@id\":\"https:\\\/\\\/www.duunauspalvelutjarvi.fi\\\/#website\"},\"datePublished\":\"2021-08-03T20:54:29+00:00\",\"dateModified\":\"2021-08-03T21:03:34+00:00\",\"breadcrumb\":{\"@id\":\"https:\\\/\\\/www.duunauspalvelutjarvi.fi\\\/?product=8463#breadcrumb\"},\"inLanguage\":\"fi\",\"potentialAction\":[{\"@type\":\"ReadAction\",\"target\":[\"https:\\\/\\\/www.duunauspalvelutjarvi.fi\\\/?product=8463\"]}]},{\"@type\":\"BreadcrumbList\",\"@id\":\"https:\\\/\\\/www.duunauspalvelutjarvi.fi\\\/?product=8463#breadcrumb\",\"itemListElement\":[{\"@type\":\"ListItem\",\"position\":1,\"name\":\"Etusivu\",\"item\":\"https:\\\/\\\/www.duunauspalvelutjarvi.fi\\\/\"},{\"@type\":\"ListItem\",\"position\":2,\"name\":\"Etusivu\",\"item\":\"https:\\\/\\\/www.duunauspalvelutjarvi.fi\\\/\"},{\"@type\":\"ListItem\",\"position\":3,\"name\":\"Dahua 4 FullHD kameran valvontakameraj\u00e4rjestelm\u00e4\"}]},{\"@type\":\"WebSite\",\"@id\":\"https:\\\/\\\/www.duunauspalvelutjarvi.fi\\\/#website\",\"url\":\"https:\\\/\\\/www.duunauspalvelutjarvi.fi\\\/\",\"name\":\"\",\"description\":\"\",\"potentialAction\":[{\"@type\":\"SearchAction\",\"target\":{\"@type\":\"EntryPoint\",\"urlTemplate\":\"https:\\\/\\\/www.duunauspalvelutjarvi.fi\\\/?s={search_term_string}\"},\"query-input\":{\"@type\":\"PropertyValueSpecification\",\"valueRequired\":true,\"valueName\":\"search_term_string\"}}],\"inLanguage\":\"fi\"}]}<\/script>\n<!-- \/ Yoast SEO plugin. -->","yoast_head_json":{"title":"Dahua 4 FullHD kameran valvontakameraj\u00e4rjestelm\u00e4 -","robots":{"index":"index","follow":"follow","max-snippet":"max-snippet:-1","max-image-preview":"max-image-preview:large","max-video-preview":"max-video-preview:-1"},"canonical":"https:\/\/www.duunauspalvelutjarvi.fi\/?product=8463","og_locale":"fi_FI","og_type":"article","og_title":"Dahua 4 FullHD kameran valvontakameraj\u00e4rjestelm\u00e4 -","og_description":"Ammattitason Dahua valvontakameraj\u00e4rjestelm\u00e4 nelj\u00e4ll\u00e4 FullHD -kameralla ja verkkotallentimella ja valmiiksi asennetulla 2TB Seagate kiintolevyll\u00e4. Kamerat toimivat PoE (Power-over-ethernet) -teknologialla, eli kamerat saavat virtansa ja kuva liikkuu samaa ethernet kaapelia pitkin. Kaikki tavalliset ethernet kaapelit tukevat PoE-teknologiaa. T\u00e4m\u00e4 takaa \u00e4\u00e4rimm\u00e4isen tarkan ja sulavan kuvan eik\u00e4 sinun tarvitse kytke\u00e4 kameroihin erillisi\u00e4 virtapiuhoja vaan yksi ethernet kaapeli riitt\u00e4\u00e4. [&hellip;]","og_url":"https:\/\/www.duunauspalvelutjarvi.fi\/?product=8463","article_modified_time":"2021-08-03T21:03:34+00:00","twitter_card":"summary_large_image","twitter_misc":{"Arvioitu lukuaika":"3 minuuttia"},"schema":{"@context":"https:\/\/schema.org","@graph":[{"@type":"WebPage","@id":"https:\/\/www.duunauspalvelutjarvi.fi\/?product=8463","url":"https:\/\/www.duunauspalvelutjarvi.fi\/?product=8463","name":"Dahua 4 FullHD kameran valvontakameraj\u00e4rjestelm\u00e4 -","isPartOf":{"@id":"https:\/\/www.duunauspalvelutjarvi.fi\/#website"},"datePublished":"2021-08-03T20:54:29+00:00","dateModified":"2021-08-03T21:03:34+00:00","breadcrumb":{"@id":"https:\/\/www.duunauspalvelutjarvi.fi\/?product=8463#breadcrumb"},"inLanguage":"fi","potentialAction":[{"@type":"ReadAction","target":["https:\/\/www.duunauspalvelutjarvi.fi\/?product=8463"]}]},{"@type":"BreadcrumbList","@id":"https:\/\/www.duunauspalvelutjarvi.fi\/?product=8463#breadcrumb","itemListElement":[{"@type":"ListItem","position":1,"name":"Etusivu","item":"https:\/\/www.duunauspalvelutjarvi.fi\/"},{"@type":"ListItem","position":2,"name":"Etusivu","item":"https:\/\/www.duunauspalvelutjarvi.fi\/"},{"@type":"ListItem","position":3,"name":"Dahua 4 FullHD kameran valvontakameraj\u00e4rjestelm\u00e4"}]},{"@type":"WebSite","@id":"https:\/\/www.duunauspalvelutjarvi.fi\/#website","url":"https:\/\/www.duunauspalvelutjarvi.fi\/","name":"","description":"","potentialAction":[{"@type":"SearchAction","target":{"@type":"EntryPoint","urlTemplate":"https:\/\/www.duunauspalvelutjarvi.fi\/?s={search_term_string}"},"query-input":{"@type":"PropertyValueSpecification","valueRequired":true,"valueName":"search_term_string"}}],"inLanguage":"fi"}]}},"jetpack_sharing_enabled":true,"_links":{"self":[{"href":"https:\/\/www.duunauspalvelutjarvi.fi\/index.php?rest_route=\/wp\/v2\/product\/8463","targetHints":{"allow":["GET"]}}],"collection":[{"href":"https:\/\/www.duunauspalvelutjarvi.fi\/index.php?rest_route=\/wp\/v2\/product"}],"about":[{"href":"https:\/\/www.duunauspalvelutjarvi.fi\/index.php?rest_route=\/wp\/v2\/types\/product"}],"replies":[{"embeddable":true,"href":"https:\/\/www.duunauspalvelutjarvi.fi\/index.php?rest_route=%2Fwp%2Fv2%2Fcomments&post=8463"}],"wp:attachment":[{"href":"https:\/\/www.duunauspalvelutjarvi.fi\/index.php?rest_route=%2Fwp%2Fv2%2Fmedia&parent=8463"}],"wp:term":[{"taxonomy":"product_brand","embeddable":true,"href":"https:\/\/www.duunauspalvelutjarvi.fi\/index.php?rest_route=%2Fwp%2Fv2%2Fproduct_brand&post=8463"},{"taxonomy":"product_cat","embeddable":true,"href":"https:\/\/www.duunauspalvelutjarvi.fi\/index.php?rest_route=%2Fwp%2Fv2%2Fproduct_cat&post=8463"},{"taxonomy":"product_tag","embeddable":true,"href":"https:\/\/www.duunauspalvelutjarvi.fi\/index.php?rest_route=%2Fwp%2Fv2%2Fproduct_tag&post=8463"}],"curies":[{"name":"wp","href":"https:\/\/api.w.org\/{rel}","templated":true}]}}