{"id":8467,"date":"2021-08-03T23:58:27","date_gmt":"2021-08-03T20:58:27","guid":{"rendered":"https:\/\/www.duunauspalvelutjarvi.fi\/?post_type=product&#038;p=8467"},"modified":"2021-08-04T00:28:34","modified_gmt":"2021-08-03T21:28:34","slug":"dahua-4k-poe-verkkotallennin-8ch","status":"publish","type":"product","link":"https:\/\/www.duunauspalvelutjarvi.fi\/?product=dahua-4k-poe-verkkotallennin-8ch","title":{"rendered":"Dahua 4K PoE -verkkotallennin, 8ch"},"content":{"rendered":"<div class=\"ev-product-description\">\n<p>T\u00e4m\u00e4 Dahuan 8-kanavainen, jopa 4K resoluutiota tukeva PoE-verkkotallennin on ammattimaisen valvontakameraj\u00e4rjestelm\u00e4n ydin. PoE-tekniikan avulla saat kameroihisi virran suoraan ethernet kaapelia pitkin, jolloin ei tarvita erillisi\u00e4 virtajohtoja. Verkkotallentimeen sopivat kaikki Dahuan valvontakamerat aina 8MP tarkkuuteen saakka. Verkkotallennin tukee my\u00f6s PTZ-kameroita ja lis\u00e4ksi siihen sopivat useiden maailman suurimpien valmistajien kuten Sonyn, Samsungin ja Panasonicin kamerat.<\/p>\n<p>Dahua on maailman suurimpia valvontakameravalmistajia ja on tunnettu paitsi laitteiden korkeasta laadusta my\u00f6s erinomaisista ohjelmistoista ja huippuluokan tietoturvastaan. Ammattitason helppok\u00e4ytt\u00f6isill\u00e4 ohjelmistoilla yhdist\u00e4t verkkotallentimen helposti niin tietokoneeseen kuin my\u00f6s puhelimeesi ja asetat liikeh\u00e4lytykset ja haluamasi valvonta-asetukset.<\/p>\n<p>Tallennin toimii my\u00f6s t\u00e4ysin itsen\u00e4isesti ja mukana tulee hiiri, jolla hallitset ohjelmistoa suoraan tallentimen kautta. T\u00e4ll\u00f6in tarvitset vain n\u00e4yt\u00f6n, johon liit\u00e4t tallentimen. PC-ohjelmisto on my\u00f6s suomenkielisen\u00e4 ja verkkotallentimen k\u00e4ytt\u00f6\u00f6notto onnistuu todella helposti. Dahua on varmuutta, turvaa ja helppoutta hakevan ammattimainen valinta.<\/p>\n<p>Huom! Tuote sis\u00e4lt\u00e4\u00e4 pelk\u00e4n verkkotallentimen. <span style=\"color: #0000ff;\"><a style=\"color: #0000ff;\" href=\"https:\/\/www.duunauspalvelutjarvi.fi\/?product_cat=valvontakamerat\">Osta valvontakamerat erikseen lis\u00e4tarvikkeina.<\/a><\/span><\/p>\n<\/div>\n<div class=\"ev-product-specs\">\n<h3>Tekniset tiedot:<\/h3>\n<div>\n<ul>\n<li>Mallikoodi: NVR4018HS-8P-4KS2<\/li>\n<li>Neliydinprosessori ja Linux -k\u00e4ytt\u00f6j\u00e4rjestelm\u00e4<\/li>\n<li>Kameroiden m\u00e4\u00e4r\u00e4: max 8kpl<\/li>\n<li>Tallennusnopeus: 200Mbps<\/li>\n<li>Tallennusresoluutio:max 8MP<\/li>\n<li>Tallennuksen bitrate: 16Kbps ~ 20Mbps per kamera<\/li>\n<li>Yhteensopivuus: kaikki Dahua kamerat joissa max 8MP tarkkuus<\/li>\n<li>Muiden valmistajien yhteensopivuus: Sony, Samsung, LG, Panasonic, Canon yms.<\/li>\n<li>Tuetut standardit: ONVIF 2.4, SDK, CGI<\/li>\n<li>Kiintolevy: 1x SATA III Portti, max 6TB HDD <a href=\"https:\/\/www.duunauspalvelutjarvi.fi\/?product_cat=sata-levyt\">(osta <span style=\"color: #0000ff;\">kiintovely<\/span> lis\u00e4tarvikkeena)<\/a><\/li>\n<li>Mobiiliappi: Dahuan oma gDMSS (Android ja IoS)<\/li>\n<li>PC-ohjelmisto: Dahuan omat SmartPSS (my\u00f6s suomenkieli), DSS, Easy4ip<\/li>\n<li>ONVIF, PSIA, CGI -yhteensopivuus<\/li>\n<li>Videopakkaus: H.265 HEVCAdcance\u00a0\/ H.264<\/li>\n<li>Eco-savvy PoE-teknologia, joka mahdollistaa jopa 800m siirtoet\u00e4isyyden kaapelilla<\/li>\n<li>Liit\u00e4nn\u00e4t: RJ-45 ethernet (10\/100M), 1x itsen\u00e4inen 100M ethernet, 4x PoE-ethernet porttia (IEEE802.3at\/af), 2x USB 2.0<\/li>\n<li>Tuetut protokollat: HTTP, HTTPS, TCP\/IP, IPv4\/IPv6, UPnP, RTSP, UDP, SMTP, NTP, DHCP, DNS, IP Filter, PPPoE, DDNS, FTP, SNMP, IP Search, Easy4ip<\/li>\n<li>Maksimik\u00e4ytt\u00e4j\u00e4m\u00e4\u00e4r\u00e4: 128<\/li>\n<li>Liiketunnistus, m\u00e4\u00e4ritelt\u00e4v\u00e4t viivat ja alueet -h\u00e4lytyksille ja kuvaukselle, ajastettu kuvaus, PTZ-kameran hallinta yms.<\/li>\n<li>Runko: metallia<\/li>\n<li>Suojaus: IP67<\/li>\n<li>Virrankulutus: max 7.5W<\/li>\n<li>Virtaliit\u00e4nt\u00e4: DC48V\/1.5A<\/li>\n<li>K\u00e4ytt\u00f6l\u00e4mp\u00f6tila:\u00a0-10\u00b0 C ~ +55\u00b0 C<\/li>\n<li>Paino: 800g<\/li>\n<li>Mitat: 260 x 224.9 x 47.6 mm<\/li>\n<\/ul>\n<\/div>\n<\/div>\n<div class=\"ev-product-package\">\n<h3>Paketin tiedot:<\/h3>\n<div>\n<ul>\n<li>1 x NVR4018HS-8P-4KS2<\/li>\n<li>1 x Virta-adapteri<\/li>\n<li>1 x Hiiri<\/li>\n<li>1 x K\u00e4ytt\u00f6ohjeet<\/li>\n<li>1 x Ohjelmistolevy<\/li>\n<\/ul>\n<\/div>\n<\/div>\n","protected":false},"excerpt":{"rendered":"<p>T\u00e4m\u00e4 Dahuan 8-kanavainen, jopa 4K resoluutiota tukeva PoE-verkkotallennin on ammattimaisen valvontakameraj\u00e4rjestelm\u00e4n ydin. PoE-tekniikan avulla saat kameroihisi virran suoraan ethernet kaapelia pitkin, jolloin ei tarvita erillisi\u00e4 virtajohtoja. Verkkotallentimeen sopivat kaikki Dahuan valvontakamerat aina 8MP tarkkuuteen saakka. Verkkotallennin tukee my\u00f6s PTZ-kameroita ja lis\u00e4ksi siihen sopivat useiden maailman suurimpien valmistajien kuten Sonyn, Samsungin ja Panasonicin kamerat. Dahua on [&hellip;]<\/p>\n","protected":false},"featured_media":0,"comment_status":"open","ping_status":"closed","template":"","meta":[],"product_brand":[],"product_cat":[545],"product_tag":[],"class_list":{"0":"post-8467","1":"product","2":"type-product","3":"status-publish","5":"product_cat-verkkotallentimet","7":"first","8":"instock","9":"taxable","10":"shipping-taxable","11":"purchasable","12":"product-type-simple"},"yoast_head":"<!-- This site is optimized with the Yoast SEO plugin v27.6 - https:\/\/yoast.com\/product\/yoast-seo-wordpress\/ -->\n<title>Dahua 4K PoE -verkkotallennin, 8ch -<\/title>\n<meta name=\"robots\" content=\"index, follow, max-snippet:-1, max-image-preview:large, max-video-preview:-1\" \/>\n<link rel=\"canonical\" href=\"https:\/\/www.duunauspalvelutjarvi.fi\/?product=dahua-4k-poe-verkkotallennin-8ch\" \/>\n<meta property=\"og:locale\" content=\"fi_FI\" \/>\n<meta property=\"og:type\" content=\"article\" \/>\n<meta property=\"og:title\" content=\"Dahua 4K PoE -verkkotallennin, 8ch -\" \/>\n<meta property=\"og:description\" content=\"T\u00e4m\u00e4 Dahuan 8-kanavainen, jopa 4K resoluutiota tukeva PoE-verkkotallennin on ammattimaisen valvontakameraj\u00e4rjestelm\u00e4n ydin. PoE-tekniikan avulla saat kameroihisi virran suoraan ethernet kaapelia pitkin, jolloin ei tarvita erillisi\u00e4 virtajohtoja. Verkkotallentimeen sopivat kaikki Dahuan valvontakamerat aina 8MP tarkkuuteen saakka. Verkkotallennin tukee my\u00f6s PTZ-kameroita ja lis\u00e4ksi siihen sopivat useiden maailman suurimpien valmistajien kuten Sonyn, Samsungin ja Panasonicin kamerat. Dahua on [&hellip;]\" \/>\n<meta property=\"og:url\" content=\"https:\/\/www.duunauspalvelutjarvi.fi\/?product=dahua-4k-poe-verkkotallennin-8ch\" \/>\n<meta property=\"article:modified_time\" content=\"2021-08-03T21:28:34+00:00\" \/>\n<meta name=\"twitter:card\" content=\"summary_large_image\" \/>\n<meta name=\"twitter:label1\" content=\"Arvioitu lukuaika\" \/>\n\t<meta name=\"twitter:data1\" content=\"2 minuuttia\" \/>\n<script type=\"application\/ld+json\" class=\"yoast-schema-graph\">{\"@context\":\"https:\\\/\\\/schema.org\",\"@graph\":[{\"@type\":\"WebPage\",\"@id\":\"https:\\\/\\\/www.duunauspalvelutjarvi.fi\\\/?product=dahua-4k-poe-verkkotallennin-8ch\",\"url\":\"https:\\\/\\\/www.duunauspalvelutjarvi.fi\\\/?product=dahua-4k-poe-verkkotallennin-8ch\",\"name\":\"Dahua 4K PoE -verkkotallennin, 8ch -\",\"isPartOf\":{\"@id\":\"https:\\\/\\\/www.duunauspalvelutjarvi.fi\\\/#website\"},\"datePublished\":\"2021-08-03T20:58:27+00:00\",\"dateModified\":\"2021-08-03T21:28:34+00:00\",\"breadcrumb\":{\"@id\":\"https:\\\/\\\/www.duunauspalvelutjarvi.fi\\\/?product=dahua-4k-poe-verkkotallennin-8ch#breadcrumb\"},\"inLanguage\":\"fi\",\"potentialAction\":[{\"@type\":\"ReadAction\",\"target\":[\"https:\\\/\\\/www.duunauspalvelutjarvi.fi\\\/?product=dahua-4k-poe-verkkotallennin-8ch\"]}]},{\"@type\":\"BreadcrumbList\",\"@id\":\"https:\\\/\\\/www.duunauspalvelutjarvi.fi\\\/?product=dahua-4k-poe-verkkotallennin-8ch#breadcrumb\",\"itemListElement\":[{\"@type\":\"ListItem\",\"position\":1,\"name\":\"Etusivu\",\"item\":\"https:\\\/\\\/www.duunauspalvelutjarvi.fi\\\/\"},{\"@type\":\"ListItem\",\"position\":2,\"name\":\"Etusivu\",\"item\":\"https:\\\/\\\/www.duunauspalvelutjarvi.fi\\\/\"},{\"@type\":\"ListItem\",\"position\":3,\"name\":\"Dahua 4K PoE -verkkotallennin, 8ch\"}]},{\"@type\":\"WebSite\",\"@id\":\"https:\\\/\\\/www.duunauspalvelutjarvi.fi\\\/#website\",\"url\":\"https:\\\/\\\/www.duunauspalvelutjarvi.fi\\\/\",\"name\":\"\",\"description\":\"\",\"potentialAction\":[{\"@type\":\"SearchAction\",\"target\":{\"@type\":\"EntryPoint\",\"urlTemplate\":\"https:\\\/\\\/www.duunauspalvelutjarvi.fi\\\/?s={search_term_string}\"},\"query-input\":{\"@type\":\"PropertyValueSpecification\",\"valueRequired\":true,\"valueName\":\"search_term_string\"}}],\"inLanguage\":\"fi\"}]}<\/script>\n<!-- \/ Yoast SEO plugin. -->","yoast_head_json":{"title":"Dahua 4K PoE -verkkotallennin, 8ch -","robots":{"index":"index","follow":"follow","max-snippet":"max-snippet:-1","max-image-preview":"max-image-preview:large","max-video-preview":"max-video-preview:-1"},"canonical":"https:\/\/www.duunauspalvelutjarvi.fi\/?product=dahua-4k-poe-verkkotallennin-8ch","og_locale":"fi_FI","og_type":"article","og_title":"Dahua 4K PoE -verkkotallennin, 8ch -","og_description":"T\u00e4m\u00e4 Dahuan 8-kanavainen, jopa 4K resoluutiota tukeva PoE-verkkotallennin on ammattimaisen valvontakameraj\u00e4rjestelm\u00e4n ydin. PoE-tekniikan avulla saat kameroihisi virran suoraan ethernet kaapelia pitkin, jolloin ei tarvita erillisi\u00e4 virtajohtoja. Verkkotallentimeen sopivat kaikki Dahuan valvontakamerat aina 8MP tarkkuuteen saakka. Verkkotallennin tukee my\u00f6s PTZ-kameroita ja lis\u00e4ksi siihen sopivat useiden maailman suurimpien valmistajien kuten Sonyn, Samsungin ja Panasonicin kamerat. Dahua on [&hellip;]","og_url":"https:\/\/www.duunauspalvelutjarvi.fi\/?product=dahua-4k-poe-verkkotallennin-8ch","article_modified_time":"2021-08-03T21:28:34+00:00","twitter_card":"summary_large_image","twitter_misc":{"Arvioitu lukuaika":"2 minuuttia"},"schema":{"@context":"https:\/\/schema.org","@graph":[{"@type":"WebPage","@id":"https:\/\/www.duunauspalvelutjarvi.fi\/?product=dahua-4k-poe-verkkotallennin-8ch","url":"https:\/\/www.duunauspalvelutjarvi.fi\/?product=dahua-4k-poe-verkkotallennin-8ch","name":"Dahua 4K PoE -verkkotallennin, 8ch -","isPartOf":{"@id":"https:\/\/www.duunauspalvelutjarvi.fi\/#website"},"datePublished":"2021-08-03T20:58:27+00:00","dateModified":"2021-08-03T21:28:34+00:00","breadcrumb":{"@id":"https:\/\/www.duunauspalvelutjarvi.fi\/?product=dahua-4k-poe-verkkotallennin-8ch#breadcrumb"},"inLanguage":"fi","potentialAction":[{"@type":"ReadAction","target":["https:\/\/www.duunauspalvelutjarvi.fi\/?product=dahua-4k-poe-verkkotallennin-8ch"]}]},{"@type":"BreadcrumbList","@id":"https:\/\/www.duunauspalvelutjarvi.fi\/?product=dahua-4k-poe-verkkotallennin-8ch#breadcrumb","itemListElement":[{"@type":"ListItem","position":1,"name":"Etusivu","item":"https:\/\/www.duunauspalvelutjarvi.fi\/"},{"@type":"ListItem","position":2,"name":"Etusivu","item":"https:\/\/www.duunauspalvelutjarvi.fi\/"},{"@type":"ListItem","position":3,"name":"Dahua 4K PoE -verkkotallennin, 8ch"}]},{"@type":"WebSite","@id":"https:\/\/www.duunauspalvelutjarvi.fi\/#website","url":"https:\/\/www.duunauspalvelutjarvi.fi\/","name":"","description":"","potentialAction":[{"@type":"SearchAction","target":{"@type":"EntryPoint","urlTemplate":"https:\/\/www.duunauspalvelutjarvi.fi\/?s={search_term_string}"},"query-input":{"@type":"PropertyValueSpecification","valueRequired":true,"valueName":"search_term_string"}}],"inLanguage":"fi"}]}},"jetpack_sharing_enabled":true,"_links":{"self":[{"href":"https:\/\/www.duunauspalvelutjarvi.fi\/index.php?rest_route=\/wp\/v2\/product\/8467","targetHints":{"allow":["GET"]}}],"collection":[{"href":"https:\/\/www.duunauspalvelutjarvi.fi\/index.php?rest_route=\/wp\/v2\/product"}],"about":[{"href":"https:\/\/www.duunauspalvelutjarvi.fi\/index.php?rest_route=\/wp\/v2\/types\/product"}],"replies":[{"embeddable":true,"href":"https:\/\/www.duunauspalvelutjarvi.fi\/index.php?rest_route=%2Fwp%2Fv2%2Fcomments&post=8467"}],"wp:attachment":[{"href":"https:\/\/www.duunauspalvelutjarvi.fi\/index.php?rest_route=%2Fwp%2Fv2%2Fmedia&parent=8467"}],"wp:term":[{"taxonomy":"product_brand","embeddable":true,"href":"https:\/\/www.duunauspalvelutjarvi.fi\/index.php?rest_route=%2Fwp%2Fv2%2Fproduct_brand&post=8467"},{"taxonomy":"product_cat","embeddable":true,"href":"https:\/\/www.duunauspalvelutjarvi.fi\/index.php?rest_route=%2Fwp%2Fv2%2Fproduct_cat&post=8467"},{"taxonomy":"product_tag","embeddable":true,"href":"https:\/\/www.duunauspalvelutjarvi.fi\/index.php?rest_route=%2Fwp%2Fv2%2Fproduct_tag&post=8467"}],"curies":[{"name":"wp","href":"https:\/\/api.w.org\/{rel}","templated":true}]}}