{"id":8895,"date":"2021-08-09T01:31:39","date_gmt":"2021-08-08T22:31:39","guid":{"rendered":"https:\/\/www.duunauspalvelutjarvi.fi\/?post_type=product&#038;p=8895"},"modified":"2024-03-24T21:53:30","modified_gmt":"2024-03-24T19:53:30","slug":"led-ajovalo-bullboy-agriline-60w-valmet-valtra","status":"publish","type":"product","link":"https:\/\/www.duunauspalvelutjarvi.fi\/?product=led-ajovalo-bullboy-agriline-60w-valmet-valtra","title":{"rendered":"LED-ajovalo Bullboy Agriline 60W &#8221;Valmet\/Valtra&#8221;"},"content":{"rendered":"<p><strong>LED-ajovalo Bullboy Agriline 60W.\u00a0<\/strong>Nyt halogen ajovalojen p\u00e4ivitys ledeiksi on uskomattoman helppoa, t\u00e4m\u00e4 LED-ajovalo sopii suoraan vanhan ajovaloumpion tilalle.<br \/>\nAjovalossa on parkki-, l\u00e4hi- sek\u00e4 kaukovalotoiminto. Helppo ja nopea kytke\u00e4 H4-pistokkeen ansiosta.<\/p>\n<p>&nbsp;<\/p>\n<p><strong>Yhteensopivuuslista:<br \/>\n<\/strong>\u2022 Valmet \/ Valtra: 65-sarja, Mezzo, Mega<\/p>\n<p>Tekniset tiedot:<br \/>\n\u2022 Referenssiluku 12,5<br \/>\n\u2022 K\u00e4ytt\u00f6j\u00e4nnite 9-32V<br \/>\n\u2022 Valmistajan ilmoittama teoreettinen valoteho: 4800lm<br \/>\n\u2022 Mitattu valoteho: 22485lm<br \/>\n\u2022\u00a0V\u00e4ril\u00e4mp\u00f6tila 6000K<br \/>\n\u2022 Virrankulutus: l\u00e4hivalo 13,7V\/1,48A , kaukovalo: 13,7V\/3,31A<br \/>\n\u2022 Mitat: 165 x 105 (133) x 80mm (L x K x S)<br \/>\n\u2022 H4-pistoke<br \/>\n\u2022\u00a0Polykarbonaattilinssi<br \/>\n\u2022\u00a0Alumiinirunko<br \/>\n\u2022 IP68<br \/>\n\u2022 ECE R148, R149, R10, CISPR 25 Class 4<br \/>\n\u2022 Takuu 12kk<\/p>\n<p><span style=\"color: #ff0000;\"><em><strong>Huom! Myyd\u00e4\u00e4n kappaleittain.<\/strong><\/em><\/span><\/p>\n","protected":false},"excerpt":{"rendered":"<p>&nbsp;<\/p>\n<p>&nbsp;<\/p>\n<p>&nbsp;<\/p>\n<p>&nbsp;<\/p>\n<p>&nbsp;<\/p>\n<p><a href=\"https:\/\/www.duunauspalvelutjarvi.fi\/?term=&amp;s=bullboy&amp;post_type=product&amp;taxonomy=product_cat\"><img loading=\"lazy\" decoding=\"async\" class=\"alignnone size-full wp-image-10014\" src=\"https:\/\/www.duunauspalvelutjarvi.fi\/wp-content\/uploads\/2021\/08\/bullboy.png\" alt=\"\" width=\"200\" height=\"65\" \/><\/a><\/p>\n","protected":false},"featured_media":14184,"comment_status":"open","ping_status":"closed","template":"","meta":[],"product_brand":[],"product_cat":[51],"product_tag":[],"class_list":{"0":"post-8895","1":"product","2":"type-product","3":"status-publish","4":"has-post-thumbnail","6":"product_cat-led-tyovalot-yli-50w","8":"first","9":"instock","10":"taxable","11":"shipping-taxable","12":"purchasable","13":"product-type-simple"},"yoast_head":"<!-- This site is optimized with the Yoast SEO plugin v27.3 - https:\/\/yoast.com\/product\/yoast-seo-wordpress\/ -->\n<title>LED-ajovalo Bullboy Agriline 60W &#039;&#039;Valmet\/Valtra&#039;&#039; -<\/title>\n<meta name=\"robots\" content=\"index, follow, max-snippet:-1, max-image-preview:large, max-video-preview:-1\" \/>\n<link rel=\"canonical\" href=\"https:\/\/www.duunauspalvelutjarvi.fi\/?product=led-ajovalo-bullboy-agriline-60w-valmet-valtra\" \/>\n<meta property=\"og:locale\" content=\"fi_FI\" \/>\n<meta property=\"og:type\" content=\"article\" \/>\n<meta property=\"og:title\" content=\"LED-ajovalo Bullboy Agriline 60W &#039;&#039;Valmet\/Valtra&#039;&#039; -\" \/>\n<meta property=\"og:description\" content=\"&nbsp;  &nbsp;  &nbsp;  &nbsp;  &nbsp;\" \/>\n<meta property=\"og:url\" content=\"https:\/\/www.duunauspalvelutjarvi.fi\/?product=led-ajovalo-bullboy-agriline-60w-valmet-valtra\" \/>\n<meta property=\"article:modified_time\" content=\"2024-03-24T19:53:30+00:00\" \/>\n<meta property=\"og:image\" content=\"https:\/\/www.duunauspalvelutjarvi.fi\/wp-content\/uploads\/2021\/08\/8020104169_c59bc9b026ebd31072c49a7474fd056a_1.jpg\" \/>\n\t<meta property=\"og:image:width\" content=\"400\" \/>\n\t<meta property=\"og:image:height\" content=\"300\" \/>\n\t<meta property=\"og:image:type\" content=\"image\/jpeg\" \/>\n<meta name=\"twitter:card\" content=\"summary_large_image\" \/>\n<script type=\"application\/ld+json\" class=\"yoast-schema-graph\">{\"@context\":\"https:\\\/\\\/schema.org\",\"@graph\":[{\"@type\":\"WebPage\",\"@id\":\"https:\\\/\\\/www.duunauspalvelutjarvi.fi\\\/?product=led-ajovalo-bullboy-agriline-60w-valmet-valtra\",\"url\":\"https:\\\/\\\/www.duunauspalvelutjarvi.fi\\\/?product=led-ajovalo-bullboy-agriline-60w-valmet-valtra\",\"name\":\"LED-ajovalo Bullboy Agriline 60W ''Valmet\\\/Valtra'' -\",\"isPartOf\":{\"@id\":\"https:\\\/\\\/www.duunauspalvelutjarvi.fi\\\/#website\"},\"primaryImageOfPage\":{\"@id\":\"https:\\\/\\\/www.duunauspalvelutjarvi.fi\\\/?product=led-ajovalo-bullboy-agriline-60w-valmet-valtra#primaryimage\"},\"image\":{\"@id\":\"https:\\\/\\\/www.duunauspalvelutjarvi.fi\\\/?product=led-ajovalo-bullboy-agriline-60w-valmet-valtra#primaryimage\"},\"thumbnailUrl\":\"https:\\\/\\\/www.duunauspalvelutjarvi.fi\\\/wp-content\\\/uploads\\\/2021\\\/08\\\/8020104169_c59bc9b026ebd31072c49a7474fd056a_1.jpg\",\"datePublished\":\"2021-08-08T22:31:39+00:00\",\"dateModified\":\"2024-03-24T19:53:30+00:00\",\"breadcrumb\":{\"@id\":\"https:\\\/\\\/www.duunauspalvelutjarvi.fi\\\/?product=led-ajovalo-bullboy-agriline-60w-valmet-valtra#breadcrumb\"},\"inLanguage\":\"fi\",\"potentialAction\":[{\"@type\":\"ReadAction\",\"target\":[\"https:\\\/\\\/www.duunauspalvelutjarvi.fi\\\/?product=led-ajovalo-bullboy-agriline-60w-valmet-valtra\"]}]},{\"@type\":\"ImageObject\",\"inLanguage\":\"fi\",\"@id\":\"https:\\\/\\\/www.duunauspalvelutjarvi.fi\\\/?product=led-ajovalo-bullboy-agriline-60w-valmet-valtra#primaryimage\",\"url\":\"https:\\\/\\\/www.duunauspalvelutjarvi.fi\\\/wp-content\\\/uploads\\\/2021\\\/08\\\/8020104169_c59bc9b026ebd31072c49a7474fd056a_1.jpg\",\"contentUrl\":\"https:\\\/\\\/www.duunauspalvelutjarvi.fi\\\/wp-content\\\/uploads\\\/2021\\\/08\\\/8020104169_c59bc9b026ebd31072c49a7474fd056a_1.jpg\",\"width\":400,\"height\":300},{\"@type\":\"BreadcrumbList\",\"@id\":\"https:\\\/\\\/www.duunauspalvelutjarvi.fi\\\/?product=led-ajovalo-bullboy-agriline-60w-valmet-valtra#breadcrumb\",\"itemListElement\":[{\"@type\":\"ListItem\",\"position\":1,\"name\":\"Etusivu\",\"item\":\"https:\\\/\\\/www.duunauspalvelutjarvi.fi\\\/\"},{\"@type\":\"ListItem\",\"position\":2,\"name\":\"Etusivu\",\"item\":\"https:\\\/\\\/www.duunauspalvelutjarvi.fi\\\/\"},{\"@type\":\"ListItem\",\"position\":3,\"name\":\"LED-ajovalo Bullboy Agriline 60W &#8221;Valmet\\\/Valtra&#8221;\"}]},{\"@type\":\"WebSite\",\"@id\":\"https:\\\/\\\/www.duunauspalvelutjarvi.fi\\\/#website\",\"url\":\"https:\\\/\\\/www.duunauspalvelutjarvi.fi\\\/\",\"name\":\"\",\"description\":\"\",\"potentialAction\":[{\"@type\":\"SearchAction\",\"target\":{\"@type\":\"EntryPoint\",\"urlTemplate\":\"https:\\\/\\\/www.duunauspalvelutjarvi.fi\\\/?s={search_term_string}\"},\"query-input\":{\"@type\":\"PropertyValueSpecification\",\"valueRequired\":true,\"valueName\":\"search_term_string\"}}],\"inLanguage\":\"fi\"}]}<\/script>\n<!-- \/ Yoast SEO plugin. -->","yoast_head_json":{"title":"LED-ajovalo Bullboy Agriline 60W ''Valmet\/Valtra'' -","robots":{"index":"index","follow":"follow","max-snippet":"max-snippet:-1","max-image-preview":"max-image-preview:large","max-video-preview":"max-video-preview:-1"},"canonical":"https:\/\/www.duunauspalvelutjarvi.fi\/?product=led-ajovalo-bullboy-agriline-60w-valmet-valtra","og_locale":"fi_FI","og_type":"article","og_title":"LED-ajovalo Bullboy Agriline 60W ''Valmet\/Valtra'' -","og_description":"&nbsp;  &nbsp;  &nbsp;  &nbsp;  &nbsp;","og_url":"https:\/\/www.duunauspalvelutjarvi.fi\/?product=led-ajovalo-bullboy-agriline-60w-valmet-valtra","article_modified_time":"2024-03-24T19:53:30+00:00","og_image":[{"width":400,"height":300,"url":"https:\/\/www.duunauspalvelutjarvi.fi\/wp-content\/uploads\/2021\/08\/8020104169_c59bc9b026ebd31072c49a7474fd056a_1.jpg","type":"image\/jpeg"}],"twitter_card":"summary_large_image","schema":{"@context":"https:\/\/schema.org","@graph":[{"@type":"WebPage","@id":"https:\/\/www.duunauspalvelutjarvi.fi\/?product=led-ajovalo-bullboy-agriline-60w-valmet-valtra","url":"https:\/\/www.duunauspalvelutjarvi.fi\/?product=led-ajovalo-bullboy-agriline-60w-valmet-valtra","name":"LED-ajovalo Bullboy Agriline 60W ''Valmet\/Valtra'' -","isPartOf":{"@id":"https:\/\/www.duunauspalvelutjarvi.fi\/#website"},"primaryImageOfPage":{"@id":"https:\/\/www.duunauspalvelutjarvi.fi\/?product=led-ajovalo-bullboy-agriline-60w-valmet-valtra#primaryimage"},"image":{"@id":"https:\/\/www.duunauspalvelutjarvi.fi\/?product=led-ajovalo-bullboy-agriline-60w-valmet-valtra#primaryimage"},"thumbnailUrl":"https:\/\/www.duunauspalvelutjarvi.fi\/wp-content\/uploads\/2021\/08\/8020104169_c59bc9b026ebd31072c49a7474fd056a_1.jpg","datePublished":"2021-08-08T22:31:39+00:00","dateModified":"2024-03-24T19:53:30+00:00","breadcrumb":{"@id":"https:\/\/www.duunauspalvelutjarvi.fi\/?product=led-ajovalo-bullboy-agriline-60w-valmet-valtra#breadcrumb"},"inLanguage":"fi","potentialAction":[{"@type":"ReadAction","target":["https:\/\/www.duunauspalvelutjarvi.fi\/?product=led-ajovalo-bullboy-agriline-60w-valmet-valtra"]}]},{"@type":"ImageObject","inLanguage":"fi","@id":"https:\/\/www.duunauspalvelutjarvi.fi\/?product=led-ajovalo-bullboy-agriline-60w-valmet-valtra#primaryimage","url":"https:\/\/www.duunauspalvelutjarvi.fi\/wp-content\/uploads\/2021\/08\/8020104169_c59bc9b026ebd31072c49a7474fd056a_1.jpg","contentUrl":"https:\/\/www.duunauspalvelutjarvi.fi\/wp-content\/uploads\/2021\/08\/8020104169_c59bc9b026ebd31072c49a7474fd056a_1.jpg","width":400,"height":300},{"@type":"BreadcrumbList","@id":"https:\/\/www.duunauspalvelutjarvi.fi\/?product=led-ajovalo-bullboy-agriline-60w-valmet-valtra#breadcrumb","itemListElement":[{"@type":"ListItem","position":1,"name":"Etusivu","item":"https:\/\/www.duunauspalvelutjarvi.fi\/"},{"@type":"ListItem","position":2,"name":"Etusivu","item":"https:\/\/www.duunauspalvelutjarvi.fi\/"},{"@type":"ListItem","position":3,"name":"LED-ajovalo Bullboy Agriline 60W &#8221;Valmet\/Valtra&#8221;"}]},{"@type":"WebSite","@id":"https:\/\/www.duunauspalvelutjarvi.fi\/#website","url":"https:\/\/www.duunauspalvelutjarvi.fi\/","name":"","description":"","potentialAction":[{"@type":"SearchAction","target":{"@type":"EntryPoint","urlTemplate":"https:\/\/www.duunauspalvelutjarvi.fi\/?s={search_term_string}"},"query-input":{"@type":"PropertyValueSpecification","valueRequired":true,"valueName":"search_term_string"}}],"inLanguage":"fi"}]}},"jetpack_sharing_enabled":true,"_links":{"self":[{"href":"https:\/\/www.duunauspalvelutjarvi.fi\/index.php?rest_route=\/wp\/v2\/product\/8895","targetHints":{"allow":["GET"]}}],"collection":[{"href":"https:\/\/www.duunauspalvelutjarvi.fi\/index.php?rest_route=\/wp\/v2\/product"}],"about":[{"href":"https:\/\/www.duunauspalvelutjarvi.fi\/index.php?rest_route=\/wp\/v2\/types\/product"}],"replies":[{"embeddable":true,"href":"https:\/\/www.duunauspalvelutjarvi.fi\/index.php?rest_route=%2Fwp%2Fv2%2Fcomments&post=8895"}],"wp:featuredmedia":[{"embeddable":true,"href":"https:\/\/www.duunauspalvelutjarvi.fi\/index.php?rest_route=\/wp\/v2\/media\/14184"}],"wp:attachment":[{"href":"https:\/\/www.duunauspalvelutjarvi.fi\/index.php?rest_route=%2Fwp%2Fv2%2Fmedia&parent=8895"}],"wp:term":[{"taxonomy":"product_brand","embeddable":true,"href":"https:\/\/www.duunauspalvelutjarvi.fi\/index.php?rest_route=%2Fwp%2Fv2%2Fproduct_brand&post=8895"},{"taxonomy":"product_cat","embeddable":true,"href":"https:\/\/www.duunauspalvelutjarvi.fi\/index.php?rest_route=%2Fwp%2Fv2%2Fproduct_cat&post=8895"},{"taxonomy":"product_tag","embeddable":true,"href":"https:\/\/www.duunauspalvelutjarvi.fi\/index.php?rest_route=%2Fwp%2Fv2%2Fproduct_tag&post=8895"}],"curies":[{"name":"wp","href":"https:\/\/api.w.org\/{rel}","templated":true}]}}