{"id":8986,"date":"2021-08-20T14:50:56","date_gmt":"2021-08-20T11:50:56","guid":{"rendered":"https:\/\/www.duunauspalvelutjarvi.fi\/?post_type=product&#038;p=8986"},"modified":"2021-11-16T02:16:44","modified_gmt":"2021-11-16T00:16:44","slug":"otsavalo-armytek-ladattava-wizard-xhp50","status":"publish","type":"product","link":"https:\/\/www.duunauspalvelutjarvi.fi\/?product=otsavalo-armytek-ladattava-wizard-xhp50","title":{"rendered":"Otsavalo ArmyTek ladattava Wizard XHP50"},"content":{"rendered":"<p>Otsavalo ArmyTek ladattava Wizard XHP50<\/p>\n<p>Tehokas ja korkealaatuinen ladattava otsavalo magneetti USB -laturilla.<br \/>\nErityisen monik\u00e4ytt\u00f6inen valaisin sopii mm. autoon, kotiin, kalastukseen,<br \/>\nmets\u00e4stykseen, retkeilyyn, py\u00f6r\u00e4ilyyn jne.<\/p>\n<p>Loistava valon laatu, sek\u00e4 kirkkauden pysyvyys laadukkaiden komponenttien ja<br \/>\naktiivisen l\u00e4mp\u00f6tilans\u00e4\u00e4telyn ansiosta.<\/p>\n<p>Tehokas linssioptiikka ehk\u00e4iseen tunneliefektin syntymist\u00e4.<br \/>\nV\u00e4rillinen merkkivalo varoittaa akun loppumisesta ja valaisimen kuumenemisesta.<br \/>\nSivupainike helpottaa k\u00e4ytt\u00e4mist\u00e4 yhdell\u00e4 k\u00e4dell\u00e4.<br \/>\nHelppo tehotilan valinta.<br \/>\nValaisin pysyy napakasti mukavassa p\u00e4\u00e4pannassa, my\u00f6s juostessa.<br \/>\nYksiosainen, kest\u00e4v\u00e4 runko.<br \/>\nEi tiell\u00e4 roikkuvia johtoja tai ylim\u00e4\u00e4r\u00e4isi\u00e4 osia.<br \/>\nValaisimen p\u00e4\u00e4dyss\u00e4 on irroitettava magneetti, joka mahdollistaa k\u00e4tev\u00e4n<br \/>\nkiinnityksen metalliseen pintaan.<br \/>\nKompakti ja kevyt valaisin on valmistettu kest\u00e4vist\u00e4 materiaaleista.<br \/>\nLuja rakenne kest\u00e4\u00e4 tiputuksen yli 10 metrist\u00e4.<br \/>\nTotaalinen suoja vett\u00e4, likaa ja p\u00f6ly\u00e4 vastaan.<br \/>\nValaisin kest\u00e4\u00e4 upotuksen yli 10 metrin syvyyteen.<\/p>\n<p>Valoteho 2300 lumenia.<br \/>\nToimii 18650 Li-Ion akulla, sis\u00e4ltyy pakkaukseen.<\/p>\n<p>Pakkauksen sis\u00e4lt\u00f6:<br \/>\n&#8211; valaisin<br \/>\n&#8211; klipsi<br \/>\n&#8211; varatiivisteet (2kpl)<br \/>\n&#8211; 18650 Li-Ion akku (3200mAh)<br \/>\n&#8211; magneetti USB laturi<br \/>\n&#8211; rannehihna<br \/>\n&#8211; otsapanta<br \/>\n&#8211; lampun pidike<br \/>\n&#8211; k\u00e4ytt\u00f6ohje<\/p>\n<p>-Turbo 1800lm: 1h<br \/>\n-Teho 900lm: 1h 40min<br \/>\n-Norm. 390lm: 4h<br \/>\n-Low 165lm: 10h 30min<br \/>\n-Eco 30lm: 50h<br \/>\n-Moonlight 5,5lm: 12 vrk<br \/>\n-Survivour mode: 1,5lm: 40 vrk<br \/>\n-Survivour mode2 0,15lm: 200 vrk<\/p>\n","protected":false},"excerpt":{"rendered":"<p>Otsavalo ArmyTek ladattava Wizard XHP50 Tehokas ja korkealaatuinen ladattava otsavalo magneetti USB -laturilla. Erityisen monik\u00e4ytt\u00f6inen valaisin sopii mm. autoon, kotiin, kalastukseen, mets\u00e4stykseen, retkeilyyn, py\u00f6r\u00e4ilyyn jne. Loistava valon laatu, sek\u00e4 kirkkauden pysyvyys laadukkaiden komponenttien ja aktiivisen l\u00e4mp\u00f6tilans\u00e4\u00e4telyn ansiosta. Tehokas linssioptiikka ehk\u00e4iseen tunneliefektin syntymist\u00e4. V\u00e4rillinen merkkivalo varoittaa akun loppumisesta ja valaisimen kuumenemisesta. Sivupainike helpottaa k\u00e4ytt\u00e4mist\u00e4 yhdell\u00e4 k\u00e4dell\u00e4. [&hellip;]<\/p>\n","protected":false},"featured_media":0,"comment_status":"open","ping_status":"closed","template":"","meta":[],"product_brand":[],"product_cat":[452],"product_tag":[],"class_list":{"0":"post-8986","1":"product","2":"type-product","3":"status-publish","5":"product_cat-otsalamput","7":"first","8":"instock","9":"taxable","10":"shipping-taxable","11":"purchasable","12":"product-type-simple"},"yoast_head":"<!-- This site is optimized with the Yoast SEO plugin v27.5 - https:\/\/yoast.com\/product\/yoast-seo-wordpress\/ -->\n<title>Otsavalo ArmyTek ladattava Wizard XHP50 -<\/title>\n<meta name=\"robots\" content=\"index, follow, max-snippet:-1, max-image-preview:large, max-video-preview:-1\" \/>\n<link rel=\"canonical\" href=\"https:\/\/www.duunauspalvelutjarvi.fi\/?product=otsavalo-armytek-ladattava-wizard-xhp50\" \/>\n<meta property=\"og:locale\" content=\"fi_FI\" \/>\n<meta property=\"og:type\" content=\"article\" \/>\n<meta property=\"og:title\" content=\"Otsavalo ArmyTek ladattava Wizard XHP50 -\" \/>\n<meta property=\"og:description\" content=\"Otsavalo ArmyTek ladattava Wizard XHP50 Tehokas ja korkealaatuinen ladattava otsavalo magneetti USB -laturilla. Erityisen monik\u00e4ytt\u00f6inen valaisin sopii mm. autoon, kotiin, kalastukseen, mets\u00e4stykseen, retkeilyyn, py\u00f6r\u00e4ilyyn jne. Loistava valon laatu, sek\u00e4 kirkkauden pysyvyys laadukkaiden komponenttien ja aktiivisen l\u00e4mp\u00f6tilans\u00e4\u00e4telyn ansiosta. Tehokas linssioptiikka ehk\u00e4iseen tunneliefektin syntymist\u00e4. V\u00e4rillinen merkkivalo varoittaa akun loppumisesta ja valaisimen kuumenemisesta. Sivupainike helpottaa k\u00e4ytt\u00e4mist\u00e4 yhdell\u00e4 k\u00e4dell\u00e4. [&hellip;]\" \/>\n<meta property=\"og:url\" content=\"https:\/\/www.duunauspalvelutjarvi.fi\/?product=otsavalo-armytek-ladattava-wizard-xhp50\" \/>\n<meta property=\"article:modified_time\" content=\"2021-11-16T00:16:44+00:00\" \/>\n<meta name=\"twitter:card\" content=\"summary_large_image\" \/>\n<meta name=\"twitter:label1\" content=\"Arvioitu lukuaika\" \/>\n\t<meta name=\"twitter:data1\" content=\"1 minuutti\" \/>\n<script type=\"application\/ld+json\" class=\"yoast-schema-graph\">{\"@context\":\"https:\\\/\\\/schema.org\",\"@graph\":[{\"@type\":\"WebPage\",\"@id\":\"https:\\\/\\\/www.duunauspalvelutjarvi.fi\\\/?product=otsavalo-armytek-ladattava-wizard-xhp50\",\"url\":\"https:\\\/\\\/www.duunauspalvelutjarvi.fi\\\/?product=otsavalo-armytek-ladattava-wizard-xhp50\",\"name\":\"Otsavalo ArmyTek ladattava Wizard XHP50 -\",\"isPartOf\":{\"@id\":\"https:\\\/\\\/www.duunauspalvelutjarvi.fi\\\/#website\"},\"datePublished\":\"2021-08-20T11:50:56+00:00\",\"dateModified\":\"2021-11-16T00:16:44+00:00\",\"breadcrumb\":{\"@id\":\"https:\\\/\\\/www.duunauspalvelutjarvi.fi\\\/?product=otsavalo-armytek-ladattava-wizard-xhp50#breadcrumb\"},\"inLanguage\":\"fi\",\"potentialAction\":[{\"@type\":\"ReadAction\",\"target\":[\"https:\\\/\\\/www.duunauspalvelutjarvi.fi\\\/?product=otsavalo-armytek-ladattava-wizard-xhp50\"]}]},{\"@type\":\"BreadcrumbList\",\"@id\":\"https:\\\/\\\/www.duunauspalvelutjarvi.fi\\\/?product=otsavalo-armytek-ladattava-wizard-xhp50#breadcrumb\",\"itemListElement\":[{\"@type\":\"ListItem\",\"position\":1,\"name\":\"Etusivu\",\"item\":\"https:\\\/\\\/www.duunauspalvelutjarvi.fi\\\/\"},{\"@type\":\"ListItem\",\"position\":2,\"name\":\"Etusivu\",\"item\":\"https:\\\/\\\/www.duunauspalvelutjarvi.fi\\\/\"},{\"@type\":\"ListItem\",\"position\":3,\"name\":\"Otsavalo ArmyTek ladattava Wizard XHP50\"}]},{\"@type\":\"WebSite\",\"@id\":\"https:\\\/\\\/www.duunauspalvelutjarvi.fi\\\/#website\",\"url\":\"https:\\\/\\\/www.duunauspalvelutjarvi.fi\\\/\",\"name\":\"\",\"description\":\"\",\"potentialAction\":[{\"@type\":\"SearchAction\",\"target\":{\"@type\":\"EntryPoint\",\"urlTemplate\":\"https:\\\/\\\/www.duunauspalvelutjarvi.fi\\\/?s={search_term_string}\"},\"query-input\":{\"@type\":\"PropertyValueSpecification\",\"valueRequired\":true,\"valueName\":\"search_term_string\"}}],\"inLanguage\":\"fi\"}]}<\/script>\n<!-- \/ Yoast SEO plugin. -->","yoast_head_json":{"title":"Otsavalo ArmyTek ladattava Wizard XHP50 -","robots":{"index":"index","follow":"follow","max-snippet":"max-snippet:-1","max-image-preview":"max-image-preview:large","max-video-preview":"max-video-preview:-1"},"canonical":"https:\/\/www.duunauspalvelutjarvi.fi\/?product=otsavalo-armytek-ladattava-wizard-xhp50","og_locale":"fi_FI","og_type":"article","og_title":"Otsavalo ArmyTek ladattava Wizard XHP50 -","og_description":"Otsavalo ArmyTek ladattava Wizard XHP50 Tehokas ja korkealaatuinen ladattava otsavalo magneetti USB -laturilla. Erityisen monik\u00e4ytt\u00f6inen valaisin sopii mm. autoon, kotiin, kalastukseen, mets\u00e4stykseen, retkeilyyn, py\u00f6r\u00e4ilyyn jne. Loistava valon laatu, sek\u00e4 kirkkauden pysyvyys laadukkaiden komponenttien ja aktiivisen l\u00e4mp\u00f6tilans\u00e4\u00e4telyn ansiosta. Tehokas linssioptiikka ehk\u00e4iseen tunneliefektin syntymist\u00e4. V\u00e4rillinen merkkivalo varoittaa akun loppumisesta ja valaisimen kuumenemisesta. Sivupainike helpottaa k\u00e4ytt\u00e4mist\u00e4 yhdell\u00e4 k\u00e4dell\u00e4. [&hellip;]","og_url":"https:\/\/www.duunauspalvelutjarvi.fi\/?product=otsavalo-armytek-ladattava-wizard-xhp50","article_modified_time":"2021-11-16T00:16:44+00:00","twitter_card":"summary_large_image","twitter_misc":{"Arvioitu lukuaika":"1 minuutti"},"schema":{"@context":"https:\/\/schema.org","@graph":[{"@type":"WebPage","@id":"https:\/\/www.duunauspalvelutjarvi.fi\/?product=otsavalo-armytek-ladattava-wizard-xhp50","url":"https:\/\/www.duunauspalvelutjarvi.fi\/?product=otsavalo-armytek-ladattava-wizard-xhp50","name":"Otsavalo ArmyTek ladattava Wizard XHP50 -","isPartOf":{"@id":"https:\/\/www.duunauspalvelutjarvi.fi\/#website"},"datePublished":"2021-08-20T11:50:56+00:00","dateModified":"2021-11-16T00:16:44+00:00","breadcrumb":{"@id":"https:\/\/www.duunauspalvelutjarvi.fi\/?product=otsavalo-armytek-ladattava-wizard-xhp50#breadcrumb"},"inLanguage":"fi","potentialAction":[{"@type":"ReadAction","target":["https:\/\/www.duunauspalvelutjarvi.fi\/?product=otsavalo-armytek-ladattava-wizard-xhp50"]}]},{"@type":"BreadcrumbList","@id":"https:\/\/www.duunauspalvelutjarvi.fi\/?product=otsavalo-armytek-ladattava-wizard-xhp50#breadcrumb","itemListElement":[{"@type":"ListItem","position":1,"name":"Etusivu","item":"https:\/\/www.duunauspalvelutjarvi.fi\/"},{"@type":"ListItem","position":2,"name":"Etusivu","item":"https:\/\/www.duunauspalvelutjarvi.fi\/"},{"@type":"ListItem","position":3,"name":"Otsavalo ArmyTek ladattava Wizard XHP50"}]},{"@type":"WebSite","@id":"https:\/\/www.duunauspalvelutjarvi.fi\/#website","url":"https:\/\/www.duunauspalvelutjarvi.fi\/","name":"","description":"","potentialAction":[{"@type":"SearchAction","target":{"@type":"EntryPoint","urlTemplate":"https:\/\/www.duunauspalvelutjarvi.fi\/?s={search_term_string}"},"query-input":{"@type":"PropertyValueSpecification","valueRequired":true,"valueName":"search_term_string"}}],"inLanguage":"fi"}]}},"jetpack_sharing_enabled":true,"_links":{"self":[{"href":"https:\/\/www.duunauspalvelutjarvi.fi\/index.php?rest_route=\/wp\/v2\/product\/8986","targetHints":{"allow":["GET"]}}],"collection":[{"href":"https:\/\/www.duunauspalvelutjarvi.fi\/index.php?rest_route=\/wp\/v2\/product"}],"about":[{"href":"https:\/\/www.duunauspalvelutjarvi.fi\/index.php?rest_route=\/wp\/v2\/types\/product"}],"replies":[{"embeddable":true,"href":"https:\/\/www.duunauspalvelutjarvi.fi\/index.php?rest_route=%2Fwp%2Fv2%2Fcomments&post=8986"}],"wp:attachment":[{"href":"https:\/\/www.duunauspalvelutjarvi.fi\/index.php?rest_route=%2Fwp%2Fv2%2Fmedia&parent=8986"}],"wp:term":[{"taxonomy":"product_brand","embeddable":true,"href":"https:\/\/www.duunauspalvelutjarvi.fi\/index.php?rest_route=%2Fwp%2Fv2%2Fproduct_brand&post=8986"},{"taxonomy":"product_cat","embeddable":true,"href":"https:\/\/www.duunauspalvelutjarvi.fi\/index.php?rest_route=%2Fwp%2Fv2%2Fproduct_cat&post=8986"},{"taxonomy":"product_tag","embeddable":true,"href":"https:\/\/www.duunauspalvelutjarvi.fi\/index.php?rest_route=%2Fwp%2Fv2%2Fproduct_tag&post=8986"}],"curies":[{"name":"wp","href":"https:\/\/api.w.org\/{rel}","templated":true}]}}