{"id":8988,"date":"2021-08-20T14:54:45","date_gmt":"2021-08-20T11:54:45","guid":{"rendered":"https:\/\/www.duunauspalvelutjarvi.fi\/?post_type=product&#038;p=8988"},"modified":"2021-11-16T02:16:09","modified_gmt":"2021-11-16T00:16:09","slug":"otsavalo-armytek-ladattava-wizard-c2-pro","status":"publish","type":"product","link":"https:\/\/www.duunauspalvelutjarvi.fi\/?product=otsavalo-armytek-ladattava-wizard-c2-pro","title":{"rendered":"Otsavalo ArmyTek ladattava Wizard C2 PRO"},"content":{"rendered":"<p>LEGENDAARINEN MONITOIMIVALAISIN ON ENTIST\u00c4 KIRKKAAMPI, LUOTETTAVAMPI JA K\u00c4YTT\u00c4J\u00c4YST\u00c4V\u00c4LLISEMPI<br \/>\nWizard C2 Pro ensimm\u00e4inen Armytekin uudistetun tuoteperheen valaisin.<\/p>\n<p>T\u00e4ydellinen ratkaisu tehokasta monitoimivalaisinta pitk\u00e4kestoiseen jokap\u00e4iv\u00e4iseen ammattik\u00e4ytt\u00f6\u00f6n etsiv\u00e4lle.<\/p>\n<p>Mallissa on eritt\u00e4in voimakas kirkkaus 2500 lumeniin asti ja kantama 131 metriin asti.<br \/>\nLadattavissa mill\u00e4 tahansa USB-virtal\u00e4hteell\u00e4 USB-magneettikaapelilla.<br \/>\nVoimakas takakorkin magneetti kiinnitt\u00e4\u00e4 valaisimen jokaiseen metallipintaan.<\/p>\n<p>Pakkaukseen kuuluu mukava otsakiinnike, klipsi vaate- tai reppukiinnitykseen sek\u00e4 py\u00f6r\u00e4kiinnike ABM-01.<br \/>\nWizard C2 Pro sopii yhteen AHM-02 kyp\u00e4r\u00e4kiinnikkeen kanssa ja soveltuu rakennusk\u00e4ytt\u00f6\u00f6n.<\/p>\n<p>WIZARD C2 PRO \u0097 MONIITOIMIVALAISIN 3 IN 1<\/p>\n<p>OTSALAMPPU<br \/>\nHelppo yhden k\u00e4den hallinta, luotettava otsakiinnike juoksuun<br \/>\nKokonainen runko ilman pitki\u00e4 johtoja, ep\u00e4varmoja kumiliittimi\u00e4 ja ylim\u00e4\u00e4r\u00e4isi\u00e4 osia<br \/>\nLamppu on helppo kiinnitt\u00e4\u00e4, irrottaa ja k\u00e4\u00e4nt\u00e4\u00e4 180\u00b0<br \/>\nNopeasti irrotettava kumirengas vahvistaa kiinnityksen<\/p>\n<p>JOKAP\u00c4IV\u00c4ISEEN K\u00c4YTT\u00d6\u00d6N<br \/>\nKompakti runko<br \/>\nK\u00e4tev\u00e4 sivupainkie<br \/>\nErikoismatta anodisointi ilman ter\u00e4vi\u00e4 s\u00e4rmi\u00e4<br \/>\nVahva sis\u00e4\u00e4nrakennettu magneetti ja varma ter\u00e4sklipsi<br \/>\nV\u00e4lkkym\u00e4t\u00f6n pysyv\u00e4 valo<\/p>\n<p>PY\u00d6R\u00c4LAMPPU<br \/>\nValmistettu karkaistusta alumiinista<br \/>\nVahva nopeasti irrotettava kiinnike mukana<br \/>\nYLL\u00c4TY WIZARD C2 PRO:N UUSISTA OMINAISUUKSISTA<br \/>\nInnovatiivinen optinen j\u00e4rjestelm\u00e4: p\u00e4\u00e4st\u00e4\u00e4 enemm\u00e4n lumeneja l\u00e4pi, takaa pidemm\u00e4n kantaman laajalla valokeilalla.<\/p>\n<p>Ledin maksimaalinen tehokkuus: olemme saavuttaneet vakuuttavat 2330 lumenia Wizard v3 Pro:n 1800 lm sijasta.<\/p>\n<p>Uusi runko: p\u00e4\u00e4n parannettu rakenne l\u00e4mm\u00f6n pois johtamiseksi ja kirkkauden lis\u00e4\u00e4miseksi.<\/p>\n<p>Suurempi sivupainike: pehme\u00e4mpi ja mukavampi painaa.<\/p>\n<p>Uudistettu elektroniikka ja laiteohjelma:pident\u00e4v\u00e4t toiminta-aikaa ja lis\u00e4\u00e4v\u00e4t kirkkautta.<\/p>\n<p>Helppo oletushallinta: mutkaton alkuk\u00e4ytt\u00f6 suoraan pakkauksesta, mahdollisuus siirty\u00e4 laajennettuun 12 k\u00e4ytt\u00f6tilan ammattiohjaukseen.<\/p>\n<p>Kaksoisjousituksen: akku on tiiviisti kosketuksessa draiveriin ja antaa lis\u00e4suojan pudotuksen varalta.<\/p>\n<p>Uusi magneettilaturi: lataa 2 kertaa nopeammin (3 h 40 min).<\/p>\n<p>Akun lataaminen:<br \/>\nAvaa akkukotelon korkkia 1\/4 kierrosta auki.<br \/>\nKytke magneettilatauspistoke korkkiin ja USB-liitin USB porttiin.<\/p>\n<p>WIZARD-SARJAN LAMPPUJEN EDUT<br \/>\nPro Tehokas elektroniikka takaa vakuuttavan 2500 lumenin valon ja enn\u00e4tyksellisen 200 p\u00e4iv\u00e4n ty\u00f6ajan Tulik\u00e4rp\u00e4nen\u0096tilassa.<br \/>\nPro Moniv\u00e4rinen korkean l\u00e4mp\u00f6tilan ja akun tilan indikointi, joka toimii 25 vuoden ajan ja auttaa l\u00f6yt\u00e4m\u00e4\u00e4n valaisimen pime\u00e4ss\u00e4.<br \/>\nLaaja k\u00e4ytt\u00e4j\u00e4yst\u00e4v\u00e4llinen s\u00e4de; TIR-optiikka suojattu karkaistulla naarmusuojatulla lasilla valaistavalla pinnoitteella.<br \/>\nInnovaatioteknologian ansiosta voi k\u00e4ytt\u00e4\u00e4 kaikkia 18650 -akkuja. Oikosulkusuoja my\u00f6s, kun magneettiportti on kosketuksessa metalliesineiden knssa.<br \/>\nYlikuumenemisen (yli 58 \u00b0?) aktiivinen reaaliajan suoja ja ennakoiva alhaisen akun latauksen indikointi.<br \/>\nT\u00e4ydellinen suoja vedelt\u00e4, lialta ja p\u00f6lylt\u00e4 \u0096 valaisin jatkaa toimintaansa jopa 10 metrin syvyydess\u00e4.<br \/>\nToimintavarma ja vesitiivis magneettiportti.<br \/>\nT\u00e4ysi takuu 10 vuotta.<br \/>\nAkku 18650 Li-Ion (3500 mAh) mukana.<\/p>\n","protected":false},"excerpt":{"rendered":"<p>LEGENDAARINEN MONITOIMIVALAISIN ON ENTIST\u00c4 KIRKKAAMPI, LUOTETTAVAMPI JA K\u00c4YTT\u00c4J\u00c4YST\u00c4V\u00c4LLISEMPI Wizard C2 Pro ensimm\u00e4inen Armytekin uudistetun tuoteperheen valaisin. T\u00e4ydellinen ratkaisu tehokasta monitoimivalaisinta pitk\u00e4kestoiseen jokap\u00e4iv\u00e4iseen ammattik\u00e4ytt\u00f6\u00f6n etsiv\u00e4lle. Mallissa on eritt\u00e4in voimakas kirkkaus 2500 lumeniin asti ja kantama 131 metriin asti. Ladattavissa mill\u00e4 tahansa USB-virtal\u00e4hteell\u00e4 USB-magneettikaapelilla. Voimakas takakorkin magneetti kiinnitt\u00e4\u00e4 valaisimen jokaiseen metallipintaan. Pakkaukseen kuuluu mukava otsakiinnike, klipsi vaate- [&hellip;]<\/p>\n","protected":false},"featured_media":0,"comment_status":"open","ping_status":"closed","template":"","meta":[],"product_brand":[],"product_cat":[452],"product_tag":[],"class_list":{"0":"post-8988","1":"product","2":"type-product","3":"status-publish","5":"product_cat-otsalamput","7":"first","8":"instock","9":"taxable","10":"shipping-taxable","11":"purchasable","12":"product-type-simple"},"yoast_head":"<!-- This site is optimized with the Yoast SEO plugin v27.4 - https:\/\/yoast.com\/product\/yoast-seo-wordpress\/ -->\n<title>Otsavalo ArmyTek ladattava Wizard C2 PRO -<\/title>\n<meta name=\"robots\" content=\"index, follow, max-snippet:-1, max-image-preview:large, max-video-preview:-1\" \/>\n<link rel=\"canonical\" href=\"https:\/\/www.duunauspalvelutjarvi.fi\/?product=otsavalo-armytek-ladattava-wizard-c2-pro\" \/>\n<meta property=\"og:locale\" content=\"fi_FI\" \/>\n<meta property=\"og:type\" content=\"article\" \/>\n<meta property=\"og:title\" content=\"Otsavalo ArmyTek ladattava Wizard C2 PRO -\" \/>\n<meta property=\"og:description\" content=\"LEGENDAARINEN MONITOIMIVALAISIN ON ENTIST\u00c4 KIRKKAAMPI, LUOTETTAVAMPI JA K\u00c4YTT\u00c4J\u00c4YST\u00c4V\u00c4LLISEMPI Wizard C2 Pro ensimm\u00e4inen Armytekin uudistetun tuoteperheen valaisin. T\u00e4ydellinen ratkaisu tehokasta monitoimivalaisinta pitk\u00e4kestoiseen jokap\u00e4iv\u00e4iseen ammattik\u00e4ytt\u00f6\u00f6n etsiv\u00e4lle. Mallissa on eritt\u00e4in voimakas kirkkaus 2500 lumeniin asti ja kantama 131 metriin asti. Ladattavissa mill\u00e4 tahansa USB-virtal\u00e4hteell\u00e4 USB-magneettikaapelilla. Voimakas takakorkin magneetti kiinnitt\u00e4\u00e4 valaisimen jokaiseen metallipintaan. Pakkaukseen kuuluu mukava otsakiinnike, klipsi vaate- [&hellip;]\" \/>\n<meta property=\"og:url\" content=\"https:\/\/www.duunauspalvelutjarvi.fi\/?product=otsavalo-armytek-ladattava-wizard-c2-pro\" \/>\n<meta property=\"article:modified_time\" content=\"2021-11-16T00:16:09+00:00\" \/>\n<meta name=\"twitter:card\" content=\"summary_large_image\" \/>\n<meta name=\"twitter:label1\" content=\"Arvioitu lukuaika\" \/>\n\t<meta name=\"twitter:data1\" content=\"2 minuuttia\" \/>\n<script type=\"application\/ld+json\" class=\"yoast-schema-graph\">{\"@context\":\"https:\\\/\\\/schema.org\",\"@graph\":[{\"@type\":\"WebPage\",\"@id\":\"https:\\\/\\\/www.duunauspalvelutjarvi.fi\\\/?product=otsavalo-armytek-ladattava-wizard-c2-pro\",\"url\":\"https:\\\/\\\/www.duunauspalvelutjarvi.fi\\\/?product=otsavalo-armytek-ladattava-wizard-c2-pro\",\"name\":\"Otsavalo ArmyTek ladattava Wizard C2 PRO -\",\"isPartOf\":{\"@id\":\"https:\\\/\\\/www.duunauspalvelutjarvi.fi\\\/#website\"},\"datePublished\":\"2021-08-20T11:54:45+00:00\",\"dateModified\":\"2021-11-16T00:16:09+00:00\",\"breadcrumb\":{\"@id\":\"https:\\\/\\\/www.duunauspalvelutjarvi.fi\\\/?product=otsavalo-armytek-ladattava-wizard-c2-pro#breadcrumb\"},\"inLanguage\":\"fi\",\"potentialAction\":[{\"@type\":\"ReadAction\",\"target\":[\"https:\\\/\\\/www.duunauspalvelutjarvi.fi\\\/?product=otsavalo-armytek-ladattava-wizard-c2-pro\"]}]},{\"@type\":\"BreadcrumbList\",\"@id\":\"https:\\\/\\\/www.duunauspalvelutjarvi.fi\\\/?product=otsavalo-armytek-ladattava-wizard-c2-pro#breadcrumb\",\"itemListElement\":[{\"@type\":\"ListItem\",\"position\":1,\"name\":\"Etusivu\",\"item\":\"https:\\\/\\\/www.duunauspalvelutjarvi.fi\\\/\"},{\"@type\":\"ListItem\",\"position\":2,\"name\":\"Etusivu\",\"item\":\"https:\\\/\\\/www.duunauspalvelutjarvi.fi\\\/\"},{\"@type\":\"ListItem\",\"position\":3,\"name\":\"Otsavalo ArmyTek ladattava Wizard C2 PRO\"}]},{\"@type\":\"WebSite\",\"@id\":\"https:\\\/\\\/www.duunauspalvelutjarvi.fi\\\/#website\",\"url\":\"https:\\\/\\\/www.duunauspalvelutjarvi.fi\\\/\",\"name\":\"\",\"description\":\"\",\"potentialAction\":[{\"@type\":\"SearchAction\",\"target\":{\"@type\":\"EntryPoint\",\"urlTemplate\":\"https:\\\/\\\/www.duunauspalvelutjarvi.fi\\\/?s={search_term_string}\"},\"query-input\":{\"@type\":\"PropertyValueSpecification\",\"valueRequired\":true,\"valueName\":\"search_term_string\"}}],\"inLanguage\":\"fi\"}]}<\/script>\n<!-- \/ Yoast SEO plugin. -->","yoast_head_json":{"title":"Otsavalo ArmyTek ladattava Wizard C2 PRO -","robots":{"index":"index","follow":"follow","max-snippet":"max-snippet:-1","max-image-preview":"max-image-preview:large","max-video-preview":"max-video-preview:-1"},"canonical":"https:\/\/www.duunauspalvelutjarvi.fi\/?product=otsavalo-armytek-ladattava-wizard-c2-pro","og_locale":"fi_FI","og_type":"article","og_title":"Otsavalo ArmyTek ladattava Wizard C2 PRO -","og_description":"LEGENDAARINEN MONITOIMIVALAISIN ON ENTIST\u00c4 KIRKKAAMPI, LUOTETTAVAMPI JA K\u00c4YTT\u00c4J\u00c4YST\u00c4V\u00c4LLISEMPI Wizard C2 Pro ensimm\u00e4inen Armytekin uudistetun tuoteperheen valaisin. T\u00e4ydellinen ratkaisu tehokasta monitoimivalaisinta pitk\u00e4kestoiseen jokap\u00e4iv\u00e4iseen ammattik\u00e4ytt\u00f6\u00f6n etsiv\u00e4lle. Mallissa on eritt\u00e4in voimakas kirkkaus 2500 lumeniin asti ja kantama 131 metriin asti. Ladattavissa mill\u00e4 tahansa USB-virtal\u00e4hteell\u00e4 USB-magneettikaapelilla. Voimakas takakorkin magneetti kiinnitt\u00e4\u00e4 valaisimen jokaiseen metallipintaan. Pakkaukseen kuuluu mukava otsakiinnike, klipsi vaate- [&hellip;]","og_url":"https:\/\/www.duunauspalvelutjarvi.fi\/?product=otsavalo-armytek-ladattava-wizard-c2-pro","article_modified_time":"2021-11-16T00:16:09+00:00","twitter_card":"summary_large_image","twitter_misc":{"Arvioitu lukuaika":"2 minuuttia"},"schema":{"@context":"https:\/\/schema.org","@graph":[{"@type":"WebPage","@id":"https:\/\/www.duunauspalvelutjarvi.fi\/?product=otsavalo-armytek-ladattava-wizard-c2-pro","url":"https:\/\/www.duunauspalvelutjarvi.fi\/?product=otsavalo-armytek-ladattava-wizard-c2-pro","name":"Otsavalo ArmyTek ladattava Wizard C2 PRO -","isPartOf":{"@id":"https:\/\/www.duunauspalvelutjarvi.fi\/#website"},"datePublished":"2021-08-20T11:54:45+00:00","dateModified":"2021-11-16T00:16:09+00:00","breadcrumb":{"@id":"https:\/\/www.duunauspalvelutjarvi.fi\/?product=otsavalo-armytek-ladattava-wizard-c2-pro#breadcrumb"},"inLanguage":"fi","potentialAction":[{"@type":"ReadAction","target":["https:\/\/www.duunauspalvelutjarvi.fi\/?product=otsavalo-armytek-ladattava-wizard-c2-pro"]}]},{"@type":"BreadcrumbList","@id":"https:\/\/www.duunauspalvelutjarvi.fi\/?product=otsavalo-armytek-ladattava-wizard-c2-pro#breadcrumb","itemListElement":[{"@type":"ListItem","position":1,"name":"Etusivu","item":"https:\/\/www.duunauspalvelutjarvi.fi\/"},{"@type":"ListItem","position":2,"name":"Etusivu","item":"https:\/\/www.duunauspalvelutjarvi.fi\/"},{"@type":"ListItem","position":3,"name":"Otsavalo ArmyTek ladattava Wizard C2 PRO"}]},{"@type":"WebSite","@id":"https:\/\/www.duunauspalvelutjarvi.fi\/#website","url":"https:\/\/www.duunauspalvelutjarvi.fi\/","name":"","description":"","potentialAction":[{"@type":"SearchAction","target":{"@type":"EntryPoint","urlTemplate":"https:\/\/www.duunauspalvelutjarvi.fi\/?s={search_term_string}"},"query-input":{"@type":"PropertyValueSpecification","valueRequired":true,"valueName":"search_term_string"}}],"inLanguage":"fi"}]}},"jetpack_sharing_enabled":true,"_links":{"self":[{"href":"https:\/\/www.duunauspalvelutjarvi.fi\/index.php?rest_route=\/wp\/v2\/product\/8988","targetHints":{"allow":["GET"]}}],"collection":[{"href":"https:\/\/www.duunauspalvelutjarvi.fi\/index.php?rest_route=\/wp\/v2\/product"}],"about":[{"href":"https:\/\/www.duunauspalvelutjarvi.fi\/index.php?rest_route=\/wp\/v2\/types\/product"}],"replies":[{"embeddable":true,"href":"https:\/\/www.duunauspalvelutjarvi.fi\/index.php?rest_route=%2Fwp%2Fv2%2Fcomments&post=8988"}],"wp:attachment":[{"href":"https:\/\/www.duunauspalvelutjarvi.fi\/index.php?rest_route=%2Fwp%2Fv2%2Fmedia&parent=8988"}],"wp:term":[{"taxonomy":"product_brand","embeddable":true,"href":"https:\/\/www.duunauspalvelutjarvi.fi\/index.php?rest_route=%2Fwp%2Fv2%2Fproduct_brand&post=8988"},{"taxonomy":"product_cat","embeddable":true,"href":"https:\/\/www.duunauspalvelutjarvi.fi\/index.php?rest_route=%2Fwp%2Fv2%2Fproduct_cat&post=8988"},{"taxonomy":"product_tag","embeddable":true,"href":"https:\/\/www.duunauspalvelutjarvi.fi\/index.php?rest_route=%2Fwp%2Fv2%2Fproduct_tag&post=8988"}],"curies":[{"name":"wp","href":"https:\/\/api.w.org\/{rel}","templated":true}]}}