{"id":9003,"date":"2021-08-20T19:49:42","date_gmt":"2021-08-20T16:49:42","guid":{"rendered":"https:\/\/www.duunauspalvelutjarvi.fi\/?post_type=product&#038;p=9003"},"modified":"2021-11-16T02:14:26","modified_gmt":"2021-11-16T00:14:26","slug":"ledlenser-lamppu-p3-bm","status":"publish","type":"product","link":"https:\/\/www.duunauspalvelutjarvi.fi\/?product=ledlenser-lamppu-p3-bm","title":{"rendered":"Ledlenser lamppu P3 bm"},"content":{"rendered":"<p>T\u00e4m\u00e4 Led Lenser on malliston pienin valokeilan pikas\u00e4\u00e4d\u00f6ll\u00e4 varustettu valaisin.<br \/>\nLed Lenseriss\u00e4 on my\u00f6s klipsi, jonka avulla sen voi kiinnitt\u00e4\u00e4 vaatteeseen.<\/p>\n<p>Led Lenser P3 -mallilla on pituutta alle 10 senttimetri\u00e4.<br \/>\nSilti valaisin yll\u00e4tt\u00e4\u00e4 kirkkaudellaan!<\/p>\n<p>Tekniset tiedot<br \/>\n16 lumenia<br \/>\n1 kpl AAA-paristo<br \/>\npituus n. 9,5 cm<br \/>\npaino 42 g<\/p>\n","protected":false},"excerpt":{"rendered":"<p>T\u00e4m\u00e4 Led Lenser on malliston pienin valokeilan pikas\u00e4\u00e4d\u00f6ll\u00e4 varustettu valaisin. Led Lenseriss\u00e4 on my\u00f6s klipsi, jonka avulla sen voi kiinnitt\u00e4\u00e4 vaatteeseen. Led Lenser P3 -mallilla on pituutta alle 10 senttimetri\u00e4. Silti valaisin yll\u00e4tt\u00e4\u00e4 kirkkaudellaan! Tekniset tiedot 16 lumenia 1 kpl AAA-paristo pituus n. 9,5 cm paino 42 g<\/p>\n","protected":false},"featured_media":0,"comment_status":"open","ping_status":"closed","template":"","meta":[],"product_brand":[],"product_cat":[453],"product_tag":[],"class_list":{"0":"post-9003","1":"product","2":"type-product","3":"status-publish","5":"product_cat-taskulamput","7":"first","8":"instock","9":"taxable","10":"shipping-taxable","11":"purchasable","12":"product-type-simple"},"yoast_head":"<!-- This site is optimized with the Yoast SEO plugin v27.4 - https:\/\/yoast.com\/product\/yoast-seo-wordpress\/ -->\n<title>Ledlenser lamppu P3 bm -<\/title>\n<meta name=\"robots\" content=\"index, follow, max-snippet:-1, max-image-preview:large, max-video-preview:-1\" \/>\n<link rel=\"canonical\" href=\"https:\/\/www.duunauspalvelutjarvi.fi\/?product=ledlenser-lamppu-p3-bm\" \/>\n<meta property=\"og:locale\" content=\"fi_FI\" \/>\n<meta property=\"og:type\" content=\"article\" \/>\n<meta property=\"og:title\" content=\"Ledlenser lamppu P3 bm -\" \/>\n<meta property=\"og:description\" content=\"T\u00e4m\u00e4 Led Lenser on malliston pienin valokeilan pikas\u00e4\u00e4d\u00f6ll\u00e4 varustettu valaisin. Led Lenseriss\u00e4 on my\u00f6s klipsi, jonka avulla sen voi kiinnitt\u00e4\u00e4 vaatteeseen. Led Lenser P3 -mallilla on pituutta alle 10 senttimetri\u00e4. Silti valaisin yll\u00e4tt\u00e4\u00e4 kirkkaudellaan! Tekniset tiedot 16 lumenia 1 kpl AAA-paristo pituus n. 9,5 cm paino 42 g\" \/>\n<meta property=\"og:url\" content=\"https:\/\/www.duunauspalvelutjarvi.fi\/?product=ledlenser-lamppu-p3-bm\" \/>\n<meta property=\"article:modified_time\" content=\"2021-11-16T00:14:26+00:00\" \/>\n<meta name=\"twitter:card\" content=\"summary_large_image\" \/>\n<script type=\"application\/ld+json\" class=\"yoast-schema-graph\">{\"@context\":\"https:\\\/\\\/schema.org\",\"@graph\":[{\"@type\":\"WebPage\",\"@id\":\"https:\\\/\\\/www.duunauspalvelutjarvi.fi\\\/?product=ledlenser-lamppu-p3-bm\",\"url\":\"https:\\\/\\\/www.duunauspalvelutjarvi.fi\\\/?product=ledlenser-lamppu-p3-bm\",\"name\":\"Ledlenser lamppu P3 bm -\",\"isPartOf\":{\"@id\":\"https:\\\/\\\/www.duunauspalvelutjarvi.fi\\\/#website\"},\"datePublished\":\"2021-08-20T16:49:42+00:00\",\"dateModified\":\"2021-11-16T00:14:26+00:00\",\"breadcrumb\":{\"@id\":\"https:\\\/\\\/www.duunauspalvelutjarvi.fi\\\/?product=ledlenser-lamppu-p3-bm#breadcrumb\"},\"inLanguage\":\"fi\",\"potentialAction\":[{\"@type\":\"ReadAction\",\"target\":[\"https:\\\/\\\/www.duunauspalvelutjarvi.fi\\\/?product=ledlenser-lamppu-p3-bm\"]}]},{\"@type\":\"BreadcrumbList\",\"@id\":\"https:\\\/\\\/www.duunauspalvelutjarvi.fi\\\/?product=ledlenser-lamppu-p3-bm#breadcrumb\",\"itemListElement\":[{\"@type\":\"ListItem\",\"position\":1,\"name\":\"Etusivu\",\"item\":\"https:\\\/\\\/www.duunauspalvelutjarvi.fi\\\/\"},{\"@type\":\"ListItem\",\"position\":2,\"name\":\"Etusivu\",\"item\":\"https:\\\/\\\/www.duunauspalvelutjarvi.fi\\\/\"},{\"@type\":\"ListItem\",\"position\":3,\"name\":\"Ledlenser lamppu P3 bm\"}]},{\"@type\":\"WebSite\",\"@id\":\"https:\\\/\\\/www.duunauspalvelutjarvi.fi\\\/#website\",\"url\":\"https:\\\/\\\/www.duunauspalvelutjarvi.fi\\\/\",\"name\":\"\",\"description\":\"\",\"potentialAction\":[{\"@type\":\"SearchAction\",\"target\":{\"@type\":\"EntryPoint\",\"urlTemplate\":\"https:\\\/\\\/www.duunauspalvelutjarvi.fi\\\/?s={search_term_string}\"},\"query-input\":{\"@type\":\"PropertyValueSpecification\",\"valueRequired\":true,\"valueName\":\"search_term_string\"}}],\"inLanguage\":\"fi\"}]}<\/script>\n<!-- \/ Yoast SEO plugin. -->","yoast_head_json":{"title":"Ledlenser lamppu P3 bm -","robots":{"index":"index","follow":"follow","max-snippet":"max-snippet:-1","max-image-preview":"max-image-preview:large","max-video-preview":"max-video-preview:-1"},"canonical":"https:\/\/www.duunauspalvelutjarvi.fi\/?product=ledlenser-lamppu-p3-bm","og_locale":"fi_FI","og_type":"article","og_title":"Ledlenser lamppu P3 bm -","og_description":"T\u00e4m\u00e4 Led Lenser on malliston pienin valokeilan pikas\u00e4\u00e4d\u00f6ll\u00e4 varustettu valaisin. Led Lenseriss\u00e4 on my\u00f6s klipsi, jonka avulla sen voi kiinnitt\u00e4\u00e4 vaatteeseen. Led Lenser P3 -mallilla on pituutta alle 10 senttimetri\u00e4. Silti valaisin yll\u00e4tt\u00e4\u00e4 kirkkaudellaan! Tekniset tiedot 16 lumenia 1 kpl AAA-paristo pituus n. 9,5 cm paino 42 g","og_url":"https:\/\/www.duunauspalvelutjarvi.fi\/?product=ledlenser-lamppu-p3-bm","article_modified_time":"2021-11-16T00:14:26+00:00","twitter_card":"summary_large_image","schema":{"@context":"https:\/\/schema.org","@graph":[{"@type":"WebPage","@id":"https:\/\/www.duunauspalvelutjarvi.fi\/?product=ledlenser-lamppu-p3-bm","url":"https:\/\/www.duunauspalvelutjarvi.fi\/?product=ledlenser-lamppu-p3-bm","name":"Ledlenser lamppu P3 bm -","isPartOf":{"@id":"https:\/\/www.duunauspalvelutjarvi.fi\/#website"},"datePublished":"2021-08-20T16:49:42+00:00","dateModified":"2021-11-16T00:14:26+00:00","breadcrumb":{"@id":"https:\/\/www.duunauspalvelutjarvi.fi\/?product=ledlenser-lamppu-p3-bm#breadcrumb"},"inLanguage":"fi","potentialAction":[{"@type":"ReadAction","target":["https:\/\/www.duunauspalvelutjarvi.fi\/?product=ledlenser-lamppu-p3-bm"]}]},{"@type":"BreadcrumbList","@id":"https:\/\/www.duunauspalvelutjarvi.fi\/?product=ledlenser-lamppu-p3-bm#breadcrumb","itemListElement":[{"@type":"ListItem","position":1,"name":"Etusivu","item":"https:\/\/www.duunauspalvelutjarvi.fi\/"},{"@type":"ListItem","position":2,"name":"Etusivu","item":"https:\/\/www.duunauspalvelutjarvi.fi\/"},{"@type":"ListItem","position":3,"name":"Ledlenser lamppu P3 bm"}]},{"@type":"WebSite","@id":"https:\/\/www.duunauspalvelutjarvi.fi\/#website","url":"https:\/\/www.duunauspalvelutjarvi.fi\/","name":"","description":"","potentialAction":[{"@type":"SearchAction","target":{"@type":"EntryPoint","urlTemplate":"https:\/\/www.duunauspalvelutjarvi.fi\/?s={search_term_string}"},"query-input":{"@type":"PropertyValueSpecification","valueRequired":true,"valueName":"search_term_string"}}],"inLanguage":"fi"}]}},"jetpack_sharing_enabled":true,"_links":{"self":[{"href":"https:\/\/www.duunauspalvelutjarvi.fi\/index.php?rest_route=\/wp\/v2\/product\/9003","targetHints":{"allow":["GET"]}}],"collection":[{"href":"https:\/\/www.duunauspalvelutjarvi.fi\/index.php?rest_route=\/wp\/v2\/product"}],"about":[{"href":"https:\/\/www.duunauspalvelutjarvi.fi\/index.php?rest_route=\/wp\/v2\/types\/product"}],"replies":[{"embeddable":true,"href":"https:\/\/www.duunauspalvelutjarvi.fi\/index.php?rest_route=%2Fwp%2Fv2%2Fcomments&post=9003"}],"wp:attachment":[{"href":"https:\/\/www.duunauspalvelutjarvi.fi\/index.php?rest_route=%2Fwp%2Fv2%2Fmedia&parent=9003"}],"wp:term":[{"taxonomy":"product_brand","embeddable":true,"href":"https:\/\/www.duunauspalvelutjarvi.fi\/index.php?rest_route=%2Fwp%2Fv2%2Fproduct_brand&post=9003"},{"taxonomy":"product_cat","embeddable":true,"href":"https:\/\/www.duunauspalvelutjarvi.fi\/index.php?rest_route=%2Fwp%2Fv2%2Fproduct_cat&post=9003"},{"taxonomy":"product_tag","embeddable":true,"href":"https:\/\/www.duunauspalvelutjarvi.fi\/index.php?rest_route=%2Fwp%2Fv2%2Fproduct_tag&post=9003"}],"curies":[{"name":"wp","href":"https:\/\/api.w.org\/{rel}","templated":true}]}}