{"id":9007,"date":"2021-08-20T19:57:08","date_gmt":"2021-08-20T16:57:08","guid":{"rendered":"https:\/\/www.duunauspalvelutjarvi.fi\/?post_type=product&#038;p=9007"},"modified":"2021-11-16T02:13:55","modified_gmt":"2021-11-16T00:13:55","slug":"union-5-led-pyoran-lampputakalamppu","status":"publish","type":"product","link":"https:\/\/www.duunauspalvelutjarvi.fi\/?product=union-5-led-pyoran-lampputakalamppu","title":{"rendered":"Union 5 Led py\u00f6r\u00e4n lamppu+takalamppu"},"content":{"rendered":"<p>Huom!<br \/>\nei sis\u00e4ll\u00e4 paristoja.<\/p>\n<p>yhteensopivat paristot:<\/p>\n<p>AAA 2kpl etuvaloon<\/p>\n<p>AAA 4kpl takavaloon<\/p>\n","protected":false},"excerpt":{"rendered":"<p>Huom! ei sis\u00e4ll\u00e4 paristoja. yhteensopivat paristot: AAA 2kpl etuvaloon AAA 4kpl takavaloon<\/p>\n","protected":false},"featured_media":0,"comment_status":"open","ping_status":"closed","template":"","meta":[],"product_brand":[],"product_cat":[453],"product_tag":[],"class_list":{"0":"post-9007","1":"product","2":"type-product","3":"status-publish","5":"product_cat-taskulamput","7":"first","8":"instock","9":"taxable","10":"shipping-taxable","11":"purchasable","12":"product-type-simple"},"yoast_head":"<!-- This site is optimized with the Yoast SEO plugin v27.3 - https:\/\/yoast.com\/product\/yoast-seo-wordpress\/ -->\n<title>Union 5 Led py\u00f6r\u00e4n lamppu+takalamppu -<\/title>\n<meta name=\"robots\" content=\"index, follow, max-snippet:-1, max-image-preview:large, max-video-preview:-1\" \/>\n<link rel=\"canonical\" href=\"https:\/\/www.duunauspalvelutjarvi.fi\/?product=union-5-led-pyoran-lampputakalamppu\" \/>\n<meta property=\"og:locale\" content=\"fi_FI\" \/>\n<meta property=\"og:type\" content=\"article\" \/>\n<meta property=\"og:title\" content=\"Union 5 Led py\u00f6r\u00e4n lamppu+takalamppu -\" \/>\n<meta property=\"og:description\" content=\"Huom! ei sis\u00e4ll\u00e4 paristoja. yhteensopivat paristot: AAA 2kpl etuvaloon AAA 4kpl takavaloon\" \/>\n<meta property=\"og:url\" content=\"https:\/\/www.duunauspalvelutjarvi.fi\/?product=union-5-led-pyoran-lampputakalamppu\" \/>\n<meta property=\"article:modified_time\" content=\"2021-11-16T00:13:55+00:00\" \/>\n<meta name=\"twitter:card\" content=\"summary_large_image\" \/>\n<script type=\"application\/ld+json\" class=\"yoast-schema-graph\">{\"@context\":\"https:\\\/\\\/schema.org\",\"@graph\":[{\"@type\":\"WebPage\",\"@id\":\"https:\\\/\\\/www.duunauspalvelutjarvi.fi\\\/?product=union-5-led-pyoran-lampputakalamppu\",\"url\":\"https:\\\/\\\/www.duunauspalvelutjarvi.fi\\\/?product=union-5-led-pyoran-lampputakalamppu\",\"name\":\"Union 5 Led py\u00f6r\u00e4n lamppu+takalamppu -\",\"isPartOf\":{\"@id\":\"https:\\\/\\\/www.duunauspalvelutjarvi.fi\\\/#website\"},\"datePublished\":\"2021-08-20T16:57:08+00:00\",\"dateModified\":\"2021-11-16T00:13:55+00:00\",\"breadcrumb\":{\"@id\":\"https:\\\/\\\/www.duunauspalvelutjarvi.fi\\\/?product=union-5-led-pyoran-lampputakalamppu#breadcrumb\"},\"inLanguage\":\"fi\",\"potentialAction\":[{\"@type\":\"ReadAction\",\"target\":[\"https:\\\/\\\/www.duunauspalvelutjarvi.fi\\\/?product=union-5-led-pyoran-lampputakalamppu\"]}]},{\"@type\":\"BreadcrumbList\",\"@id\":\"https:\\\/\\\/www.duunauspalvelutjarvi.fi\\\/?product=union-5-led-pyoran-lampputakalamppu#breadcrumb\",\"itemListElement\":[{\"@type\":\"ListItem\",\"position\":1,\"name\":\"Etusivu\",\"item\":\"https:\\\/\\\/www.duunauspalvelutjarvi.fi\\\/\"},{\"@type\":\"ListItem\",\"position\":2,\"name\":\"Etusivu\",\"item\":\"https:\\\/\\\/www.duunauspalvelutjarvi.fi\\\/\"},{\"@type\":\"ListItem\",\"position\":3,\"name\":\"Union 5 Led py\u00f6r\u00e4n lamppu+takalamppu\"}]},{\"@type\":\"WebSite\",\"@id\":\"https:\\\/\\\/www.duunauspalvelutjarvi.fi\\\/#website\",\"url\":\"https:\\\/\\\/www.duunauspalvelutjarvi.fi\\\/\",\"name\":\"\",\"description\":\"\",\"potentialAction\":[{\"@type\":\"SearchAction\",\"target\":{\"@type\":\"EntryPoint\",\"urlTemplate\":\"https:\\\/\\\/www.duunauspalvelutjarvi.fi\\\/?s={search_term_string}\"},\"query-input\":{\"@type\":\"PropertyValueSpecification\",\"valueRequired\":true,\"valueName\":\"search_term_string\"}}],\"inLanguage\":\"fi\"}]}<\/script>\n<!-- \/ Yoast SEO plugin. -->","yoast_head_json":{"title":"Union 5 Led py\u00f6r\u00e4n lamppu+takalamppu -","robots":{"index":"index","follow":"follow","max-snippet":"max-snippet:-1","max-image-preview":"max-image-preview:large","max-video-preview":"max-video-preview:-1"},"canonical":"https:\/\/www.duunauspalvelutjarvi.fi\/?product=union-5-led-pyoran-lampputakalamppu","og_locale":"fi_FI","og_type":"article","og_title":"Union 5 Led py\u00f6r\u00e4n lamppu+takalamppu -","og_description":"Huom! ei sis\u00e4ll\u00e4 paristoja. yhteensopivat paristot: AAA 2kpl etuvaloon AAA 4kpl takavaloon","og_url":"https:\/\/www.duunauspalvelutjarvi.fi\/?product=union-5-led-pyoran-lampputakalamppu","article_modified_time":"2021-11-16T00:13:55+00:00","twitter_card":"summary_large_image","schema":{"@context":"https:\/\/schema.org","@graph":[{"@type":"WebPage","@id":"https:\/\/www.duunauspalvelutjarvi.fi\/?product=union-5-led-pyoran-lampputakalamppu","url":"https:\/\/www.duunauspalvelutjarvi.fi\/?product=union-5-led-pyoran-lampputakalamppu","name":"Union 5 Led py\u00f6r\u00e4n lamppu+takalamppu -","isPartOf":{"@id":"https:\/\/www.duunauspalvelutjarvi.fi\/#website"},"datePublished":"2021-08-20T16:57:08+00:00","dateModified":"2021-11-16T00:13:55+00:00","breadcrumb":{"@id":"https:\/\/www.duunauspalvelutjarvi.fi\/?product=union-5-led-pyoran-lampputakalamppu#breadcrumb"},"inLanguage":"fi","potentialAction":[{"@type":"ReadAction","target":["https:\/\/www.duunauspalvelutjarvi.fi\/?product=union-5-led-pyoran-lampputakalamppu"]}]},{"@type":"BreadcrumbList","@id":"https:\/\/www.duunauspalvelutjarvi.fi\/?product=union-5-led-pyoran-lampputakalamppu#breadcrumb","itemListElement":[{"@type":"ListItem","position":1,"name":"Etusivu","item":"https:\/\/www.duunauspalvelutjarvi.fi\/"},{"@type":"ListItem","position":2,"name":"Etusivu","item":"https:\/\/www.duunauspalvelutjarvi.fi\/"},{"@type":"ListItem","position":3,"name":"Union 5 Led py\u00f6r\u00e4n lamppu+takalamppu"}]},{"@type":"WebSite","@id":"https:\/\/www.duunauspalvelutjarvi.fi\/#website","url":"https:\/\/www.duunauspalvelutjarvi.fi\/","name":"","description":"","potentialAction":[{"@type":"SearchAction","target":{"@type":"EntryPoint","urlTemplate":"https:\/\/www.duunauspalvelutjarvi.fi\/?s={search_term_string}"},"query-input":{"@type":"PropertyValueSpecification","valueRequired":true,"valueName":"search_term_string"}}],"inLanguage":"fi"}]}},"jetpack_sharing_enabled":true,"_links":{"self":[{"href":"https:\/\/www.duunauspalvelutjarvi.fi\/index.php?rest_route=\/wp\/v2\/product\/9007","targetHints":{"allow":["GET"]}}],"collection":[{"href":"https:\/\/www.duunauspalvelutjarvi.fi\/index.php?rest_route=\/wp\/v2\/product"}],"about":[{"href":"https:\/\/www.duunauspalvelutjarvi.fi\/index.php?rest_route=\/wp\/v2\/types\/product"}],"replies":[{"embeddable":true,"href":"https:\/\/www.duunauspalvelutjarvi.fi\/index.php?rest_route=%2Fwp%2Fv2%2Fcomments&post=9007"}],"wp:attachment":[{"href":"https:\/\/www.duunauspalvelutjarvi.fi\/index.php?rest_route=%2Fwp%2Fv2%2Fmedia&parent=9007"}],"wp:term":[{"taxonomy":"product_brand","embeddable":true,"href":"https:\/\/www.duunauspalvelutjarvi.fi\/index.php?rest_route=%2Fwp%2Fv2%2Fproduct_brand&post=9007"},{"taxonomy":"product_cat","embeddable":true,"href":"https:\/\/www.duunauspalvelutjarvi.fi\/index.php?rest_route=%2Fwp%2Fv2%2Fproduct_cat&post=9007"},{"taxonomy":"product_tag","embeddable":true,"href":"https:\/\/www.duunauspalvelutjarvi.fi\/index.php?rest_route=%2Fwp%2Fv2%2Fproduct_tag&post=9007"}],"curies":[{"name":"wp","href":"https:\/\/api.w.org\/{rel}","templated":true}]}}