{"id":9009,"date":"2021-08-20T20:01:37","date_gmt":"2021-08-20T17:01:37","guid":{"rendered":"https:\/\/www.duunauspalvelutjarvi.fi\/?post_type=product&#038;p=9009"},"modified":"2021-11-16T02:13:05","modified_gmt":"2021-11-16T00:13:05","slug":"ledlenser-workers-friend-valaisin","status":"publish","type":"product","link":"https:\/\/www.duunauspalvelutjarvi.fi\/?product=ledlenser-workers-friend-valaisin","title":{"rendered":"Ledlenser Workers Friend valaisin"},"content":{"rendered":"<p>Ledlenser Worker&#8217;s Friend on paljon enemm\u00e4n kuin pelkk\u00e4 k\u00e4sivalaisin.<br \/>\nMonipuolinen kokonaisuus sis\u00e4lt\u00e4\u00e4 yhteens\u00e4 nelj\u00e4 eri valaisinosaa, jotka mukautuvat nopeasti kaikkiin k\u00e4ytt\u00e4j\u00e4n tarpeisiin.<br \/>\nValaisimen per\u00e4ss\u00e4 oleva magneetti pit\u00e4\u00e4 valaisimen j\u00e4mer\u00e4sti paikoillaan metallipinnoilla.<br \/>\nMonipuolinen ty\u00f6miehen kaveri esim. paljon autojen kanssa puuhastelevalle.<br \/>\n&#8221;Vaihda ja valaise.&#8221;<\/p>\n<p>Eri valaisinp\u00e4\u00e4t (bitit) on helppo ja nopea vaihtaa k\u00e4tev\u00e4n pikalukituksen ansiosta.<\/p>\n<p>BIT1: Perus k\u00e4sivalaisinp\u00e4\u00e4 jossa valokeilan s\u00e4\u00e4t\u00f6<br \/>\nValoteho: 280 \/ 140 lm<\/p>\n<p>BIT2: Laajaa valoa tuottava, 11,5 cm pit\u00e4 ty\u00f6valaisinp\u00e4\u00e4 jota voidaan k\u00e4\u00e4nt\u00e4\u00e4 180\u00b0<br \/>\nValoteho: 350 \/ 175 lm<\/p>\n<p>BIT3: 32 cm pitk\u00e4, taipuisalla (7 mm halkaisija) varrella ja valokeilan s\u00e4\u00e4d\u00f6ll\u00e4 oleva valaisinp\u00e4\u00e4. Valaisinp\u00e4\u00e4n halkaisija noin 22 mm.<br \/>\nValoteho: 190 \/ 100 lm<\/p>\n<p>BIT4: Taipuisavartinen tarkastusvalaisinp\u00e4\u00e4 4,3 mm halkaisijalla joten se on mit\u00e4 mainioin v\u00e4line ahtaiden paikkojen tarkastuksiin.<\/p>\n<p>Tekniset tiedot:<br \/>\n&#8211; Pituus: 190 &#8211; 204 mm<br \/>\n&#8211; Paino: 180 g ( sis. akku )<br \/>\n&#8211; Akku: Li-ion 2500 mAh 3.7V<br \/>\n&#8211; Latausaika: 300 min<\/p>\n","protected":false},"excerpt":{"rendered":"<p>Ledlenser Worker&#8217;s Friend on paljon enemm\u00e4n kuin pelkk\u00e4 k\u00e4sivalaisin. Monipuolinen kokonaisuus sis\u00e4lt\u00e4\u00e4 yhteens\u00e4 nelj\u00e4 eri valaisinosaa, jotka mukautuvat nopeasti kaikkiin k\u00e4ytt\u00e4j\u00e4n tarpeisiin. Valaisimen per\u00e4ss\u00e4 oleva magneetti pit\u00e4\u00e4 valaisimen j\u00e4mer\u00e4sti paikoillaan metallipinnoilla. Monipuolinen ty\u00f6miehen kaveri esim. paljon autojen kanssa puuhastelevalle. &#8221;Vaihda ja valaise.&#8221; Eri valaisinp\u00e4\u00e4t (bitit) on helppo ja nopea vaihtaa k\u00e4tev\u00e4n pikalukituksen ansiosta. BIT1: Perus [&hellip;]<\/p>\n","protected":false},"featured_media":0,"comment_status":"open","ping_status":"closed","template":"","meta":[],"product_brand":[],"product_cat":[453],"product_tag":[],"class_list":{"0":"post-9009","1":"product","2":"type-product","3":"status-publish","5":"product_cat-taskulamput","7":"first","8":"instock","9":"taxable","10":"shipping-taxable","11":"purchasable","12":"product-type-simple"},"yoast_head":"<!-- This site is optimized with the Yoast SEO plugin v27.5 - https:\/\/yoast.com\/product\/yoast-seo-wordpress\/ -->\n<title>Ledlenser Workers Friend valaisin -<\/title>\n<meta name=\"robots\" content=\"index, follow, max-snippet:-1, max-image-preview:large, max-video-preview:-1\" \/>\n<link rel=\"canonical\" href=\"https:\/\/www.duunauspalvelutjarvi.fi\/?product=ledlenser-workers-friend-valaisin\" \/>\n<meta property=\"og:locale\" content=\"fi_FI\" \/>\n<meta property=\"og:type\" content=\"article\" \/>\n<meta property=\"og:title\" content=\"Ledlenser Workers Friend valaisin -\" \/>\n<meta property=\"og:description\" content=\"Ledlenser Worker&#8217;s Friend on paljon enemm\u00e4n kuin pelkk\u00e4 k\u00e4sivalaisin. Monipuolinen kokonaisuus sis\u00e4lt\u00e4\u00e4 yhteens\u00e4 nelj\u00e4 eri valaisinosaa, jotka mukautuvat nopeasti kaikkiin k\u00e4ytt\u00e4j\u00e4n tarpeisiin. Valaisimen per\u00e4ss\u00e4 oleva magneetti pit\u00e4\u00e4 valaisimen j\u00e4mer\u00e4sti paikoillaan metallipinnoilla. Monipuolinen ty\u00f6miehen kaveri esim. paljon autojen kanssa puuhastelevalle. &#8221;Vaihda ja valaise.&#8221; Eri valaisinp\u00e4\u00e4t (bitit) on helppo ja nopea vaihtaa k\u00e4tev\u00e4n pikalukituksen ansiosta. BIT1: Perus [&hellip;]\" \/>\n<meta property=\"og:url\" content=\"https:\/\/www.duunauspalvelutjarvi.fi\/?product=ledlenser-workers-friend-valaisin\" \/>\n<meta property=\"article:modified_time\" content=\"2021-11-16T00:13:05+00:00\" \/>\n<meta name=\"twitter:card\" content=\"summary_large_image\" \/>\n<meta name=\"twitter:label1\" content=\"Arvioitu lukuaika\" \/>\n\t<meta name=\"twitter:data1\" content=\"1 minuutti\" \/>\n<script type=\"application\/ld+json\" class=\"yoast-schema-graph\">{\"@context\":\"https:\\\/\\\/schema.org\",\"@graph\":[{\"@type\":\"WebPage\",\"@id\":\"https:\\\/\\\/www.duunauspalvelutjarvi.fi\\\/?product=ledlenser-workers-friend-valaisin\",\"url\":\"https:\\\/\\\/www.duunauspalvelutjarvi.fi\\\/?product=ledlenser-workers-friend-valaisin\",\"name\":\"Ledlenser Workers Friend valaisin -\",\"isPartOf\":{\"@id\":\"https:\\\/\\\/www.duunauspalvelutjarvi.fi\\\/#website\"},\"datePublished\":\"2021-08-20T17:01:37+00:00\",\"dateModified\":\"2021-11-16T00:13:05+00:00\",\"breadcrumb\":{\"@id\":\"https:\\\/\\\/www.duunauspalvelutjarvi.fi\\\/?product=ledlenser-workers-friend-valaisin#breadcrumb\"},\"inLanguage\":\"fi\",\"potentialAction\":[{\"@type\":\"ReadAction\",\"target\":[\"https:\\\/\\\/www.duunauspalvelutjarvi.fi\\\/?product=ledlenser-workers-friend-valaisin\"]}]},{\"@type\":\"BreadcrumbList\",\"@id\":\"https:\\\/\\\/www.duunauspalvelutjarvi.fi\\\/?product=ledlenser-workers-friend-valaisin#breadcrumb\",\"itemListElement\":[{\"@type\":\"ListItem\",\"position\":1,\"name\":\"Etusivu\",\"item\":\"https:\\\/\\\/www.duunauspalvelutjarvi.fi\\\/\"},{\"@type\":\"ListItem\",\"position\":2,\"name\":\"Etusivu\",\"item\":\"https:\\\/\\\/www.duunauspalvelutjarvi.fi\\\/\"},{\"@type\":\"ListItem\",\"position\":3,\"name\":\"Ledlenser Workers Friend valaisin\"}]},{\"@type\":\"WebSite\",\"@id\":\"https:\\\/\\\/www.duunauspalvelutjarvi.fi\\\/#website\",\"url\":\"https:\\\/\\\/www.duunauspalvelutjarvi.fi\\\/\",\"name\":\"\",\"description\":\"\",\"potentialAction\":[{\"@type\":\"SearchAction\",\"target\":{\"@type\":\"EntryPoint\",\"urlTemplate\":\"https:\\\/\\\/www.duunauspalvelutjarvi.fi\\\/?s={search_term_string}\"},\"query-input\":{\"@type\":\"PropertyValueSpecification\",\"valueRequired\":true,\"valueName\":\"search_term_string\"}}],\"inLanguage\":\"fi\"}]}<\/script>\n<!-- \/ Yoast SEO plugin. -->","yoast_head_json":{"title":"Ledlenser Workers Friend valaisin -","robots":{"index":"index","follow":"follow","max-snippet":"max-snippet:-1","max-image-preview":"max-image-preview:large","max-video-preview":"max-video-preview:-1"},"canonical":"https:\/\/www.duunauspalvelutjarvi.fi\/?product=ledlenser-workers-friend-valaisin","og_locale":"fi_FI","og_type":"article","og_title":"Ledlenser Workers Friend valaisin -","og_description":"Ledlenser Worker&#8217;s Friend on paljon enemm\u00e4n kuin pelkk\u00e4 k\u00e4sivalaisin. Monipuolinen kokonaisuus sis\u00e4lt\u00e4\u00e4 yhteens\u00e4 nelj\u00e4 eri valaisinosaa, jotka mukautuvat nopeasti kaikkiin k\u00e4ytt\u00e4j\u00e4n tarpeisiin. Valaisimen per\u00e4ss\u00e4 oleva magneetti pit\u00e4\u00e4 valaisimen j\u00e4mer\u00e4sti paikoillaan metallipinnoilla. Monipuolinen ty\u00f6miehen kaveri esim. paljon autojen kanssa puuhastelevalle. &#8221;Vaihda ja valaise.&#8221; Eri valaisinp\u00e4\u00e4t (bitit) on helppo ja nopea vaihtaa k\u00e4tev\u00e4n pikalukituksen ansiosta. BIT1: Perus [&hellip;]","og_url":"https:\/\/www.duunauspalvelutjarvi.fi\/?product=ledlenser-workers-friend-valaisin","article_modified_time":"2021-11-16T00:13:05+00:00","twitter_card":"summary_large_image","twitter_misc":{"Arvioitu lukuaika":"1 minuutti"},"schema":{"@context":"https:\/\/schema.org","@graph":[{"@type":"WebPage","@id":"https:\/\/www.duunauspalvelutjarvi.fi\/?product=ledlenser-workers-friend-valaisin","url":"https:\/\/www.duunauspalvelutjarvi.fi\/?product=ledlenser-workers-friend-valaisin","name":"Ledlenser Workers Friend valaisin -","isPartOf":{"@id":"https:\/\/www.duunauspalvelutjarvi.fi\/#website"},"datePublished":"2021-08-20T17:01:37+00:00","dateModified":"2021-11-16T00:13:05+00:00","breadcrumb":{"@id":"https:\/\/www.duunauspalvelutjarvi.fi\/?product=ledlenser-workers-friend-valaisin#breadcrumb"},"inLanguage":"fi","potentialAction":[{"@type":"ReadAction","target":["https:\/\/www.duunauspalvelutjarvi.fi\/?product=ledlenser-workers-friend-valaisin"]}]},{"@type":"BreadcrumbList","@id":"https:\/\/www.duunauspalvelutjarvi.fi\/?product=ledlenser-workers-friend-valaisin#breadcrumb","itemListElement":[{"@type":"ListItem","position":1,"name":"Etusivu","item":"https:\/\/www.duunauspalvelutjarvi.fi\/"},{"@type":"ListItem","position":2,"name":"Etusivu","item":"https:\/\/www.duunauspalvelutjarvi.fi\/"},{"@type":"ListItem","position":3,"name":"Ledlenser Workers Friend valaisin"}]},{"@type":"WebSite","@id":"https:\/\/www.duunauspalvelutjarvi.fi\/#website","url":"https:\/\/www.duunauspalvelutjarvi.fi\/","name":"","description":"","potentialAction":[{"@type":"SearchAction","target":{"@type":"EntryPoint","urlTemplate":"https:\/\/www.duunauspalvelutjarvi.fi\/?s={search_term_string}"},"query-input":{"@type":"PropertyValueSpecification","valueRequired":true,"valueName":"search_term_string"}}],"inLanguage":"fi"}]}},"jetpack_sharing_enabled":true,"_links":{"self":[{"href":"https:\/\/www.duunauspalvelutjarvi.fi\/index.php?rest_route=\/wp\/v2\/product\/9009","targetHints":{"allow":["GET"]}}],"collection":[{"href":"https:\/\/www.duunauspalvelutjarvi.fi\/index.php?rest_route=\/wp\/v2\/product"}],"about":[{"href":"https:\/\/www.duunauspalvelutjarvi.fi\/index.php?rest_route=\/wp\/v2\/types\/product"}],"replies":[{"embeddable":true,"href":"https:\/\/www.duunauspalvelutjarvi.fi\/index.php?rest_route=%2Fwp%2Fv2%2Fcomments&post=9009"}],"wp:attachment":[{"href":"https:\/\/www.duunauspalvelutjarvi.fi\/index.php?rest_route=%2Fwp%2Fv2%2Fmedia&parent=9009"}],"wp:term":[{"taxonomy":"product_brand","embeddable":true,"href":"https:\/\/www.duunauspalvelutjarvi.fi\/index.php?rest_route=%2Fwp%2Fv2%2Fproduct_brand&post=9009"},{"taxonomy":"product_cat","embeddable":true,"href":"https:\/\/www.duunauspalvelutjarvi.fi\/index.php?rest_route=%2Fwp%2Fv2%2Fproduct_cat&post=9009"},{"taxonomy":"product_tag","embeddable":true,"href":"https:\/\/www.duunauspalvelutjarvi.fi\/index.php?rest_route=%2Fwp%2Fv2%2Fproduct_tag&post=9009"}],"curies":[{"name":"wp","href":"https:\/\/api.w.org\/{rel}","templated":true}]}}