{"id":9025,"date":"2021-08-20T20:07:42","date_gmt":"2021-08-20T17:07:42","guid":{"rendered":"https:\/\/www.duunauspalvelutjarvi.fi\/?post_type=product&#038;p=9025"},"modified":"2021-11-16T02:09:59","modified_gmt":"2021-11-16T00:09:59","slug":"taskulamppu-armytek-predator-ladattava","status":"publish","type":"product","link":"https:\/\/www.duunauspalvelutjarvi.fi\/?product=taskulamppu-armytek-predator-ladattava","title":{"rendered":"Taskulamppu ArmyTek Predator, ladattava"},"content":{"rendered":"<p>Kest\u00e4v\u00e4 ja voimakas valaisin. Selke\u00e4 keskipiste valokeilassa tekee sen kohdistamisesta helppoa.<br \/>\nValaisimen 1&#8243; halkaisijan runko tekee siit\u00e4 yhteensopivan suurimpaan osaan asekiinnikkeist\u00e4.<br \/>\nV\u00e4risuotimet ja et\u00e4kytkimet tekev\u00e4t mets\u00e4styksest\u00e4 ja muusta taktisesta k\u00e4yt\u00f6st\u00e4 helppoa ja turvallista.<\/p>\n<p>&#8211; Maksimikirkkaus 1000 OTF Lm.<br \/>\n&#8211; Valokeilan kantama 437 m.<br \/>\n&#8211; Akut eiv\u00e4t sis\u00e4lly pakkaukseen.<\/p>\n<p>Pakkauksen sis\u00e4lt\u00f6:<br \/>\n&#8211; Valaisin<br \/>\n&#8211; Vy\u00f6kotelo<br \/>\n&#8211; Klipsi<br \/>\n&#8211; Rannehihna<br \/>\n&#8211; Kumigrippi<br \/>\n&#8211; Varapainike<br \/>\n&#8211; Varatiivisteet (2kpl)<br \/>\n&#8211; K\u00e4ytt\u00f6ohje<\/p>\n","protected":false},"excerpt":{"rendered":"<p>Kest\u00e4v\u00e4 ja voimakas valaisin. Selke\u00e4 keskipiste valokeilassa tekee sen kohdistamisesta helppoa. Valaisimen 1&#8243; halkaisijan runko tekee siit\u00e4 yhteensopivan suurimpaan osaan asekiinnikkeist\u00e4. V\u00e4risuotimet ja et\u00e4kytkimet tekev\u00e4t mets\u00e4styksest\u00e4 ja muusta taktisesta k\u00e4yt\u00f6st\u00e4 helppoa ja turvallista. &#8211; Maksimikirkkaus 1000 OTF Lm. &#8211; Valokeilan kantama 437 m. &#8211; Akut eiv\u00e4t sis\u00e4lly pakkaukseen. Pakkauksen sis\u00e4lt\u00f6: &#8211; Valaisin &#8211; Vy\u00f6kotelo &#8211; [&hellip;]<\/p>\n","protected":false},"featured_media":0,"comment_status":"open","ping_status":"closed","template":"","meta":[],"product_brand":[],"product_cat":[453],"product_tag":[],"class_list":{"0":"post-9025","1":"product","2":"type-product","3":"status-publish","5":"product_cat-taskulamput","7":"first","8":"instock","9":"taxable","10":"shipping-taxable","11":"purchasable","12":"product-type-simple"},"yoast_head":"<!-- This site is optimized with the Yoast SEO plugin v27.5 - https:\/\/yoast.com\/product\/yoast-seo-wordpress\/ -->\n<title>Taskulamppu ArmyTek Predator, ladattava -<\/title>\n<meta name=\"robots\" content=\"index, follow, max-snippet:-1, max-image-preview:large, max-video-preview:-1\" \/>\n<link rel=\"canonical\" href=\"https:\/\/www.duunauspalvelutjarvi.fi\/?product=taskulamppu-armytek-predator-ladattava\" \/>\n<meta property=\"og:locale\" content=\"fi_FI\" \/>\n<meta property=\"og:type\" content=\"article\" \/>\n<meta property=\"og:title\" content=\"Taskulamppu ArmyTek Predator, ladattava -\" \/>\n<meta property=\"og:description\" content=\"Kest\u00e4v\u00e4 ja voimakas valaisin. Selke\u00e4 keskipiste valokeilassa tekee sen kohdistamisesta helppoa. Valaisimen 1&#8243; halkaisijan runko tekee siit\u00e4 yhteensopivan suurimpaan osaan asekiinnikkeist\u00e4. V\u00e4risuotimet ja et\u00e4kytkimet tekev\u00e4t mets\u00e4styksest\u00e4 ja muusta taktisesta k\u00e4yt\u00f6st\u00e4 helppoa ja turvallista. &#8211; Maksimikirkkaus 1000 OTF Lm. &#8211; Valokeilan kantama 437 m. &#8211; Akut eiv\u00e4t sis\u00e4lly pakkaukseen. Pakkauksen sis\u00e4lt\u00f6: &#8211; Valaisin &#8211; Vy\u00f6kotelo &#8211; [&hellip;]\" \/>\n<meta property=\"og:url\" content=\"https:\/\/www.duunauspalvelutjarvi.fi\/?product=taskulamppu-armytek-predator-ladattava\" \/>\n<meta property=\"article:modified_time\" content=\"2021-11-16T00:09:59+00:00\" \/>\n<meta name=\"twitter:card\" content=\"summary_large_image\" \/>\n<script type=\"application\/ld+json\" class=\"yoast-schema-graph\">{\"@context\":\"https:\\\/\\\/schema.org\",\"@graph\":[{\"@type\":\"WebPage\",\"@id\":\"https:\\\/\\\/www.duunauspalvelutjarvi.fi\\\/?product=taskulamppu-armytek-predator-ladattava\",\"url\":\"https:\\\/\\\/www.duunauspalvelutjarvi.fi\\\/?product=taskulamppu-armytek-predator-ladattava\",\"name\":\"Taskulamppu ArmyTek Predator, ladattava -\",\"isPartOf\":{\"@id\":\"https:\\\/\\\/www.duunauspalvelutjarvi.fi\\\/#website\"},\"datePublished\":\"2021-08-20T17:07:42+00:00\",\"dateModified\":\"2021-11-16T00:09:59+00:00\",\"breadcrumb\":{\"@id\":\"https:\\\/\\\/www.duunauspalvelutjarvi.fi\\\/?product=taskulamppu-armytek-predator-ladattava#breadcrumb\"},\"inLanguage\":\"fi\",\"potentialAction\":[{\"@type\":\"ReadAction\",\"target\":[\"https:\\\/\\\/www.duunauspalvelutjarvi.fi\\\/?product=taskulamppu-armytek-predator-ladattava\"]}]},{\"@type\":\"BreadcrumbList\",\"@id\":\"https:\\\/\\\/www.duunauspalvelutjarvi.fi\\\/?product=taskulamppu-armytek-predator-ladattava#breadcrumb\",\"itemListElement\":[{\"@type\":\"ListItem\",\"position\":1,\"name\":\"Etusivu\",\"item\":\"https:\\\/\\\/www.duunauspalvelutjarvi.fi\\\/\"},{\"@type\":\"ListItem\",\"position\":2,\"name\":\"Etusivu\",\"item\":\"https:\\\/\\\/www.duunauspalvelutjarvi.fi\\\/\"},{\"@type\":\"ListItem\",\"position\":3,\"name\":\"Taskulamppu ArmyTek Predator, ladattava\"}]},{\"@type\":\"WebSite\",\"@id\":\"https:\\\/\\\/www.duunauspalvelutjarvi.fi\\\/#website\",\"url\":\"https:\\\/\\\/www.duunauspalvelutjarvi.fi\\\/\",\"name\":\"\",\"description\":\"\",\"potentialAction\":[{\"@type\":\"SearchAction\",\"target\":{\"@type\":\"EntryPoint\",\"urlTemplate\":\"https:\\\/\\\/www.duunauspalvelutjarvi.fi\\\/?s={search_term_string}\"},\"query-input\":{\"@type\":\"PropertyValueSpecification\",\"valueRequired\":true,\"valueName\":\"search_term_string\"}}],\"inLanguage\":\"fi\"}]}<\/script>\n<!-- \/ Yoast SEO plugin. -->","yoast_head_json":{"title":"Taskulamppu ArmyTek Predator, ladattava -","robots":{"index":"index","follow":"follow","max-snippet":"max-snippet:-1","max-image-preview":"max-image-preview:large","max-video-preview":"max-video-preview:-1"},"canonical":"https:\/\/www.duunauspalvelutjarvi.fi\/?product=taskulamppu-armytek-predator-ladattava","og_locale":"fi_FI","og_type":"article","og_title":"Taskulamppu ArmyTek Predator, ladattava -","og_description":"Kest\u00e4v\u00e4 ja voimakas valaisin. Selke\u00e4 keskipiste valokeilassa tekee sen kohdistamisesta helppoa. Valaisimen 1&#8243; halkaisijan runko tekee siit\u00e4 yhteensopivan suurimpaan osaan asekiinnikkeist\u00e4. V\u00e4risuotimet ja et\u00e4kytkimet tekev\u00e4t mets\u00e4styksest\u00e4 ja muusta taktisesta k\u00e4yt\u00f6st\u00e4 helppoa ja turvallista. &#8211; Maksimikirkkaus 1000 OTF Lm. &#8211; Valokeilan kantama 437 m. &#8211; Akut eiv\u00e4t sis\u00e4lly pakkaukseen. Pakkauksen sis\u00e4lt\u00f6: &#8211; Valaisin &#8211; Vy\u00f6kotelo &#8211; [&hellip;]","og_url":"https:\/\/www.duunauspalvelutjarvi.fi\/?product=taskulamppu-armytek-predator-ladattava","article_modified_time":"2021-11-16T00:09:59+00:00","twitter_card":"summary_large_image","schema":{"@context":"https:\/\/schema.org","@graph":[{"@type":"WebPage","@id":"https:\/\/www.duunauspalvelutjarvi.fi\/?product=taskulamppu-armytek-predator-ladattava","url":"https:\/\/www.duunauspalvelutjarvi.fi\/?product=taskulamppu-armytek-predator-ladattava","name":"Taskulamppu ArmyTek Predator, ladattava -","isPartOf":{"@id":"https:\/\/www.duunauspalvelutjarvi.fi\/#website"},"datePublished":"2021-08-20T17:07:42+00:00","dateModified":"2021-11-16T00:09:59+00:00","breadcrumb":{"@id":"https:\/\/www.duunauspalvelutjarvi.fi\/?product=taskulamppu-armytek-predator-ladattava#breadcrumb"},"inLanguage":"fi","potentialAction":[{"@type":"ReadAction","target":["https:\/\/www.duunauspalvelutjarvi.fi\/?product=taskulamppu-armytek-predator-ladattava"]}]},{"@type":"BreadcrumbList","@id":"https:\/\/www.duunauspalvelutjarvi.fi\/?product=taskulamppu-armytek-predator-ladattava#breadcrumb","itemListElement":[{"@type":"ListItem","position":1,"name":"Etusivu","item":"https:\/\/www.duunauspalvelutjarvi.fi\/"},{"@type":"ListItem","position":2,"name":"Etusivu","item":"https:\/\/www.duunauspalvelutjarvi.fi\/"},{"@type":"ListItem","position":3,"name":"Taskulamppu ArmyTek Predator, ladattava"}]},{"@type":"WebSite","@id":"https:\/\/www.duunauspalvelutjarvi.fi\/#website","url":"https:\/\/www.duunauspalvelutjarvi.fi\/","name":"","description":"","potentialAction":[{"@type":"SearchAction","target":{"@type":"EntryPoint","urlTemplate":"https:\/\/www.duunauspalvelutjarvi.fi\/?s={search_term_string}"},"query-input":{"@type":"PropertyValueSpecification","valueRequired":true,"valueName":"search_term_string"}}],"inLanguage":"fi"}]}},"jetpack_sharing_enabled":true,"_links":{"self":[{"href":"https:\/\/www.duunauspalvelutjarvi.fi\/index.php?rest_route=\/wp\/v2\/product\/9025","targetHints":{"allow":["GET"]}}],"collection":[{"href":"https:\/\/www.duunauspalvelutjarvi.fi\/index.php?rest_route=\/wp\/v2\/product"}],"about":[{"href":"https:\/\/www.duunauspalvelutjarvi.fi\/index.php?rest_route=\/wp\/v2\/types\/product"}],"replies":[{"embeddable":true,"href":"https:\/\/www.duunauspalvelutjarvi.fi\/index.php?rest_route=%2Fwp%2Fv2%2Fcomments&post=9025"}],"wp:attachment":[{"href":"https:\/\/www.duunauspalvelutjarvi.fi\/index.php?rest_route=%2Fwp%2Fv2%2Fmedia&parent=9025"}],"wp:term":[{"taxonomy":"product_brand","embeddable":true,"href":"https:\/\/www.duunauspalvelutjarvi.fi\/index.php?rest_route=%2Fwp%2Fv2%2Fproduct_brand&post=9025"},{"taxonomy":"product_cat","embeddable":true,"href":"https:\/\/www.duunauspalvelutjarvi.fi\/index.php?rest_route=%2Fwp%2Fv2%2Fproduct_cat&post=9025"},{"taxonomy":"product_tag","embeddable":true,"href":"https:\/\/www.duunauspalvelutjarvi.fi\/index.php?rest_route=%2Fwp%2Fv2%2Fproduct_tag&post=9025"}],"curies":[{"name":"wp","href":"https:\/\/api.w.org\/{rel}","templated":true}]}}