{"id":9034,"date":"2021-08-20T20:17:33","date_gmt":"2021-08-20T17:17:33","guid":{"rendered":"https:\/\/www.duunauspalvelutjarvi.fi\/?post_type=product&#038;p=9034"},"modified":"2021-11-16T02:07:25","modified_gmt":"2021-11-16T00:07:25","slug":"ledlenser-p5-taskulamppu-paristolla","status":"publish","type":"product","link":"https:\/\/www.duunauspalvelutjarvi.fi\/?product=ledlenser-p5-taskulamppu-paristolla","title":{"rendered":"Ledlenser P5 taskulamppu paristolla"},"content":{"rendered":"<p>Pit\u00e4v\u00e4 pinnoite ja hyv\u00e4nkokoinen katkaisin lis\u00e4\u00e4v\u00e4t k\u00e4ytt\u00f6mukavuutta.<br \/>\nLedlenserin tuttu led- ja linssitekniikka takaavat hyv\u00e4n valotehon ja erinomaisen valokeilan.<\/p>\n<p>T\u00e4ss\u00e4kin Ledlenseriss\u00e4 on nopeasti s\u00e4\u00e4dett\u00e4v\u00e4 valokeila.<br \/>\nModulaarisen rakenteen ansiosta Ledlenser P5-valaisinta on vaivaton huoltaa ja pit\u00e4\u00e4 puhtaana.<br \/>\nValaisimen 140 lumenia tarjoaa mukavasti valotehoa sek\u00e4 harrastuksiin ett\u00e4 ty\u00f6h\u00f6n.<\/p>\n<p>Tekniset tiedot:<br \/>\n&#8211; 140 lumenia<br \/>\n&#8211; 1 kpl AA -paristoa<br \/>\n&#8211; pituus 11,3 cm<br \/>\n&#8211; paino 80 g ( sis. pariston )<br \/>\n&#8211; IPX4<\/p>\n","protected":false},"excerpt":{"rendered":"<p>Pit\u00e4v\u00e4 pinnoite ja hyv\u00e4nkokoinen katkaisin lis\u00e4\u00e4v\u00e4t k\u00e4ytt\u00f6mukavuutta. Ledlenserin tuttu led- ja linssitekniikka takaavat hyv\u00e4n valotehon ja erinomaisen valokeilan. T\u00e4ss\u00e4kin Ledlenseriss\u00e4 on nopeasti s\u00e4\u00e4dett\u00e4v\u00e4 valokeila. Modulaarisen rakenteen ansiosta Ledlenser P5-valaisinta on vaivaton huoltaa ja pit\u00e4\u00e4 puhtaana. Valaisimen 140 lumenia tarjoaa mukavasti valotehoa sek\u00e4 harrastuksiin ett\u00e4 ty\u00f6h\u00f6n. Tekniset tiedot: &#8211; 140 lumenia &#8211; 1 kpl AA -paristoa [&hellip;]<\/p>\n","protected":false},"featured_media":0,"comment_status":"open","ping_status":"closed","template":"","meta":[],"product_brand":[],"product_cat":[453],"product_tag":[],"class_list":{"0":"post-9034","1":"product","2":"type-product","3":"status-publish","5":"product_cat-taskulamput","7":"first","8":"instock","9":"taxable","10":"shipping-taxable","11":"purchasable","12":"product-type-simple"},"yoast_head":"<!-- This site is optimized with the Yoast SEO plugin v27.5 - https:\/\/yoast.com\/product\/yoast-seo-wordpress\/ -->\n<title>Ledlenser P5 taskulamppu paristolla -<\/title>\n<meta name=\"robots\" content=\"index, follow, max-snippet:-1, max-image-preview:large, max-video-preview:-1\" \/>\n<link rel=\"canonical\" href=\"https:\/\/www.duunauspalvelutjarvi.fi\/?product=ledlenser-p5-taskulamppu-paristolla\" \/>\n<meta property=\"og:locale\" content=\"fi_FI\" \/>\n<meta property=\"og:type\" content=\"article\" \/>\n<meta property=\"og:title\" content=\"Ledlenser P5 taskulamppu paristolla -\" \/>\n<meta property=\"og:description\" content=\"Pit\u00e4v\u00e4 pinnoite ja hyv\u00e4nkokoinen katkaisin lis\u00e4\u00e4v\u00e4t k\u00e4ytt\u00f6mukavuutta. Ledlenserin tuttu led- ja linssitekniikka takaavat hyv\u00e4n valotehon ja erinomaisen valokeilan. T\u00e4ss\u00e4kin Ledlenseriss\u00e4 on nopeasti s\u00e4\u00e4dett\u00e4v\u00e4 valokeila. Modulaarisen rakenteen ansiosta Ledlenser P5-valaisinta on vaivaton huoltaa ja pit\u00e4\u00e4 puhtaana. Valaisimen 140 lumenia tarjoaa mukavasti valotehoa sek\u00e4 harrastuksiin ett\u00e4 ty\u00f6h\u00f6n. Tekniset tiedot: &#8211; 140 lumenia &#8211; 1 kpl AA -paristoa [&hellip;]\" \/>\n<meta property=\"og:url\" content=\"https:\/\/www.duunauspalvelutjarvi.fi\/?product=ledlenser-p5-taskulamppu-paristolla\" \/>\n<meta property=\"article:modified_time\" content=\"2021-11-16T00:07:25+00:00\" \/>\n<meta name=\"twitter:card\" content=\"summary_large_image\" \/>\n<script type=\"application\/ld+json\" class=\"yoast-schema-graph\">{\"@context\":\"https:\\\/\\\/schema.org\",\"@graph\":[{\"@type\":\"WebPage\",\"@id\":\"https:\\\/\\\/www.duunauspalvelutjarvi.fi\\\/?product=ledlenser-p5-taskulamppu-paristolla\",\"url\":\"https:\\\/\\\/www.duunauspalvelutjarvi.fi\\\/?product=ledlenser-p5-taskulamppu-paristolla\",\"name\":\"Ledlenser P5 taskulamppu paristolla -\",\"isPartOf\":{\"@id\":\"https:\\\/\\\/www.duunauspalvelutjarvi.fi\\\/#website\"},\"datePublished\":\"2021-08-20T17:17:33+00:00\",\"dateModified\":\"2021-11-16T00:07:25+00:00\",\"breadcrumb\":{\"@id\":\"https:\\\/\\\/www.duunauspalvelutjarvi.fi\\\/?product=ledlenser-p5-taskulamppu-paristolla#breadcrumb\"},\"inLanguage\":\"fi\",\"potentialAction\":[{\"@type\":\"ReadAction\",\"target\":[\"https:\\\/\\\/www.duunauspalvelutjarvi.fi\\\/?product=ledlenser-p5-taskulamppu-paristolla\"]}]},{\"@type\":\"BreadcrumbList\",\"@id\":\"https:\\\/\\\/www.duunauspalvelutjarvi.fi\\\/?product=ledlenser-p5-taskulamppu-paristolla#breadcrumb\",\"itemListElement\":[{\"@type\":\"ListItem\",\"position\":1,\"name\":\"Etusivu\",\"item\":\"https:\\\/\\\/www.duunauspalvelutjarvi.fi\\\/\"},{\"@type\":\"ListItem\",\"position\":2,\"name\":\"Etusivu\",\"item\":\"https:\\\/\\\/www.duunauspalvelutjarvi.fi\\\/\"},{\"@type\":\"ListItem\",\"position\":3,\"name\":\"Ledlenser P5 taskulamppu paristolla\"}]},{\"@type\":\"WebSite\",\"@id\":\"https:\\\/\\\/www.duunauspalvelutjarvi.fi\\\/#website\",\"url\":\"https:\\\/\\\/www.duunauspalvelutjarvi.fi\\\/\",\"name\":\"\",\"description\":\"\",\"potentialAction\":[{\"@type\":\"SearchAction\",\"target\":{\"@type\":\"EntryPoint\",\"urlTemplate\":\"https:\\\/\\\/www.duunauspalvelutjarvi.fi\\\/?s={search_term_string}\"},\"query-input\":{\"@type\":\"PropertyValueSpecification\",\"valueRequired\":true,\"valueName\":\"search_term_string\"}}],\"inLanguage\":\"fi\"}]}<\/script>\n<!-- \/ Yoast SEO plugin. -->","yoast_head_json":{"title":"Ledlenser P5 taskulamppu paristolla -","robots":{"index":"index","follow":"follow","max-snippet":"max-snippet:-1","max-image-preview":"max-image-preview:large","max-video-preview":"max-video-preview:-1"},"canonical":"https:\/\/www.duunauspalvelutjarvi.fi\/?product=ledlenser-p5-taskulamppu-paristolla","og_locale":"fi_FI","og_type":"article","og_title":"Ledlenser P5 taskulamppu paristolla -","og_description":"Pit\u00e4v\u00e4 pinnoite ja hyv\u00e4nkokoinen katkaisin lis\u00e4\u00e4v\u00e4t k\u00e4ytt\u00f6mukavuutta. Ledlenserin tuttu led- ja linssitekniikka takaavat hyv\u00e4n valotehon ja erinomaisen valokeilan. T\u00e4ss\u00e4kin Ledlenseriss\u00e4 on nopeasti s\u00e4\u00e4dett\u00e4v\u00e4 valokeila. Modulaarisen rakenteen ansiosta Ledlenser P5-valaisinta on vaivaton huoltaa ja pit\u00e4\u00e4 puhtaana. Valaisimen 140 lumenia tarjoaa mukavasti valotehoa sek\u00e4 harrastuksiin ett\u00e4 ty\u00f6h\u00f6n. Tekniset tiedot: &#8211; 140 lumenia &#8211; 1 kpl AA -paristoa [&hellip;]","og_url":"https:\/\/www.duunauspalvelutjarvi.fi\/?product=ledlenser-p5-taskulamppu-paristolla","article_modified_time":"2021-11-16T00:07:25+00:00","twitter_card":"summary_large_image","schema":{"@context":"https:\/\/schema.org","@graph":[{"@type":"WebPage","@id":"https:\/\/www.duunauspalvelutjarvi.fi\/?product=ledlenser-p5-taskulamppu-paristolla","url":"https:\/\/www.duunauspalvelutjarvi.fi\/?product=ledlenser-p5-taskulamppu-paristolla","name":"Ledlenser P5 taskulamppu paristolla -","isPartOf":{"@id":"https:\/\/www.duunauspalvelutjarvi.fi\/#website"},"datePublished":"2021-08-20T17:17:33+00:00","dateModified":"2021-11-16T00:07:25+00:00","breadcrumb":{"@id":"https:\/\/www.duunauspalvelutjarvi.fi\/?product=ledlenser-p5-taskulamppu-paristolla#breadcrumb"},"inLanguage":"fi","potentialAction":[{"@type":"ReadAction","target":["https:\/\/www.duunauspalvelutjarvi.fi\/?product=ledlenser-p5-taskulamppu-paristolla"]}]},{"@type":"BreadcrumbList","@id":"https:\/\/www.duunauspalvelutjarvi.fi\/?product=ledlenser-p5-taskulamppu-paristolla#breadcrumb","itemListElement":[{"@type":"ListItem","position":1,"name":"Etusivu","item":"https:\/\/www.duunauspalvelutjarvi.fi\/"},{"@type":"ListItem","position":2,"name":"Etusivu","item":"https:\/\/www.duunauspalvelutjarvi.fi\/"},{"@type":"ListItem","position":3,"name":"Ledlenser P5 taskulamppu paristolla"}]},{"@type":"WebSite","@id":"https:\/\/www.duunauspalvelutjarvi.fi\/#website","url":"https:\/\/www.duunauspalvelutjarvi.fi\/","name":"","description":"","potentialAction":[{"@type":"SearchAction","target":{"@type":"EntryPoint","urlTemplate":"https:\/\/www.duunauspalvelutjarvi.fi\/?s={search_term_string}"},"query-input":{"@type":"PropertyValueSpecification","valueRequired":true,"valueName":"search_term_string"}}],"inLanguage":"fi"}]}},"jetpack_sharing_enabled":true,"_links":{"self":[{"href":"https:\/\/www.duunauspalvelutjarvi.fi\/index.php?rest_route=\/wp\/v2\/product\/9034","targetHints":{"allow":["GET"]}}],"collection":[{"href":"https:\/\/www.duunauspalvelutjarvi.fi\/index.php?rest_route=\/wp\/v2\/product"}],"about":[{"href":"https:\/\/www.duunauspalvelutjarvi.fi\/index.php?rest_route=\/wp\/v2\/types\/product"}],"replies":[{"embeddable":true,"href":"https:\/\/www.duunauspalvelutjarvi.fi\/index.php?rest_route=%2Fwp%2Fv2%2Fcomments&post=9034"}],"wp:attachment":[{"href":"https:\/\/www.duunauspalvelutjarvi.fi\/index.php?rest_route=%2Fwp%2Fv2%2Fmedia&parent=9034"}],"wp:term":[{"taxonomy":"product_brand","embeddable":true,"href":"https:\/\/www.duunauspalvelutjarvi.fi\/index.php?rest_route=%2Fwp%2Fv2%2Fproduct_brand&post=9034"},{"taxonomy":"product_cat","embeddable":true,"href":"https:\/\/www.duunauspalvelutjarvi.fi\/index.php?rest_route=%2Fwp%2Fv2%2Fproduct_cat&post=9034"},{"taxonomy":"product_tag","embeddable":true,"href":"https:\/\/www.duunauspalvelutjarvi.fi\/index.php?rest_route=%2Fwp%2Fv2%2Fproduct_tag&post=9034"}],"curies":[{"name":"wp","href":"https:\/\/api.w.org\/{rel}","templated":true}]}}