{"id":9037,"date":"2021-08-20T20:22:07","date_gmt":"2021-08-20T17:22:07","guid":{"rendered":"https:\/\/www.duunauspalvelutjarvi.fi\/?post_type=product&#038;p=9037"},"modified":"2021-11-16T02:06:52","modified_gmt":"2021-11-16T00:06:52","slug":"taskulamppu-armytek-ladattava-predator","status":"publish","type":"product","link":"https:\/\/www.duunauspalvelutjarvi.fi\/?product=taskulamppu-armytek-ladattava-predator","title":{"rendered":"Taskulamppu ArmyTek ladattava Predator"},"content":{"rendered":"<div class=\"row\">\n<div class=\"col-12 col-lg-10\">\n<div class=\"ProductPageContent__description\">\n<div class=\"ProductFiles\">\n<div class=\"ProductFile\">\n<div class=\"ProductFile__name\">K\u00e4ytt\u00f6ohje Predator<\/div>\n<div class=\"ProductFile__download\"><span style=\"color: #0000ff;\"><a style=\"color: #0000ff;\" href=\"https:\/\/www.duunauspalvelutjarvi.fi\/wp-content\/uploads\/2021\/08\/6957713001418-Manual_Predator_Reg_v3_FI_e563bfc6c76540d07ef7db264485c325.pdf\"><span class=\"ProductFile__download-text\">Lataa<\/span><\/a><\/span><\/div>\n<\/div>\n<\/div>\n<div class=\"WysiwygContent\">Kest\u00e4v\u00e4 ja voimakas taktinen valaisin. Selke\u00e4 keskipiste valokeilassa tekee sen kohdistamisesta helppoa.<br \/>\nPunainen valo sopii kartanlukuun ja k\u00e4ytt\u00f6\u00f6n navigointilaitteiden kanssa.<br \/>\nEi h\u00e4iritse y\u00f6n\u00e4k\u00f6laitteiden toimintaa ja voidaan k\u00e4ytt\u00e4\u00e4 merkkivalona.<br \/>\nKest\u00e4v\u00e4 runko 1&#8243; halkaisijalla, joka sopii suurimpaan osaan asekiinnikkeist\u00e4. Lis\u00e4tarvikkeet,<br \/>\nkuten et\u00e4kytkimet on suunniteltu valaisimen k\u00e4tev\u00e4\u00e4 k\u00e4ytt\u00f6\u00e4 varten eri olosuhteissa.<\/p>\n<p>Maksimikirkkaus 160 OTF Lm.<br \/>\nValokeilan kantama 255 m.<br \/>\nEnint\u00e4\u00e4n 18 p\u00e4iv\u00e4n k\u00e4ytt\u00f6aika yhden 18650 Li-Ion akun avulla.<br \/>\nParistot eiv\u00e4t sis\u00e4lly pakkaukseen.<\/p><\/div>\n<\/div>\n<\/div>\n<div class=\"ProductPageContent__description-details col-sm-12 col-lg-2\">\n<div>\n<h6>Lis\u00e4tiedot<\/h6>\n<div>\n<div class=\"ProductExtraInfo ProductExtraInfo--single-column\">\n<ul class=\"inline-dot\">\n<li><span class=\"ProductWarranty\">Takuu:\u00a0<span class=\"ProductWarranty__warranty\">10 vuotta<\/span><\/span><\/li>\n<li>Paino:\u00a00.24 kg<\/li>\n<\/ul>\n<\/div>\n<\/div>\n<\/div>\n<\/div>\n<\/div>\n<div class=\"row\"><\/div>\n","protected":false},"excerpt":{"rendered":"<p>K\u00e4ytt\u00f6ohje Predator Lataa Kest\u00e4v\u00e4 ja voimakas taktinen valaisin. Selke\u00e4 keskipiste valokeilassa tekee sen kohdistamisesta helppoa. Punainen valo sopii kartanlukuun ja k\u00e4ytt\u00f6\u00f6n navigointilaitteiden kanssa. Ei h\u00e4iritse y\u00f6n\u00e4k\u00f6laitteiden toimintaa ja voidaan k\u00e4ytt\u00e4\u00e4 merkkivalona. Kest\u00e4v\u00e4 runko 1&#8243; halkaisijalla, joka sopii suurimpaan osaan asekiinnikkeist\u00e4. Lis\u00e4tarvikkeet, kuten et\u00e4kytkimet on suunniteltu valaisimen k\u00e4tev\u00e4\u00e4 k\u00e4ytt\u00f6\u00e4 varten eri olosuhteissa. Maksimikirkkaus 160 OTF Lm. [&hellip;]<\/p>\n","protected":false},"featured_media":0,"comment_status":"open","ping_status":"closed","template":"","meta":[],"product_brand":[],"product_cat":[453],"product_tag":[],"class_list":{"0":"post-9037","1":"product","2":"type-product","3":"status-publish","5":"product_cat-taskulamput","7":"first","8":"instock","9":"taxable","10":"shipping-taxable","11":"purchasable","12":"product-type-simple"},"yoast_head":"<!-- This site is optimized with the Yoast SEO plugin v27.4 - https:\/\/yoast.com\/product\/yoast-seo-wordpress\/ -->\n<title>Taskulamppu ArmyTek ladattava Predator -<\/title>\n<meta name=\"robots\" content=\"index, follow, max-snippet:-1, max-image-preview:large, max-video-preview:-1\" \/>\n<link rel=\"canonical\" href=\"https:\/\/www.duunauspalvelutjarvi.fi\/?product=taskulamppu-armytek-ladattava-predator\" \/>\n<meta property=\"og:locale\" content=\"fi_FI\" \/>\n<meta property=\"og:type\" content=\"article\" \/>\n<meta property=\"og:title\" content=\"Taskulamppu ArmyTek ladattava Predator -\" \/>\n<meta property=\"og:description\" content=\"K\u00e4ytt\u00f6ohje Predator Lataa Kest\u00e4v\u00e4 ja voimakas taktinen valaisin. Selke\u00e4 keskipiste valokeilassa tekee sen kohdistamisesta helppoa. Punainen valo sopii kartanlukuun ja k\u00e4ytt\u00f6\u00f6n navigointilaitteiden kanssa. Ei h\u00e4iritse y\u00f6n\u00e4k\u00f6laitteiden toimintaa ja voidaan k\u00e4ytt\u00e4\u00e4 merkkivalona. Kest\u00e4v\u00e4 runko 1&#8243; halkaisijalla, joka sopii suurimpaan osaan asekiinnikkeist\u00e4. Lis\u00e4tarvikkeet, kuten et\u00e4kytkimet on suunniteltu valaisimen k\u00e4tev\u00e4\u00e4 k\u00e4ytt\u00f6\u00e4 varten eri olosuhteissa. Maksimikirkkaus 160 OTF Lm. [&hellip;]\" \/>\n<meta property=\"og:url\" content=\"https:\/\/www.duunauspalvelutjarvi.fi\/?product=taskulamppu-armytek-ladattava-predator\" \/>\n<meta property=\"article:modified_time\" content=\"2021-11-16T00:06:52+00:00\" \/>\n<meta name=\"twitter:card\" content=\"summary_large_image\" \/>\n<script type=\"application\/ld+json\" class=\"yoast-schema-graph\">{\"@context\":\"https:\\\/\\\/schema.org\",\"@graph\":[{\"@type\":\"WebPage\",\"@id\":\"https:\\\/\\\/www.duunauspalvelutjarvi.fi\\\/?product=taskulamppu-armytek-ladattava-predator\",\"url\":\"https:\\\/\\\/www.duunauspalvelutjarvi.fi\\\/?product=taskulamppu-armytek-ladattava-predator\",\"name\":\"Taskulamppu ArmyTek ladattava Predator -\",\"isPartOf\":{\"@id\":\"https:\\\/\\\/www.duunauspalvelutjarvi.fi\\\/#website\"},\"datePublished\":\"2021-08-20T17:22:07+00:00\",\"dateModified\":\"2021-11-16T00:06:52+00:00\",\"breadcrumb\":{\"@id\":\"https:\\\/\\\/www.duunauspalvelutjarvi.fi\\\/?product=taskulamppu-armytek-ladattava-predator#breadcrumb\"},\"inLanguage\":\"fi\",\"potentialAction\":[{\"@type\":\"ReadAction\",\"target\":[\"https:\\\/\\\/www.duunauspalvelutjarvi.fi\\\/?product=taskulamppu-armytek-ladattava-predator\"]}]},{\"@type\":\"BreadcrumbList\",\"@id\":\"https:\\\/\\\/www.duunauspalvelutjarvi.fi\\\/?product=taskulamppu-armytek-ladattava-predator#breadcrumb\",\"itemListElement\":[{\"@type\":\"ListItem\",\"position\":1,\"name\":\"Etusivu\",\"item\":\"https:\\\/\\\/www.duunauspalvelutjarvi.fi\\\/\"},{\"@type\":\"ListItem\",\"position\":2,\"name\":\"Etusivu\",\"item\":\"https:\\\/\\\/www.duunauspalvelutjarvi.fi\\\/\"},{\"@type\":\"ListItem\",\"position\":3,\"name\":\"Taskulamppu ArmyTek ladattava Predator\"}]},{\"@type\":\"WebSite\",\"@id\":\"https:\\\/\\\/www.duunauspalvelutjarvi.fi\\\/#website\",\"url\":\"https:\\\/\\\/www.duunauspalvelutjarvi.fi\\\/\",\"name\":\"\",\"description\":\"\",\"potentialAction\":[{\"@type\":\"SearchAction\",\"target\":{\"@type\":\"EntryPoint\",\"urlTemplate\":\"https:\\\/\\\/www.duunauspalvelutjarvi.fi\\\/?s={search_term_string}\"},\"query-input\":{\"@type\":\"PropertyValueSpecification\",\"valueRequired\":true,\"valueName\":\"search_term_string\"}}],\"inLanguage\":\"fi\"}]}<\/script>\n<!-- \/ Yoast SEO plugin. -->","yoast_head_json":{"title":"Taskulamppu ArmyTek ladattava Predator -","robots":{"index":"index","follow":"follow","max-snippet":"max-snippet:-1","max-image-preview":"max-image-preview:large","max-video-preview":"max-video-preview:-1"},"canonical":"https:\/\/www.duunauspalvelutjarvi.fi\/?product=taskulamppu-armytek-ladattava-predator","og_locale":"fi_FI","og_type":"article","og_title":"Taskulamppu ArmyTek ladattava Predator -","og_description":"K\u00e4ytt\u00f6ohje Predator Lataa Kest\u00e4v\u00e4 ja voimakas taktinen valaisin. Selke\u00e4 keskipiste valokeilassa tekee sen kohdistamisesta helppoa. Punainen valo sopii kartanlukuun ja k\u00e4ytt\u00f6\u00f6n navigointilaitteiden kanssa. Ei h\u00e4iritse y\u00f6n\u00e4k\u00f6laitteiden toimintaa ja voidaan k\u00e4ytt\u00e4\u00e4 merkkivalona. Kest\u00e4v\u00e4 runko 1&#8243; halkaisijalla, joka sopii suurimpaan osaan asekiinnikkeist\u00e4. Lis\u00e4tarvikkeet, kuten et\u00e4kytkimet on suunniteltu valaisimen k\u00e4tev\u00e4\u00e4 k\u00e4ytt\u00f6\u00e4 varten eri olosuhteissa. Maksimikirkkaus 160 OTF Lm. [&hellip;]","og_url":"https:\/\/www.duunauspalvelutjarvi.fi\/?product=taskulamppu-armytek-ladattava-predator","article_modified_time":"2021-11-16T00:06:52+00:00","twitter_card":"summary_large_image","schema":{"@context":"https:\/\/schema.org","@graph":[{"@type":"WebPage","@id":"https:\/\/www.duunauspalvelutjarvi.fi\/?product=taskulamppu-armytek-ladattava-predator","url":"https:\/\/www.duunauspalvelutjarvi.fi\/?product=taskulamppu-armytek-ladattava-predator","name":"Taskulamppu ArmyTek ladattava Predator -","isPartOf":{"@id":"https:\/\/www.duunauspalvelutjarvi.fi\/#website"},"datePublished":"2021-08-20T17:22:07+00:00","dateModified":"2021-11-16T00:06:52+00:00","breadcrumb":{"@id":"https:\/\/www.duunauspalvelutjarvi.fi\/?product=taskulamppu-armytek-ladattava-predator#breadcrumb"},"inLanguage":"fi","potentialAction":[{"@type":"ReadAction","target":["https:\/\/www.duunauspalvelutjarvi.fi\/?product=taskulamppu-armytek-ladattava-predator"]}]},{"@type":"BreadcrumbList","@id":"https:\/\/www.duunauspalvelutjarvi.fi\/?product=taskulamppu-armytek-ladattava-predator#breadcrumb","itemListElement":[{"@type":"ListItem","position":1,"name":"Etusivu","item":"https:\/\/www.duunauspalvelutjarvi.fi\/"},{"@type":"ListItem","position":2,"name":"Etusivu","item":"https:\/\/www.duunauspalvelutjarvi.fi\/"},{"@type":"ListItem","position":3,"name":"Taskulamppu ArmyTek ladattava Predator"}]},{"@type":"WebSite","@id":"https:\/\/www.duunauspalvelutjarvi.fi\/#website","url":"https:\/\/www.duunauspalvelutjarvi.fi\/","name":"","description":"","potentialAction":[{"@type":"SearchAction","target":{"@type":"EntryPoint","urlTemplate":"https:\/\/www.duunauspalvelutjarvi.fi\/?s={search_term_string}"},"query-input":{"@type":"PropertyValueSpecification","valueRequired":true,"valueName":"search_term_string"}}],"inLanguage":"fi"}]}},"jetpack_sharing_enabled":true,"_links":{"self":[{"href":"https:\/\/www.duunauspalvelutjarvi.fi\/index.php?rest_route=\/wp\/v2\/product\/9037","targetHints":{"allow":["GET"]}}],"collection":[{"href":"https:\/\/www.duunauspalvelutjarvi.fi\/index.php?rest_route=\/wp\/v2\/product"}],"about":[{"href":"https:\/\/www.duunauspalvelutjarvi.fi\/index.php?rest_route=\/wp\/v2\/types\/product"}],"replies":[{"embeddable":true,"href":"https:\/\/www.duunauspalvelutjarvi.fi\/index.php?rest_route=%2Fwp%2Fv2%2Fcomments&post=9037"}],"wp:attachment":[{"href":"https:\/\/www.duunauspalvelutjarvi.fi\/index.php?rest_route=%2Fwp%2Fv2%2Fmedia&parent=9037"}],"wp:term":[{"taxonomy":"product_brand","embeddable":true,"href":"https:\/\/www.duunauspalvelutjarvi.fi\/index.php?rest_route=%2Fwp%2Fv2%2Fproduct_brand&post=9037"},{"taxonomy":"product_cat","embeddable":true,"href":"https:\/\/www.duunauspalvelutjarvi.fi\/index.php?rest_route=%2Fwp%2Fv2%2Fproduct_cat&post=9037"},{"taxonomy":"product_tag","embeddable":true,"href":"https:\/\/www.duunauspalvelutjarvi.fi\/index.php?rest_route=%2Fwp%2Fv2%2Fproduct_tag&post=9037"}],"curies":[{"name":"wp","href":"https:\/\/api.w.org\/{rel}","templated":true}]}}