{"id":9048,"date":"2021-08-20T20:31:15","date_gmt":"2021-08-20T17:31:15","guid":{"rendered":"https:\/\/www.duunauspalvelutjarvi.fi\/?post_type=product&#038;p=9048"},"modified":"2022-02-07T12:02:42","modified_gmt":"2022-02-07T10:02:42","slug":"panasonic-ncr18650b-3-7v-3400mah-liion","status":"publish","type":"product","link":"https:\/\/www.duunauspalvelutjarvi.fi\/?product=panasonic-ncr18650b-3-7v-3400mah-liion","title":{"rendered":"Panasonic NCR18650B 3.7V 3400mAh Liion"},"content":{"rendered":"<p>Kapasiteetti: 3400mAh<br \/>\nJ\u00e4nnite: 3.7V &#8211; 4.2V<br \/>\nMitat: 18x65mm<br \/>\nSuositeltu latausvirta: 1625mA, max. 1700mA<br \/>\nPurkuvirta: 2A, hetkellinen maksimi 4A<br \/>\nAlin sallittu purkautumisj\u00e4nnite: 2,5v<\/p>\n<p>Akku soveltuu k\u00e4ytett\u00e4v\u00e4ksi laitteisiin jotka k\u00e4ytt\u00e4v\u00e4t matalia purkuvirtoja;<br \/>\n-Tietokoneiden akut<br \/>\n-Valaisimet<\/p>\n<p>Akussa on suojapiiri joka est\u00e4\u00e4 akun syv\u00e4purkautumisen.<br \/>\nJos olet ep\u00e4varma akun soveltuvuudesta k\u00e4ytt\u00f6tarkoitukseesi ota yhteytt\u00e4 myym\u00e4l\u00e4\u00e4mme.<\/p>\n","protected":false},"excerpt":{"rendered":"<p>Kapasiteetti: 3400mAh J\u00e4nnite: 3.7V &#8211; 4.2V Mitat: 18x65mm Suositeltu latausvirta: 1625mA, max. 1700mA Purkuvirta: 2A, hetkellinen maksimi 4A Alin sallittu purkautumisj\u00e4nnite: 2,5v Akku soveltuu k\u00e4ytett\u00e4v\u00e4ksi laitteisiin jotka k\u00e4ytt\u00e4v\u00e4t matalia purkuvirtoja; -Tietokoneiden akut -Valaisimet Akussa on suojapiiri joka est\u00e4\u00e4 akun syv\u00e4purkautumisen. Jos olet ep\u00e4varma akun soveltuvuudesta k\u00e4ytt\u00f6tarkoitukseesi ota yhteytt\u00e4 myym\u00e4l\u00e4\u00e4mme.<\/p>\n","protected":false},"featured_media":0,"comment_status":"open","ping_status":"closed","template":"","meta":[],"product_brand":[],"product_cat":[136],"product_tag":[],"class_list":{"0":"post-9048","1":"product","2":"type-product","3":"status-publish","5":"product_cat-18650-akut","7":"first","8":"instock","9":"taxable","10":"shipping-taxable","11":"purchasable","12":"product-type-simple"},"yoast_head":"<!-- This site is optimized with the Yoast SEO plugin v27.4 - https:\/\/yoast.com\/product\/yoast-seo-wordpress\/ -->\n<title>Panasonic NCR18650B 3.7V 3400mAh Liion -<\/title>\n<meta name=\"robots\" content=\"index, follow, max-snippet:-1, max-image-preview:large, max-video-preview:-1\" \/>\n<link rel=\"canonical\" href=\"https:\/\/www.duunauspalvelutjarvi.fi\/?product=panasonic-ncr18650b-3-7v-3400mah-liion\" \/>\n<meta property=\"og:locale\" content=\"fi_FI\" \/>\n<meta property=\"og:type\" content=\"article\" \/>\n<meta property=\"og:title\" content=\"Panasonic NCR18650B 3.7V 3400mAh Liion -\" \/>\n<meta property=\"og:description\" content=\"Kapasiteetti: 3400mAh J\u00e4nnite: 3.7V &#8211; 4.2V Mitat: 18x65mm Suositeltu latausvirta: 1625mA, max. 1700mA Purkuvirta: 2A, hetkellinen maksimi 4A Alin sallittu purkautumisj\u00e4nnite: 2,5v Akku soveltuu k\u00e4ytett\u00e4v\u00e4ksi laitteisiin jotka k\u00e4ytt\u00e4v\u00e4t matalia purkuvirtoja; -Tietokoneiden akut -Valaisimet Akussa on suojapiiri joka est\u00e4\u00e4 akun syv\u00e4purkautumisen. Jos olet ep\u00e4varma akun soveltuvuudesta k\u00e4ytt\u00f6tarkoitukseesi ota yhteytt\u00e4 myym\u00e4l\u00e4\u00e4mme.\" \/>\n<meta property=\"og:url\" content=\"https:\/\/www.duunauspalvelutjarvi.fi\/?product=panasonic-ncr18650b-3-7v-3400mah-liion\" \/>\n<meta property=\"article:modified_time\" content=\"2022-02-07T10:02:42+00:00\" \/>\n<meta name=\"twitter:card\" content=\"summary_large_image\" \/>\n<script type=\"application\/ld+json\" class=\"yoast-schema-graph\">{\"@context\":\"https:\\\/\\\/schema.org\",\"@graph\":[{\"@type\":\"WebPage\",\"@id\":\"https:\\\/\\\/www.duunauspalvelutjarvi.fi\\\/?product=panasonic-ncr18650b-3-7v-3400mah-liion\",\"url\":\"https:\\\/\\\/www.duunauspalvelutjarvi.fi\\\/?product=panasonic-ncr18650b-3-7v-3400mah-liion\",\"name\":\"Panasonic NCR18650B 3.7V 3400mAh Liion -\",\"isPartOf\":{\"@id\":\"https:\\\/\\\/www.duunauspalvelutjarvi.fi\\\/#website\"},\"datePublished\":\"2021-08-20T17:31:15+00:00\",\"dateModified\":\"2022-02-07T10:02:42+00:00\",\"breadcrumb\":{\"@id\":\"https:\\\/\\\/www.duunauspalvelutjarvi.fi\\\/?product=panasonic-ncr18650b-3-7v-3400mah-liion#breadcrumb\"},\"inLanguage\":\"fi\",\"potentialAction\":[{\"@type\":\"ReadAction\",\"target\":[\"https:\\\/\\\/www.duunauspalvelutjarvi.fi\\\/?product=panasonic-ncr18650b-3-7v-3400mah-liion\"]}]},{\"@type\":\"BreadcrumbList\",\"@id\":\"https:\\\/\\\/www.duunauspalvelutjarvi.fi\\\/?product=panasonic-ncr18650b-3-7v-3400mah-liion#breadcrumb\",\"itemListElement\":[{\"@type\":\"ListItem\",\"position\":1,\"name\":\"Etusivu\",\"item\":\"https:\\\/\\\/www.duunauspalvelutjarvi.fi\\\/\"},{\"@type\":\"ListItem\",\"position\":2,\"name\":\"Etusivu\",\"item\":\"https:\\\/\\\/www.duunauspalvelutjarvi.fi\\\/\"},{\"@type\":\"ListItem\",\"position\":3,\"name\":\"Panasonic NCR18650B 3.7V 3400mAh Liion\"}]},{\"@type\":\"WebSite\",\"@id\":\"https:\\\/\\\/www.duunauspalvelutjarvi.fi\\\/#website\",\"url\":\"https:\\\/\\\/www.duunauspalvelutjarvi.fi\\\/\",\"name\":\"\",\"description\":\"\",\"potentialAction\":[{\"@type\":\"SearchAction\",\"target\":{\"@type\":\"EntryPoint\",\"urlTemplate\":\"https:\\\/\\\/www.duunauspalvelutjarvi.fi\\\/?s={search_term_string}\"},\"query-input\":{\"@type\":\"PropertyValueSpecification\",\"valueRequired\":true,\"valueName\":\"search_term_string\"}}],\"inLanguage\":\"fi\"}]}<\/script>\n<!-- \/ Yoast SEO plugin. -->","yoast_head_json":{"title":"Panasonic NCR18650B 3.7V 3400mAh Liion -","robots":{"index":"index","follow":"follow","max-snippet":"max-snippet:-1","max-image-preview":"max-image-preview:large","max-video-preview":"max-video-preview:-1"},"canonical":"https:\/\/www.duunauspalvelutjarvi.fi\/?product=panasonic-ncr18650b-3-7v-3400mah-liion","og_locale":"fi_FI","og_type":"article","og_title":"Panasonic NCR18650B 3.7V 3400mAh Liion -","og_description":"Kapasiteetti: 3400mAh J\u00e4nnite: 3.7V &#8211; 4.2V Mitat: 18x65mm Suositeltu latausvirta: 1625mA, max. 1700mA Purkuvirta: 2A, hetkellinen maksimi 4A Alin sallittu purkautumisj\u00e4nnite: 2,5v Akku soveltuu k\u00e4ytett\u00e4v\u00e4ksi laitteisiin jotka k\u00e4ytt\u00e4v\u00e4t matalia purkuvirtoja; -Tietokoneiden akut -Valaisimet Akussa on suojapiiri joka est\u00e4\u00e4 akun syv\u00e4purkautumisen. Jos olet ep\u00e4varma akun soveltuvuudesta k\u00e4ytt\u00f6tarkoitukseesi ota yhteytt\u00e4 myym\u00e4l\u00e4\u00e4mme.","og_url":"https:\/\/www.duunauspalvelutjarvi.fi\/?product=panasonic-ncr18650b-3-7v-3400mah-liion","article_modified_time":"2022-02-07T10:02:42+00:00","twitter_card":"summary_large_image","schema":{"@context":"https:\/\/schema.org","@graph":[{"@type":"WebPage","@id":"https:\/\/www.duunauspalvelutjarvi.fi\/?product=panasonic-ncr18650b-3-7v-3400mah-liion","url":"https:\/\/www.duunauspalvelutjarvi.fi\/?product=panasonic-ncr18650b-3-7v-3400mah-liion","name":"Panasonic NCR18650B 3.7V 3400mAh Liion -","isPartOf":{"@id":"https:\/\/www.duunauspalvelutjarvi.fi\/#website"},"datePublished":"2021-08-20T17:31:15+00:00","dateModified":"2022-02-07T10:02:42+00:00","breadcrumb":{"@id":"https:\/\/www.duunauspalvelutjarvi.fi\/?product=panasonic-ncr18650b-3-7v-3400mah-liion#breadcrumb"},"inLanguage":"fi","potentialAction":[{"@type":"ReadAction","target":["https:\/\/www.duunauspalvelutjarvi.fi\/?product=panasonic-ncr18650b-3-7v-3400mah-liion"]}]},{"@type":"BreadcrumbList","@id":"https:\/\/www.duunauspalvelutjarvi.fi\/?product=panasonic-ncr18650b-3-7v-3400mah-liion#breadcrumb","itemListElement":[{"@type":"ListItem","position":1,"name":"Etusivu","item":"https:\/\/www.duunauspalvelutjarvi.fi\/"},{"@type":"ListItem","position":2,"name":"Etusivu","item":"https:\/\/www.duunauspalvelutjarvi.fi\/"},{"@type":"ListItem","position":3,"name":"Panasonic NCR18650B 3.7V 3400mAh Liion"}]},{"@type":"WebSite","@id":"https:\/\/www.duunauspalvelutjarvi.fi\/#website","url":"https:\/\/www.duunauspalvelutjarvi.fi\/","name":"","description":"","potentialAction":[{"@type":"SearchAction","target":{"@type":"EntryPoint","urlTemplate":"https:\/\/www.duunauspalvelutjarvi.fi\/?s={search_term_string}"},"query-input":{"@type":"PropertyValueSpecification","valueRequired":true,"valueName":"search_term_string"}}],"inLanguage":"fi"}]}},"jetpack_sharing_enabled":true,"_links":{"self":[{"href":"https:\/\/www.duunauspalvelutjarvi.fi\/index.php?rest_route=\/wp\/v2\/product\/9048","targetHints":{"allow":["GET"]}}],"collection":[{"href":"https:\/\/www.duunauspalvelutjarvi.fi\/index.php?rest_route=\/wp\/v2\/product"}],"about":[{"href":"https:\/\/www.duunauspalvelutjarvi.fi\/index.php?rest_route=\/wp\/v2\/types\/product"}],"replies":[{"embeddable":true,"href":"https:\/\/www.duunauspalvelutjarvi.fi\/index.php?rest_route=%2Fwp%2Fv2%2Fcomments&post=9048"}],"wp:attachment":[{"href":"https:\/\/www.duunauspalvelutjarvi.fi\/index.php?rest_route=%2Fwp%2Fv2%2Fmedia&parent=9048"}],"wp:term":[{"taxonomy":"product_brand","embeddable":true,"href":"https:\/\/www.duunauspalvelutjarvi.fi\/index.php?rest_route=%2Fwp%2Fv2%2Fproduct_brand&post=9048"},{"taxonomy":"product_cat","embeddable":true,"href":"https:\/\/www.duunauspalvelutjarvi.fi\/index.php?rest_route=%2Fwp%2Fv2%2Fproduct_cat&post=9048"},{"taxonomy":"product_tag","embeddable":true,"href":"https:\/\/www.duunauspalvelutjarvi.fi\/index.php?rest_route=%2Fwp%2Fv2%2Fproduct_tag&post=9048"}],"curies":[{"name":"wp","href":"https:\/\/api.w.org\/{rel}","templated":true}]}}