{"id":9080,"date":"2021-08-20T21:25:07","date_gmt":"2021-08-20T18:25:07","guid":{"rendered":"https:\/\/www.duunauspalvelutjarvi.fi\/?post_type=product&#038;p=9080"},"modified":"2021-11-14T23:28:48","modified_gmt":"2021-11-14T21:28:48","slug":"victron-invertteri-phoenix-12v-250va","status":"publish","type":"product","link":"https:\/\/www.duunauspalvelutjarvi.fi\/?product=victron-invertteri-phoenix-12v-250va","title":{"rendered":"Victron Invertteri Phoenix 250VA"},"content":{"rendered":"<div class=\"col-12 col-lg-10\">\n<div class=\"ProductPageContent__description\">\n<div class=\"WysiwygContent\">\n<p><strong>Invertteri 250VA, Victron Energy Phoenix, aito siniaalto.<\/strong>\u00a0Victron Energyn huippulaadukkaat invertterit tuottavat kaikki puhdasta siniaaltoa, joka vastaa t\u00e4ysin verkosta saatavaa s\u00e4hk\u00f6\u00e4. My\u00f6s vaativat kulutuslaitteet toimivat moitteettomasti.<\/p>\n<p><strong>Valittavissa:<\/strong>\u00a012V &amp; 24V<\/p>\n<p><strong>Tekniset tiedot:<\/strong><br \/>\n\u2022 N\u00e4enn\u00e4isteho: 250VA<br \/>\n\u2022 Aito siniaalto<br \/>\n\u2022 Hetkellinen tehonkesto 400W<br \/>\n\u2022 Jatkuva teho: 25\u00b0C \/ 40\u00b0C: 200 \/ 175 W<br \/>\n\u2022 J\u00e4nnitealue: 12V 9,2 &#8211; 17,0 \/ 24V: 18,4 &#8211; 34V<br \/>\n\u2022 Hy\u00f6tysuhde: 88%<br \/>\n\u2022 Omakulutus: 5,2W<br \/>\n\u2022 Ulostuloj\u00e4nnite 230 VAC +- 3%<br \/>\n\u2022 Alhaisen akkuj\u00e4nnitteen h\u00e4lytys: 10,9V (12V), 21,8V (24V), 43,6V (48V)<br \/>\n\u2022 Automaattinen sammutus kun akun j\u00e4nnite laskee alle:18,4V (24V)<br \/>\n\u2022 Automaattinen k\u00e4ynnistys kun akun j\u00e4nnite nousee yli: 25V (24V)<br \/>\n\u2022 1x 230AC (Schuko-pistoketulppa ulostulo)<br \/>\n\u2022 86 x 165 x 260mm<br \/>\n\u2022 Paino: 2,4kg<br \/>\n\u2022 Victron Energy<\/p>\n<p><strong>HUOM: S\u00e4hk\u00f6laitteiden ilmoitetut teholukemat saattavat olla moninkertaiset laitteen k\u00e4ynnistyksen aikana, jonka vuoksi invertteri on aina mitoitettava k\u00e4ytett\u00e4v\u00e4n laitteen maksimitehon mukaan.\u00a0<\/strong><\/p>\n<\/div>\n<\/div>\n<\/div>\n<div class=\"ProductPageContent__description-details col-sm-12 col-lg-2\">\n<div><\/div>\n<\/div>\n","protected":false},"excerpt":{"rendered":"<p>Invertteri 250VA, Victron Energy Phoenix, aito siniaalto.\u00a0Victron Energyn huippulaadukkaat invertterit tuottavat kaikki puhdasta siniaaltoa, joka vastaa t\u00e4ysin verkosta saatavaa s\u00e4hk\u00f6\u00e4. My\u00f6s vaativat kulutuslaitteet toimivat moitteettomasti. Valittavissa:\u00a012V &amp; 24V Tekniset tiedot: \u2022 N\u00e4enn\u00e4isteho: 250VA \u2022 Aito siniaalto \u2022 Hetkellinen tehonkesto 400W \u2022 Jatkuva teho: 25\u00b0C \/ 40\u00b0C: 200 \/ 175 W \u2022 J\u00e4nnitealue: 12V 9,2 &#8211; [&hellip;]<\/p>\n","protected":false},"featured_media":0,"comment_status":"open","ping_status":"closed","template":"","meta":[],"product_brand":[],"product_cat":[106],"product_tag":[],"class_list":{"0":"post-9080","1":"product","2":"type-product","3":"status-publish","5":"product_cat-siniaaltoinvertterit","7":"first","8":"instock","9":"taxable","10":"shipping-taxable","11":"purchasable","12":"product-type-variable"},"yoast_head":"<!-- This site is optimized with the Yoast SEO plugin v27.5 - https:\/\/yoast.com\/product\/yoast-seo-wordpress\/ -->\n<title>Victron Invertteri Phoenix 250VA -<\/title>\n<meta name=\"robots\" content=\"index, follow, max-snippet:-1, max-image-preview:large, max-video-preview:-1\" \/>\n<link rel=\"canonical\" href=\"https:\/\/www.duunauspalvelutjarvi.fi\/?product=victron-invertteri-phoenix-12v-250va\" \/>\n<meta property=\"og:locale\" content=\"fi_FI\" \/>\n<meta property=\"og:type\" content=\"article\" \/>\n<meta property=\"og:title\" content=\"Victron Invertteri Phoenix 250VA -\" \/>\n<meta property=\"og:description\" content=\"Invertteri 250VA, Victron Energy Phoenix, aito siniaalto.\u00a0Victron Energyn huippulaadukkaat invertterit tuottavat kaikki puhdasta siniaaltoa, joka vastaa t\u00e4ysin verkosta saatavaa s\u00e4hk\u00f6\u00e4. My\u00f6s vaativat kulutuslaitteet toimivat moitteettomasti. Valittavissa:\u00a012V &amp; 24V Tekniset tiedot: \u2022 N\u00e4enn\u00e4isteho: 250VA \u2022 Aito siniaalto \u2022 Hetkellinen tehonkesto 400W \u2022 Jatkuva teho: 25\u00b0C \/ 40\u00b0C: 200 \/ 175 W \u2022 J\u00e4nnitealue: 12V 9,2 &#8211; [&hellip;]\" \/>\n<meta property=\"og:url\" content=\"https:\/\/www.duunauspalvelutjarvi.fi\/?product=victron-invertteri-phoenix-12v-250va\" \/>\n<meta property=\"article:modified_time\" content=\"2021-11-14T21:28:48+00:00\" \/>\n<meta name=\"twitter:card\" content=\"summary_large_image\" \/>\n<meta name=\"twitter:label1\" content=\"Arvioitu lukuaika\" \/>\n\t<meta name=\"twitter:data1\" content=\"1 minuutti\" \/>\n<script type=\"application\/ld+json\" class=\"yoast-schema-graph\">{\"@context\":\"https:\\\/\\\/schema.org\",\"@graph\":[{\"@type\":\"WebPage\",\"@id\":\"https:\\\/\\\/www.duunauspalvelutjarvi.fi\\\/?product=victron-invertteri-phoenix-12v-250va\",\"url\":\"https:\\\/\\\/www.duunauspalvelutjarvi.fi\\\/?product=victron-invertteri-phoenix-12v-250va\",\"name\":\"Victron Invertteri Phoenix 250VA -\",\"isPartOf\":{\"@id\":\"https:\\\/\\\/www.duunauspalvelutjarvi.fi\\\/#website\"},\"datePublished\":\"2021-08-20T18:25:07+00:00\",\"dateModified\":\"2021-11-14T21:28:48+00:00\",\"breadcrumb\":{\"@id\":\"https:\\\/\\\/www.duunauspalvelutjarvi.fi\\\/?product=victron-invertteri-phoenix-12v-250va#breadcrumb\"},\"inLanguage\":\"fi\",\"potentialAction\":[{\"@type\":\"ReadAction\",\"target\":[\"https:\\\/\\\/www.duunauspalvelutjarvi.fi\\\/?product=victron-invertteri-phoenix-12v-250va\"]}]},{\"@type\":\"BreadcrumbList\",\"@id\":\"https:\\\/\\\/www.duunauspalvelutjarvi.fi\\\/?product=victron-invertteri-phoenix-12v-250va#breadcrumb\",\"itemListElement\":[{\"@type\":\"ListItem\",\"position\":1,\"name\":\"Etusivu\",\"item\":\"https:\\\/\\\/www.duunauspalvelutjarvi.fi\\\/\"},{\"@type\":\"ListItem\",\"position\":2,\"name\":\"Etusivu\",\"item\":\"https:\\\/\\\/www.duunauspalvelutjarvi.fi\\\/\"},{\"@type\":\"ListItem\",\"position\":3,\"name\":\"Victron Invertteri Phoenix 250VA\"}]},{\"@type\":\"WebSite\",\"@id\":\"https:\\\/\\\/www.duunauspalvelutjarvi.fi\\\/#website\",\"url\":\"https:\\\/\\\/www.duunauspalvelutjarvi.fi\\\/\",\"name\":\"\",\"description\":\"\",\"potentialAction\":[{\"@type\":\"SearchAction\",\"target\":{\"@type\":\"EntryPoint\",\"urlTemplate\":\"https:\\\/\\\/www.duunauspalvelutjarvi.fi\\\/?s={search_term_string}\"},\"query-input\":{\"@type\":\"PropertyValueSpecification\",\"valueRequired\":true,\"valueName\":\"search_term_string\"}}],\"inLanguage\":\"fi\"}]}<\/script>\n<!-- \/ Yoast SEO plugin. -->","yoast_head_json":{"title":"Victron Invertteri Phoenix 250VA -","robots":{"index":"index","follow":"follow","max-snippet":"max-snippet:-1","max-image-preview":"max-image-preview:large","max-video-preview":"max-video-preview:-1"},"canonical":"https:\/\/www.duunauspalvelutjarvi.fi\/?product=victron-invertteri-phoenix-12v-250va","og_locale":"fi_FI","og_type":"article","og_title":"Victron Invertteri Phoenix 250VA -","og_description":"Invertteri 250VA, Victron Energy Phoenix, aito siniaalto.\u00a0Victron Energyn huippulaadukkaat invertterit tuottavat kaikki puhdasta siniaaltoa, joka vastaa t\u00e4ysin verkosta saatavaa s\u00e4hk\u00f6\u00e4. My\u00f6s vaativat kulutuslaitteet toimivat moitteettomasti. Valittavissa:\u00a012V &amp; 24V Tekniset tiedot: \u2022 N\u00e4enn\u00e4isteho: 250VA \u2022 Aito siniaalto \u2022 Hetkellinen tehonkesto 400W \u2022 Jatkuva teho: 25\u00b0C \/ 40\u00b0C: 200 \/ 175 W \u2022 J\u00e4nnitealue: 12V 9,2 &#8211; [&hellip;]","og_url":"https:\/\/www.duunauspalvelutjarvi.fi\/?product=victron-invertteri-phoenix-12v-250va","article_modified_time":"2021-11-14T21:28:48+00:00","twitter_card":"summary_large_image","twitter_misc":{"Arvioitu lukuaika":"1 minuutti"},"schema":{"@context":"https:\/\/schema.org","@graph":[{"@type":"WebPage","@id":"https:\/\/www.duunauspalvelutjarvi.fi\/?product=victron-invertteri-phoenix-12v-250va","url":"https:\/\/www.duunauspalvelutjarvi.fi\/?product=victron-invertteri-phoenix-12v-250va","name":"Victron Invertteri Phoenix 250VA -","isPartOf":{"@id":"https:\/\/www.duunauspalvelutjarvi.fi\/#website"},"datePublished":"2021-08-20T18:25:07+00:00","dateModified":"2021-11-14T21:28:48+00:00","breadcrumb":{"@id":"https:\/\/www.duunauspalvelutjarvi.fi\/?product=victron-invertteri-phoenix-12v-250va#breadcrumb"},"inLanguage":"fi","potentialAction":[{"@type":"ReadAction","target":["https:\/\/www.duunauspalvelutjarvi.fi\/?product=victron-invertteri-phoenix-12v-250va"]}]},{"@type":"BreadcrumbList","@id":"https:\/\/www.duunauspalvelutjarvi.fi\/?product=victron-invertteri-phoenix-12v-250va#breadcrumb","itemListElement":[{"@type":"ListItem","position":1,"name":"Etusivu","item":"https:\/\/www.duunauspalvelutjarvi.fi\/"},{"@type":"ListItem","position":2,"name":"Etusivu","item":"https:\/\/www.duunauspalvelutjarvi.fi\/"},{"@type":"ListItem","position":3,"name":"Victron Invertteri Phoenix 250VA"}]},{"@type":"WebSite","@id":"https:\/\/www.duunauspalvelutjarvi.fi\/#website","url":"https:\/\/www.duunauspalvelutjarvi.fi\/","name":"","description":"","potentialAction":[{"@type":"SearchAction","target":{"@type":"EntryPoint","urlTemplate":"https:\/\/www.duunauspalvelutjarvi.fi\/?s={search_term_string}"},"query-input":{"@type":"PropertyValueSpecification","valueRequired":true,"valueName":"search_term_string"}}],"inLanguage":"fi"}]}},"jetpack_sharing_enabled":true,"_links":{"self":[{"href":"https:\/\/www.duunauspalvelutjarvi.fi\/index.php?rest_route=\/wp\/v2\/product\/9080","targetHints":{"allow":["GET"]}}],"collection":[{"href":"https:\/\/www.duunauspalvelutjarvi.fi\/index.php?rest_route=\/wp\/v2\/product"}],"about":[{"href":"https:\/\/www.duunauspalvelutjarvi.fi\/index.php?rest_route=\/wp\/v2\/types\/product"}],"replies":[{"embeddable":true,"href":"https:\/\/www.duunauspalvelutjarvi.fi\/index.php?rest_route=%2Fwp%2Fv2%2Fcomments&post=9080"}],"wp:attachment":[{"href":"https:\/\/www.duunauspalvelutjarvi.fi\/index.php?rest_route=%2Fwp%2Fv2%2Fmedia&parent=9080"}],"wp:term":[{"taxonomy":"product_brand","embeddable":true,"href":"https:\/\/www.duunauspalvelutjarvi.fi\/index.php?rest_route=%2Fwp%2Fv2%2Fproduct_brand&post=9080"},{"taxonomy":"product_cat","embeddable":true,"href":"https:\/\/www.duunauspalvelutjarvi.fi\/index.php?rest_route=%2Fwp%2Fv2%2Fproduct_cat&post=9080"},{"taxonomy":"product_tag","embeddable":true,"href":"https:\/\/www.duunauspalvelutjarvi.fi\/index.php?rest_route=%2Fwp%2Fv2%2Fproduct_tag&post=9080"}],"curies":[{"name":"wp","href":"https:\/\/api.w.org\/{rel}","templated":true}]}}