{"id":9100,"date":"2021-08-20T22:07:26","date_gmt":"2021-08-20T19:07:26","guid":{"rendered":"https:\/\/www.duunauspalvelutjarvi.fi\/?post_type=product&#038;p=9100"},"modified":"2021-11-14T23:28:48","modified_gmt":"2021-11-14T21:28:48","slug":"invertteri-1200va-victron-energy-phoenix-aito-siniaalto","status":"publish","type":"product","link":"https:\/\/www.duunauspalvelutjarvi.fi\/?product=invertteri-1200va-victron-energy-phoenix-aito-siniaalto","title":{"rendered":"Invertteri 1200VA, Victron Energy Phoenix Aito siniaalto"},"content":{"rendered":"<p><b>Invertteri 1200VA, Victron Energy Phoenix, aito siniaalto.<\/b>\u00a0Victron Energyn huippulaadukkaat invertterit tuottavat kaikki puhdasta siniaaltoa, joka vastaa t\u00e4ysin verkosta saatavaa s\u00e4hk\u00f6\u00e4. My\u00f6s vaativat kulutuslaitteet toimivat moitteettomasti.<\/p>\n<p><b>Tekniset tiedot:<br \/>\n<\/b><br \/>\n\u2022 N\u00e4enn\u00e4isteho: 1200VA<br \/>\n\u2022 Aito siniaalto<br \/>\n\u2022 Hetkellinen tehonkesto 2400W<br \/>\n\u2022 Jatkuva teho: 1000W \/ 25\u00b0C, 900W \/ 40\u00b0, 600W \/ 65\u00b0<br \/>\n\u2022 K\u00e4ytt\u00f6j\u00e4nnite valittavissa<br \/>\n\u2022 J\u00e4nnitealue: 12V: 9,2 &#8211; 17,3V<br \/>\n\u2022 J\u00e4nnitealue: 24V: 18,4 &#8211; 34V<br \/>\n\u2022 J\u00e4nnitealue: 48V: 36,8 &#8211; 68V<br \/>\n\u2022 Hy\u00f6tysuhde: 92% (12V), 94% (24V), 94% (48V)<br \/>\n\u2022 Omakulutus: 6W (12V), 5W (24V), 6W (48V)<br \/>\n\u2022 Ulostuloj\u00e4nnite 110VAC tai 230 VAC +-3%, 50Hz tai 60Hz +\/- 0,1%<br \/>\n\u2022 Alhaisen akkuj\u00e4nnitteen h\u00e4lytys: 10,9V (12V), 21,8V (24V), 43,6V (48V)<br \/>\n\u2022 Automaattinen sammutus kun akun j\u00e4nnite laskee alle: 9,2V (12V), 18,4V (24V), 36,8V (48V)<br \/>\n\u2022 Automaattinen k\u00e4ynnistys kun akun j\u00e4nnite nousee yli: 12,5V (12V), 25V (24V), 50V (48V)<br \/>\n\u2022 1x 230AC (Schuko-pistoketulppa ulostulo)<br \/>\n\u2022 Akkukaapelit: 1,5m<br \/>\n\u2022 104 x 194 x 305mm<br \/>\n\u2022 Paino: 8,5kg<br \/>\n\u2022 IP20<br \/>\n\u2022 Victron Energy<\/p>\n<p><b>HUOM: S\u00e4hk\u00f6laitteiden ilmoitetut teholukemat saattavat olla moninkertaiset laitteen k\u00e4ynnistyksen aikana, jonka vuoksi invertteri on aina mitoitettava k\u00e4ytett\u00e4v\u00e4n laitteen maksimitehon mukaan.\u00a0<\/b><\/p>\n","protected":false},"excerpt":{"rendered":"<p>Invertteri 1200VA, Victron Energy Phoenix, aito siniaalto.\u00a0Victron Energyn huippulaadukkaat invertterit tuottavat kaikki puhdasta siniaaltoa, joka vastaa t\u00e4ysin verkosta saatavaa s\u00e4hk\u00f6\u00e4. My\u00f6s vaativat kulutuslaitteet toimivat moitteettomasti. Tekniset tiedot: \u2022 N\u00e4enn\u00e4isteho: 1200VA \u2022 Aito siniaalto \u2022 Hetkellinen tehonkesto 2400W \u2022 Jatkuva teho: 1000W \/ 25\u00b0C, 900W \/ 40\u00b0, 600W \/ 65\u00b0 \u2022 K\u00e4ytt\u00f6j\u00e4nnite valittavissa \u2022 J\u00e4nnitealue: 12V: [&hellip;]<\/p>\n","protected":false},"featured_media":0,"comment_status":"open","ping_status":"closed","template":"","meta":[],"product_brand":[],"product_cat":[106],"product_tag":[],"class_list":{"0":"post-9100","1":"product","2":"type-product","3":"status-publish","5":"product_cat-siniaaltoinvertterit","7":"first","8":"instock","9":"taxable","10":"shipping-taxable","11":"purchasable","12":"product-type-variable"},"yoast_head":"<!-- This site is optimized with the Yoast SEO plugin v27.5 - https:\/\/yoast.com\/product\/yoast-seo-wordpress\/ -->\n<title>Invertteri 1200VA, Victron Energy Phoenix Aito siniaalto -<\/title>\n<meta name=\"robots\" content=\"index, follow, max-snippet:-1, max-image-preview:large, max-video-preview:-1\" \/>\n<link rel=\"canonical\" href=\"https:\/\/www.duunauspalvelutjarvi.fi\/?product=invertteri-1200va-victron-energy-phoenix-aito-siniaalto\" \/>\n<meta property=\"og:locale\" content=\"fi_FI\" \/>\n<meta property=\"og:type\" content=\"article\" \/>\n<meta property=\"og:title\" content=\"Invertteri 1200VA, Victron Energy Phoenix Aito siniaalto -\" \/>\n<meta property=\"og:description\" content=\"Invertteri 1200VA, Victron Energy Phoenix, aito siniaalto.\u00a0Victron Energyn huippulaadukkaat invertterit tuottavat kaikki puhdasta siniaaltoa, joka vastaa t\u00e4ysin verkosta saatavaa s\u00e4hk\u00f6\u00e4. My\u00f6s vaativat kulutuslaitteet toimivat moitteettomasti. Tekniset tiedot: \u2022 N\u00e4enn\u00e4isteho: 1200VA \u2022 Aito siniaalto \u2022 Hetkellinen tehonkesto 2400W \u2022 Jatkuva teho: 1000W \/ 25\u00b0C, 900W \/ 40\u00b0, 600W \/ 65\u00b0 \u2022 K\u00e4ytt\u00f6j\u00e4nnite valittavissa \u2022 J\u00e4nnitealue: 12V: [&hellip;]\" \/>\n<meta property=\"og:url\" content=\"https:\/\/www.duunauspalvelutjarvi.fi\/?product=invertteri-1200va-victron-energy-phoenix-aito-siniaalto\" \/>\n<meta property=\"article:modified_time\" content=\"2021-11-14T21:28:48+00:00\" \/>\n<meta name=\"twitter:card\" content=\"summary_large_image\" \/>\n<meta name=\"twitter:label1\" content=\"Arvioitu lukuaika\" \/>\n\t<meta name=\"twitter:data1\" content=\"1 minuutti\" \/>\n<script type=\"application\/ld+json\" class=\"yoast-schema-graph\">{\"@context\":\"https:\\\/\\\/schema.org\",\"@graph\":[{\"@type\":\"WebPage\",\"@id\":\"https:\\\/\\\/www.duunauspalvelutjarvi.fi\\\/?product=invertteri-1200va-victron-energy-phoenix-aito-siniaalto\",\"url\":\"https:\\\/\\\/www.duunauspalvelutjarvi.fi\\\/?product=invertteri-1200va-victron-energy-phoenix-aito-siniaalto\",\"name\":\"Invertteri 1200VA, Victron Energy Phoenix Aito siniaalto -\",\"isPartOf\":{\"@id\":\"https:\\\/\\\/www.duunauspalvelutjarvi.fi\\\/#website\"},\"datePublished\":\"2021-08-20T19:07:26+00:00\",\"dateModified\":\"2021-11-14T21:28:48+00:00\",\"breadcrumb\":{\"@id\":\"https:\\\/\\\/www.duunauspalvelutjarvi.fi\\\/?product=invertteri-1200va-victron-energy-phoenix-aito-siniaalto#breadcrumb\"},\"inLanguage\":\"fi\",\"potentialAction\":[{\"@type\":\"ReadAction\",\"target\":[\"https:\\\/\\\/www.duunauspalvelutjarvi.fi\\\/?product=invertteri-1200va-victron-energy-phoenix-aito-siniaalto\"]}]},{\"@type\":\"BreadcrumbList\",\"@id\":\"https:\\\/\\\/www.duunauspalvelutjarvi.fi\\\/?product=invertteri-1200va-victron-energy-phoenix-aito-siniaalto#breadcrumb\",\"itemListElement\":[{\"@type\":\"ListItem\",\"position\":1,\"name\":\"Etusivu\",\"item\":\"https:\\\/\\\/www.duunauspalvelutjarvi.fi\\\/\"},{\"@type\":\"ListItem\",\"position\":2,\"name\":\"Etusivu\",\"item\":\"https:\\\/\\\/www.duunauspalvelutjarvi.fi\\\/\"},{\"@type\":\"ListItem\",\"position\":3,\"name\":\"Invertteri 1200VA, Victron Energy Phoenix Aito siniaalto\"}]},{\"@type\":\"WebSite\",\"@id\":\"https:\\\/\\\/www.duunauspalvelutjarvi.fi\\\/#website\",\"url\":\"https:\\\/\\\/www.duunauspalvelutjarvi.fi\\\/\",\"name\":\"\",\"description\":\"\",\"potentialAction\":[{\"@type\":\"SearchAction\",\"target\":{\"@type\":\"EntryPoint\",\"urlTemplate\":\"https:\\\/\\\/www.duunauspalvelutjarvi.fi\\\/?s={search_term_string}\"},\"query-input\":{\"@type\":\"PropertyValueSpecification\",\"valueRequired\":true,\"valueName\":\"search_term_string\"}}],\"inLanguage\":\"fi\"}]}<\/script>\n<!-- \/ Yoast SEO plugin. -->","yoast_head_json":{"title":"Invertteri 1200VA, Victron Energy Phoenix Aito siniaalto -","robots":{"index":"index","follow":"follow","max-snippet":"max-snippet:-1","max-image-preview":"max-image-preview:large","max-video-preview":"max-video-preview:-1"},"canonical":"https:\/\/www.duunauspalvelutjarvi.fi\/?product=invertteri-1200va-victron-energy-phoenix-aito-siniaalto","og_locale":"fi_FI","og_type":"article","og_title":"Invertteri 1200VA, Victron Energy Phoenix Aito siniaalto -","og_description":"Invertteri 1200VA, Victron Energy Phoenix, aito siniaalto.\u00a0Victron Energyn huippulaadukkaat invertterit tuottavat kaikki puhdasta siniaaltoa, joka vastaa t\u00e4ysin verkosta saatavaa s\u00e4hk\u00f6\u00e4. My\u00f6s vaativat kulutuslaitteet toimivat moitteettomasti. Tekniset tiedot: \u2022 N\u00e4enn\u00e4isteho: 1200VA \u2022 Aito siniaalto \u2022 Hetkellinen tehonkesto 2400W \u2022 Jatkuva teho: 1000W \/ 25\u00b0C, 900W \/ 40\u00b0, 600W \/ 65\u00b0 \u2022 K\u00e4ytt\u00f6j\u00e4nnite valittavissa \u2022 J\u00e4nnitealue: 12V: [&hellip;]","og_url":"https:\/\/www.duunauspalvelutjarvi.fi\/?product=invertteri-1200va-victron-energy-phoenix-aito-siniaalto","article_modified_time":"2021-11-14T21:28:48+00:00","twitter_card":"summary_large_image","twitter_misc":{"Arvioitu lukuaika":"1 minuutti"},"schema":{"@context":"https:\/\/schema.org","@graph":[{"@type":"WebPage","@id":"https:\/\/www.duunauspalvelutjarvi.fi\/?product=invertteri-1200va-victron-energy-phoenix-aito-siniaalto","url":"https:\/\/www.duunauspalvelutjarvi.fi\/?product=invertteri-1200va-victron-energy-phoenix-aito-siniaalto","name":"Invertteri 1200VA, Victron Energy Phoenix Aito siniaalto -","isPartOf":{"@id":"https:\/\/www.duunauspalvelutjarvi.fi\/#website"},"datePublished":"2021-08-20T19:07:26+00:00","dateModified":"2021-11-14T21:28:48+00:00","breadcrumb":{"@id":"https:\/\/www.duunauspalvelutjarvi.fi\/?product=invertteri-1200va-victron-energy-phoenix-aito-siniaalto#breadcrumb"},"inLanguage":"fi","potentialAction":[{"@type":"ReadAction","target":["https:\/\/www.duunauspalvelutjarvi.fi\/?product=invertteri-1200va-victron-energy-phoenix-aito-siniaalto"]}]},{"@type":"BreadcrumbList","@id":"https:\/\/www.duunauspalvelutjarvi.fi\/?product=invertteri-1200va-victron-energy-phoenix-aito-siniaalto#breadcrumb","itemListElement":[{"@type":"ListItem","position":1,"name":"Etusivu","item":"https:\/\/www.duunauspalvelutjarvi.fi\/"},{"@type":"ListItem","position":2,"name":"Etusivu","item":"https:\/\/www.duunauspalvelutjarvi.fi\/"},{"@type":"ListItem","position":3,"name":"Invertteri 1200VA, Victron Energy Phoenix Aito siniaalto"}]},{"@type":"WebSite","@id":"https:\/\/www.duunauspalvelutjarvi.fi\/#website","url":"https:\/\/www.duunauspalvelutjarvi.fi\/","name":"","description":"","potentialAction":[{"@type":"SearchAction","target":{"@type":"EntryPoint","urlTemplate":"https:\/\/www.duunauspalvelutjarvi.fi\/?s={search_term_string}"},"query-input":{"@type":"PropertyValueSpecification","valueRequired":true,"valueName":"search_term_string"}}],"inLanguage":"fi"}]}},"jetpack_sharing_enabled":true,"_links":{"self":[{"href":"https:\/\/www.duunauspalvelutjarvi.fi\/index.php?rest_route=\/wp\/v2\/product\/9100","targetHints":{"allow":["GET"]}}],"collection":[{"href":"https:\/\/www.duunauspalvelutjarvi.fi\/index.php?rest_route=\/wp\/v2\/product"}],"about":[{"href":"https:\/\/www.duunauspalvelutjarvi.fi\/index.php?rest_route=\/wp\/v2\/types\/product"}],"replies":[{"embeddable":true,"href":"https:\/\/www.duunauspalvelutjarvi.fi\/index.php?rest_route=%2Fwp%2Fv2%2Fcomments&post=9100"}],"wp:attachment":[{"href":"https:\/\/www.duunauspalvelutjarvi.fi\/index.php?rest_route=%2Fwp%2Fv2%2Fmedia&parent=9100"}],"wp:term":[{"taxonomy":"product_brand","embeddable":true,"href":"https:\/\/www.duunauspalvelutjarvi.fi\/index.php?rest_route=%2Fwp%2Fv2%2Fproduct_brand&post=9100"},{"taxonomy":"product_cat","embeddable":true,"href":"https:\/\/www.duunauspalvelutjarvi.fi\/index.php?rest_route=%2Fwp%2Fv2%2Fproduct_cat&post=9100"},{"taxonomy":"product_tag","embeddable":true,"href":"https:\/\/www.duunauspalvelutjarvi.fi\/index.php?rest_route=%2Fwp%2Fv2%2Fproduct_tag&post=9100"}],"curies":[{"name":"wp","href":"https:\/\/api.w.org\/{rel}","templated":true}]}}