{"id":9121,"date":"2021-08-20T22:36:16","date_gmt":"2021-08-20T19:36:16","guid":{"rendered":"https:\/\/www.duunauspalvelutjarvi.fi\/?post_type=product&#038;p=9121"},"modified":"2025-10-09T11:36:48","modified_gmt":"2025-10-09T08:36:48","slug":"led-lisavalo-w9-phoenix-9","status":"publish","type":"product","link":"https:\/\/www.duunauspalvelutjarvi.fi\/?product=led-lisavalo-w9-phoenix-9","title":{"rendered":"W9 Phoenix 9 DARK EDITION led-lis\u00e4valo"},"content":{"rendered":"<p><strong>UUTUUS! W-Light W9 Phoenix DARK EDITION \u2013 ENNAKKOVARAA T\u00c4N\u00c4\u00c4N!<\/strong><\/p>\n<p><strong>VARAA OMASI HETI! UUTUUS! P\u00c4IVITETTY MALLI \u2013 ENTIST\u00c4 TYYLIKK\u00c4\u00c4MPI DARK EDITION!<\/strong><\/p>\n<p>Alkuper\u00e4inen W9 on palannut voimakkaampana kuin koskaan! Ennakkotilattavissa nyt uusi DARK EDITION -versio! Koe pidempi kantama ja entist\u00e4 tummempi ja tyylikk\u00e4\u00e4mpi ulkon\u00e4k\u00f6, joka vie ajokokemuksesi uudelle tasolle. Ennakkovaraa nyt ja varmista paikkasi rajoitetussa ensimm\u00e4isess\u00e4 toimituser\u00e4ss\u00e4. Toimitukset ensimm\u00e4isest\u00e4 er\u00e4st\u00e4 alkavat syyskuun lopussa, mutta toimi nopeasti, n\u00e4ist\u00e4 ei riit\u00e4 kaikille!<\/p>\n<p>W-Light W9 Phoenix DARK EDITION tarjoaa huikeat 160W tehoa parannetulla LED-tekniikalla, tuottaen 1 Lux 1076 metrin kantaman. T\u00e4m\u00e4 lis\u00e4valo ei vain t\u00e4yt\u00e4 odotuksia, se ylitt\u00e4\u00e4 ne! V\u00e4lit\u00f6n k\u00e4ynnistys ilman viivett\u00e4 \u2013 todellinen kilpailija xenonvaloille.<\/p>\n<p><strong>ENNAKKOVARAA NYT ja saat eksklusiivisen W-Light DARK EDITION -lahjan kaupan p\u00e4\u00e4lle!<\/strong><\/p>\n<p><strong>T\u00c4RKE\u00c4\u00c4:<\/strong>\u00a0Varo markkinoilla olevia kopioita. Vain alkuper\u00e4inen W9 Phoenix takaa sen korkean laadun ja suorituskyvyn, jota odotat. Valitse aito tuote saadaksesi parhaan mahdollisen kokemuksen ja varmistaaksesi, ett\u00e4 saat juuri sen valotehon ja kantaman, josta maksat. Koe vuoden suurin valouutuus ja ole ensimm\u00e4isten joukossa, jotka ottavat sen k\u00e4ytt\u00f6\u00f6ns\u00e4!<br \/>\n<strong>Ei tieliikenteeseen hyv\u00e4ksytty, ainoastaan maastok\u00e4ytt\u00f6\u00f6n.<\/strong><\/p>\n<p><span lang=\"en\">Valitse pelkk\u00e4 valaisin, tai valmis lis\u00e4valopaketti.<\/span><\/p>\n<p>2 valon t\u00e4ydellinen lis\u00e4valopaketti sis\u00e4lt\u00e4\u00e4:<\/p>\n<ul>\n<li><span lang=\"en\">2kpl Phoenix 9&#8221; DARK EDITION lis\u00e4valo<\/span><\/li>\n<li><span lang=\"en\">Lis\u00e4valoteline<\/span><\/li>\n<li><span lang=\"en\">Relejohtosarjat<\/span><\/li>\n<li><span lang=\"en\">Tukitangot<\/span><\/li>\n<\/ul>\n<p><span lang=\"en\"><strong>3 valon t\u00e4ydellinen lis\u00e4valopaketti sis\u00e4lt\u00e4\u00e4:<\/strong><\/span><\/p>\n<ul>\n<li><span lang=\"en\">3kpl Phoenix 9&#8221; DARK EDITION lis\u00e4valo<\/span><\/li>\n<li><span lang=\"en\">Lis\u00e4valoteline<\/span><\/li>\n<li><span lang=\"en\">Relejohtosarjat<\/span><\/li>\n<li><span lang=\"en\">Tukitangot<\/span><\/li>\n<\/ul>\n<p><span lang=\"en\"><strong>4 valon t\u00e4ydellinen lis\u00e4valopaketti sis\u00e4lt\u00e4\u00e4:<\/strong><\/span><\/p>\n<ul>\n<li><span lang=\"en\">4kpl Phoenix 9&#8221; DARK EDITION lis\u00e4valo<\/span><\/li>\n<li><span lang=\"en\">Lis\u00e4valoteline<\/span><\/li>\n<li><span lang=\"en\">Relejohtosarjat<\/span><\/li>\n<li><span lang=\"en\">Tukitangot<\/span><\/li>\n<\/ul>\n<table>\n<thead>\n<tr>\n<th>Information<\/th>\n<th>V\u00e4rde<\/th>\n<\/tr>\n<\/thead>\n<tbody>\n<tr>\n<td>Tuote<\/td>\n<td>W-Light W9 Phoenix DARK EDITION<\/td>\n<\/tr>\n<tr>\n<td>Teho<\/td>\n<td>160W OSRAM LED<\/td>\n<\/tr>\n<tr>\n<td>Lumen flux<\/td>\n<td>12.300 Lumen<\/td>\n<\/tr>\n<tr>\n<td>Kokonaiskantama<\/td>\n<td>2109m<\/td>\n<\/tr>\n<tr>\n<td>Valmistajan ilmoittama Lux<\/td>\n<td>1 Lux @ 1076m<\/td>\n<\/tr>\n<tr>\n<td>Mitattu Lux LightLab (1kpl)<\/td>\n<td>1 Lux @ 1055m<\/td>\n<\/tr>\n<tr>\n<td>Mitattu Lux LightLab (2kpl)<\/td>\n<td>1 Lux @ 1492m<\/td>\n<\/tr>\n<tr>\n<td>Mitattu Lux LightLab (3kpl)<\/td>\n<td>1 Lux @ 1827m<\/td>\n<\/tr>\n<tr>\n<td>Mitattu Lux LightLab (4kpl)<\/td>\n<td>1 Lux @ 2110m<\/td>\n<\/tr>\n<tr>\n<td>Linssi ja optiikka<\/td>\n<td>Lexan polykarbonaattilinssi | Tumma optiikka<\/td>\n<\/tr>\n<tr>\n<td>IP Luokka<\/td>\n<td>IP68<\/td>\n<\/tr>\n<tr>\n<td>Paikka\u00a0tukitangolle<\/td>\n<td>Kyll\u00e4<\/td>\n<\/tr>\n<tr>\n<td>EMC suoja<\/td>\n<td>Kyll\u00e4<\/td>\n<\/tr>\n<tr>\n<td>V\u00e4ril\u00e4mp\u00f6tila<\/td>\n<td>5500K<\/td>\n<\/tr>\n<tr>\n<td>Sertifiointi<\/td>\n<td>CE (Ei tieliikenteeseen hyv\u00e4ksytty)<\/td>\n<\/tr>\n<tr>\n<td>Mitat<\/td>\n<td>Korkeus 244mm sis kiinnitysjalka, syvyys 80mm, leveys 228mm<\/td>\n<\/tr>\n<tr>\n<td>Liit\u00e4nt\u00e4<\/td>\n<td>DT-kontakt med 500mm kabel<\/td>\n<\/tr>\n<tr>\n<td>Takuu<\/td>\n<td>2 vuotta<\/td>\n<\/tr>\n<\/tbody>\n<\/table>\n<p>&nbsp;<\/p>\n<p><img loading=\"lazy\" decoding=\"async\" src=\"https:\/\/www.dsmdesign.se\/storage\/editor_files\/campaign\/images\/W9DARKEDITION.png?_t=1724959532\" alt=\"W9 Dark Edition Lux Graf\" width=\"845\" height=\"283\" \/><\/p>\n","protected":false},"excerpt":{"rendered":"<p>UUTUUS! W-Light W9 Phoenix DARK EDITION \u2013 ENNAKKOVARAA T\u00c4N\u00c4\u00c4N! VARAA OMASI HETI! UUTUUS! P\u00c4IVITETTY MALLI \u2013 ENTIST\u00c4 TYYLIKK\u00c4\u00c4MPI DARK EDITION! Alkuper\u00e4inen W9 on palannut voimakkaampana kuin koskaan! Ennakkotilattavissa nyt uusi DARK EDITION -versio! Koe pidempi kantama ja entist\u00e4 tummempi ja tyylikk\u00e4\u00e4mpi ulkon\u00e4k\u00f6, joka vie ajokokemuksesi uudelle tasolle. Ennakkovaraa nyt ja varmista paikkasi rajoitetussa ensimm\u00e4isess\u00e4 toimituser\u00e4ss\u00e4. [&hellip;]<\/p>\n","protected":false},"featured_media":15016,"comment_status":"open","ping_status":"closed","template":"","meta":[],"product_brand":[711],"product_cat":[43],"product_tag":[],"class_list":{"0":"post-9121","1":"product","2":"type-product","3":"status-publish","4":"has-post-thumbnail","6":"product_brand-w-light","7":"product_cat-pyoreat-lisavalot","8":"product_shipping_class-l-paketti","10":"first","11":"instock","12":"taxable","13":"shipping-taxable","14":"purchasable","15":"product-type-variable"},"yoast_head":"<!-- This site is optimized with the Yoast SEO plugin v27.4 - https:\/\/yoast.com\/product\/yoast-seo-wordpress\/ -->\n<title>W9 Phoenix 9 DARK EDITION led-lis\u00e4valo -<\/title>\n<meta name=\"robots\" content=\"index, follow, max-snippet:-1, max-image-preview:large, max-video-preview:-1\" \/>\n<link rel=\"canonical\" href=\"https:\/\/www.duunauspalvelutjarvi.fi\/?product=led-lisavalo-w9-phoenix-9\" \/>\n<meta property=\"og:locale\" content=\"fi_FI\" \/>\n<meta property=\"og:type\" content=\"article\" \/>\n<meta property=\"og:title\" content=\"W9 Phoenix 9 DARK EDITION led-lis\u00e4valo -\" \/>\n<meta property=\"og:description\" content=\"UUTUUS! W-Light W9 Phoenix DARK EDITION \u2013 ENNAKKOVARAA T\u00c4N\u00c4\u00c4N! VARAA OMASI HETI! UUTUUS! P\u00c4IVITETTY MALLI \u2013 ENTIST\u00c4 TYYLIKK\u00c4\u00c4MPI DARK EDITION! Alkuper\u00e4inen W9 on palannut voimakkaampana kuin koskaan! Ennakkotilattavissa nyt uusi DARK EDITION -versio! Koe pidempi kantama ja entist\u00e4 tummempi ja tyylikk\u00e4\u00e4mpi ulkon\u00e4k\u00f6, joka vie ajokokemuksesi uudelle tasolle. Ennakkovaraa nyt ja varmista paikkasi rajoitetussa ensimm\u00e4isess\u00e4 toimituser\u00e4ss\u00e4. [&hellip;]\" \/>\n<meta property=\"og:url\" content=\"https:\/\/www.duunauspalvelutjarvi.fi\/?product=led-lisavalo-w9-phoenix-9\" \/>\n<meta property=\"article:modified_time\" content=\"2025-10-09T08:36:48+00:00\" \/>\n<meta property=\"og:image\" content=\"https:\/\/www.duunauspalvelutjarvi.fi\/wp-content\/uploads\/2021\/08\/w9phoenix9led-lisavalodarkedition160w_8020104282_21ce77e05a31_1.jpg\" \/>\n\t<meta property=\"og:image:width\" content=\"1393\" \/>\n\t<meta property=\"og:image:height\" content=\"1536\" \/>\n\t<meta property=\"og:image:type\" content=\"image\/jpeg\" \/>\n<meta name=\"twitter:card\" content=\"summary_large_image\" \/>\n<meta name=\"twitter:label1\" content=\"Arvioitu lukuaika\" \/>\n\t<meta name=\"twitter:data1\" content=\"3 minuuttia\" \/>\n<script type=\"application\/ld+json\" class=\"yoast-schema-graph\">{\"@context\":\"https:\\\/\\\/schema.org\",\"@graph\":[{\"@type\":\"WebPage\",\"@id\":\"https:\\\/\\\/www.duunauspalvelutjarvi.fi\\\/?product=led-lisavalo-w9-phoenix-9\",\"url\":\"https:\\\/\\\/www.duunauspalvelutjarvi.fi\\\/?product=led-lisavalo-w9-phoenix-9\",\"name\":\"W9 Phoenix 9 DARK EDITION led-lis\u00e4valo -\",\"isPartOf\":{\"@id\":\"https:\\\/\\\/www.duunauspalvelutjarvi.fi\\\/#website\"},\"primaryImageOfPage\":{\"@id\":\"https:\\\/\\\/www.duunauspalvelutjarvi.fi\\\/?product=led-lisavalo-w9-phoenix-9#primaryimage\"},\"image\":{\"@id\":\"https:\\\/\\\/www.duunauspalvelutjarvi.fi\\\/?product=led-lisavalo-w9-phoenix-9#primaryimage\"},\"thumbnailUrl\":\"https:\\\/\\\/www.duunauspalvelutjarvi.fi\\\/wp-content\\\/uploads\\\/2021\\\/08\\\/w9phoenix9led-lisavalodarkedition160w_8020104282_21ce77e05a31_1.jpg\",\"datePublished\":\"2021-08-20T19:36:16+00:00\",\"dateModified\":\"2025-10-09T08:36:48+00:00\",\"breadcrumb\":{\"@id\":\"https:\\\/\\\/www.duunauspalvelutjarvi.fi\\\/?product=led-lisavalo-w9-phoenix-9#breadcrumb\"},\"inLanguage\":\"fi\",\"potentialAction\":[{\"@type\":\"ReadAction\",\"target\":[\"https:\\\/\\\/www.duunauspalvelutjarvi.fi\\\/?product=led-lisavalo-w9-phoenix-9\"]}]},{\"@type\":\"ImageObject\",\"inLanguage\":\"fi\",\"@id\":\"https:\\\/\\\/www.duunauspalvelutjarvi.fi\\\/?product=led-lisavalo-w9-phoenix-9#primaryimage\",\"url\":\"https:\\\/\\\/www.duunauspalvelutjarvi.fi\\\/wp-content\\\/uploads\\\/2021\\\/08\\\/w9phoenix9led-lisavalodarkedition160w_8020104282_21ce77e05a31_1.jpg\",\"contentUrl\":\"https:\\\/\\\/www.duunauspalvelutjarvi.fi\\\/wp-content\\\/uploads\\\/2021\\\/08\\\/w9phoenix9led-lisavalodarkedition160w_8020104282_21ce77e05a31_1.jpg\",\"width\":1393,\"height\":1536},{\"@type\":\"BreadcrumbList\",\"@id\":\"https:\\\/\\\/www.duunauspalvelutjarvi.fi\\\/?product=led-lisavalo-w9-phoenix-9#breadcrumb\",\"itemListElement\":[{\"@type\":\"ListItem\",\"position\":1,\"name\":\"Etusivu\",\"item\":\"https:\\\/\\\/www.duunauspalvelutjarvi.fi\\\/\"},{\"@type\":\"ListItem\",\"position\":2,\"name\":\"Etusivu\",\"item\":\"https:\\\/\\\/www.duunauspalvelutjarvi.fi\\\/\"},{\"@type\":\"ListItem\",\"position\":3,\"name\":\"W9 Phoenix 9 DARK EDITION led-lis\u00e4valo\"}]},{\"@type\":\"WebSite\",\"@id\":\"https:\\\/\\\/www.duunauspalvelutjarvi.fi\\\/#website\",\"url\":\"https:\\\/\\\/www.duunauspalvelutjarvi.fi\\\/\",\"name\":\"\",\"description\":\"\",\"potentialAction\":[{\"@type\":\"SearchAction\",\"target\":{\"@type\":\"EntryPoint\",\"urlTemplate\":\"https:\\\/\\\/www.duunauspalvelutjarvi.fi\\\/?s={search_term_string}\"},\"query-input\":{\"@type\":\"PropertyValueSpecification\",\"valueRequired\":true,\"valueName\":\"search_term_string\"}}],\"inLanguage\":\"fi\"}]}<\/script>\n<!-- \/ Yoast SEO plugin. -->","yoast_head_json":{"title":"W9 Phoenix 9 DARK EDITION led-lis\u00e4valo -","robots":{"index":"index","follow":"follow","max-snippet":"max-snippet:-1","max-image-preview":"max-image-preview:large","max-video-preview":"max-video-preview:-1"},"canonical":"https:\/\/www.duunauspalvelutjarvi.fi\/?product=led-lisavalo-w9-phoenix-9","og_locale":"fi_FI","og_type":"article","og_title":"W9 Phoenix 9 DARK EDITION led-lis\u00e4valo -","og_description":"UUTUUS! W-Light W9 Phoenix DARK EDITION \u2013 ENNAKKOVARAA T\u00c4N\u00c4\u00c4N! VARAA OMASI HETI! UUTUUS! P\u00c4IVITETTY MALLI \u2013 ENTIST\u00c4 TYYLIKK\u00c4\u00c4MPI DARK EDITION! Alkuper\u00e4inen W9 on palannut voimakkaampana kuin koskaan! Ennakkotilattavissa nyt uusi DARK EDITION -versio! Koe pidempi kantama ja entist\u00e4 tummempi ja tyylikk\u00e4\u00e4mpi ulkon\u00e4k\u00f6, joka vie ajokokemuksesi uudelle tasolle. Ennakkovaraa nyt ja varmista paikkasi rajoitetussa ensimm\u00e4isess\u00e4 toimituser\u00e4ss\u00e4. [&hellip;]","og_url":"https:\/\/www.duunauspalvelutjarvi.fi\/?product=led-lisavalo-w9-phoenix-9","article_modified_time":"2025-10-09T08:36:48+00:00","og_image":[{"width":1393,"height":1536,"url":"https:\/\/www.duunauspalvelutjarvi.fi\/wp-content\/uploads\/2021\/08\/w9phoenix9led-lisavalodarkedition160w_8020104282_21ce77e05a31_1.jpg","type":"image\/jpeg"}],"twitter_card":"summary_large_image","twitter_misc":{"Arvioitu lukuaika":"3 minuuttia"},"schema":{"@context":"https:\/\/schema.org","@graph":[{"@type":"WebPage","@id":"https:\/\/www.duunauspalvelutjarvi.fi\/?product=led-lisavalo-w9-phoenix-9","url":"https:\/\/www.duunauspalvelutjarvi.fi\/?product=led-lisavalo-w9-phoenix-9","name":"W9 Phoenix 9 DARK EDITION led-lis\u00e4valo -","isPartOf":{"@id":"https:\/\/www.duunauspalvelutjarvi.fi\/#website"},"primaryImageOfPage":{"@id":"https:\/\/www.duunauspalvelutjarvi.fi\/?product=led-lisavalo-w9-phoenix-9#primaryimage"},"image":{"@id":"https:\/\/www.duunauspalvelutjarvi.fi\/?product=led-lisavalo-w9-phoenix-9#primaryimage"},"thumbnailUrl":"https:\/\/www.duunauspalvelutjarvi.fi\/wp-content\/uploads\/2021\/08\/w9phoenix9led-lisavalodarkedition160w_8020104282_21ce77e05a31_1.jpg","datePublished":"2021-08-20T19:36:16+00:00","dateModified":"2025-10-09T08:36:48+00:00","breadcrumb":{"@id":"https:\/\/www.duunauspalvelutjarvi.fi\/?product=led-lisavalo-w9-phoenix-9#breadcrumb"},"inLanguage":"fi","potentialAction":[{"@type":"ReadAction","target":["https:\/\/www.duunauspalvelutjarvi.fi\/?product=led-lisavalo-w9-phoenix-9"]}]},{"@type":"ImageObject","inLanguage":"fi","@id":"https:\/\/www.duunauspalvelutjarvi.fi\/?product=led-lisavalo-w9-phoenix-9#primaryimage","url":"https:\/\/www.duunauspalvelutjarvi.fi\/wp-content\/uploads\/2021\/08\/w9phoenix9led-lisavalodarkedition160w_8020104282_21ce77e05a31_1.jpg","contentUrl":"https:\/\/www.duunauspalvelutjarvi.fi\/wp-content\/uploads\/2021\/08\/w9phoenix9led-lisavalodarkedition160w_8020104282_21ce77e05a31_1.jpg","width":1393,"height":1536},{"@type":"BreadcrumbList","@id":"https:\/\/www.duunauspalvelutjarvi.fi\/?product=led-lisavalo-w9-phoenix-9#breadcrumb","itemListElement":[{"@type":"ListItem","position":1,"name":"Etusivu","item":"https:\/\/www.duunauspalvelutjarvi.fi\/"},{"@type":"ListItem","position":2,"name":"Etusivu","item":"https:\/\/www.duunauspalvelutjarvi.fi\/"},{"@type":"ListItem","position":3,"name":"W9 Phoenix 9 DARK EDITION led-lis\u00e4valo"}]},{"@type":"WebSite","@id":"https:\/\/www.duunauspalvelutjarvi.fi\/#website","url":"https:\/\/www.duunauspalvelutjarvi.fi\/","name":"","description":"","potentialAction":[{"@type":"SearchAction","target":{"@type":"EntryPoint","urlTemplate":"https:\/\/www.duunauspalvelutjarvi.fi\/?s={search_term_string}"},"query-input":{"@type":"PropertyValueSpecification","valueRequired":true,"valueName":"search_term_string"}}],"inLanguage":"fi"}]}},"jetpack_sharing_enabled":true,"_links":{"self":[{"href":"https:\/\/www.duunauspalvelutjarvi.fi\/index.php?rest_route=\/wp\/v2\/product\/9121","targetHints":{"allow":["GET"]}}],"collection":[{"href":"https:\/\/www.duunauspalvelutjarvi.fi\/index.php?rest_route=\/wp\/v2\/product"}],"about":[{"href":"https:\/\/www.duunauspalvelutjarvi.fi\/index.php?rest_route=\/wp\/v2\/types\/product"}],"replies":[{"embeddable":true,"href":"https:\/\/www.duunauspalvelutjarvi.fi\/index.php?rest_route=%2Fwp%2Fv2%2Fcomments&post=9121"}],"wp:featuredmedia":[{"embeddable":true,"href":"https:\/\/www.duunauspalvelutjarvi.fi\/index.php?rest_route=\/wp\/v2\/media\/15016"}],"wp:attachment":[{"href":"https:\/\/www.duunauspalvelutjarvi.fi\/index.php?rest_route=%2Fwp%2Fv2%2Fmedia&parent=9121"}],"wp:term":[{"taxonomy":"product_brand","embeddable":true,"href":"https:\/\/www.duunauspalvelutjarvi.fi\/index.php?rest_route=%2Fwp%2Fv2%2Fproduct_brand&post=9121"},{"taxonomy":"product_cat","embeddable":true,"href":"https:\/\/www.duunauspalvelutjarvi.fi\/index.php?rest_route=%2Fwp%2Fv2%2Fproduct_cat&post=9121"},{"taxonomy":"product_tag","embeddable":true,"href":"https:\/\/www.duunauspalvelutjarvi.fi\/index.php?rest_route=%2Fwp%2Fv2%2Fproduct_tag&post=9121"}],"curies":[{"name":"wp","href":"https:\/\/api.w.org\/{rel}","templated":true}]}}