{"id":9821,"date":"2021-08-24T15:05:24","date_gmt":"2021-08-24T12:05:24","guid":{"rendered":"https:\/\/www.duunauspalvelutjarvi.fi\/?post_type=product&#038;p=9821"},"modified":"2024-05-25T20:10:02","modified_gmt":"2024-05-25T17:10:02","slug":"nite-ize-nitedawg-led-talutushihna","status":"publish","type":"product","link":"https:\/\/www.duunauspalvelutjarvi.fi\/?product=nite-ize-nitedawg-led-talutushihna","title":{"rendered":"Nite Ize NiteDawg Led-talutushihna"},"content":{"rendered":"<div class=\"col-12 col-lg-10\">\n<div class=\"ProductPageContent__description\">\n<div class=\"WysiwygContent\">Hihna on valmistettu kest\u00e4v\u00e4st\u00e4 nylonista.<br \/>\nPainonappikytkimell\u00e4 voit valita joko jatkuvan tai vilkkuvan valon.<br \/>\nJopa 100 tuntia kest\u00e4v\u00e4, vaihdettavissa oleva CR 2032 li-Ion paristo sis\u00e4ltyy toimitukseen.<br \/>\nHihnassa on kest\u00e4v\u00e4 metallinen vapaasti py\u00f6riv\u00e4 jousiklipsi pantaan kiinnitt\u00e4mist\u00e4 varten.Talutushihnan pituus 1,5 metri\u00e4 josta LED-valaistu osuus 45 cm.<br \/>\nValaistu talutushihna on omiaan lis\u00e4\u00e4m\u00e4\u00e4n sek\u00e4 koiran ett\u00e4 taluttajan turvallisuutta pime\u00e4ll\u00e4 liikuttaessa.<\/p>\n<\/div>\n<\/div>\n<\/div>\n<div class=\"ProductPageContent__description-details col-sm-12 col-lg-2\">\n<div>\n<h6>Lis\u00e4tiedot<\/h6>\n<div>\n<div class=\"ProductExtraInfo ProductExtraInfo--short-list ProductExtraInfo--single-column\">\n<ul class=\"inline-dot\">\n<li>Tuotekoodi:\u00a0094664007680<\/li>\n<li>EAN: 094664007680<\/li>\n<li>Paino:\u00a00.12 kg<\/li>\n<\/ul>\n<\/div>\n<\/div>\n<\/div>\n<\/div>\n","protected":false},"excerpt":{"rendered":"<p>Hihna on valmistettu kest\u00e4v\u00e4st\u00e4 nylonista. Painonappikytkimell\u00e4 voit valita joko jatkuvan tai vilkkuvan valon. Jopa 100 tuntia kest\u00e4v\u00e4, vaihdettavissa oleva CR 2032 li-Ion paristo sis\u00e4ltyy toimitukseen. Hihnassa on kest\u00e4v\u00e4 metallinen vapaasti py\u00f6riv\u00e4 jousiklipsi pantaan kiinnitt\u00e4mist\u00e4 varten.Talutushihnan pituus 1,5 metri\u00e4 josta LED-valaistu osuus 45 cm. Valaistu talutushihna on omiaan lis\u00e4\u00e4m\u00e4\u00e4n sek\u00e4 koiran ett\u00e4 taluttajan turvallisuutta pime\u00e4ll\u00e4 liikuttaessa. [&hellip;]<\/p>\n","protected":false},"featured_media":14747,"comment_status":"open","ping_status":"closed","template":"","meta":[],"product_brand":[],"product_cat":[692],"product_tag":[],"class_list":{"0":"post-9821","1":"product","2":"type-product","3":"status-publish","4":"has-post-thumbnail","6":"product_cat-koiran-ulkoilu-ja-harrastukset","8":"first","9":"outofstock","10":"taxable","11":"shipping-taxable","12":"purchasable","13":"product-type-simple"},"yoast_head":"<!-- This site is optimized with the Yoast SEO plugin v27.5 - https:\/\/yoast.com\/product\/yoast-seo-wordpress\/ -->\n<title>Nite Ize NiteDawg Led-talutushihna -<\/title>\n<meta name=\"robots\" content=\"index, follow, max-snippet:-1, max-image-preview:large, max-video-preview:-1\" \/>\n<link rel=\"canonical\" href=\"https:\/\/www.duunauspalvelutjarvi.fi\/?product=nite-ize-nitedawg-led-talutushihna\" \/>\n<meta property=\"og:locale\" content=\"fi_FI\" \/>\n<meta property=\"og:type\" content=\"article\" \/>\n<meta property=\"og:title\" content=\"Nite Ize NiteDawg Led-talutushihna -\" \/>\n<meta property=\"og:description\" content=\"Hihna on valmistettu kest\u00e4v\u00e4st\u00e4 nylonista. Painonappikytkimell\u00e4 voit valita joko jatkuvan tai vilkkuvan valon. Jopa 100 tuntia kest\u00e4v\u00e4, vaihdettavissa oleva CR 2032 li-Ion paristo sis\u00e4ltyy toimitukseen. Hihnassa on kest\u00e4v\u00e4 metallinen vapaasti py\u00f6riv\u00e4 jousiklipsi pantaan kiinnitt\u00e4mist\u00e4 varten.Talutushihnan pituus 1,5 metri\u00e4 josta LED-valaistu osuus 45 cm. Valaistu talutushihna on omiaan lis\u00e4\u00e4m\u00e4\u00e4n sek\u00e4 koiran ett\u00e4 taluttajan turvallisuutta pime\u00e4ll\u00e4 liikuttaessa. [&hellip;]\" \/>\n<meta property=\"og:url\" content=\"https:\/\/www.duunauspalvelutjarvi.fi\/?product=nite-ize-nitedawg-led-talutushihna\" \/>\n<meta property=\"article:modified_time\" content=\"2024-05-25T17:10:02+00:00\" \/>\n<meta property=\"og:image\" content=\"https:\/\/www.duunauspalvelutjarvi.fi\/wp-content\/uploads\/2021\/08\/NiteIzeNiteDawgLed-talutushihna15m_094664007680_b84992b3aa2f2ac67acbd87cbd57db8e_1-1.jpg\" \/>\n\t<meta property=\"og:image:width\" content=\"700\" \/>\n\t<meta property=\"og:image:height\" content=\"700\" \/>\n\t<meta property=\"og:image:type\" content=\"image\/jpeg\" \/>\n<meta name=\"twitter:card\" content=\"summary_large_image\" \/>\n<meta name=\"twitter:label1\" content=\"Arvioitu lukuaika\" \/>\n\t<meta name=\"twitter:data1\" content=\"1 minuutti\" \/>\n<script type=\"application\/ld+json\" class=\"yoast-schema-graph\">{\"@context\":\"https:\\\/\\\/schema.org\",\"@graph\":[{\"@type\":\"WebPage\",\"@id\":\"https:\\\/\\\/www.duunauspalvelutjarvi.fi\\\/?product=nite-ize-nitedawg-led-talutushihna\",\"url\":\"https:\\\/\\\/www.duunauspalvelutjarvi.fi\\\/?product=nite-ize-nitedawg-led-talutushihna\",\"name\":\"Nite Ize NiteDawg Led-talutushihna -\",\"isPartOf\":{\"@id\":\"https:\\\/\\\/www.duunauspalvelutjarvi.fi\\\/#website\"},\"primaryImageOfPage\":{\"@id\":\"https:\\\/\\\/www.duunauspalvelutjarvi.fi\\\/?product=nite-ize-nitedawg-led-talutushihna#primaryimage\"},\"image\":{\"@id\":\"https:\\\/\\\/www.duunauspalvelutjarvi.fi\\\/?product=nite-ize-nitedawg-led-talutushihna#primaryimage\"},\"thumbnailUrl\":\"https:\\\/\\\/www.duunauspalvelutjarvi.fi\\\/wp-content\\\/uploads\\\/2021\\\/08\\\/NiteIzeNiteDawgLed-talutushihna15m_094664007680_b84992b3aa2f2ac67acbd87cbd57db8e_1-1.jpg\",\"datePublished\":\"2021-08-24T12:05:24+00:00\",\"dateModified\":\"2024-05-25T17:10:02+00:00\",\"breadcrumb\":{\"@id\":\"https:\\\/\\\/www.duunauspalvelutjarvi.fi\\\/?product=nite-ize-nitedawg-led-talutushihna#breadcrumb\"},\"inLanguage\":\"fi\",\"potentialAction\":[{\"@type\":\"ReadAction\",\"target\":[\"https:\\\/\\\/www.duunauspalvelutjarvi.fi\\\/?product=nite-ize-nitedawg-led-talutushihna\"]}]},{\"@type\":\"ImageObject\",\"inLanguage\":\"fi\",\"@id\":\"https:\\\/\\\/www.duunauspalvelutjarvi.fi\\\/?product=nite-ize-nitedawg-led-talutushihna#primaryimage\",\"url\":\"https:\\\/\\\/www.duunauspalvelutjarvi.fi\\\/wp-content\\\/uploads\\\/2021\\\/08\\\/NiteIzeNiteDawgLed-talutushihna15m_094664007680_b84992b3aa2f2ac67acbd87cbd57db8e_1-1.jpg\",\"contentUrl\":\"https:\\\/\\\/www.duunauspalvelutjarvi.fi\\\/wp-content\\\/uploads\\\/2021\\\/08\\\/NiteIzeNiteDawgLed-talutushihna15m_094664007680_b84992b3aa2f2ac67acbd87cbd57db8e_1-1.jpg\",\"width\":700,\"height\":700},{\"@type\":\"BreadcrumbList\",\"@id\":\"https:\\\/\\\/www.duunauspalvelutjarvi.fi\\\/?product=nite-ize-nitedawg-led-talutushihna#breadcrumb\",\"itemListElement\":[{\"@type\":\"ListItem\",\"position\":1,\"name\":\"Etusivu\",\"item\":\"https:\\\/\\\/www.duunauspalvelutjarvi.fi\\\/\"},{\"@type\":\"ListItem\",\"position\":2,\"name\":\"Etusivu\",\"item\":\"https:\\\/\\\/www.duunauspalvelutjarvi.fi\\\/\"},{\"@type\":\"ListItem\",\"position\":3,\"name\":\"Nite Ize NiteDawg Led-talutushihna\"}]},{\"@type\":\"WebSite\",\"@id\":\"https:\\\/\\\/www.duunauspalvelutjarvi.fi\\\/#website\",\"url\":\"https:\\\/\\\/www.duunauspalvelutjarvi.fi\\\/\",\"name\":\"\",\"description\":\"\",\"potentialAction\":[{\"@type\":\"SearchAction\",\"target\":{\"@type\":\"EntryPoint\",\"urlTemplate\":\"https:\\\/\\\/www.duunauspalvelutjarvi.fi\\\/?s={search_term_string}\"},\"query-input\":{\"@type\":\"PropertyValueSpecification\",\"valueRequired\":true,\"valueName\":\"search_term_string\"}}],\"inLanguage\":\"fi\"}]}<\/script>\n<!-- \/ Yoast SEO plugin. -->","yoast_head_json":{"title":"Nite Ize NiteDawg Led-talutushihna -","robots":{"index":"index","follow":"follow","max-snippet":"max-snippet:-1","max-image-preview":"max-image-preview:large","max-video-preview":"max-video-preview:-1"},"canonical":"https:\/\/www.duunauspalvelutjarvi.fi\/?product=nite-ize-nitedawg-led-talutushihna","og_locale":"fi_FI","og_type":"article","og_title":"Nite Ize NiteDawg Led-talutushihna -","og_description":"Hihna on valmistettu kest\u00e4v\u00e4st\u00e4 nylonista. Painonappikytkimell\u00e4 voit valita joko jatkuvan tai vilkkuvan valon. Jopa 100 tuntia kest\u00e4v\u00e4, vaihdettavissa oleva CR 2032 li-Ion paristo sis\u00e4ltyy toimitukseen. Hihnassa on kest\u00e4v\u00e4 metallinen vapaasti py\u00f6riv\u00e4 jousiklipsi pantaan kiinnitt\u00e4mist\u00e4 varten.Talutushihnan pituus 1,5 metri\u00e4 josta LED-valaistu osuus 45 cm. Valaistu talutushihna on omiaan lis\u00e4\u00e4m\u00e4\u00e4n sek\u00e4 koiran ett\u00e4 taluttajan turvallisuutta pime\u00e4ll\u00e4 liikuttaessa. [&hellip;]","og_url":"https:\/\/www.duunauspalvelutjarvi.fi\/?product=nite-ize-nitedawg-led-talutushihna","article_modified_time":"2024-05-25T17:10:02+00:00","og_image":[{"width":700,"height":700,"url":"https:\/\/www.duunauspalvelutjarvi.fi\/wp-content\/uploads\/2021\/08\/NiteIzeNiteDawgLed-talutushihna15m_094664007680_b84992b3aa2f2ac67acbd87cbd57db8e_1-1.jpg","type":"image\/jpeg"}],"twitter_card":"summary_large_image","twitter_misc":{"Arvioitu lukuaika":"1 minuutti"},"schema":{"@context":"https:\/\/schema.org","@graph":[{"@type":"WebPage","@id":"https:\/\/www.duunauspalvelutjarvi.fi\/?product=nite-ize-nitedawg-led-talutushihna","url":"https:\/\/www.duunauspalvelutjarvi.fi\/?product=nite-ize-nitedawg-led-talutushihna","name":"Nite Ize NiteDawg Led-talutushihna -","isPartOf":{"@id":"https:\/\/www.duunauspalvelutjarvi.fi\/#website"},"primaryImageOfPage":{"@id":"https:\/\/www.duunauspalvelutjarvi.fi\/?product=nite-ize-nitedawg-led-talutushihna#primaryimage"},"image":{"@id":"https:\/\/www.duunauspalvelutjarvi.fi\/?product=nite-ize-nitedawg-led-talutushihna#primaryimage"},"thumbnailUrl":"https:\/\/www.duunauspalvelutjarvi.fi\/wp-content\/uploads\/2021\/08\/NiteIzeNiteDawgLed-talutushihna15m_094664007680_b84992b3aa2f2ac67acbd87cbd57db8e_1-1.jpg","datePublished":"2021-08-24T12:05:24+00:00","dateModified":"2024-05-25T17:10:02+00:00","breadcrumb":{"@id":"https:\/\/www.duunauspalvelutjarvi.fi\/?product=nite-ize-nitedawg-led-talutushihna#breadcrumb"},"inLanguage":"fi","potentialAction":[{"@type":"ReadAction","target":["https:\/\/www.duunauspalvelutjarvi.fi\/?product=nite-ize-nitedawg-led-talutushihna"]}]},{"@type":"ImageObject","inLanguage":"fi","@id":"https:\/\/www.duunauspalvelutjarvi.fi\/?product=nite-ize-nitedawg-led-talutushihna#primaryimage","url":"https:\/\/www.duunauspalvelutjarvi.fi\/wp-content\/uploads\/2021\/08\/NiteIzeNiteDawgLed-talutushihna15m_094664007680_b84992b3aa2f2ac67acbd87cbd57db8e_1-1.jpg","contentUrl":"https:\/\/www.duunauspalvelutjarvi.fi\/wp-content\/uploads\/2021\/08\/NiteIzeNiteDawgLed-talutushihna15m_094664007680_b84992b3aa2f2ac67acbd87cbd57db8e_1-1.jpg","width":700,"height":700},{"@type":"BreadcrumbList","@id":"https:\/\/www.duunauspalvelutjarvi.fi\/?product=nite-ize-nitedawg-led-talutushihna#breadcrumb","itemListElement":[{"@type":"ListItem","position":1,"name":"Etusivu","item":"https:\/\/www.duunauspalvelutjarvi.fi\/"},{"@type":"ListItem","position":2,"name":"Etusivu","item":"https:\/\/www.duunauspalvelutjarvi.fi\/"},{"@type":"ListItem","position":3,"name":"Nite Ize NiteDawg Led-talutushihna"}]},{"@type":"WebSite","@id":"https:\/\/www.duunauspalvelutjarvi.fi\/#website","url":"https:\/\/www.duunauspalvelutjarvi.fi\/","name":"","description":"","potentialAction":[{"@type":"SearchAction","target":{"@type":"EntryPoint","urlTemplate":"https:\/\/www.duunauspalvelutjarvi.fi\/?s={search_term_string}"},"query-input":{"@type":"PropertyValueSpecification","valueRequired":true,"valueName":"search_term_string"}}],"inLanguage":"fi"}]}},"jetpack_sharing_enabled":true,"_links":{"self":[{"href":"https:\/\/www.duunauspalvelutjarvi.fi\/index.php?rest_route=\/wp\/v2\/product\/9821","targetHints":{"allow":["GET"]}}],"collection":[{"href":"https:\/\/www.duunauspalvelutjarvi.fi\/index.php?rest_route=\/wp\/v2\/product"}],"about":[{"href":"https:\/\/www.duunauspalvelutjarvi.fi\/index.php?rest_route=\/wp\/v2\/types\/product"}],"replies":[{"embeddable":true,"href":"https:\/\/www.duunauspalvelutjarvi.fi\/index.php?rest_route=%2Fwp%2Fv2%2Fcomments&post=9821"}],"wp:featuredmedia":[{"embeddable":true,"href":"https:\/\/www.duunauspalvelutjarvi.fi\/index.php?rest_route=\/wp\/v2\/media\/14747"}],"wp:attachment":[{"href":"https:\/\/www.duunauspalvelutjarvi.fi\/index.php?rest_route=%2Fwp%2Fv2%2Fmedia&parent=9821"}],"wp:term":[{"taxonomy":"product_brand","embeddable":true,"href":"https:\/\/www.duunauspalvelutjarvi.fi\/index.php?rest_route=%2Fwp%2Fv2%2Fproduct_brand&post=9821"},{"taxonomy":"product_cat","embeddable":true,"href":"https:\/\/www.duunauspalvelutjarvi.fi\/index.php?rest_route=%2Fwp%2Fv2%2Fproduct_cat&post=9821"},{"taxonomy":"product_tag","embeddable":true,"href":"https:\/\/www.duunauspalvelutjarvi.fi\/index.php?rest_route=%2Fwp%2Fv2%2Fproduct_tag&post=9821"}],"curies":[{"name":"wp","href":"https:\/\/api.w.org\/{rel}","templated":true}]}}