{"id":9838,"date":"2021-08-24T15:22:57","date_gmt":"2021-08-24T12:22:57","guid":{"rendered":"https:\/\/www.duunauspalvelutjarvi.fi\/?post_type=product&#038;p=9838"},"modified":"2024-05-25T20:12:31","modified_gmt":"2024-05-25T17:12:31","slug":"nite-ize-spotlit-led-pantavalo","status":"publish","type":"product","link":"https:\/\/www.duunauspalvelutjarvi.fi\/?product=nite-ize-spotlit-led-pantavalo","title":{"rendered":"Nite Ize SpotLit led-pantavalo"},"content":{"rendered":"<div class=\"col-12 col-lg-10\">\n<div class=\"ProductPageContent__description\">\n<div class=\"WysiwygContent\">Pienikokoinen karabiinihakasella varustettu LED -valo, joka on helppo kiinnitt\u00e4\u00e4 kaulapannan D-lenkkiin, tai vaikka avaimenper\u00e4\u00e4n.<br \/>\nSpotLit -pantavalossa on valittavissa kaksi valotoimintoa, jatkuva- tai vilkkuvalo.<br \/>\nValotoimintoja ohjataan painonappikatkaisijalla.Kirkas valo n\u00e4kyy kauas ja pit\u00e4\u00e4 lemmikkisi turvassa my\u00f6s pimeimp\u00e4\u00e4n vuodenaikaan.<\/p>\n<p>Tekniset tiedot:<br \/>\n&#8211; S\u00e4\u00e4nkest\u00e4v\u00e4<br \/>\n&#8211; Painonappikatkaisija<br \/>\n&#8211; Jatkuva- ja vilkkuvalo toiminto<br \/>\n&#8211; Vaihdettavat 2 x CR2016 3V lithiumparistot, sis\u00e4ltyv\u00e4t toimitukseen<br \/>\n&#8211; Paino: 16 g<\/p>\n<\/div>\n<\/div>\n<\/div>\n<div class=\"ProductPageContent__description-details col-sm-12 col-lg-2\">\n<div class=\"lazyload-wrapper \"><\/div>\n<div>\n<h6>Lis\u00e4tiedot<\/h6>\n<div>\n<div class=\"ProductExtraInfo ProductExtraInfo--short-list ProductExtraInfo--single-column\">\n<ul class=\"inline-dot\">\n<li class=\"ProductExtraInfo--product-id\">Tuotekoodi:\u00a0094664011724<\/li>\n<li class=\"ProductExtraInfo--ean\">EAN: 094664011724<\/li>\n<li class=\"ProductExtraInfo--weight\">Paino:\u00a020 g<\/li>\n<\/ul>\n<\/div>\n<\/div>\n<\/div>\n<\/div>\n","protected":false},"excerpt":{"rendered":"<p>Pienikokoinen karabiinihakasella varustettu LED -valo, joka on helppo kiinnitt\u00e4\u00e4 kaulapannan D-lenkkiin, tai vaikka avaimenper\u00e4\u00e4n. SpotLit -pantavalossa on valittavissa kaksi valotoimintoa, jatkuva- tai vilkkuvalo. Valotoimintoja ohjataan painonappikatkaisijalla.Kirkas valo n\u00e4kyy kauas ja pit\u00e4\u00e4 lemmikkisi turvassa my\u00f6s pimeimp\u00e4\u00e4n vuodenaikaan. Tekniset tiedot: &#8211; S\u00e4\u00e4nkest\u00e4v\u00e4 &#8211; Painonappikatkaisija &#8211; Jatkuva- ja vilkkuvalo toiminto &#8211; Vaihdettavat 2 x CR2016 3V lithiumparistot, sis\u00e4ltyv\u00e4t [&hellip;]<\/p>\n","protected":false},"featured_media":14734,"comment_status":"open","ping_status":"closed","template":"","meta":[],"product_brand":[],"product_cat":[692],"product_tag":[],"class_list":{"0":"post-9838","1":"product","2":"type-product","3":"status-publish","4":"has-post-thumbnail","6":"product_cat-koiran-ulkoilu-ja-harrastukset","8":"first","9":"instock","10":"taxable","11":"shipping-taxable","12":"purchasable","13":"product-type-simple"},"yoast_head":"<!-- This site is optimized with the Yoast SEO plugin v27.6 - https:\/\/yoast.com\/product\/yoast-seo-wordpress\/ -->\n<title>Nite Ize SpotLit led-pantavalo -<\/title>\n<meta name=\"robots\" content=\"index, follow, max-snippet:-1, max-image-preview:large, max-video-preview:-1\" \/>\n<link rel=\"canonical\" href=\"https:\/\/www.duunauspalvelutjarvi.fi\/?product=nite-ize-spotlit-led-pantavalo\" \/>\n<meta property=\"og:locale\" content=\"fi_FI\" \/>\n<meta property=\"og:type\" content=\"article\" \/>\n<meta property=\"og:title\" content=\"Nite Ize SpotLit led-pantavalo -\" \/>\n<meta property=\"og:description\" content=\"Pienikokoinen karabiinihakasella varustettu LED -valo, joka on helppo kiinnitt\u00e4\u00e4 kaulapannan D-lenkkiin, tai vaikka avaimenper\u00e4\u00e4n. SpotLit -pantavalossa on valittavissa kaksi valotoimintoa, jatkuva- tai vilkkuvalo. Valotoimintoja ohjataan painonappikatkaisijalla.Kirkas valo n\u00e4kyy kauas ja pit\u00e4\u00e4 lemmikkisi turvassa my\u00f6s pimeimp\u00e4\u00e4n vuodenaikaan. Tekniset tiedot: &#8211; S\u00e4\u00e4nkest\u00e4v\u00e4 &#8211; Painonappikatkaisija &#8211; Jatkuva- ja vilkkuvalo toiminto &#8211; Vaihdettavat 2 x CR2016 3V lithiumparistot, sis\u00e4ltyv\u00e4t [&hellip;]\" \/>\n<meta property=\"og:url\" content=\"https:\/\/www.duunauspalvelutjarvi.fi\/?product=nite-ize-spotlit-led-pantavalo\" \/>\n<meta property=\"article:modified_time\" content=\"2024-05-25T17:12:31+00:00\" \/>\n<meta property=\"og:image\" content=\"https:\/\/www.duunauspalvelutjarvi.fi\/wp-content\/uploads\/2021\/08\/NiteIzeSpotLitled-pantavalovalkoinen_094664011724_718c633ef4a25aee1f3ae15fbcc566dd_1-1.jpg\" \/>\n\t<meta property=\"og:image:width\" content=\"700\" \/>\n\t<meta property=\"og:image:height\" content=\"700\" \/>\n\t<meta property=\"og:image:type\" content=\"image\/jpeg\" \/>\n<meta name=\"twitter:card\" content=\"summary_large_image\" \/>\n<meta name=\"twitter:label1\" content=\"Arvioitu lukuaika\" \/>\n\t<meta name=\"twitter:data1\" content=\"1 minuutti\" \/>\n<script type=\"application\/ld+json\" class=\"yoast-schema-graph\">{\"@context\":\"https:\\\/\\\/schema.org\",\"@graph\":[{\"@type\":\"WebPage\",\"@id\":\"https:\\\/\\\/www.duunauspalvelutjarvi.fi\\\/?product=nite-ize-spotlit-led-pantavalo\",\"url\":\"https:\\\/\\\/www.duunauspalvelutjarvi.fi\\\/?product=nite-ize-spotlit-led-pantavalo\",\"name\":\"Nite Ize SpotLit led-pantavalo -\",\"isPartOf\":{\"@id\":\"https:\\\/\\\/www.duunauspalvelutjarvi.fi\\\/#website\"},\"primaryImageOfPage\":{\"@id\":\"https:\\\/\\\/www.duunauspalvelutjarvi.fi\\\/?product=nite-ize-spotlit-led-pantavalo#primaryimage\"},\"image\":{\"@id\":\"https:\\\/\\\/www.duunauspalvelutjarvi.fi\\\/?product=nite-ize-spotlit-led-pantavalo#primaryimage\"},\"thumbnailUrl\":\"https:\\\/\\\/www.duunauspalvelutjarvi.fi\\\/wp-content\\\/uploads\\\/2021\\\/08\\\/NiteIzeSpotLitled-pantavalovalkoinen_094664011724_718c633ef4a25aee1f3ae15fbcc566dd_1-1.jpg\",\"datePublished\":\"2021-08-24T12:22:57+00:00\",\"dateModified\":\"2024-05-25T17:12:31+00:00\",\"breadcrumb\":{\"@id\":\"https:\\\/\\\/www.duunauspalvelutjarvi.fi\\\/?product=nite-ize-spotlit-led-pantavalo#breadcrumb\"},\"inLanguage\":\"fi\",\"potentialAction\":[{\"@type\":\"ReadAction\",\"target\":[\"https:\\\/\\\/www.duunauspalvelutjarvi.fi\\\/?product=nite-ize-spotlit-led-pantavalo\"]}]},{\"@type\":\"ImageObject\",\"inLanguage\":\"fi\",\"@id\":\"https:\\\/\\\/www.duunauspalvelutjarvi.fi\\\/?product=nite-ize-spotlit-led-pantavalo#primaryimage\",\"url\":\"https:\\\/\\\/www.duunauspalvelutjarvi.fi\\\/wp-content\\\/uploads\\\/2021\\\/08\\\/NiteIzeSpotLitled-pantavalovalkoinen_094664011724_718c633ef4a25aee1f3ae15fbcc566dd_1-1.jpg\",\"contentUrl\":\"https:\\\/\\\/www.duunauspalvelutjarvi.fi\\\/wp-content\\\/uploads\\\/2021\\\/08\\\/NiteIzeSpotLitled-pantavalovalkoinen_094664011724_718c633ef4a25aee1f3ae15fbcc566dd_1-1.jpg\",\"width\":700,\"height\":700},{\"@type\":\"BreadcrumbList\",\"@id\":\"https:\\\/\\\/www.duunauspalvelutjarvi.fi\\\/?product=nite-ize-spotlit-led-pantavalo#breadcrumb\",\"itemListElement\":[{\"@type\":\"ListItem\",\"position\":1,\"name\":\"Etusivu\",\"item\":\"https:\\\/\\\/www.duunauspalvelutjarvi.fi\\\/\"},{\"@type\":\"ListItem\",\"position\":2,\"name\":\"Etusivu\",\"item\":\"https:\\\/\\\/www.duunauspalvelutjarvi.fi\\\/\"},{\"@type\":\"ListItem\",\"position\":3,\"name\":\"Nite Ize SpotLit led-pantavalo\"}]},{\"@type\":\"WebSite\",\"@id\":\"https:\\\/\\\/www.duunauspalvelutjarvi.fi\\\/#website\",\"url\":\"https:\\\/\\\/www.duunauspalvelutjarvi.fi\\\/\",\"name\":\"\",\"description\":\"\",\"potentialAction\":[{\"@type\":\"SearchAction\",\"target\":{\"@type\":\"EntryPoint\",\"urlTemplate\":\"https:\\\/\\\/www.duunauspalvelutjarvi.fi\\\/?s={search_term_string}\"},\"query-input\":{\"@type\":\"PropertyValueSpecification\",\"valueRequired\":true,\"valueName\":\"search_term_string\"}}],\"inLanguage\":\"fi\"}]}<\/script>\n<!-- \/ Yoast SEO plugin. -->","yoast_head_json":{"title":"Nite Ize SpotLit led-pantavalo -","robots":{"index":"index","follow":"follow","max-snippet":"max-snippet:-1","max-image-preview":"max-image-preview:large","max-video-preview":"max-video-preview:-1"},"canonical":"https:\/\/www.duunauspalvelutjarvi.fi\/?product=nite-ize-spotlit-led-pantavalo","og_locale":"fi_FI","og_type":"article","og_title":"Nite Ize SpotLit led-pantavalo -","og_description":"Pienikokoinen karabiinihakasella varustettu LED -valo, joka on helppo kiinnitt\u00e4\u00e4 kaulapannan D-lenkkiin, tai vaikka avaimenper\u00e4\u00e4n. SpotLit -pantavalossa on valittavissa kaksi valotoimintoa, jatkuva- tai vilkkuvalo. Valotoimintoja ohjataan painonappikatkaisijalla.Kirkas valo n\u00e4kyy kauas ja pit\u00e4\u00e4 lemmikkisi turvassa my\u00f6s pimeimp\u00e4\u00e4n vuodenaikaan. Tekniset tiedot: &#8211; S\u00e4\u00e4nkest\u00e4v\u00e4 &#8211; Painonappikatkaisija &#8211; Jatkuva- ja vilkkuvalo toiminto &#8211; Vaihdettavat 2 x CR2016 3V lithiumparistot, sis\u00e4ltyv\u00e4t [&hellip;]","og_url":"https:\/\/www.duunauspalvelutjarvi.fi\/?product=nite-ize-spotlit-led-pantavalo","article_modified_time":"2024-05-25T17:12:31+00:00","og_image":[{"width":700,"height":700,"url":"https:\/\/www.duunauspalvelutjarvi.fi\/wp-content\/uploads\/2021\/08\/NiteIzeSpotLitled-pantavalovalkoinen_094664011724_718c633ef4a25aee1f3ae15fbcc566dd_1-1.jpg","type":"image\/jpeg"}],"twitter_card":"summary_large_image","twitter_misc":{"Arvioitu lukuaika":"1 minuutti"},"schema":{"@context":"https:\/\/schema.org","@graph":[{"@type":"WebPage","@id":"https:\/\/www.duunauspalvelutjarvi.fi\/?product=nite-ize-spotlit-led-pantavalo","url":"https:\/\/www.duunauspalvelutjarvi.fi\/?product=nite-ize-spotlit-led-pantavalo","name":"Nite Ize SpotLit led-pantavalo -","isPartOf":{"@id":"https:\/\/www.duunauspalvelutjarvi.fi\/#website"},"primaryImageOfPage":{"@id":"https:\/\/www.duunauspalvelutjarvi.fi\/?product=nite-ize-spotlit-led-pantavalo#primaryimage"},"image":{"@id":"https:\/\/www.duunauspalvelutjarvi.fi\/?product=nite-ize-spotlit-led-pantavalo#primaryimage"},"thumbnailUrl":"https:\/\/www.duunauspalvelutjarvi.fi\/wp-content\/uploads\/2021\/08\/NiteIzeSpotLitled-pantavalovalkoinen_094664011724_718c633ef4a25aee1f3ae15fbcc566dd_1-1.jpg","datePublished":"2021-08-24T12:22:57+00:00","dateModified":"2024-05-25T17:12:31+00:00","breadcrumb":{"@id":"https:\/\/www.duunauspalvelutjarvi.fi\/?product=nite-ize-spotlit-led-pantavalo#breadcrumb"},"inLanguage":"fi","potentialAction":[{"@type":"ReadAction","target":["https:\/\/www.duunauspalvelutjarvi.fi\/?product=nite-ize-spotlit-led-pantavalo"]}]},{"@type":"ImageObject","inLanguage":"fi","@id":"https:\/\/www.duunauspalvelutjarvi.fi\/?product=nite-ize-spotlit-led-pantavalo#primaryimage","url":"https:\/\/www.duunauspalvelutjarvi.fi\/wp-content\/uploads\/2021\/08\/NiteIzeSpotLitled-pantavalovalkoinen_094664011724_718c633ef4a25aee1f3ae15fbcc566dd_1-1.jpg","contentUrl":"https:\/\/www.duunauspalvelutjarvi.fi\/wp-content\/uploads\/2021\/08\/NiteIzeSpotLitled-pantavalovalkoinen_094664011724_718c633ef4a25aee1f3ae15fbcc566dd_1-1.jpg","width":700,"height":700},{"@type":"BreadcrumbList","@id":"https:\/\/www.duunauspalvelutjarvi.fi\/?product=nite-ize-spotlit-led-pantavalo#breadcrumb","itemListElement":[{"@type":"ListItem","position":1,"name":"Etusivu","item":"https:\/\/www.duunauspalvelutjarvi.fi\/"},{"@type":"ListItem","position":2,"name":"Etusivu","item":"https:\/\/www.duunauspalvelutjarvi.fi\/"},{"@type":"ListItem","position":3,"name":"Nite Ize SpotLit led-pantavalo"}]},{"@type":"WebSite","@id":"https:\/\/www.duunauspalvelutjarvi.fi\/#website","url":"https:\/\/www.duunauspalvelutjarvi.fi\/","name":"","description":"","potentialAction":[{"@type":"SearchAction","target":{"@type":"EntryPoint","urlTemplate":"https:\/\/www.duunauspalvelutjarvi.fi\/?s={search_term_string}"},"query-input":{"@type":"PropertyValueSpecification","valueRequired":true,"valueName":"search_term_string"}}],"inLanguage":"fi"}]}},"jetpack_sharing_enabled":true,"_links":{"self":[{"href":"https:\/\/www.duunauspalvelutjarvi.fi\/index.php?rest_route=\/wp\/v2\/product\/9838","targetHints":{"allow":["GET"]}}],"collection":[{"href":"https:\/\/www.duunauspalvelutjarvi.fi\/index.php?rest_route=\/wp\/v2\/product"}],"about":[{"href":"https:\/\/www.duunauspalvelutjarvi.fi\/index.php?rest_route=\/wp\/v2\/types\/product"}],"replies":[{"embeddable":true,"href":"https:\/\/www.duunauspalvelutjarvi.fi\/index.php?rest_route=%2Fwp%2Fv2%2Fcomments&post=9838"}],"wp:featuredmedia":[{"embeddable":true,"href":"https:\/\/www.duunauspalvelutjarvi.fi\/index.php?rest_route=\/wp\/v2\/media\/14734"}],"wp:attachment":[{"href":"https:\/\/www.duunauspalvelutjarvi.fi\/index.php?rest_route=%2Fwp%2Fv2%2Fmedia&parent=9838"}],"wp:term":[{"taxonomy":"product_brand","embeddable":true,"href":"https:\/\/www.duunauspalvelutjarvi.fi\/index.php?rest_route=%2Fwp%2Fv2%2Fproduct_brand&post=9838"},{"taxonomy":"product_cat","embeddable":true,"href":"https:\/\/www.duunauspalvelutjarvi.fi\/index.php?rest_route=%2Fwp%2Fv2%2Fproduct_cat&post=9838"},{"taxonomy":"product_tag","embeddable":true,"href":"https:\/\/www.duunauspalvelutjarvi.fi\/index.php?rest_route=%2Fwp%2Fv2%2Fproduct_tag&post=9838"}],"curies":[{"name":"wp","href":"https:\/\/api.w.org\/{rel}","templated":true}]}}