{"id":9857,"date":"2021-08-24T22:32:43","date_gmt":"2021-08-24T19:32:43","guid":{"rendered":"https:\/\/www.duunauspalvelutjarvi.fi\/?post_type=product&#038;p=9857"},"modified":"2025-10-09T11:38:19","modified_gmt":"2025-10-09T08:38:19","slug":"led-lisavalopaneeli-w-light-sideshooter-atv-72w","status":"publish","type":"product","link":"https:\/\/www.duunauspalvelutjarvi.fi\/?product=led-lisavalopaneeli-w-light-sideshooter-atv-72w","title":{"rendered":"W-light Sideshooter ATV 72W"},"content":{"rendered":"<div class=\"col-12 col-lg-10\">\n<div class=\"ProductPageContent__description\">\n<div class=\"WysiwygContent\">\n<p><strong>W-Light Sidehooter ATV 72W<\/strong>\u00a0on W-lightin uutuusvalo l\u00e4mmitett\u00e4v\u00e4ll\u00e4 linssill\u00e4. Pienikokoinen ja tehokas lis\u00e4valo sopii erityisesti m\u00f6nkij\u00f6ihin ja kelkkoihin sivuille valaisevien LED:ien sek\u00e4 automaattisesti l\u00e4mp\u00f6tilan mukaan s\u00e4\u00e4tyv\u00e4n linssin l\u00e4mmityksen johdosta. L\u00e4mmitys pit\u00e4\u00e4 valaisimen mukavasti sulana kylmiss\u00e4 ja lumisissa olosuhteissa. Sideshooter on varustettu leve\u00e4ll\u00e4 yhdistelm\u00e4valokuviolla ja erilliset sivuvalot valaisevat lis\u00e4ksi eritt\u00e4in hyvin sivulle antaen erinomaisen n\u00e4kyvyyden. Sideshooter on ECE R10 hyv\u00e4ksytty ajoneuvok\u00e4ytt\u00f6\u00f6n maastossa, mutta ei tieliikenteeseen.<\/p>\n<p><strong>Tekniset tiedot:<\/strong><br \/>\n\u2022 K\u00e4ytt\u00f6j\u00e4nnite: 10-30V<br \/>\n\u2022 Nimellisteho 72W (12 x 5W Osram LED + 8x Osram 3030 LED)<br \/>\n\u2022 LED-kaukovalo<br \/>\n\u2022 Alumiinirunko<br \/>\n\u2022 Automaattisesti l\u00e4mpenev\u00e4 polykarbonaattilasi<br \/>\n\u2022 V\u00e4ril\u00e4mp\u00f6tila 5700K<br \/>\n\u2022 DT-liitin<br \/>\n\u2022 Teoreettinen valoteho: 7200lm<br \/>\n\u2022 Leveys: 253mm<br \/>\n\u2022 Korkeus: 78,5mm<br \/>\n\u2022 Syvyys: 63mm<br \/>\n\u2022 IP67, IP69K<br \/>\n\u2022 Ei hyv\u00e4ksytty tieliikennek\u00e4ytt\u00f6\u00f6n<br \/>\n\u2022 Takuu 12kk<\/p>\n<\/div>\n<\/div>\n<\/div>\n<div class=\"ProductPageContent__description-details col-sm-12 col-lg-2\">\n<div>\n<h6>Lis\u00e4tiedot<\/h6>\n<div>\n<div class=\"ProductExtraInfo ProductExtraInfo--single-column\">\n<ul class=\"inline-dot\">\n<li>Tuotekoodi:\u00a08020101406<\/li>\n<li><span class=\"ProductWarranty\">Takuu:\u00a0<span class=\"ProductWarranty__warranty\">1 vuosi<\/span><\/span><\/li>\n<li>V\u00e4ril\u00e4mp\u00f6tila:\u00a05700<\/li>\n<li>Valokuvio:\u00a0Leve\u00e4<\/li>\n<li>V\u00e4ri:\u00a0Musta<\/li>\n<li>Referenssiluku:\u00a0Pistevalo, ei tieliikennek\u00e4ytt\u00f6\u00f6n<\/li>\n<li>K\u00e4ytt\u00f6j\u00e4nnite:\u00a012\/24V<\/li>\n<\/ul>\n<\/div>\n<\/div>\n<\/div>\n<\/div>\n","protected":false},"excerpt":{"rendered":"<p><a href=\"https:\/\/www.duunauspalvelutjarvi.fi\/?term=&amp;s=W-ligh&amp;post_type=product&amp;taxonomy=product_cat\"><img loading=\"lazy\" decoding=\"async\" class=\"alignnone size-full wp-image-9968\" src=\"https:\/\/www.duunauspalvelutjarvi.fi\/wp-content\/uploads\/2021\/02\/w_light.png\" alt=\"\" width=\"200\" height=\"65\" \/><\/a><\/p>\n","protected":false},"featured_media":14732,"comment_status":"open","ping_status":"closed","template":"","meta":[],"product_brand":[],"product_cat":[44],"product_tag":[],"class_list":{"0":"post-9857","1":"product","2":"type-product","3":"status-publish","4":"has-post-thumbnail","6":"product_cat-led-lisavalopaneelit","7":"product_shipping_class-l-paketti","9":"first","10":"instock","11":"taxable","12":"shipping-taxable","13":"purchasable","14":"product-type-simple"},"yoast_head":"<!-- This site is optimized with the Yoast SEO plugin v27.5 - https:\/\/yoast.com\/product\/yoast-seo-wordpress\/ -->\n<title>W-light Sideshooter ATV 72W -<\/title>\n<meta name=\"robots\" content=\"index, follow, max-snippet:-1, max-image-preview:large, max-video-preview:-1\" \/>\n<link rel=\"canonical\" href=\"https:\/\/www.duunauspalvelutjarvi.fi\/?product=led-lisavalopaneeli-w-light-sideshooter-atv-72w\" \/>\n<meta property=\"og:locale\" content=\"fi_FI\" \/>\n<meta property=\"og:type\" content=\"article\" \/>\n<meta property=\"og:title\" content=\"W-light Sideshooter ATV 72W -\" \/>\n<meta property=\"og:url\" content=\"https:\/\/www.duunauspalvelutjarvi.fi\/?product=led-lisavalopaneeli-w-light-sideshooter-atv-72w\" \/>\n<meta property=\"article:modified_time\" content=\"2025-10-09T08:38:19+00:00\" \/>\n<meta property=\"og:image\" content=\"https:\/\/www.duunauspalvelutjarvi.fi\/wp-content\/uploads\/2021\/08\/W-lightSideshooterATVled-lisavalo_8020101406_1475780716a31ebcd43debad9c83da23_4.jpeg\" \/>\n\t<meta property=\"og:image:width\" content=\"400\" \/>\n\t<meta property=\"og:image:height\" content=\"300\" \/>\n\t<meta property=\"og:image:type\" content=\"image\/jpeg\" \/>\n<meta name=\"twitter:card\" content=\"summary_large_image\" \/>\n<meta name=\"twitter:label1\" content=\"Arvioitu lukuaika\" \/>\n\t<meta name=\"twitter:data1\" content=\"2 minuuttia\" \/>\n<script type=\"application\/ld+json\" class=\"yoast-schema-graph\">{\"@context\":\"https:\\\/\\\/schema.org\",\"@graph\":[{\"@type\":\"WebPage\",\"@id\":\"https:\\\/\\\/www.duunauspalvelutjarvi.fi\\\/?product=led-lisavalopaneeli-w-light-sideshooter-atv-72w\",\"url\":\"https:\\\/\\\/www.duunauspalvelutjarvi.fi\\\/?product=led-lisavalopaneeli-w-light-sideshooter-atv-72w\",\"name\":\"W-light Sideshooter ATV 72W -\",\"isPartOf\":{\"@id\":\"https:\\\/\\\/www.duunauspalvelutjarvi.fi\\\/#website\"},\"primaryImageOfPage\":{\"@id\":\"https:\\\/\\\/www.duunauspalvelutjarvi.fi\\\/?product=led-lisavalopaneeli-w-light-sideshooter-atv-72w#primaryimage\"},\"image\":{\"@id\":\"https:\\\/\\\/www.duunauspalvelutjarvi.fi\\\/?product=led-lisavalopaneeli-w-light-sideshooter-atv-72w#primaryimage\"},\"thumbnailUrl\":\"https:\\\/\\\/www.duunauspalvelutjarvi.fi\\\/wp-content\\\/uploads\\\/2021\\\/08\\\/W-lightSideshooterATVled-lisavalo_8020101406_1475780716a31ebcd43debad9c83da23_4.jpeg\",\"datePublished\":\"2021-08-24T19:32:43+00:00\",\"dateModified\":\"2025-10-09T08:38:19+00:00\",\"breadcrumb\":{\"@id\":\"https:\\\/\\\/www.duunauspalvelutjarvi.fi\\\/?product=led-lisavalopaneeli-w-light-sideshooter-atv-72w#breadcrumb\"},\"inLanguage\":\"fi\",\"potentialAction\":[{\"@type\":\"ReadAction\",\"target\":[\"https:\\\/\\\/www.duunauspalvelutjarvi.fi\\\/?product=led-lisavalopaneeli-w-light-sideshooter-atv-72w\"]}]},{\"@type\":\"ImageObject\",\"inLanguage\":\"fi\",\"@id\":\"https:\\\/\\\/www.duunauspalvelutjarvi.fi\\\/?product=led-lisavalopaneeli-w-light-sideshooter-atv-72w#primaryimage\",\"url\":\"https:\\\/\\\/www.duunauspalvelutjarvi.fi\\\/wp-content\\\/uploads\\\/2021\\\/08\\\/W-lightSideshooterATVled-lisavalo_8020101406_1475780716a31ebcd43debad9c83da23_4.jpeg\",\"contentUrl\":\"https:\\\/\\\/www.duunauspalvelutjarvi.fi\\\/wp-content\\\/uploads\\\/2021\\\/08\\\/W-lightSideshooterATVled-lisavalo_8020101406_1475780716a31ebcd43debad9c83da23_4.jpeg\",\"width\":400,\"height\":300},{\"@type\":\"BreadcrumbList\",\"@id\":\"https:\\\/\\\/www.duunauspalvelutjarvi.fi\\\/?product=led-lisavalopaneeli-w-light-sideshooter-atv-72w#breadcrumb\",\"itemListElement\":[{\"@type\":\"ListItem\",\"position\":1,\"name\":\"Etusivu\",\"item\":\"https:\\\/\\\/www.duunauspalvelutjarvi.fi\\\/\"},{\"@type\":\"ListItem\",\"position\":2,\"name\":\"Etusivu\",\"item\":\"https:\\\/\\\/www.duunauspalvelutjarvi.fi\\\/\"},{\"@type\":\"ListItem\",\"position\":3,\"name\":\"W-light Sideshooter ATV 72W\"}]},{\"@type\":\"WebSite\",\"@id\":\"https:\\\/\\\/www.duunauspalvelutjarvi.fi\\\/#website\",\"url\":\"https:\\\/\\\/www.duunauspalvelutjarvi.fi\\\/\",\"name\":\"\",\"description\":\"\",\"potentialAction\":[{\"@type\":\"SearchAction\",\"target\":{\"@type\":\"EntryPoint\",\"urlTemplate\":\"https:\\\/\\\/www.duunauspalvelutjarvi.fi\\\/?s={search_term_string}\"},\"query-input\":{\"@type\":\"PropertyValueSpecification\",\"valueRequired\":true,\"valueName\":\"search_term_string\"}}],\"inLanguage\":\"fi\"}]}<\/script>\n<!-- \/ Yoast SEO plugin. -->","yoast_head_json":{"title":"W-light Sideshooter ATV 72W -","robots":{"index":"index","follow":"follow","max-snippet":"max-snippet:-1","max-image-preview":"max-image-preview:large","max-video-preview":"max-video-preview:-1"},"canonical":"https:\/\/www.duunauspalvelutjarvi.fi\/?product=led-lisavalopaneeli-w-light-sideshooter-atv-72w","og_locale":"fi_FI","og_type":"article","og_title":"W-light Sideshooter ATV 72W -","og_url":"https:\/\/www.duunauspalvelutjarvi.fi\/?product=led-lisavalopaneeli-w-light-sideshooter-atv-72w","article_modified_time":"2025-10-09T08:38:19+00:00","og_image":[{"width":400,"height":300,"url":"https:\/\/www.duunauspalvelutjarvi.fi\/wp-content\/uploads\/2021\/08\/W-lightSideshooterATVled-lisavalo_8020101406_1475780716a31ebcd43debad9c83da23_4.jpeg","type":"image\/jpeg"}],"twitter_card":"summary_large_image","twitter_misc":{"Arvioitu lukuaika":"2 minuuttia"},"schema":{"@context":"https:\/\/schema.org","@graph":[{"@type":"WebPage","@id":"https:\/\/www.duunauspalvelutjarvi.fi\/?product=led-lisavalopaneeli-w-light-sideshooter-atv-72w","url":"https:\/\/www.duunauspalvelutjarvi.fi\/?product=led-lisavalopaneeli-w-light-sideshooter-atv-72w","name":"W-light Sideshooter ATV 72W -","isPartOf":{"@id":"https:\/\/www.duunauspalvelutjarvi.fi\/#website"},"primaryImageOfPage":{"@id":"https:\/\/www.duunauspalvelutjarvi.fi\/?product=led-lisavalopaneeli-w-light-sideshooter-atv-72w#primaryimage"},"image":{"@id":"https:\/\/www.duunauspalvelutjarvi.fi\/?product=led-lisavalopaneeli-w-light-sideshooter-atv-72w#primaryimage"},"thumbnailUrl":"https:\/\/www.duunauspalvelutjarvi.fi\/wp-content\/uploads\/2021\/08\/W-lightSideshooterATVled-lisavalo_8020101406_1475780716a31ebcd43debad9c83da23_4.jpeg","datePublished":"2021-08-24T19:32:43+00:00","dateModified":"2025-10-09T08:38:19+00:00","breadcrumb":{"@id":"https:\/\/www.duunauspalvelutjarvi.fi\/?product=led-lisavalopaneeli-w-light-sideshooter-atv-72w#breadcrumb"},"inLanguage":"fi","potentialAction":[{"@type":"ReadAction","target":["https:\/\/www.duunauspalvelutjarvi.fi\/?product=led-lisavalopaneeli-w-light-sideshooter-atv-72w"]}]},{"@type":"ImageObject","inLanguage":"fi","@id":"https:\/\/www.duunauspalvelutjarvi.fi\/?product=led-lisavalopaneeli-w-light-sideshooter-atv-72w#primaryimage","url":"https:\/\/www.duunauspalvelutjarvi.fi\/wp-content\/uploads\/2021\/08\/W-lightSideshooterATVled-lisavalo_8020101406_1475780716a31ebcd43debad9c83da23_4.jpeg","contentUrl":"https:\/\/www.duunauspalvelutjarvi.fi\/wp-content\/uploads\/2021\/08\/W-lightSideshooterATVled-lisavalo_8020101406_1475780716a31ebcd43debad9c83da23_4.jpeg","width":400,"height":300},{"@type":"BreadcrumbList","@id":"https:\/\/www.duunauspalvelutjarvi.fi\/?product=led-lisavalopaneeli-w-light-sideshooter-atv-72w#breadcrumb","itemListElement":[{"@type":"ListItem","position":1,"name":"Etusivu","item":"https:\/\/www.duunauspalvelutjarvi.fi\/"},{"@type":"ListItem","position":2,"name":"Etusivu","item":"https:\/\/www.duunauspalvelutjarvi.fi\/"},{"@type":"ListItem","position":3,"name":"W-light Sideshooter ATV 72W"}]},{"@type":"WebSite","@id":"https:\/\/www.duunauspalvelutjarvi.fi\/#website","url":"https:\/\/www.duunauspalvelutjarvi.fi\/","name":"","description":"","potentialAction":[{"@type":"SearchAction","target":{"@type":"EntryPoint","urlTemplate":"https:\/\/www.duunauspalvelutjarvi.fi\/?s={search_term_string}"},"query-input":{"@type":"PropertyValueSpecification","valueRequired":true,"valueName":"search_term_string"}}],"inLanguage":"fi"}]}},"jetpack_sharing_enabled":true,"_links":{"self":[{"href":"https:\/\/www.duunauspalvelutjarvi.fi\/index.php?rest_route=\/wp\/v2\/product\/9857","targetHints":{"allow":["GET"]}}],"collection":[{"href":"https:\/\/www.duunauspalvelutjarvi.fi\/index.php?rest_route=\/wp\/v2\/product"}],"about":[{"href":"https:\/\/www.duunauspalvelutjarvi.fi\/index.php?rest_route=\/wp\/v2\/types\/product"}],"replies":[{"embeddable":true,"href":"https:\/\/www.duunauspalvelutjarvi.fi\/index.php?rest_route=%2Fwp%2Fv2%2Fcomments&post=9857"}],"wp:featuredmedia":[{"embeddable":true,"href":"https:\/\/www.duunauspalvelutjarvi.fi\/index.php?rest_route=\/wp\/v2\/media\/14732"}],"wp:attachment":[{"href":"https:\/\/www.duunauspalvelutjarvi.fi\/index.php?rest_route=%2Fwp%2Fv2%2Fmedia&parent=9857"}],"wp:term":[{"taxonomy":"product_brand","embeddable":true,"href":"https:\/\/www.duunauspalvelutjarvi.fi\/index.php?rest_route=%2Fwp%2Fv2%2Fproduct_brand&post=9857"},{"taxonomy":"product_cat","embeddable":true,"href":"https:\/\/www.duunauspalvelutjarvi.fi\/index.php?rest_route=%2Fwp%2Fv2%2Fproduct_cat&post=9857"},{"taxonomy":"product_tag","embeddable":true,"href":"https:\/\/www.duunauspalvelutjarvi.fi\/index.php?rest_route=%2Fwp%2Fv2%2Fproduct_tag&post=9857"}],"curies":[{"name":"wp","href":"https:\/\/api.w.org\/{rel}","templated":true}]}}