{"id":9863,"date":"2021-08-24T22:43:26","date_gmt":"2021-08-24T19:43:26","guid":{"rendered":"https:\/\/www.duunauspalvelutjarvi.fi\/?post_type=product&#038;p=9863"},"modified":"2025-08-10T22:10:53","modified_gmt":"2025-08-10T19:10:53","slug":"lisavaloteline-single-bar-v2","status":"publish","type":"product","link":"https:\/\/www.duunauspalvelutjarvi.fi\/?product=lisavaloteline-single-bar-v2","title":{"rendered":"Lis\u00e4valoteline Single Bar V2"},"content":{"rendered":"<div class=\"col-12 col-lg-10\">\n<div class=\"ProductPageContent__description\">\n<div class=\"WysiwygContent\">\n<p><strong>Lis\u00e4valoteline LuminaLights Single Bar (V2).<\/strong>\u00a0Valmistusmateriaali 3mm ruostumaton ter\u00e4s. Valmistettu Suomessa. Sopii EU-rekisterikilvelle.<\/p>\n<p>Valaisimen kinnitysv\u00e4li min. 210mm &#8211; max. 335mm.<\/p>\n<p><strong>Soveltuu mm. seuraaville lis\u00e4valoille kun halutaan asentaa 1kpl lis\u00e4valoja:<\/strong><br \/>\n\u2022\u00a0LuminaLights Predator X4<br \/>\n\u2022\u00a0Seeker 20X<br \/>\n\u2022\u00a0LuminaLights Striker 370 (TM-testimenestyj\u00e4 21\/15)<br \/>\n\u2022\u00a0Optibeam Boomer<br \/>\n\u2022\u00a0C-bright Arrow Slim<br \/>\n\u2022\u00a0SAE Seeker 20 (TM-testivoittaja 21\/15)<br \/>\n\u2022\u00a0Maxtel 60W LED-lis\u00e4valopaneeli<br \/>\n\u2022\u00a0Lazer Triple R 1000<br \/>\n\u2022 Lazer ST-8 Evolution<br \/>\n\u2022 LuminaLights Raptor X4 (TM-testivoittaja 21\/15)<\/p>\n<\/div>\n<\/div>\n<\/div>\n<div class=\"ProductPageContent__description-details col-sm-12 col-lg-2\">\n<div>\n<h6>Lis\u00e4tiedot<\/h6>\n<div>\n<div class=\"ProductExtraInfo ProductExtraInfo--short-list ProductExtraInfo--single-column\">\n<ul class=\"inline-dot\">\n<li>Tuotekoodi:\u00a03050120056<\/li>\n<li><span class=\"ProductWarranty\">Takuu:\u00a0<span class=\"ProductWarranty__warranty\">1 vuosi<\/span><\/span><\/li>\n<\/ul>\n<\/div>\n<\/div>\n<\/div>\n<\/div>\n","protected":false},"excerpt":{"rendered":"<p>Lis\u00e4valoteline LuminaLights Single Bar (V2).\u00a0Valmistusmateriaali 3mm ruostumaton ter\u00e4s. Valmistettu Suomessa. Sopii EU-rekisterikilvelle. Valaisimen kinnitysv\u00e4li min. 210mm &#8211; max. 335mm. Soveltuu mm. seuraaville lis\u00e4valoille kun halutaan asentaa 1kpl lis\u00e4valoja: \u2022\u00a0LuminaLights Predator X4 \u2022\u00a0Seeker 20X \u2022\u00a0LuminaLights Striker 370 (TM-testimenestyj\u00e4 21\/15) \u2022\u00a0Optibeam Boomer \u2022\u00a0C-bright Arrow Slim \u2022\u00a0SAE Seeker 20 (TM-testivoittaja 21\/15) \u2022\u00a0Maxtel 60W LED-lis\u00e4valopaneeli \u2022\u00a0Lazer Triple R 1000 [&hellip;]<\/p>\n","protected":false},"featured_media":14729,"comment_status":"open","ping_status":"closed","template":"","meta":[],"product_brand":[704],"product_cat":[251],"product_tag":[],"class_list":{"0":"post-9863","1":"product","2":"type-product","3":"status-publish","4":"has-post-thumbnail","6":"product_brand-luminalights","7":"product_cat-lisavalotelineet-ja-kiinnikkeet","9":"first","10":"instock","11":"taxable","12":"shipping-taxable","13":"purchasable","14":"product-type-simple"},"yoast_head":"<!-- This site is optimized with the Yoast SEO plugin v27.5 - https:\/\/yoast.com\/product\/yoast-seo-wordpress\/ -->\n<title>Lis\u00e4valoteline Single Bar V2 -<\/title>\n<meta name=\"robots\" content=\"index, follow, max-snippet:-1, max-image-preview:large, max-video-preview:-1\" \/>\n<link rel=\"canonical\" href=\"https:\/\/www.duunauspalvelutjarvi.fi\/?product=lisavaloteline-single-bar-v2\" \/>\n<meta property=\"og:locale\" content=\"fi_FI\" \/>\n<meta property=\"og:type\" content=\"article\" \/>\n<meta property=\"og:title\" content=\"Lis\u00e4valoteline Single Bar V2 -\" \/>\n<meta property=\"og:description\" content=\"Lis\u00e4valoteline LuminaLights Single Bar (V2).\u00a0Valmistusmateriaali 3mm ruostumaton ter\u00e4s. Valmistettu Suomessa. Sopii EU-rekisterikilvelle. Valaisimen kinnitysv\u00e4li min. 210mm &#8211; max. 335mm. Soveltuu mm. seuraaville lis\u00e4valoille kun halutaan asentaa 1kpl lis\u00e4valoja: \u2022\u00a0LuminaLights Predator X4 \u2022\u00a0Seeker 20X \u2022\u00a0LuminaLights Striker 370 (TM-testimenestyj\u00e4 21\/15) \u2022\u00a0Optibeam Boomer \u2022\u00a0C-bright Arrow Slim \u2022\u00a0SAE Seeker 20 (TM-testivoittaja 21\/15) \u2022\u00a0Maxtel 60W LED-lis\u00e4valopaneeli \u2022\u00a0Lazer Triple R 1000 [&hellip;]\" \/>\n<meta property=\"og:url\" content=\"https:\/\/www.duunauspalvelutjarvi.fi\/?product=lisavaloteline-single-bar-v2\" \/>\n<meta property=\"article:modified_time\" content=\"2025-08-10T19:10:53+00:00\" \/>\n<meta property=\"og:image\" content=\"https:\/\/www.duunauspalvelutjarvi.fi\/wp-content\/uploads\/2021\/08\/LisavalotelineSingleBarV2_3050120056_f77185f2d42b639882b265511ff630fa_1.jpg\" \/>\n\t<meta property=\"og:image:width\" content=\"800\" \/>\n\t<meta property=\"og:image:height\" content=\"801\" \/>\n\t<meta property=\"og:image:type\" content=\"image\/jpeg\" \/>\n<meta name=\"twitter:card\" content=\"summary_large_image\" \/>\n<meta name=\"twitter:label1\" content=\"Arvioitu lukuaika\" \/>\n\t<meta name=\"twitter:data1\" content=\"1 minuutti\" \/>\n<script type=\"application\/ld+json\" class=\"yoast-schema-graph\">{\"@context\":\"https:\\\/\\\/schema.org\",\"@graph\":[{\"@type\":\"WebPage\",\"@id\":\"https:\\\/\\\/www.duunauspalvelutjarvi.fi\\\/?product=lisavaloteline-single-bar-v2\",\"url\":\"https:\\\/\\\/www.duunauspalvelutjarvi.fi\\\/?product=lisavaloteline-single-bar-v2\",\"name\":\"Lis\u00e4valoteline Single Bar V2 -\",\"isPartOf\":{\"@id\":\"https:\\\/\\\/www.duunauspalvelutjarvi.fi\\\/#website\"},\"primaryImageOfPage\":{\"@id\":\"https:\\\/\\\/www.duunauspalvelutjarvi.fi\\\/?product=lisavaloteline-single-bar-v2#primaryimage\"},\"image\":{\"@id\":\"https:\\\/\\\/www.duunauspalvelutjarvi.fi\\\/?product=lisavaloteline-single-bar-v2#primaryimage\"},\"thumbnailUrl\":\"https:\\\/\\\/www.duunauspalvelutjarvi.fi\\\/wp-content\\\/uploads\\\/2021\\\/08\\\/LisavalotelineSingleBarV2_3050120056_f77185f2d42b639882b265511ff630fa_1.jpg\",\"datePublished\":\"2021-08-24T19:43:26+00:00\",\"dateModified\":\"2025-08-10T19:10:53+00:00\",\"breadcrumb\":{\"@id\":\"https:\\\/\\\/www.duunauspalvelutjarvi.fi\\\/?product=lisavaloteline-single-bar-v2#breadcrumb\"},\"inLanguage\":\"fi\",\"potentialAction\":[{\"@type\":\"ReadAction\",\"target\":[\"https:\\\/\\\/www.duunauspalvelutjarvi.fi\\\/?product=lisavaloteline-single-bar-v2\"]}]},{\"@type\":\"ImageObject\",\"inLanguage\":\"fi\",\"@id\":\"https:\\\/\\\/www.duunauspalvelutjarvi.fi\\\/?product=lisavaloteline-single-bar-v2#primaryimage\",\"url\":\"https:\\\/\\\/www.duunauspalvelutjarvi.fi\\\/wp-content\\\/uploads\\\/2021\\\/08\\\/LisavalotelineSingleBarV2_3050120056_f77185f2d42b639882b265511ff630fa_1.jpg\",\"contentUrl\":\"https:\\\/\\\/www.duunauspalvelutjarvi.fi\\\/wp-content\\\/uploads\\\/2021\\\/08\\\/LisavalotelineSingleBarV2_3050120056_f77185f2d42b639882b265511ff630fa_1.jpg\",\"width\":800,\"height\":801},{\"@type\":\"BreadcrumbList\",\"@id\":\"https:\\\/\\\/www.duunauspalvelutjarvi.fi\\\/?product=lisavaloteline-single-bar-v2#breadcrumb\",\"itemListElement\":[{\"@type\":\"ListItem\",\"position\":1,\"name\":\"Etusivu\",\"item\":\"https:\\\/\\\/www.duunauspalvelutjarvi.fi\\\/\"},{\"@type\":\"ListItem\",\"position\":2,\"name\":\"Etusivu\",\"item\":\"https:\\\/\\\/www.duunauspalvelutjarvi.fi\\\/\"},{\"@type\":\"ListItem\",\"position\":3,\"name\":\"Lis\u00e4valoteline Single Bar V2\"}]},{\"@type\":\"WebSite\",\"@id\":\"https:\\\/\\\/www.duunauspalvelutjarvi.fi\\\/#website\",\"url\":\"https:\\\/\\\/www.duunauspalvelutjarvi.fi\\\/\",\"name\":\"\",\"description\":\"\",\"potentialAction\":[{\"@type\":\"SearchAction\",\"target\":{\"@type\":\"EntryPoint\",\"urlTemplate\":\"https:\\\/\\\/www.duunauspalvelutjarvi.fi\\\/?s={search_term_string}\"},\"query-input\":{\"@type\":\"PropertyValueSpecification\",\"valueRequired\":true,\"valueName\":\"search_term_string\"}}],\"inLanguage\":\"fi\"}]}<\/script>\n<!-- \/ Yoast SEO plugin. -->","yoast_head_json":{"title":"Lis\u00e4valoteline Single Bar V2 -","robots":{"index":"index","follow":"follow","max-snippet":"max-snippet:-1","max-image-preview":"max-image-preview:large","max-video-preview":"max-video-preview:-1"},"canonical":"https:\/\/www.duunauspalvelutjarvi.fi\/?product=lisavaloteline-single-bar-v2","og_locale":"fi_FI","og_type":"article","og_title":"Lis\u00e4valoteline Single Bar V2 -","og_description":"Lis\u00e4valoteline LuminaLights Single Bar (V2).\u00a0Valmistusmateriaali 3mm ruostumaton ter\u00e4s. Valmistettu Suomessa. Sopii EU-rekisterikilvelle. Valaisimen kinnitysv\u00e4li min. 210mm &#8211; max. 335mm. Soveltuu mm. seuraaville lis\u00e4valoille kun halutaan asentaa 1kpl lis\u00e4valoja: \u2022\u00a0LuminaLights Predator X4 \u2022\u00a0Seeker 20X \u2022\u00a0LuminaLights Striker 370 (TM-testimenestyj\u00e4 21\/15) \u2022\u00a0Optibeam Boomer \u2022\u00a0C-bright Arrow Slim \u2022\u00a0SAE Seeker 20 (TM-testivoittaja 21\/15) \u2022\u00a0Maxtel 60W LED-lis\u00e4valopaneeli \u2022\u00a0Lazer Triple R 1000 [&hellip;]","og_url":"https:\/\/www.duunauspalvelutjarvi.fi\/?product=lisavaloteline-single-bar-v2","article_modified_time":"2025-08-10T19:10:53+00:00","og_image":[{"width":800,"height":801,"url":"https:\/\/www.duunauspalvelutjarvi.fi\/wp-content\/uploads\/2021\/08\/LisavalotelineSingleBarV2_3050120056_f77185f2d42b639882b265511ff630fa_1.jpg","type":"image\/jpeg"}],"twitter_card":"summary_large_image","twitter_misc":{"Arvioitu lukuaika":"1 minuutti"},"schema":{"@context":"https:\/\/schema.org","@graph":[{"@type":"WebPage","@id":"https:\/\/www.duunauspalvelutjarvi.fi\/?product=lisavaloteline-single-bar-v2","url":"https:\/\/www.duunauspalvelutjarvi.fi\/?product=lisavaloteline-single-bar-v2","name":"Lis\u00e4valoteline Single Bar V2 -","isPartOf":{"@id":"https:\/\/www.duunauspalvelutjarvi.fi\/#website"},"primaryImageOfPage":{"@id":"https:\/\/www.duunauspalvelutjarvi.fi\/?product=lisavaloteline-single-bar-v2#primaryimage"},"image":{"@id":"https:\/\/www.duunauspalvelutjarvi.fi\/?product=lisavaloteline-single-bar-v2#primaryimage"},"thumbnailUrl":"https:\/\/www.duunauspalvelutjarvi.fi\/wp-content\/uploads\/2021\/08\/LisavalotelineSingleBarV2_3050120056_f77185f2d42b639882b265511ff630fa_1.jpg","datePublished":"2021-08-24T19:43:26+00:00","dateModified":"2025-08-10T19:10:53+00:00","breadcrumb":{"@id":"https:\/\/www.duunauspalvelutjarvi.fi\/?product=lisavaloteline-single-bar-v2#breadcrumb"},"inLanguage":"fi","potentialAction":[{"@type":"ReadAction","target":["https:\/\/www.duunauspalvelutjarvi.fi\/?product=lisavaloteline-single-bar-v2"]}]},{"@type":"ImageObject","inLanguage":"fi","@id":"https:\/\/www.duunauspalvelutjarvi.fi\/?product=lisavaloteline-single-bar-v2#primaryimage","url":"https:\/\/www.duunauspalvelutjarvi.fi\/wp-content\/uploads\/2021\/08\/LisavalotelineSingleBarV2_3050120056_f77185f2d42b639882b265511ff630fa_1.jpg","contentUrl":"https:\/\/www.duunauspalvelutjarvi.fi\/wp-content\/uploads\/2021\/08\/LisavalotelineSingleBarV2_3050120056_f77185f2d42b639882b265511ff630fa_1.jpg","width":800,"height":801},{"@type":"BreadcrumbList","@id":"https:\/\/www.duunauspalvelutjarvi.fi\/?product=lisavaloteline-single-bar-v2#breadcrumb","itemListElement":[{"@type":"ListItem","position":1,"name":"Etusivu","item":"https:\/\/www.duunauspalvelutjarvi.fi\/"},{"@type":"ListItem","position":2,"name":"Etusivu","item":"https:\/\/www.duunauspalvelutjarvi.fi\/"},{"@type":"ListItem","position":3,"name":"Lis\u00e4valoteline Single Bar V2"}]},{"@type":"WebSite","@id":"https:\/\/www.duunauspalvelutjarvi.fi\/#website","url":"https:\/\/www.duunauspalvelutjarvi.fi\/","name":"","description":"","potentialAction":[{"@type":"SearchAction","target":{"@type":"EntryPoint","urlTemplate":"https:\/\/www.duunauspalvelutjarvi.fi\/?s={search_term_string}"},"query-input":{"@type":"PropertyValueSpecification","valueRequired":true,"valueName":"search_term_string"}}],"inLanguage":"fi"}]}},"jetpack_sharing_enabled":true,"_links":{"self":[{"href":"https:\/\/www.duunauspalvelutjarvi.fi\/index.php?rest_route=\/wp\/v2\/product\/9863","targetHints":{"allow":["GET"]}}],"collection":[{"href":"https:\/\/www.duunauspalvelutjarvi.fi\/index.php?rest_route=\/wp\/v2\/product"}],"about":[{"href":"https:\/\/www.duunauspalvelutjarvi.fi\/index.php?rest_route=\/wp\/v2\/types\/product"}],"replies":[{"embeddable":true,"href":"https:\/\/www.duunauspalvelutjarvi.fi\/index.php?rest_route=%2Fwp%2Fv2%2Fcomments&post=9863"}],"wp:featuredmedia":[{"embeddable":true,"href":"https:\/\/www.duunauspalvelutjarvi.fi\/index.php?rest_route=\/wp\/v2\/media\/14729"}],"wp:attachment":[{"href":"https:\/\/www.duunauspalvelutjarvi.fi\/index.php?rest_route=%2Fwp%2Fv2%2Fmedia&parent=9863"}],"wp:term":[{"taxonomy":"product_brand","embeddable":true,"href":"https:\/\/www.duunauspalvelutjarvi.fi\/index.php?rest_route=%2Fwp%2Fv2%2Fproduct_brand&post=9863"},{"taxonomy":"product_cat","embeddable":true,"href":"https:\/\/www.duunauspalvelutjarvi.fi\/index.php?rest_route=%2Fwp%2Fv2%2Fproduct_cat&post=9863"},{"taxonomy":"product_tag","embeddable":true,"href":"https:\/\/www.duunauspalvelutjarvi.fi\/index.php?rest_route=%2Fwp%2Fv2%2Fproduct_tag&post=9863"}],"curies":[{"name":"wp","href":"https:\/\/api.w.org\/{rel}","templated":true}]}}