{"id":9880,"date":"2021-08-24T23:06:53","date_gmt":"2021-08-24T20:06:53","guid":{"rendered":"https:\/\/www.duunauspalvelutjarvi.fi\/?post_type=product&#038;p=9880"},"modified":"2025-10-03T20:30:04","modified_gmt":"2025-10-03T17:30:04","slug":"relejohtosarja-yhdelle-lisavalolle-dt3","status":"publish","type":"product","link":"https:\/\/www.duunauspalvelutjarvi.fi\/?product=relejohtosarja-yhdelle-lisavalolle-dt3","title":{"rendered":"Relejohtosarja yhdelle lis\u00e4valolle DT3"},"content":{"rendered":"<div class=\"col-12 col-lg-10\">\n<div class=\"ProductPageContent__description\">\n<div class=\"ProductFiles\">\n<div class=\"ProductFile\">\n<div class=\"ProductFile__name\"><span style=\"color: #0000ff;\"><strong><a style=\"color: #0000ff;\" href=\"https:\/\/www.duunauspalvelutjarvi.fi\/wp-content\/uploads\/2021\/08\/8020100669-wiring_harness_en_fi_sv_no_web.pdf\">Asennusohje Luminalights DT-relesarja<\/a><\/strong><\/span><\/div>\n<\/div>\n<\/div>\n<div class=\"WysiwygContent\">\n<p><strong>LuminaLights relejohtosarja yhdelle lis\u00e4valolle DT 3-nap. liittimell\u00e4<\/strong>\u00a0on laadukas relejohtosarja lis\u00e4valon asennukseen, jossa on valmiina vesitiivis DT-3 liitin. T\u00e4ll\u00e4 sarjalla DT-3 liittimill\u00e4 varustettujen lis\u00e4valojen asentaminen on todella helppoa! Relejohtosarjalla saadaan asennettua yksi lis\u00e4valo. Lis\u00e4valojen\u00a0 asennus ei ole ikin\u00e4 ollut n\u00e4in helppoa!<\/p>\n<p><strong>Tiedot:<\/strong><\/p>\n<p>\u2022 Merkkivalollinen kytkin (voidaan asentaa my\u00f6s ilman kytkint\u00e4)<br \/>\n\u2022 Roiskevesitiivis sulakerasia 15A sulakkeella<br \/>\n\u2022 12V rele suojadiodilla, joka est\u00e4\u00e4 elektroniikalle vahingollisen j\u00e4nnitepiikin.<br \/>\n\u2022 Rosvoliitin her\u00e4tevirran haaroittamiseen<br \/>\n\u2022 DT-3 urosliitin naaraspinneill\u00e4<br \/>\n\u2022 Johto releelt\u00e4 akulle 50cm<br \/>\n\u2022 Johto releelt\u00e4 lis\u00e4valolle 3m<br \/>\n\u2022 Mukana suomenkieliset asennusohjeet<br \/>\n\u2022 LuminaLights<\/p>\n<\/div>\n<\/div>\n<\/div>\n<div class=\"ProductPageContent__description-details col-sm-12 col-lg-2\">\n<div>\n<h6>Lis\u00e4tiedot<\/h6>\n<div>\n<div class=\"ProductExtraInfo ProductExtraInfo--short-list ProductExtraInfo--single-column\">\n<ul class=\"inline-dot\">\n<li>Tuotekoodi:\u00a08020100669<\/li>\n<li><span class=\"ProductWarranty\">Takuu:\u00a0<span class=\"ProductWarranty__warranty\">1 vuosi<\/span><\/span><\/li>\n<\/ul>\n<\/div>\n<\/div>\n<\/div>\n<\/div>\n","protected":false},"excerpt":{"rendered":"<p>Asennusohje Luminalights DT-relesarja LuminaLights relejohtosarja yhdelle lis\u00e4valolle DT 3-nap. liittimell\u00e4\u00a0on laadukas relejohtosarja lis\u00e4valon asennukseen, jossa on valmiina vesitiivis DT-3 liitin. T\u00e4ll\u00e4 sarjalla DT-3 liittimill\u00e4 varustettujen lis\u00e4valojen asentaminen on todella helppoa! Relejohtosarjalla saadaan asennettua yksi lis\u00e4valo. Lis\u00e4valojen\u00a0 asennus ei ole ikin\u00e4 ollut n\u00e4in helppoa! Tiedot: \u2022 Merkkivalollinen kytkin (voidaan asentaa my\u00f6s ilman kytkint\u00e4) \u2022 Roiskevesitiivis sulakerasia [&hellip;]<\/p>\n","protected":false},"featured_media":14728,"comment_status":"open","ping_status":"closed","template":"","meta":[],"product_brand":[704],"product_cat":[250,534],"product_tag":[],"class_list":{"0":"post-9880","1":"product","2":"type-product","3":"status-publish","4":"has-post-thumbnail","6":"product_brand-luminalights","7":"product_cat-relejohtosarjat","8":"product_cat-sulakkeet-ja-sulakepesat","10":"first","11":"instock","12":"taxable","13":"shipping-taxable","14":"purchasable","15":"product-type-simple"},"yoast_head":"<!-- This site is optimized with the Yoast SEO plugin v27.5 - https:\/\/yoast.com\/product\/yoast-seo-wordpress\/ -->\n<title>Relejohtosarja yhdelle lis\u00e4valolle DT3 -<\/title>\n<meta name=\"robots\" content=\"index, follow, max-snippet:-1, max-image-preview:large, max-video-preview:-1\" \/>\n<link rel=\"canonical\" href=\"https:\/\/www.duunauspalvelutjarvi.fi\/?product=relejohtosarja-yhdelle-lisavalolle-dt3\" \/>\n<meta property=\"og:locale\" content=\"fi_FI\" \/>\n<meta property=\"og:type\" content=\"article\" \/>\n<meta property=\"og:title\" content=\"Relejohtosarja yhdelle lis\u00e4valolle DT3 -\" \/>\n<meta property=\"og:description\" content=\"Asennusohje Luminalights DT-relesarja LuminaLights relejohtosarja yhdelle lis\u00e4valolle DT 3-nap. liittimell\u00e4\u00a0on laadukas relejohtosarja lis\u00e4valon asennukseen, jossa on valmiina vesitiivis DT-3 liitin. T\u00e4ll\u00e4 sarjalla DT-3 liittimill\u00e4 varustettujen lis\u00e4valojen asentaminen on todella helppoa! Relejohtosarjalla saadaan asennettua yksi lis\u00e4valo. Lis\u00e4valojen\u00a0 asennus ei ole ikin\u00e4 ollut n\u00e4in helppoa! Tiedot: \u2022 Merkkivalollinen kytkin (voidaan asentaa my\u00f6s ilman kytkint\u00e4) \u2022 Roiskevesitiivis sulakerasia [&hellip;]\" \/>\n<meta property=\"og:url\" content=\"https:\/\/www.duunauspalvelutjarvi.fi\/?product=relejohtosarja-yhdelle-lisavalolle-dt3\" \/>\n<meta property=\"article:modified_time\" content=\"2025-10-03T17:30:04+00:00\" \/>\n<meta property=\"og:image\" content=\"https:\/\/www.duunauspalvelutjarvi.fi\/wp-content\/uploads\/2021\/08\/RelejohtosarjayhdellelisavalolleDT3_8020100669_eaddb8c85dddae5da43fd5c3a230116e_1.jpg\" \/>\n\t<meta property=\"og:image:width\" content=\"656\" \/>\n\t<meta property=\"og:image:height\" content=\"744\" \/>\n\t<meta property=\"og:image:type\" content=\"image\/jpeg\" \/>\n<meta name=\"twitter:card\" content=\"summary_large_image\" \/>\n<meta name=\"twitter:label1\" content=\"Arvioitu lukuaika\" \/>\n\t<meta name=\"twitter:data1\" content=\"1 minuutti\" \/>\n<script type=\"application\/ld+json\" class=\"yoast-schema-graph\">{\"@context\":\"https:\\\/\\\/schema.org\",\"@graph\":[{\"@type\":\"WebPage\",\"@id\":\"https:\\\/\\\/www.duunauspalvelutjarvi.fi\\\/?product=relejohtosarja-yhdelle-lisavalolle-dt3\",\"url\":\"https:\\\/\\\/www.duunauspalvelutjarvi.fi\\\/?product=relejohtosarja-yhdelle-lisavalolle-dt3\",\"name\":\"Relejohtosarja yhdelle lis\u00e4valolle DT3 -\",\"isPartOf\":{\"@id\":\"https:\\\/\\\/www.duunauspalvelutjarvi.fi\\\/#website\"},\"primaryImageOfPage\":{\"@id\":\"https:\\\/\\\/www.duunauspalvelutjarvi.fi\\\/?product=relejohtosarja-yhdelle-lisavalolle-dt3#primaryimage\"},\"image\":{\"@id\":\"https:\\\/\\\/www.duunauspalvelutjarvi.fi\\\/?product=relejohtosarja-yhdelle-lisavalolle-dt3#primaryimage\"},\"thumbnailUrl\":\"https:\\\/\\\/www.duunauspalvelutjarvi.fi\\\/wp-content\\\/uploads\\\/2021\\\/08\\\/RelejohtosarjayhdellelisavalolleDT3_8020100669_eaddb8c85dddae5da43fd5c3a230116e_1.jpg\",\"datePublished\":\"2021-08-24T20:06:53+00:00\",\"dateModified\":\"2025-10-03T17:30:04+00:00\",\"breadcrumb\":{\"@id\":\"https:\\\/\\\/www.duunauspalvelutjarvi.fi\\\/?product=relejohtosarja-yhdelle-lisavalolle-dt3#breadcrumb\"},\"inLanguage\":\"fi\",\"potentialAction\":[{\"@type\":\"ReadAction\",\"target\":[\"https:\\\/\\\/www.duunauspalvelutjarvi.fi\\\/?product=relejohtosarja-yhdelle-lisavalolle-dt3\"]}]},{\"@type\":\"ImageObject\",\"inLanguage\":\"fi\",\"@id\":\"https:\\\/\\\/www.duunauspalvelutjarvi.fi\\\/?product=relejohtosarja-yhdelle-lisavalolle-dt3#primaryimage\",\"url\":\"https:\\\/\\\/www.duunauspalvelutjarvi.fi\\\/wp-content\\\/uploads\\\/2021\\\/08\\\/RelejohtosarjayhdellelisavalolleDT3_8020100669_eaddb8c85dddae5da43fd5c3a230116e_1.jpg\",\"contentUrl\":\"https:\\\/\\\/www.duunauspalvelutjarvi.fi\\\/wp-content\\\/uploads\\\/2021\\\/08\\\/RelejohtosarjayhdellelisavalolleDT3_8020100669_eaddb8c85dddae5da43fd5c3a230116e_1.jpg\",\"width\":656,\"height\":744},{\"@type\":\"BreadcrumbList\",\"@id\":\"https:\\\/\\\/www.duunauspalvelutjarvi.fi\\\/?product=relejohtosarja-yhdelle-lisavalolle-dt3#breadcrumb\",\"itemListElement\":[{\"@type\":\"ListItem\",\"position\":1,\"name\":\"Etusivu\",\"item\":\"https:\\\/\\\/www.duunauspalvelutjarvi.fi\\\/\"},{\"@type\":\"ListItem\",\"position\":2,\"name\":\"Etusivu\",\"item\":\"https:\\\/\\\/www.duunauspalvelutjarvi.fi\\\/\"},{\"@type\":\"ListItem\",\"position\":3,\"name\":\"Relejohtosarja yhdelle lis\u00e4valolle DT3\"}]},{\"@type\":\"WebSite\",\"@id\":\"https:\\\/\\\/www.duunauspalvelutjarvi.fi\\\/#website\",\"url\":\"https:\\\/\\\/www.duunauspalvelutjarvi.fi\\\/\",\"name\":\"\",\"description\":\"\",\"potentialAction\":[{\"@type\":\"SearchAction\",\"target\":{\"@type\":\"EntryPoint\",\"urlTemplate\":\"https:\\\/\\\/www.duunauspalvelutjarvi.fi\\\/?s={search_term_string}\"},\"query-input\":{\"@type\":\"PropertyValueSpecification\",\"valueRequired\":true,\"valueName\":\"search_term_string\"}}],\"inLanguage\":\"fi\"}]}<\/script>\n<!-- \/ Yoast SEO plugin. -->","yoast_head_json":{"title":"Relejohtosarja yhdelle lis\u00e4valolle DT3 -","robots":{"index":"index","follow":"follow","max-snippet":"max-snippet:-1","max-image-preview":"max-image-preview:large","max-video-preview":"max-video-preview:-1"},"canonical":"https:\/\/www.duunauspalvelutjarvi.fi\/?product=relejohtosarja-yhdelle-lisavalolle-dt3","og_locale":"fi_FI","og_type":"article","og_title":"Relejohtosarja yhdelle lis\u00e4valolle DT3 -","og_description":"Asennusohje Luminalights DT-relesarja LuminaLights relejohtosarja yhdelle lis\u00e4valolle DT 3-nap. liittimell\u00e4\u00a0on laadukas relejohtosarja lis\u00e4valon asennukseen, jossa on valmiina vesitiivis DT-3 liitin. T\u00e4ll\u00e4 sarjalla DT-3 liittimill\u00e4 varustettujen lis\u00e4valojen asentaminen on todella helppoa! Relejohtosarjalla saadaan asennettua yksi lis\u00e4valo. Lis\u00e4valojen\u00a0 asennus ei ole ikin\u00e4 ollut n\u00e4in helppoa! Tiedot: \u2022 Merkkivalollinen kytkin (voidaan asentaa my\u00f6s ilman kytkint\u00e4) \u2022 Roiskevesitiivis sulakerasia [&hellip;]","og_url":"https:\/\/www.duunauspalvelutjarvi.fi\/?product=relejohtosarja-yhdelle-lisavalolle-dt3","article_modified_time":"2025-10-03T17:30:04+00:00","og_image":[{"width":656,"height":744,"url":"https:\/\/www.duunauspalvelutjarvi.fi\/wp-content\/uploads\/2021\/08\/RelejohtosarjayhdellelisavalolleDT3_8020100669_eaddb8c85dddae5da43fd5c3a230116e_1.jpg","type":"image\/jpeg"}],"twitter_card":"summary_large_image","twitter_misc":{"Arvioitu lukuaika":"1 minuutti"},"schema":{"@context":"https:\/\/schema.org","@graph":[{"@type":"WebPage","@id":"https:\/\/www.duunauspalvelutjarvi.fi\/?product=relejohtosarja-yhdelle-lisavalolle-dt3","url":"https:\/\/www.duunauspalvelutjarvi.fi\/?product=relejohtosarja-yhdelle-lisavalolle-dt3","name":"Relejohtosarja yhdelle lis\u00e4valolle DT3 -","isPartOf":{"@id":"https:\/\/www.duunauspalvelutjarvi.fi\/#website"},"primaryImageOfPage":{"@id":"https:\/\/www.duunauspalvelutjarvi.fi\/?product=relejohtosarja-yhdelle-lisavalolle-dt3#primaryimage"},"image":{"@id":"https:\/\/www.duunauspalvelutjarvi.fi\/?product=relejohtosarja-yhdelle-lisavalolle-dt3#primaryimage"},"thumbnailUrl":"https:\/\/www.duunauspalvelutjarvi.fi\/wp-content\/uploads\/2021\/08\/RelejohtosarjayhdellelisavalolleDT3_8020100669_eaddb8c85dddae5da43fd5c3a230116e_1.jpg","datePublished":"2021-08-24T20:06:53+00:00","dateModified":"2025-10-03T17:30:04+00:00","breadcrumb":{"@id":"https:\/\/www.duunauspalvelutjarvi.fi\/?product=relejohtosarja-yhdelle-lisavalolle-dt3#breadcrumb"},"inLanguage":"fi","potentialAction":[{"@type":"ReadAction","target":["https:\/\/www.duunauspalvelutjarvi.fi\/?product=relejohtosarja-yhdelle-lisavalolle-dt3"]}]},{"@type":"ImageObject","inLanguage":"fi","@id":"https:\/\/www.duunauspalvelutjarvi.fi\/?product=relejohtosarja-yhdelle-lisavalolle-dt3#primaryimage","url":"https:\/\/www.duunauspalvelutjarvi.fi\/wp-content\/uploads\/2021\/08\/RelejohtosarjayhdellelisavalolleDT3_8020100669_eaddb8c85dddae5da43fd5c3a230116e_1.jpg","contentUrl":"https:\/\/www.duunauspalvelutjarvi.fi\/wp-content\/uploads\/2021\/08\/RelejohtosarjayhdellelisavalolleDT3_8020100669_eaddb8c85dddae5da43fd5c3a230116e_1.jpg","width":656,"height":744},{"@type":"BreadcrumbList","@id":"https:\/\/www.duunauspalvelutjarvi.fi\/?product=relejohtosarja-yhdelle-lisavalolle-dt3#breadcrumb","itemListElement":[{"@type":"ListItem","position":1,"name":"Etusivu","item":"https:\/\/www.duunauspalvelutjarvi.fi\/"},{"@type":"ListItem","position":2,"name":"Etusivu","item":"https:\/\/www.duunauspalvelutjarvi.fi\/"},{"@type":"ListItem","position":3,"name":"Relejohtosarja yhdelle lis\u00e4valolle DT3"}]},{"@type":"WebSite","@id":"https:\/\/www.duunauspalvelutjarvi.fi\/#website","url":"https:\/\/www.duunauspalvelutjarvi.fi\/","name":"","description":"","potentialAction":[{"@type":"SearchAction","target":{"@type":"EntryPoint","urlTemplate":"https:\/\/www.duunauspalvelutjarvi.fi\/?s={search_term_string}"},"query-input":{"@type":"PropertyValueSpecification","valueRequired":true,"valueName":"search_term_string"}}],"inLanguage":"fi"}]}},"jetpack_sharing_enabled":true,"_links":{"self":[{"href":"https:\/\/www.duunauspalvelutjarvi.fi\/index.php?rest_route=\/wp\/v2\/product\/9880","targetHints":{"allow":["GET"]}}],"collection":[{"href":"https:\/\/www.duunauspalvelutjarvi.fi\/index.php?rest_route=\/wp\/v2\/product"}],"about":[{"href":"https:\/\/www.duunauspalvelutjarvi.fi\/index.php?rest_route=\/wp\/v2\/types\/product"}],"replies":[{"embeddable":true,"href":"https:\/\/www.duunauspalvelutjarvi.fi\/index.php?rest_route=%2Fwp%2Fv2%2Fcomments&post=9880"}],"wp:featuredmedia":[{"embeddable":true,"href":"https:\/\/www.duunauspalvelutjarvi.fi\/index.php?rest_route=\/wp\/v2\/media\/14728"}],"wp:attachment":[{"href":"https:\/\/www.duunauspalvelutjarvi.fi\/index.php?rest_route=%2Fwp%2Fv2%2Fmedia&parent=9880"}],"wp:term":[{"taxonomy":"product_brand","embeddable":true,"href":"https:\/\/www.duunauspalvelutjarvi.fi\/index.php?rest_route=%2Fwp%2Fv2%2Fproduct_brand&post=9880"},{"taxonomy":"product_cat","embeddable":true,"href":"https:\/\/www.duunauspalvelutjarvi.fi\/index.php?rest_route=%2Fwp%2Fv2%2Fproduct_cat&post=9880"},{"taxonomy":"product_tag","embeddable":true,"href":"https:\/\/www.duunauspalvelutjarvi.fi\/index.php?rest_route=%2Fwp%2Fv2%2Fproduct_tag&post=9880"}],"curies":[{"name":"wp","href":"https:\/\/api.w.org\/{rel}","templated":true}]}}