{"id":9898,"date":"2021-08-24T23:33:14","date_gmt":"2021-08-24T20:33:14","guid":{"rendered":"https:\/\/www.duunauspalvelutjarvi.fi\/?post_type=product&#038;p=9898"},"modified":"2025-10-09T11:39:17","modified_gmt":"2025-10-09T08:39:17","slug":"luminalights-scout-dual-1100","status":"publish","type":"product","link":"https:\/\/www.duunauspalvelutjarvi.fi\/?product=luminalights-scout-dual-1100","title":{"rendered":"LuminaLights Scout Dual 1100"},"content":{"rendered":"<div class=\"col-12 col-lg-10\">\n<div class=\"ProductPageContent__description\">\n<div class=\"WysiwygContent\">\n<p><strong>LED-lis\u00e4valopaneeli LuminaLights Scout Dual 1100<\/strong>\u00a0on Luminalightsin uuden Scout tuoteperheen huipputehokas ja j\u00e4re\u00e4 lis\u00e4valouutuus! Poikkeuksellinen valonteho, erinomainen yhdistelm\u00e4valokuvio sek\u00e4 suorituskykyyn n\u00e4hden kompakti koko tekev\u00e4t Luminalights Scout Dual 1100 lis\u00e4valosta erinomaisen vaihtoehdon suorituskykyist\u00e4 ja laadukasta lis\u00e4valoa hakevalle kilpailukykyiseen hintaan! Tarkasti suunniteltu valokuvio tarjoaa monipuolisesti kantamaa sek\u00e4 leve\u00e4sti hajavaloa pientareille. N\u00e4in ollen valoa saadaan juuri sinne, miss\u00e4 sit\u00e4 tarvitaankin! Scout Dual mallisarjan valoissa on erityisen\u00e4 ominaisuutena kehykset\u00f6n etuosa, joka erityisesti lumisilla keleill\u00e4 takaa, ett\u00e4 lumi ja loska ei kerry valaisimen linssiin reunoille. N\u00e4in ollen Scout Dual lis\u00e4valot tarjoavat huikeaa toimintavarmuutta haastavammissakin olosuhteissa!<\/p>\n<p>Luminalights Scout mallisarjan valoissa on erityisen\u00e4 ominaisuutena kehykset\u00f6n etuosa, joka erityisesti lumisilla keleill\u00e4 takaa, ett\u00e4 lumi ja loska ei kerry valaisimen linssiin reunoille. N\u00e4in ollen Luminalights Scout Dual lis\u00e4valot tarjoavat huikeaa toimintavarmuutta haastavammissakin olosuhteissa! Valaisimen mukana tulee tukevat liukus\u00e4\u00e4dett\u00e4v\u00e4t kiskokiinnikkeet, joilla asennus onnistuu helposti.<\/p>\n<p><strong>Luminalights Scout tuoteperheest\u00e4<\/strong>\u00a0l\u00f6ytyv\u00e4t my\u00f6s Dualia sirompi ja matalampi Scout Slim mallisarja sek\u00e4 tuoteperheen tarkimmin rajatulla valokuviolla varustettu Scout One mallisarja, jossa valokuvio erityisesti korkeussuuntaan on rajatumpi ja matalampi. T\u00e4m\u00e4n my\u00f6t\u00e4 Scout One mallit soveltuvat erinomaisesti matalampiin asennuksiin. Kaikki muut Scout mallit l\u00f6yd\u00e4t painamalla\u00a0<a href=\"https:\/\/www.duunauspalvelutjarvi.fi\/?term=&amp;s=LuminaLights+Scout&amp;post_type=product&amp;taxonomy=product_cat\"><span style=\"color: #0000ff;\">T\u00c4ST\u00c4<\/span><\/a>.<\/p>\n<p><strong>Loistava hinta-laatusuhde!<\/strong><\/p>\n<p><strong>Tekniset tiedot:<\/strong><br \/>\n\u2022 400W (80x 5W LED)<br \/>\n\u2022 Referenssiluku: 50<br \/>\n\u2022 J\u00e4nnite: 9-36V<br \/>\n\u2022 Valoteho: 33 600 lm (raw)<br \/>\n\u2022 V\u00e4ril\u00e4mp\u00f6tila 5700K<br \/>\n\u2022 Ledin k\u00e4ytt\u00f6ik\u00e4 yli 30 000h<br \/>\n\u2022 Leveys: 1076mm<br \/>\n\u2022 Korkeus: 70mm (Ilman kiinnitysjalkaa)<br \/>\n\u2022 Syvyys: 67mm<br \/>\n\u2022 Virtajohdossa Deutch DTP 2-pin liitin<br \/>\n\u2022 Sis\u00e4lt\u00e4\u00e4 my\u00f6s Deutch DTP 2-pin liittimen vastakappaleen johdolla<br \/>\n\u2022 Kest\u00e4v\u00e4 polykarbonaattilinssi<br \/>\n\u2022 Alumiinirunko<br \/>\n\u2022 Tukevat liukus\u00e4\u00e4dett\u00e4v\u00e4t kiskokiinnikkeet<br \/>\n\u2022 Hyv\u00e4ksytty tieliikennek\u00e4ytt\u00f6\u00f6n<br \/>\n\u2022 ECE R112, ECE R10<br \/>\n\u2022 Takuu: 24kk<br \/>\n\u2022 IP67<br \/>\n\u2022 K\u00e4ytt\u00f6ohje suomeksi, ruotsiksi, englanniksi ja norjaksi.<\/p>\n<\/div>\n<\/div>\n<\/div>\n<div class=\"ProductPageContent__description-details col-sm-12 col-lg-2\">\n<div>\n<h6>Lis\u00e4tiedot<\/h6>\n<div>\n<div class=\"ProductFeatureImages__container properties\"><\/div>\n<div class=\"ProductExtraInfo ProductExtraInfo--single-column\">\n<ul class=\"inline-dot\">\n<li>Tuotekoodi:\u00a08020102775<\/li>\n<li><span class=\"ProductWarranty\">Takuu:\u00a0<span class=\"ProductWarranty__warranty\">2 vuotta<\/span><\/span><\/li>\n<li>V\u00e4ril\u00e4mp\u00f6tila:\u00a05700<\/li>\n<li>Valokuvio:\u00a0Combo<\/li>\n<li>V\u00e4ri:\u00a0Musta<\/li>\n<li>Referenssiluku:\u00a050<\/li>\n<li>Liittimen tyyppi:\u00a02-Pin DTP-liitin<\/li>\n<li>Kampanja-label:\u00a0Label4<\/li>\n<\/ul>\n<\/div>\n<\/div>\n<\/div>\n<\/div>\n","protected":false},"excerpt":{"rendered":"<p><a href=\"https:\/\/www.duunauspalvelutjarvi.fi\/?term=&amp;s=LuminaLights&amp;post_type=product&amp;taxonomy=product_cat\"><img loading=\"lazy\" decoding=\"async\" class=\"alignnone size-full wp-image-9939\" src=\"https:\/\/www.duunauspalvelutjarvi.fi\/wp-content\/uploads\/2021\/08\/luminalights_manufacturer_image.png\" alt=\"\" width=\"200\" height=\"65\" \/><\/a><\/p>\n","protected":false},"featured_media":14727,"comment_status":"open","ping_status":"closed","template":"","meta":[],"product_brand":[704],"product_cat":[44],"product_tag":[],"class_list":{"0":"post-9898","1":"product","2":"type-product","3":"status-publish","4":"has-post-thumbnail","6":"product_brand-luminalights","7":"product_cat-led-lisavalopaneelit","8":"product_shipping_class-xl-paketti","10":"first","11":"instock","12":"sale","13":"taxable","14":"shipping-taxable","15":"purchasable","16":"product-type-simple"},"yoast_head":"<!-- This site is optimized with the Yoast SEO plugin v27.4 - https:\/\/yoast.com\/product\/yoast-seo-wordpress\/ -->\n<title>LuminaLights Scout Dual 1100 -<\/title>\n<meta name=\"robots\" content=\"index, follow, max-snippet:-1, max-image-preview:large, max-video-preview:-1\" \/>\n<link rel=\"canonical\" href=\"https:\/\/www.duunauspalvelutjarvi.fi\/?product=luminalights-scout-dual-1100\" \/>\n<meta property=\"og:locale\" content=\"fi_FI\" \/>\n<meta property=\"og:type\" content=\"article\" \/>\n<meta property=\"og:title\" content=\"LuminaLights Scout Dual 1100 -\" \/>\n<meta property=\"og:url\" content=\"https:\/\/www.duunauspalvelutjarvi.fi\/?product=luminalights-scout-dual-1100\" \/>\n<meta property=\"article:modified_time\" content=\"2025-10-09T08:39:17+00:00\" \/>\n<meta property=\"og:image\" content=\"https:\/\/www.duunauspalvelutjarvi.fi\/wp-content\/uploads\/2021\/08\/LuminaLightsScoutDual1100led-lisavalopaneeli_8020102775_8c4e442633186db464cabddd26d2c381_1.jpg\" \/>\n\t<meta property=\"og:image:width\" content=\"2000\" \/>\n\t<meta property=\"og:image:height\" content=\"2000\" \/>\n\t<meta property=\"og:image:type\" content=\"image\/jpeg\" \/>\n<meta name=\"twitter:card\" content=\"summary_large_image\" \/>\n<meta name=\"twitter:label1\" content=\"Arvioitu lukuaika\" \/>\n\t<meta name=\"twitter:data1\" content=\"2 minuuttia\" \/>\n<script type=\"application\/ld+json\" class=\"yoast-schema-graph\">{\"@context\":\"https:\\\/\\\/schema.org\",\"@graph\":[{\"@type\":\"WebPage\",\"@id\":\"https:\\\/\\\/www.duunauspalvelutjarvi.fi\\\/?product=luminalights-scout-dual-1100\",\"url\":\"https:\\\/\\\/www.duunauspalvelutjarvi.fi\\\/?product=luminalights-scout-dual-1100\",\"name\":\"LuminaLights Scout Dual 1100 -\",\"isPartOf\":{\"@id\":\"https:\\\/\\\/www.duunauspalvelutjarvi.fi\\\/#website\"},\"primaryImageOfPage\":{\"@id\":\"https:\\\/\\\/www.duunauspalvelutjarvi.fi\\\/?product=luminalights-scout-dual-1100#primaryimage\"},\"image\":{\"@id\":\"https:\\\/\\\/www.duunauspalvelutjarvi.fi\\\/?product=luminalights-scout-dual-1100#primaryimage\"},\"thumbnailUrl\":\"https:\\\/\\\/www.duunauspalvelutjarvi.fi\\\/wp-content\\\/uploads\\\/2021\\\/08\\\/LuminaLightsScoutDual1100led-lisavalopaneeli_8020102775_8c4e442633186db464cabddd26d2c381_1.jpg\",\"datePublished\":\"2021-08-24T20:33:14+00:00\",\"dateModified\":\"2025-10-09T08:39:17+00:00\",\"breadcrumb\":{\"@id\":\"https:\\\/\\\/www.duunauspalvelutjarvi.fi\\\/?product=luminalights-scout-dual-1100#breadcrumb\"},\"inLanguage\":\"fi\",\"potentialAction\":[{\"@type\":\"ReadAction\",\"target\":[\"https:\\\/\\\/www.duunauspalvelutjarvi.fi\\\/?product=luminalights-scout-dual-1100\"]}]},{\"@type\":\"ImageObject\",\"inLanguage\":\"fi\",\"@id\":\"https:\\\/\\\/www.duunauspalvelutjarvi.fi\\\/?product=luminalights-scout-dual-1100#primaryimage\",\"url\":\"https:\\\/\\\/www.duunauspalvelutjarvi.fi\\\/wp-content\\\/uploads\\\/2021\\\/08\\\/LuminaLightsScoutDual1100led-lisavalopaneeli_8020102775_8c4e442633186db464cabddd26d2c381_1.jpg\",\"contentUrl\":\"https:\\\/\\\/www.duunauspalvelutjarvi.fi\\\/wp-content\\\/uploads\\\/2021\\\/08\\\/LuminaLightsScoutDual1100led-lisavalopaneeli_8020102775_8c4e442633186db464cabddd26d2c381_1.jpg\",\"width\":2000,\"height\":2000},{\"@type\":\"BreadcrumbList\",\"@id\":\"https:\\\/\\\/www.duunauspalvelutjarvi.fi\\\/?product=luminalights-scout-dual-1100#breadcrumb\",\"itemListElement\":[{\"@type\":\"ListItem\",\"position\":1,\"name\":\"Etusivu\",\"item\":\"https:\\\/\\\/www.duunauspalvelutjarvi.fi\\\/\"},{\"@type\":\"ListItem\",\"position\":2,\"name\":\"Etusivu\",\"item\":\"https:\\\/\\\/www.duunauspalvelutjarvi.fi\\\/\"},{\"@type\":\"ListItem\",\"position\":3,\"name\":\"LuminaLights Scout Dual 1100\"}]},{\"@type\":\"WebSite\",\"@id\":\"https:\\\/\\\/www.duunauspalvelutjarvi.fi\\\/#website\",\"url\":\"https:\\\/\\\/www.duunauspalvelutjarvi.fi\\\/\",\"name\":\"\",\"description\":\"\",\"potentialAction\":[{\"@type\":\"SearchAction\",\"target\":{\"@type\":\"EntryPoint\",\"urlTemplate\":\"https:\\\/\\\/www.duunauspalvelutjarvi.fi\\\/?s={search_term_string}\"},\"query-input\":{\"@type\":\"PropertyValueSpecification\",\"valueRequired\":true,\"valueName\":\"search_term_string\"}}],\"inLanguage\":\"fi\"}]}<\/script>\n<!-- \/ Yoast SEO plugin. -->","yoast_head_json":{"title":"LuminaLights Scout Dual 1100 -","robots":{"index":"index","follow":"follow","max-snippet":"max-snippet:-1","max-image-preview":"max-image-preview:large","max-video-preview":"max-video-preview:-1"},"canonical":"https:\/\/www.duunauspalvelutjarvi.fi\/?product=luminalights-scout-dual-1100","og_locale":"fi_FI","og_type":"article","og_title":"LuminaLights Scout Dual 1100 -","og_url":"https:\/\/www.duunauspalvelutjarvi.fi\/?product=luminalights-scout-dual-1100","article_modified_time":"2025-10-09T08:39:17+00:00","og_image":[{"width":2000,"height":2000,"url":"https:\/\/www.duunauspalvelutjarvi.fi\/wp-content\/uploads\/2021\/08\/LuminaLightsScoutDual1100led-lisavalopaneeli_8020102775_8c4e442633186db464cabddd26d2c381_1.jpg","type":"image\/jpeg"}],"twitter_card":"summary_large_image","twitter_misc":{"Arvioitu lukuaika":"2 minuuttia"},"schema":{"@context":"https:\/\/schema.org","@graph":[{"@type":"WebPage","@id":"https:\/\/www.duunauspalvelutjarvi.fi\/?product=luminalights-scout-dual-1100","url":"https:\/\/www.duunauspalvelutjarvi.fi\/?product=luminalights-scout-dual-1100","name":"LuminaLights Scout Dual 1100 -","isPartOf":{"@id":"https:\/\/www.duunauspalvelutjarvi.fi\/#website"},"primaryImageOfPage":{"@id":"https:\/\/www.duunauspalvelutjarvi.fi\/?product=luminalights-scout-dual-1100#primaryimage"},"image":{"@id":"https:\/\/www.duunauspalvelutjarvi.fi\/?product=luminalights-scout-dual-1100#primaryimage"},"thumbnailUrl":"https:\/\/www.duunauspalvelutjarvi.fi\/wp-content\/uploads\/2021\/08\/LuminaLightsScoutDual1100led-lisavalopaneeli_8020102775_8c4e442633186db464cabddd26d2c381_1.jpg","datePublished":"2021-08-24T20:33:14+00:00","dateModified":"2025-10-09T08:39:17+00:00","breadcrumb":{"@id":"https:\/\/www.duunauspalvelutjarvi.fi\/?product=luminalights-scout-dual-1100#breadcrumb"},"inLanguage":"fi","potentialAction":[{"@type":"ReadAction","target":["https:\/\/www.duunauspalvelutjarvi.fi\/?product=luminalights-scout-dual-1100"]}]},{"@type":"ImageObject","inLanguage":"fi","@id":"https:\/\/www.duunauspalvelutjarvi.fi\/?product=luminalights-scout-dual-1100#primaryimage","url":"https:\/\/www.duunauspalvelutjarvi.fi\/wp-content\/uploads\/2021\/08\/LuminaLightsScoutDual1100led-lisavalopaneeli_8020102775_8c4e442633186db464cabddd26d2c381_1.jpg","contentUrl":"https:\/\/www.duunauspalvelutjarvi.fi\/wp-content\/uploads\/2021\/08\/LuminaLightsScoutDual1100led-lisavalopaneeli_8020102775_8c4e442633186db464cabddd26d2c381_1.jpg","width":2000,"height":2000},{"@type":"BreadcrumbList","@id":"https:\/\/www.duunauspalvelutjarvi.fi\/?product=luminalights-scout-dual-1100#breadcrumb","itemListElement":[{"@type":"ListItem","position":1,"name":"Etusivu","item":"https:\/\/www.duunauspalvelutjarvi.fi\/"},{"@type":"ListItem","position":2,"name":"Etusivu","item":"https:\/\/www.duunauspalvelutjarvi.fi\/"},{"@type":"ListItem","position":3,"name":"LuminaLights Scout Dual 1100"}]},{"@type":"WebSite","@id":"https:\/\/www.duunauspalvelutjarvi.fi\/#website","url":"https:\/\/www.duunauspalvelutjarvi.fi\/","name":"","description":"","potentialAction":[{"@type":"SearchAction","target":{"@type":"EntryPoint","urlTemplate":"https:\/\/www.duunauspalvelutjarvi.fi\/?s={search_term_string}"},"query-input":{"@type":"PropertyValueSpecification","valueRequired":true,"valueName":"search_term_string"}}],"inLanguage":"fi"}]}},"jetpack_sharing_enabled":true,"_links":{"self":[{"href":"https:\/\/www.duunauspalvelutjarvi.fi\/index.php?rest_route=\/wp\/v2\/product\/9898","targetHints":{"allow":["GET"]}}],"collection":[{"href":"https:\/\/www.duunauspalvelutjarvi.fi\/index.php?rest_route=\/wp\/v2\/product"}],"about":[{"href":"https:\/\/www.duunauspalvelutjarvi.fi\/index.php?rest_route=\/wp\/v2\/types\/product"}],"replies":[{"embeddable":true,"href":"https:\/\/www.duunauspalvelutjarvi.fi\/index.php?rest_route=%2Fwp%2Fv2%2Fcomments&post=9898"}],"wp:featuredmedia":[{"embeddable":true,"href":"https:\/\/www.duunauspalvelutjarvi.fi\/index.php?rest_route=\/wp\/v2\/media\/14727"}],"wp:attachment":[{"href":"https:\/\/www.duunauspalvelutjarvi.fi\/index.php?rest_route=%2Fwp%2Fv2%2Fmedia&parent=9898"}],"wp:term":[{"taxonomy":"product_brand","embeddable":true,"href":"https:\/\/www.duunauspalvelutjarvi.fi\/index.php?rest_route=%2Fwp%2Fv2%2Fproduct_brand&post=9898"},{"taxonomy":"product_cat","embeddable":true,"href":"https:\/\/www.duunauspalvelutjarvi.fi\/index.php?rest_route=%2Fwp%2Fv2%2Fproduct_cat&post=9898"},{"taxonomy":"product_tag","embeddable":true,"href":"https:\/\/www.duunauspalvelutjarvi.fi\/index.php?rest_route=%2Fwp%2Fv2%2Fproduct_tag&post=9898"}],"curies":[{"name":"wp","href":"https:\/\/api.w.org\/{rel}","templated":true}]}}