{"id":9904,"date":"2021-08-24T23:57:01","date_gmt":"2021-08-24T20:57:01","guid":{"rendered":"https:\/\/www.duunauspalvelutjarvi.fi\/?post_type=product&#038;p=9904"},"modified":"2025-10-09T11:39:27","modified_gmt":"2025-10-09T08:39:27","slug":"led-lisavalopaneeli-luminalights-scout-slim-1100","status":"publish","type":"product","link":"https:\/\/www.duunauspalvelutjarvi.fi\/?product=led-lisavalopaneeli-luminalights-scout-slim-1100","title":{"rendered":"LuminaLights Scout Slim 1100 Curved led-lis\u00e4valopaneeli"},"content":{"rendered":"<p align=\"left\"><span lang=\"fi-FI\">Suosittu LuminaLights Scout -tuoteperhe on uudistunut! Suurimpana uutuutena Scout-sarjaan on tullut kaarevat lis\u00e4valopaneelit. Paneeli on ulkoisesti eritt\u00e4in moderni ja sen suunnittelussa on huomioitu uusien ajoneuvojen muodot, joita t\u00e4m\u00e4 malli mukaileekin eritt\u00e4in hyvin.<\/span><\/p>\n<p><span lang=\"fi-FI\">Kaareva paneeli tuottaa miellytt\u00e4v\u00e4n leve\u00e4n yhdistelm\u00e4valokuvion, joka tuottaa paljon valoa my\u00f6s teiden reunoille, eli sinne miss\u00e4 sit\u00e4 eniten tarvitaan. Havaitset mm. pime\u00e4ss\u00e4 kulkevat el\u00e4imet aiemmin, jolloin reagointiaikaa j\u00e4\u00e4 enemm\u00e4n.<\/span><\/p>\n<p align=\"left\"><span lang=\"fi-FI\">Valon v\u00e4ri on aavistuksen kylm\u00e4ns\u00e4vyinen, joten se vastaa hyvin uudempien autojen omien valojen v\u00e4ril\u00e4mp\u00f6tilaa. Scout sopii erinomaisesti esimerkiksi LED-valotekniikalla varustettuihin ajoneuvoihin, koska lis\u00e4valo ja auton omat kaukovalot ovat v\u00e4rilt\u00e4\u00e4n l\u00e4hell\u00e4 toisiaan. Kylm\u00e4 v\u00e4ris\u00e4vy p\u00e4\u00e4see parhaiten oikeuksiinsa pime\u00e4ss\u00e4 syksyisess\u00e4 sadekeliss\u00e4, jolloin hyv\u00e4 n\u00e4kyvyys vaatii kirkasta valoa.<\/span><\/p>\n<p align=\"left\"><span lang=\"fi-FI\">Mik\u00e4li haussa on n. metrin leve\u00e4, mutta siro lis\u00e4valopaneeli, joka valaisee teiden reunat my\u00f6s syksyisess\u00e4 sadekeliss\u00e4 \u2013 t\u00e4ss\u00e4 on vaihtoehto, joka vastaa toiveisiinne.<\/span><\/p>\n<p align=\"left\"><span lang=\"fi-FI\">T\u00e4h\u00e4n eleganttiin, mutta siroon paneeliin on kehitetty miellytt\u00e4v\u00e4n leve\u00e4 yhdistelm\u00e4valokuvio kirkkaanvalkealla 5700K v\u00e4ril\u00e4mp\u00f6tilalla. Scout-lis\u00e4valopaneelin v\u00e4ril\u00e4mp\u00f6tila mukailee etenkin uudempien autojen ajovalojen v\u00e4ris\u00e4vy\u00e4, mutta on ehdottomasti erinomainen vaihtoehto my\u00f6s vanhempien ajovalojen rinnalle.<\/span><\/p>\n<p><span lang=\"fi-FI\">Mitatun valovirran osalta paneeli tuottaa 6461 lumenia, joka on hyv\u00e4 lis\u00e4 auton omien valojen rinnalle. Maltilliset lumenit takaavat sen, ettei lis\u00e4valoa tarvitse sammuttaa kuin vasta sopivalla et\u00e4isyydell\u00e4 vastaantulijasta. Kohdatessa ajomatka lyhyill\u00e4 ajovaloilla j\u00e4\u00e4 siis minimiin.<\/span><\/p>\n<p><span lang=\"fi-FI\">Paketti sis\u00e4lt\u00e4\u00e4 taka- ja p\u00e4\u00e4tykiinnikkeet, joilla paneeli voidaan asentaa autoosi juuri haluamallasi tavalla. Matalan korkeutensa puolesta paneelin voi mahduttaa my\u00f6s erilaisiin v\u00e4leihin, mik\u00e4li toiveissa on paneelin uppoasennus. Paneelin siron muotoilun lis\u00e4ksi se on my\u00f6s kokoonsa n\u00e4hden eritt\u00e4in kevyt.<\/span><\/p>\n<p><span lang=\"fi-FI\">Kokonsa puolesta paneeli sopii erinomaisesti etenkin kattoasennuksiin. Leveytt\u00e4 paneelilla on 1007 mm ja syvyys on vain 55 mm. Paneelin linssi on valmistettu kest\u00e4v\u00e4st\u00e4 polykarbonaatista ja runko on alumiinia. Liittimen\u00e4 toimii Deutsch 2-pin DTP-liitin.<\/span><\/p>\n<p><span lang=\"fi-FI\">Paneelin ledit ovat Osramin valmistamat ja t\u00e4ss\u00e4 mallissa niit\u00e4 on yhteens\u00e4 42 kappaletta.<\/span><\/p>\n<p align=\"left\"><span lang=\"fi-FI\">LuminaLights Scout Slim 1100 Curved -lis\u00e4valopaneelilla on ECE R112-hyv\u00e4ksynt\u00e4, eli se on hyv\u00e4ksytty tieliikenteeseen. Lis\u00e4valon referenssiluku on ainoastaan 50, joten sen voi huoletta asentaa suurimpaan osaan autoista. K\u00e4ytt\u00f6j\u00e4nnitealue t\u00e4ll\u00e4 LuminaLightsin paneelilla on 9\u201336V, joten se sopii k\u00e4ytett\u00e4v\u00e4ksi sek\u00e4 henkil\u00f6- ett\u00e4 kuorma-autoissa.<\/span><\/p>\n<p align=\"left\">\n<p align=\"left\"><span lang=\"fi-FI\">Miksi valitsisit LuminaLights Scout Slim 1100 Curvedin ajoneuvosi lis\u00e4valoksi?<\/span><\/p>\n<ul>\n<li>\n<p align=\"left\"><span lang=\"fi-FI\">LuminaLights on tuotemerkkin\u00e4 ollut markkinoiden varma valinta jo usean vuoden ajan, eik\u00e4 t\u00e4m\u00e4k\u00e4\u00e4n malli tee poikkeusta asian suhteen.<\/span><\/p>\n<\/li>\n<li>\n<p align=\"left\"><span lang=\"fi-FI\">LuminaLights-lis\u00e4valot ovat tunnettuja erinomaisesta hinta-laatusuhteesta.<\/span><\/p>\n<\/li>\n<li>\n<p align=\"left\"><span lang=\"fi-FI\">Tuttuun tapaan my\u00f6s t\u00e4ll\u00e4 tuoteperheen paneelilla on 24kk takuuaika. Se tarjoaa huolettomia kilometrej\u00e4 sek\u00e4 pitk\u00e4\u00e4 k\u00e4ytt\u00f6ik\u00e4\u00e4.<\/span><\/p>\n<\/li>\n<li>\n<p align=\"left\"><span lang=\"fi-FI\">Moderni ja tyylikk\u00e4\u00e4sti muotoiltu paneeli n\u00e4ytt\u00e4\u00e4 hyv\u00e4lt\u00e4 ajoneuvon kuin ajoneuvon katolla.<\/span><\/p>\n<\/li>\n<\/ul>\n<p><span lang=\"fi-FI\"><img loading=\"lazy\" decoding=\"async\" src=\"https:\/\/www.lumise.se\/storage\/product_images\/6\/tuotesivu_luminalightsscoutslim1100curved_8020105186_d6865fe6a5d8_6.webp\" alt=\"\" width=\"720\" height=\"241\" \/><\/span><\/p>\n","protected":false},"excerpt":{"rendered":"<p><a href=\"https:\/\/www.duunauspalvelutjarvi.fi\/?term=&amp;s=LuminaLights&amp;post_type=product&amp;taxonomy=product_cat\"><img loading=\"lazy\" decoding=\"async\" class=\"alignnone size-full wp-image-9939\" src=\"https:\/\/www.duunauspalvelutjarvi.fi\/wp-content\/uploads\/2021\/08\/luminalights_manufacturer_image.png\" alt=\"\" width=\"200\" height=\"65\" \/><\/a><\/p>\n","protected":false},"featured_media":14726,"comment_status":"open","ping_status":"closed","template":"","meta":[],"product_brand":[704],"product_cat":[44],"product_tag":[],"class_list":{"0":"post-9904","1":"product","2":"type-product","3":"status-publish","4":"has-post-thumbnail","6":"product_brand-luminalights","7":"product_cat-led-lisavalopaneelit","8":"product_shipping_class-xl-paketti","10":"first","11":"instock","12":"sale","13":"taxable","14":"shipping-taxable","15":"purchasable","16":"product-type-simple"},"yoast_head":"<!-- This site is optimized with the Yoast SEO plugin v27.4 - https:\/\/yoast.com\/product\/yoast-seo-wordpress\/ -->\n<title>LuminaLights Scout Slim 1100 Curved led-lis\u00e4valopaneeli -<\/title>\n<meta name=\"robots\" content=\"index, follow, max-snippet:-1, max-image-preview:large, max-video-preview:-1\" \/>\n<link rel=\"canonical\" href=\"https:\/\/www.duunauspalvelutjarvi.fi\/?product=led-lisavalopaneeli-luminalights-scout-slim-1100\" \/>\n<meta property=\"og:locale\" content=\"fi_FI\" \/>\n<meta property=\"og:type\" content=\"article\" \/>\n<meta property=\"og:title\" content=\"LuminaLights Scout Slim 1100 Curved led-lis\u00e4valopaneeli -\" \/>\n<meta property=\"og:url\" content=\"https:\/\/www.duunauspalvelutjarvi.fi\/?product=led-lisavalopaneeli-luminalights-scout-slim-1100\" \/>\n<meta property=\"article:modified_time\" content=\"2025-10-09T08:39:27+00:00\" \/>\n<meta property=\"og:image\" content=\"https:\/\/www.duunauspalvelutjarvi.fi\/wp-content\/uploads\/2021\/08\/LuminaLightsScoutSlim1100led-lisavalopaneeli_8020102783_3ac8502e77f6086069ae8dd64ee5ddb6_1.jpg\" \/>\n\t<meta property=\"og:image:width\" content=\"2000\" \/>\n\t<meta property=\"og:image:height\" content=\"2000\" \/>\n\t<meta property=\"og:image:type\" content=\"image\/jpeg\" \/>\n<meta name=\"twitter:card\" content=\"summary_large_image\" \/>\n<meta name=\"twitter:label1\" content=\"Arvioitu lukuaika\" \/>\n\t<meta name=\"twitter:data1\" content=\"3 minuuttia\" \/>\n<script type=\"application\/ld+json\" class=\"yoast-schema-graph\">{\"@context\":\"https:\\\/\\\/schema.org\",\"@graph\":[{\"@type\":\"WebPage\",\"@id\":\"https:\\\/\\\/www.duunauspalvelutjarvi.fi\\\/?product=led-lisavalopaneeli-luminalights-scout-slim-1100\",\"url\":\"https:\\\/\\\/www.duunauspalvelutjarvi.fi\\\/?product=led-lisavalopaneeli-luminalights-scout-slim-1100\",\"name\":\"LuminaLights Scout Slim 1100 Curved led-lis\u00e4valopaneeli -\",\"isPartOf\":{\"@id\":\"https:\\\/\\\/www.duunauspalvelutjarvi.fi\\\/#website\"},\"primaryImageOfPage\":{\"@id\":\"https:\\\/\\\/www.duunauspalvelutjarvi.fi\\\/?product=led-lisavalopaneeli-luminalights-scout-slim-1100#primaryimage\"},\"image\":{\"@id\":\"https:\\\/\\\/www.duunauspalvelutjarvi.fi\\\/?product=led-lisavalopaneeli-luminalights-scout-slim-1100#primaryimage\"},\"thumbnailUrl\":\"https:\\\/\\\/www.duunauspalvelutjarvi.fi\\\/wp-content\\\/uploads\\\/2021\\\/08\\\/LuminaLightsScoutSlim1100led-lisavalopaneeli_8020102783_3ac8502e77f6086069ae8dd64ee5ddb6_1.jpg\",\"datePublished\":\"2021-08-24T20:57:01+00:00\",\"dateModified\":\"2025-10-09T08:39:27+00:00\",\"breadcrumb\":{\"@id\":\"https:\\\/\\\/www.duunauspalvelutjarvi.fi\\\/?product=led-lisavalopaneeli-luminalights-scout-slim-1100#breadcrumb\"},\"inLanguage\":\"fi\",\"potentialAction\":[{\"@type\":\"ReadAction\",\"target\":[\"https:\\\/\\\/www.duunauspalvelutjarvi.fi\\\/?product=led-lisavalopaneeli-luminalights-scout-slim-1100\"]}]},{\"@type\":\"ImageObject\",\"inLanguage\":\"fi\",\"@id\":\"https:\\\/\\\/www.duunauspalvelutjarvi.fi\\\/?product=led-lisavalopaneeli-luminalights-scout-slim-1100#primaryimage\",\"url\":\"https:\\\/\\\/www.duunauspalvelutjarvi.fi\\\/wp-content\\\/uploads\\\/2021\\\/08\\\/LuminaLightsScoutSlim1100led-lisavalopaneeli_8020102783_3ac8502e77f6086069ae8dd64ee5ddb6_1.jpg\",\"contentUrl\":\"https:\\\/\\\/www.duunauspalvelutjarvi.fi\\\/wp-content\\\/uploads\\\/2021\\\/08\\\/LuminaLightsScoutSlim1100led-lisavalopaneeli_8020102783_3ac8502e77f6086069ae8dd64ee5ddb6_1.jpg\",\"width\":2000,\"height\":2000},{\"@type\":\"BreadcrumbList\",\"@id\":\"https:\\\/\\\/www.duunauspalvelutjarvi.fi\\\/?product=led-lisavalopaneeli-luminalights-scout-slim-1100#breadcrumb\",\"itemListElement\":[{\"@type\":\"ListItem\",\"position\":1,\"name\":\"Etusivu\",\"item\":\"https:\\\/\\\/www.duunauspalvelutjarvi.fi\\\/\"},{\"@type\":\"ListItem\",\"position\":2,\"name\":\"Etusivu\",\"item\":\"https:\\\/\\\/www.duunauspalvelutjarvi.fi\\\/\"},{\"@type\":\"ListItem\",\"position\":3,\"name\":\"LuminaLights Scout Slim 1100 Curved led-lis\u00e4valopaneeli\"}]},{\"@type\":\"WebSite\",\"@id\":\"https:\\\/\\\/www.duunauspalvelutjarvi.fi\\\/#website\",\"url\":\"https:\\\/\\\/www.duunauspalvelutjarvi.fi\\\/\",\"name\":\"\",\"description\":\"\",\"potentialAction\":[{\"@type\":\"SearchAction\",\"target\":{\"@type\":\"EntryPoint\",\"urlTemplate\":\"https:\\\/\\\/www.duunauspalvelutjarvi.fi\\\/?s={search_term_string}\"},\"query-input\":{\"@type\":\"PropertyValueSpecification\",\"valueRequired\":true,\"valueName\":\"search_term_string\"}}],\"inLanguage\":\"fi\"}]}<\/script>\n<!-- \/ Yoast SEO plugin. -->","yoast_head_json":{"title":"LuminaLights Scout Slim 1100 Curved led-lis\u00e4valopaneeli -","robots":{"index":"index","follow":"follow","max-snippet":"max-snippet:-1","max-image-preview":"max-image-preview:large","max-video-preview":"max-video-preview:-1"},"canonical":"https:\/\/www.duunauspalvelutjarvi.fi\/?product=led-lisavalopaneeli-luminalights-scout-slim-1100","og_locale":"fi_FI","og_type":"article","og_title":"LuminaLights Scout Slim 1100 Curved led-lis\u00e4valopaneeli -","og_url":"https:\/\/www.duunauspalvelutjarvi.fi\/?product=led-lisavalopaneeli-luminalights-scout-slim-1100","article_modified_time":"2025-10-09T08:39:27+00:00","og_image":[{"width":2000,"height":2000,"url":"https:\/\/www.duunauspalvelutjarvi.fi\/wp-content\/uploads\/2021\/08\/LuminaLightsScoutSlim1100led-lisavalopaneeli_8020102783_3ac8502e77f6086069ae8dd64ee5ddb6_1.jpg","type":"image\/jpeg"}],"twitter_card":"summary_large_image","twitter_misc":{"Arvioitu lukuaika":"3 minuuttia"},"schema":{"@context":"https:\/\/schema.org","@graph":[{"@type":"WebPage","@id":"https:\/\/www.duunauspalvelutjarvi.fi\/?product=led-lisavalopaneeli-luminalights-scout-slim-1100","url":"https:\/\/www.duunauspalvelutjarvi.fi\/?product=led-lisavalopaneeli-luminalights-scout-slim-1100","name":"LuminaLights Scout Slim 1100 Curved led-lis\u00e4valopaneeli -","isPartOf":{"@id":"https:\/\/www.duunauspalvelutjarvi.fi\/#website"},"primaryImageOfPage":{"@id":"https:\/\/www.duunauspalvelutjarvi.fi\/?product=led-lisavalopaneeli-luminalights-scout-slim-1100#primaryimage"},"image":{"@id":"https:\/\/www.duunauspalvelutjarvi.fi\/?product=led-lisavalopaneeli-luminalights-scout-slim-1100#primaryimage"},"thumbnailUrl":"https:\/\/www.duunauspalvelutjarvi.fi\/wp-content\/uploads\/2021\/08\/LuminaLightsScoutSlim1100led-lisavalopaneeli_8020102783_3ac8502e77f6086069ae8dd64ee5ddb6_1.jpg","datePublished":"2021-08-24T20:57:01+00:00","dateModified":"2025-10-09T08:39:27+00:00","breadcrumb":{"@id":"https:\/\/www.duunauspalvelutjarvi.fi\/?product=led-lisavalopaneeli-luminalights-scout-slim-1100#breadcrumb"},"inLanguage":"fi","potentialAction":[{"@type":"ReadAction","target":["https:\/\/www.duunauspalvelutjarvi.fi\/?product=led-lisavalopaneeli-luminalights-scout-slim-1100"]}]},{"@type":"ImageObject","inLanguage":"fi","@id":"https:\/\/www.duunauspalvelutjarvi.fi\/?product=led-lisavalopaneeli-luminalights-scout-slim-1100#primaryimage","url":"https:\/\/www.duunauspalvelutjarvi.fi\/wp-content\/uploads\/2021\/08\/LuminaLightsScoutSlim1100led-lisavalopaneeli_8020102783_3ac8502e77f6086069ae8dd64ee5ddb6_1.jpg","contentUrl":"https:\/\/www.duunauspalvelutjarvi.fi\/wp-content\/uploads\/2021\/08\/LuminaLightsScoutSlim1100led-lisavalopaneeli_8020102783_3ac8502e77f6086069ae8dd64ee5ddb6_1.jpg","width":2000,"height":2000},{"@type":"BreadcrumbList","@id":"https:\/\/www.duunauspalvelutjarvi.fi\/?product=led-lisavalopaneeli-luminalights-scout-slim-1100#breadcrumb","itemListElement":[{"@type":"ListItem","position":1,"name":"Etusivu","item":"https:\/\/www.duunauspalvelutjarvi.fi\/"},{"@type":"ListItem","position":2,"name":"Etusivu","item":"https:\/\/www.duunauspalvelutjarvi.fi\/"},{"@type":"ListItem","position":3,"name":"LuminaLights Scout Slim 1100 Curved led-lis\u00e4valopaneeli"}]},{"@type":"WebSite","@id":"https:\/\/www.duunauspalvelutjarvi.fi\/#website","url":"https:\/\/www.duunauspalvelutjarvi.fi\/","name":"","description":"","potentialAction":[{"@type":"SearchAction","target":{"@type":"EntryPoint","urlTemplate":"https:\/\/www.duunauspalvelutjarvi.fi\/?s={search_term_string}"},"query-input":{"@type":"PropertyValueSpecification","valueRequired":true,"valueName":"search_term_string"}}],"inLanguage":"fi"}]}},"jetpack_sharing_enabled":true,"_links":{"self":[{"href":"https:\/\/www.duunauspalvelutjarvi.fi\/index.php?rest_route=\/wp\/v2\/product\/9904","targetHints":{"allow":["GET"]}}],"collection":[{"href":"https:\/\/www.duunauspalvelutjarvi.fi\/index.php?rest_route=\/wp\/v2\/product"}],"about":[{"href":"https:\/\/www.duunauspalvelutjarvi.fi\/index.php?rest_route=\/wp\/v2\/types\/product"}],"replies":[{"embeddable":true,"href":"https:\/\/www.duunauspalvelutjarvi.fi\/index.php?rest_route=%2Fwp%2Fv2%2Fcomments&post=9904"}],"wp:featuredmedia":[{"embeddable":true,"href":"https:\/\/www.duunauspalvelutjarvi.fi\/index.php?rest_route=\/wp\/v2\/media\/14726"}],"wp:attachment":[{"href":"https:\/\/www.duunauspalvelutjarvi.fi\/index.php?rest_route=%2Fwp%2Fv2%2Fmedia&parent=9904"}],"wp:term":[{"taxonomy":"product_brand","embeddable":true,"href":"https:\/\/www.duunauspalvelutjarvi.fi\/index.php?rest_route=%2Fwp%2Fv2%2Fproduct_brand&post=9904"},{"taxonomy":"product_cat","embeddable":true,"href":"https:\/\/www.duunauspalvelutjarvi.fi\/index.php?rest_route=%2Fwp%2Fv2%2Fproduct_cat&post=9904"},{"taxonomy":"product_tag","embeddable":true,"href":"https:\/\/www.duunauspalvelutjarvi.fi\/index.php?rest_route=%2Fwp%2Fv2%2Fproduct_tag&post=9904"}],"curies":[{"name":"wp","href":"https:\/\/api.w.org\/{rel}","templated":true}]}}