{"id":9906,"date":"2021-08-24T23:59:53","date_gmt":"2021-08-24T20:59:53","guid":{"rendered":"https:\/\/www.duunauspalvelutjarvi.fi\/?post_type=product&#038;p=9906"},"modified":"2025-10-09T11:39:45","modified_gmt":"2025-10-09T08:39:45","slug":"led-lisavalopaneeli-luminalights-scout-dual-800","status":"publish","type":"product","link":"https:\/\/www.duunauspalvelutjarvi.fi\/?product=led-lisavalopaneeli-luminalights-scout-dual-800","title":{"rendered":"LuminaLights Scout MAX Dual 800 led-lis\u00e4valopaneeli"},"content":{"rendered":"<div class=\"col-12 col-lg-10\">\n<div class=\"ProductPageContent__description\">\n<div class=\"WysiwygContent\">\n<p align=\"justify\"><span lang=\"fi-FI\">Suosittu LuminaLights Scout -tuoteperhe on uudistunut! Uutuutena Scout-sarjaan on tullut tehollisesti huippuunsa viritetyt MAX-lis\u00e4valopaneelit. Paneeli on ulkoisesti eritt\u00e4in moderni ja sen suunnittelussa on huomioitu uusien ajoneuvojen muodot, joita t\u00e4m\u00e4 malli mukaileekin eritt\u00e4in hyvin.<\/span><\/p>\n<p align=\"justify\"><span lang=\"fi-FI\">Kahdessa riviss\u00e4 olevat ledit tuottavat tehokkaan yhdistelm\u00e4valokuvion, joka hajottaa paljon valoa my\u00f6s teiden reunoille, eli sinne miss\u00e4 sit\u00e4 eniten tarvitaan. Havaitset mm. pime\u00e4ss\u00e4 kulkevat el\u00e4imet aiemmin, jolloin reagointiaikaa j\u00e4\u00e4 enemm\u00e4n.<\/span><\/p>\n<p align=\"left\"><span lang=\"fi-FI\">Valon v\u00e4ri on aavistuksen kylm\u00e4ns\u00e4vyinen, joten se vastaa hyvin uudempien autojen omien valojen v\u00e4ril\u00e4mp\u00f6tilaa. Scout sopii erinomaisesti esimerkiksi LED-valotekniikalla varustettuihin ajoneuvoihin, koska lis\u00e4valo ja auton omat kaukovalot ovat v\u00e4rilt\u00e4\u00e4n l\u00e4hell\u00e4 toisiaan. Kylm\u00e4 v\u00e4ris\u00e4vy p\u00e4\u00e4see parhaiten oikeuksiinsa pime\u00e4ss\u00e4 syksyisess\u00e4 sadekeliss\u00e4, jolloin hyv\u00e4 n\u00e4kyvyys vaatii kirkasta valoa.<\/span><\/p>\n<p align=\"left\"><span lang=\"fi-FI\">Mik\u00e4li haussa on tehokas lis\u00e4valopaneeli, joka valaisee teiden reunat my\u00f6s syksyisess\u00e4 sadekeliss\u00e4 \u2013 t\u00e4ss\u00e4 on vaihtoehto, joka vastaa toiveisiinne.<\/span><\/p>\n<p align=\"left\"><span lang=\"fi-FI\">Huomioithan, ett\u00e4 MAX-malliston lis\u00e4valopaneeleilla ei ole tieliikennehyv\u00e4ksynt\u00e4\u00e4 vaan ne on sallittu ainoastaan maastok\u00e4ytt\u00f6\u00f6n.<\/span><\/p>\n<p><span lang=\"fi-FI\">T\u00e4h\u00e4n eleganttiin paneeliin on kehitetty miellytt\u00e4v\u00e4n leve\u00e4 yhdistelm\u00e4valokuvio kirkkaanvalkealla 5700K v\u00e4ril\u00e4mp\u00f6tilalla. Scout-lis\u00e4valopaneelin v\u00e4ril\u00e4mp\u00f6tila mukailee etenkin uudempien autojen ajovalojen v\u00e4ris\u00e4vy\u00e4, mutta on ehdottomasti erinomainen vaihtoehto my\u00f6s vanhempien ajovalojen rinnalle.<\/span><\/p>\n<p><span lang=\"fi-FI\">Mitatun valovirran osalta paneeli tuottaa 16 500 lumenia, joka on erinomainen lis\u00e4 auton omien valojen rinnalle.<\/span><\/p>\n<p><span lang=\"fi-FI\">Paketti sis\u00e4lt\u00e4\u00e4 taka- ja p\u00e4\u00e4tykiinnikkeet, joilla paneeli voidaan asentaa ajoneuvoosi juuri haluamallasi tavalla.<\/span><\/p>\n<p><span lang=\"fi-FI\">Kokonsa puolesta paneeli sopii erinomaisesti esimerkiksi paketti- ja lava-autojen keulalle tai vaihtoehtoisesti pienempien autojen katolle. Leveytt\u00e4 paneelilla on 815 mm ja syvyys on 67 mm. Maltillinen syvyys takaa sen, ettei paneeli ulotu kauaksi keulasta tavallisellakaan kilpitelineell\u00e4 asennettuna. Paneelin linssi on valmistettu kest\u00e4v\u00e4st\u00e4 polykarbonaatista ja runko on alumiinia. Liittimen\u00e4 toimii Deutsch 2-pin DTP-liitin.<\/span><\/p>\n<p><span lang=\"fi-FI\">Paneelin ledit ovat Osramin valmistamat ja t\u00e4ss\u00e4 mallissa niit\u00e4 on yhteens\u00e4 60 kappaletta.<\/span><\/p>\n<p align=\"left\"><span lang=\"fi-FI\">K\u00e4ytt\u00f6j\u00e4nnitealue t\u00e4ll\u00e4 LuminaLightsin paneelilla on 9\u201336V, joten se sopii k\u00e4ytett\u00e4v\u00e4ksi sek\u00e4 henkil\u00f6- ett\u00e4 kuorma-autoissa.<\/p>\n<p><\/span><\/p>\n<p><span lang=\"fi-FI\">Paneelin takuuaika on 24kk.<br \/>\n<\/span><\/p>\n<\/div>\n<\/div>\n<\/div>\n<div class=\"ProductPageContent__description-details col-sm-12 col-lg-2\">\n<h6>Lis\u00e4tiedot<\/h6>\n<div>\n<div class=\"ProductExtraInfo ProductExtraInfo--single-column\">\n<ul class=\"inline-dot\">\n<li class=\"ProductExtraInfo--warranty\"><span class=\"ProductWarranty\">Takuu:\u00a0<span class=\"ProductWarranty__warranty\">2 vuotta<\/span><\/span><\/li>\n<li class=\"ProductExtraInfo--property-4\">V\u00e4ril\u00e4mp\u00f6tila:\u00a05700<\/li>\n<li class=\"ProductExtraInfo--property-5\">Valokuvio:\u00a0Yhdistelm\u00e4kuvio<\/li>\n<li class=\"ProductExtraInfo--property-6\">Lasin v\u00e4ri:\u00a0Kirkas<\/li>\n<li class=\"ProductExtraInfo--property-12\">Referenssiluku:\u00a0Ainoastaan maastok\u00e4ytt\u00f6n<\/li>\n<li class=\"ProductExtraInfo--property-13\">Kaapelin pituus:\u00a01 m<\/li>\n<li class=\"ProductExtraInfo--property-38\">Setti:\u00a01 kpl &#8211; pelkk\u00e4 valo<\/li>\n<li class=\"ProductExtraInfo--property-40\">Liittimen tyyppi:\u00a02-Pin DTP-liitin<\/li>\n<li class=\"ProductExtraInfo--property-59\">Ip-luokitus:\u00a0IP69K<\/li>\n<li class=\"ProductExtraInfo--property-65\">Kiinnitystapa:\u00a0Bolt<\/li>\n<li class=\"ProductExtraInfo--property-72\">Ledien m\u00e4\u00e4r\u00e4:\u00a060<\/li>\n<li class=\"ProductExtraInfo--property-74\">Valonl\u00e4hde:\u00a0LED<\/li>\n<li class=\"ProductExtraInfo--property-109\">syvyys (mm):\u00a067<\/li>\n<li class=\"ProductExtraInfo--property-110\">korkeus (mm):\u00a070<\/li>\n<li class=\"ProductExtraInfo--property-111\">leveys (mm):\u00a0815<\/li>\n<li class=\"ProductExtraInfo--property-112\">Tuotesarja:\u00a0Scout MAX<\/li>\n<li class=\"ProductExtraInfo--property-113\">K\u00e4ytt\u00f6j\u00e4nnitealue:\u00a09-36V<\/li>\n<li class=\"ProductExtraInfo--property-115\">Linssin materiaali:\u00a0Polycarbonate<\/li>\n<li class=\"ProductExtraInfo--property-118\">Rungon materiaali:\u00a0Aluminium<\/li>\n<li class=\"ProductExtraInfo--property-121\">LED-valmistaja:\u00a0Osram<\/li>\n<li class=\"ProductExtraInfo--property-122\">Mitattu valovirta:\u00a016500<\/li>\n<li class=\"ProductExtraInfo--property-131\">Nimellisteho (W):\u00a0300<\/li>\n<\/ul>\n<\/div>\n<\/div>\n<\/div>\n","protected":false},"excerpt":{"rendered":"<p>Suosittu LuminaLights Scout -tuoteperhe on uudistunut! Uutuutena Scout-sarjaan on tullut tehollisesti huippuunsa viritetyt MAX-lis\u00e4valopaneelit. Paneeli on ulkoisesti eritt\u00e4in moderni ja sen suunnittelussa on huomioitu uusien ajoneuvojen muodot, joita t\u00e4m\u00e4 malli mukaileekin eritt\u00e4in hyvin. Kahdessa riviss\u00e4 olevat ledit tuottavat tehokkaan yhdistelm\u00e4valokuvion, joka hajottaa paljon valoa my\u00f6s teiden reunoille, eli sinne miss\u00e4 sit\u00e4 eniten tarvitaan. Havaitset mm. [&hellip;]<\/p>\n","protected":false},"featured_media":14718,"comment_status":"open","ping_status":"closed","template":"","meta":[],"product_brand":[704],"product_cat":[44],"product_tag":[],"class_list":{"0":"post-9906","1":"product","2":"type-product","3":"status-publish","4":"has-post-thumbnail","6":"product_brand-luminalights","7":"product_cat-led-lisavalopaneelit","8":"product_shipping_class-xl-paketti","10":"first","11":"instock","12":"taxable","13":"shipping-taxable","14":"purchasable","15":"product-type-variable"},"yoast_head":"<!-- This site is optimized with the Yoast SEO plugin v27.5 - https:\/\/yoast.com\/product\/yoast-seo-wordpress\/ -->\n<title>LuminaLights Scout MAX Dual 800 led-lis\u00e4valopaneeli -<\/title>\n<meta name=\"robots\" content=\"index, follow, max-snippet:-1, max-image-preview:large, max-video-preview:-1\" \/>\n<link rel=\"canonical\" href=\"https:\/\/www.duunauspalvelutjarvi.fi\/?product=led-lisavalopaneeli-luminalights-scout-dual-800\" \/>\n<meta property=\"og:locale\" content=\"fi_FI\" \/>\n<meta property=\"og:type\" content=\"article\" \/>\n<meta property=\"og:title\" content=\"LuminaLights Scout MAX Dual 800 led-lis\u00e4valopaneeli -\" \/>\n<meta property=\"og:description\" content=\"Suosittu LuminaLights Scout -tuoteperhe on uudistunut! Uutuutena Scout-sarjaan on tullut tehollisesti huippuunsa viritetyt MAX-lis\u00e4valopaneelit. Paneeli on ulkoisesti eritt\u00e4in moderni ja sen suunnittelussa on huomioitu uusien ajoneuvojen muodot, joita t\u00e4m\u00e4 malli mukaileekin eritt\u00e4in hyvin. Kahdessa riviss\u00e4 olevat ledit tuottavat tehokkaan yhdistelm\u00e4valokuvion, joka hajottaa paljon valoa my\u00f6s teiden reunoille, eli sinne miss\u00e4 sit\u00e4 eniten tarvitaan. Havaitset mm. [&hellip;]\" \/>\n<meta property=\"og:url\" content=\"https:\/\/www.duunauspalvelutjarvi.fi\/?product=led-lisavalopaneeli-luminalights-scout-dual-800\" \/>\n<meta property=\"article:modified_time\" content=\"2025-10-09T08:39:45+00:00\" \/>\n<meta property=\"og:image\" content=\"https:\/\/www.duunauspalvelutjarvi.fi\/wp-content\/uploads\/2021\/08\/LuminaLightsScoutMAXDual800_8020105199_3ef68856d1727bd153b989d8422f1797_1.jpg\" \/>\n\t<meta property=\"og:image:width\" content=\"2000\" \/>\n\t<meta property=\"og:image:height\" content=\"2000\" \/>\n\t<meta property=\"og:image:type\" content=\"image\/jpeg\" \/>\n<meta name=\"twitter:card\" content=\"summary_large_image\" \/>\n<meta name=\"twitter:label1\" content=\"Arvioitu lukuaika\" \/>\n\t<meta name=\"twitter:data1\" content=\"3 minuuttia\" \/>\n<script type=\"application\/ld+json\" class=\"yoast-schema-graph\">{\"@context\":\"https:\\\/\\\/schema.org\",\"@graph\":[{\"@type\":\"WebPage\",\"@id\":\"https:\\\/\\\/www.duunauspalvelutjarvi.fi\\\/?product=led-lisavalopaneeli-luminalights-scout-dual-800\",\"url\":\"https:\\\/\\\/www.duunauspalvelutjarvi.fi\\\/?product=led-lisavalopaneeli-luminalights-scout-dual-800\",\"name\":\"LuminaLights Scout MAX Dual 800 led-lis\u00e4valopaneeli -\",\"isPartOf\":{\"@id\":\"https:\\\/\\\/www.duunauspalvelutjarvi.fi\\\/#website\"},\"primaryImageOfPage\":{\"@id\":\"https:\\\/\\\/www.duunauspalvelutjarvi.fi\\\/?product=led-lisavalopaneeli-luminalights-scout-dual-800#primaryimage\"},\"image\":{\"@id\":\"https:\\\/\\\/www.duunauspalvelutjarvi.fi\\\/?product=led-lisavalopaneeli-luminalights-scout-dual-800#primaryimage\"},\"thumbnailUrl\":\"https:\\\/\\\/www.duunauspalvelutjarvi.fi\\\/wp-content\\\/uploads\\\/2021\\\/08\\\/LuminaLightsScoutMAXDual800_8020105199_3ef68856d1727bd153b989d8422f1797_1.jpg\",\"datePublished\":\"2021-08-24T20:59:53+00:00\",\"dateModified\":\"2025-10-09T08:39:45+00:00\",\"breadcrumb\":{\"@id\":\"https:\\\/\\\/www.duunauspalvelutjarvi.fi\\\/?product=led-lisavalopaneeli-luminalights-scout-dual-800#breadcrumb\"},\"inLanguage\":\"fi\",\"potentialAction\":[{\"@type\":\"ReadAction\",\"target\":[\"https:\\\/\\\/www.duunauspalvelutjarvi.fi\\\/?product=led-lisavalopaneeli-luminalights-scout-dual-800\"]}]},{\"@type\":\"ImageObject\",\"inLanguage\":\"fi\",\"@id\":\"https:\\\/\\\/www.duunauspalvelutjarvi.fi\\\/?product=led-lisavalopaneeli-luminalights-scout-dual-800#primaryimage\",\"url\":\"https:\\\/\\\/www.duunauspalvelutjarvi.fi\\\/wp-content\\\/uploads\\\/2021\\\/08\\\/LuminaLightsScoutMAXDual800_8020105199_3ef68856d1727bd153b989d8422f1797_1.jpg\",\"contentUrl\":\"https:\\\/\\\/www.duunauspalvelutjarvi.fi\\\/wp-content\\\/uploads\\\/2021\\\/08\\\/LuminaLightsScoutMAXDual800_8020105199_3ef68856d1727bd153b989d8422f1797_1.jpg\",\"width\":2000,\"height\":2000},{\"@type\":\"BreadcrumbList\",\"@id\":\"https:\\\/\\\/www.duunauspalvelutjarvi.fi\\\/?product=led-lisavalopaneeli-luminalights-scout-dual-800#breadcrumb\",\"itemListElement\":[{\"@type\":\"ListItem\",\"position\":1,\"name\":\"Etusivu\",\"item\":\"https:\\\/\\\/www.duunauspalvelutjarvi.fi\\\/\"},{\"@type\":\"ListItem\",\"position\":2,\"name\":\"Etusivu\",\"item\":\"https:\\\/\\\/www.duunauspalvelutjarvi.fi\\\/\"},{\"@type\":\"ListItem\",\"position\":3,\"name\":\"LuminaLights Scout MAX Dual 800 led-lis\u00e4valopaneeli\"}]},{\"@type\":\"WebSite\",\"@id\":\"https:\\\/\\\/www.duunauspalvelutjarvi.fi\\\/#website\",\"url\":\"https:\\\/\\\/www.duunauspalvelutjarvi.fi\\\/\",\"name\":\"\",\"description\":\"\",\"potentialAction\":[{\"@type\":\"SearchAction\",\"target\":{\"@type\":\"EntryPoint\",\"urlTemplate\":\"https:\\\/\\\/www.duunauspalvelutjarvi.fi\\\/?s={search_term_string}\"},\"query-input\":{\"@type\":\"PropertyValueSpecification\",\"valueRequired\":true,\"valueName\":\"search_term_string\"}}],\"inLanguage\":\"fi\"}]}<\/script>\n<!-- \/ Yoast SEO plugin. -->","yoast_head_json":{"title":"LuminaLights Scout MAX Dual 800 led-lis\u00e4valopaneeli -","robots":{"index":"index","follow":"follow","max-snippet":"max-snippet:-1","max-image-preview":"max-image-preview:large","max-video-preview":"max-video-preview:-1"},"canonical":"https:\/\/www.duunauspalvelutjarvi.fi\/?product=led-lisavalopaneeli-luminalights-scout-dual-800","og_locale":"fi_FI","og_type":"article","og_title":"LuminaLights Scout MAX Dual 800 led-lis\u00e4valopaneeli -","og_description":"Suosittu LuminaLights Scout -tuoteperhe on uudistunut! Uutuutena Scout-sarjaan on tullut tehollisesti huippuunsa viritetyt MAX-lis\u00e4valopaneelit. Paneeli on ulkoisesti eritt\u00e4in moderni ja sen suunnittelussa on huomioitu uusien ajoneuvojen muodot, joita t\u00e4m\u00e4 malli mukaileekin eritt\u00e4in hyvin. Kahdessa riviss\u00e4 olevat ledit tuottavat tehokkaan yhdistelm\u00e4valokuvion, joka hajottaa paljon valoa my\u00f6s teiden reunoille, eli sinne miss\u00e4 sit\u00e4 eniten tarvitaan. Havaitset mm. [&hellip;]","og_url":"https:\/\/www.duunauspalvelutjarvi.fi\/?product=led-lisavalopaneeli-luminalights-scout-dual-800","article_modified_time":"2025-10-09T08:39:45+00:00","og_image":[{"width":2000,"height":2000,"url":"https:\/\/www.duunauspalvelutjarvi.fi\/wp-content\/uploads\/2021\/08\/LuminaLightsScoutMAXDual800_8020105199_3ef68856d1727bd153b989d8422f1797_1.jpg","type":"image\/jpeg"}],"twitter_card":"summary_large_image","twitter_misc":{"Arvioitu lukuaika":"3 minuuttia"},"schema":{"@context":"https:\/\/schema.org","@graph":[{"@type":"WebPage","@id":"https:\/\/www.duunauspalvelutjarvi.fi\/?product=led-lisavalopaneeli-luminalights-scout-dual-800","url":"https:\/\/www.duunauspalvelutjarvi.fi\/?product=led-lisavalopaneeli-luminalights-scout-dual-800","name":"LuminaLights Scout MAX Dual 800 led-lis\u00e4valopaneeli -","isPartOf":{"@id":"https:\/\/www.duunauspalvelutjarvi.fi\/#website"},"primaryImageOfPage":{"@id":"https:\/\/www.duunauspalvelutjarvi.fi\/?product=led-lisavalopaneeli-luminalights-scout-dual-800#primaryimage"},"image":{"@id":"https:\/\/www.duunauspalvelutjarvi.fi\/?product=led-lisavalopaneeli-luminalights-scout-dual-800#primaryimage"},"thumbnailUrl":"https:\/\/www.duunauspalvelutjarvi.fi\/wp-content\/uploads\/2021\/08\/LuminaLightsScoutMAXDual800_8020105199_3ef68856d1727bd153b989d8422f1797_1.jpg","datePublished":"2021-08-24T20:59:53+00:00","dateModified":"2025-10-09T08:39:45+00:00","breadcrumb":{"@id":"https:\/\/www.duunauspalvelutjarvi.fi\/?product=led-lisavalopaneeli-luminalights-scout-dual-800#breadcrumb"},"inLanguage":"fi","potentialAction":[{"@type":"ReadAction","target":["https:\/\/www.duunauspalvelutjarvi.fi\/?product=led-lisavalopaneeli-luminalights-scout-dual-800"]}]},{"@type":"ImageObject","inLanguage":"fi","@id":"https:\/\/www.duunauspalvelutjarvi.fi\/?product=led-lisavalopaneeli-luminalights-scout-dual-800#primaryimage","url":"https:\/\/www.duunauspalvelutjarvi.fi\/wp-content\/uploads\/2021\/08\/LuminaLightsScoutMAXDual800_8020105199_3ef68856d1727bd153b989d8422f1797_1.jpg","contentUrl":"https:\/\/www.duunauspalvelutjarvi.fi\/wp-content\/uploads\/2021\/08\/LuminaLightsScoutMAXDual800_8020105199_3ef68856d1727bd153b989d8422f1797_1.jpg","width":2000,"height":2000},{"@type":"BreadcrumbList","@id":"https:\/\/www.duunauspalvelutjarvi.fi\/?product=led-lisavalopaneeli-luminalights-scout-dual-800#breadcrumb","itemListElement":[{"@type":"ListItem","position":1,"name":"Etusivu","item":"https:\/\/www.duunauspalvelutjarvi.fi\/"},{"@type":"ListItem","position":2,"name":"Etusivu","item":"https:\/\/www.duunauspalvelutjarvi.fi\/"},{"@type":"ListItem","position":3,"name":"LuminaLights Scout MAX Dual 800 led-lis\u00e4valopaneeli"}]},{"@type":"WebSite","@id":"https:\/\/www.duunauspalvelutjarvi.fi\/#website","url":"https:\/\/www.duunauspalvelutjarvi.fi\/","name":"","description":"","potentialAction":[{"@type":"SearchAction","target":{"@type":"EntryPoint","urlTemplate":"https:\/\/www.duunauspalvelutjarvi.fi\/?s={search_term_string}"},"query-input":{"@type":"PropertyValueSpecification","valueRequired":true,"valueName":"search_term_string"}}],"inLanguage":"fi"}]}},"jetpack_sharing_enabled":true,"_links":{"self":[{"href":"https:\/\/www.duunauspalvelutjarvi.fi\/index.php?rest_route=\/wp\/v2\/product\/9906","targetHints":{"allow":["GET"]}}],"collection":[{"href":"https:\/\/www.duunauspalvelutjarvi.fi\/index.php?rest_route=\/wp\/v2\/product"}],"about":[{"href":"https:\/\/www.duunauspalvelutjarvi.fi\/index.php?rest_route=\/wp\/v2\/types\/product"}],"replies":[{"embeddable":true,"href":"https:\/\/www.duunauspalvelutjarvi.fi\/index.php?rest_route=%2Fwp%2Fv2%2Fcomments&post=9906"}],"wp:featuredmedia":[{"embeddable":true,"href":"https:\/\/www.duunauspalvelutjarvi.fi\/index.php?rest_route=\/wp\/v2\/media\/14718"}],"wp:attachment":[{"href":"https:\/\/www.duunauspalvelutjarvi.fi\/index.php?rest_route=%2Fwp%2Fv2%2Fmedia&parent=9906"}],"wp:term":[{"taxonomy":"product_brand","embeddable":true,"href":"https:\/\/www.duunauspalvelutjarvi.fi\/index.php?rest_route=%2Fwp%2Fv2%2Fproduct_brand&post=9906"},{"taxonomy":"product_cat","embeddable":true,"href":"https:\/\/www.duunauspalvelutjarvi.fi\/index.php?rest_route=%2Fwp%2Fv2%2Fproduct_cat&post=9906"},{"taxonomy":"product_tag","embeddable":true,"href":"https:\/\/www.duunauspalvelutjarvi.fi\/index.php?rest_route=%2Fwp%2Fv2%2Fproduct_tag&post=9906"}],"curies":[{"name":"wp","href":"https:\/\/api.w.org\/{rel}","templated":true}]}}