{"id":9921,"date":"2021-08-25T00:19:57","date_gmt":"2021-08-24T21:19:57","guid":{"rendered":"https:\/\/www.duunauspalvelutjarvi.fi\/?post_type=product&#038;p=9921"},"modified":"2025-10-09T11:39:55","modified_gmt":"2025-10-09T08:39:55","slug":"led-lisavalopaneeli-luminalights-scout-one-800","status":"publish","type":"product","link":"https:\/\/www.duunauspalvelutjarvi.fi\/?product=led-lisavalopaneeli-luminalights-scout-one-800","title":{"rendered":"LED-lis\u00e4valopaneeli LuminaLights Scout Dual 800"},"content":{"rendered":"<div class=\"col-12 col-lg-10\">\n<div class=\"ProductPageContent__description\">\n<div class=\"WysiwygContent\">\n<p><strong>LED-lis\u00e4valopaneeli LuminaLights Scout Dual 800<\/strong>\u00a0on Luminalightsin uuden Scout tuoteperheen huipputehokas ja tyylik\u00e4s lis\u00e4valouutuus! Huikea valonteho, erinomainen yhdistelm\u00e4valokuvio sek\u00e4 suorituskykyyn n\u00e4hden kompakti koko tekev\u00e4t Luminalights Scout Dual 800 lis\u00e4valosta erinomaisen vaihtoehdon suorituskykyist\u00e4 ja laadukasta lis\u00e4valoa hakevalle kilpailukykyiseen hintaan! Tarkasti suunniteltu valokuvio tarjoaa monipuolisesti kantamaa sek\u00e4 leve\u00e4sti hajavaloa pientareille. N\u00e4in ollen valoa saadaan juuri sinne, miss\u00e4 sit\u00e4 tarvitaankin! Scout Dual mallisarjan valoissa on erityisen\u00e4 ominaisuutena kehykset\u00f6n etuosa, joka erityisesti lumisilla keleill\u00e4 takaa, ett\u00e4 lumi ja loska ei kerry valaisimen linssiin reunoille. N\u00e4in ollen Scout Dual lis\u00e4valot tarjoavat huikeaa toimintavarmuutta haastavammissakin olosuhteissa!<\/p>\n<p>Luminalights Scout mallisarjan valoissa on erityisen\u00e4 ominaisuutena kehykset\u00f6n etuosa, joka erityisesti lumisilla keleill\u00e4 takaa, ett\u00e4 lumi ja loska ei kerry valaisimen linssiin reunoille. N\u00e4in ollen Luminalights Scout Dual lis\u00e4valot tarjoavat huikeaa toimintavarmuutta haastavammissakin olosuhteissa! Valaisimen mukana tulee tukevat liukus\u00e4\u00e4dett\u00e4v\u00e4t kiskokiinnikkeet, joilla asennus onnistuu helposti. Lis\u00e4ksi valaisimeen on saatavilla lis\u00e4varusteena erikseen p\u00e4\u00e4tykiinnikkeet, jotka l\u00f6yd\u00e4t painamalla<strong> <a href=\"https:\/\/www.duunauspalvelutjarvi.fi\/?product=luminalights-scout-slim-sivukiinnityssarja\">T\u00c4ST\u00c4<\/a><\/strong>.<\/p>\n<p><strong>Luminalights Scout tuoteperheest\u00e4<\/strong>\u00a0l\u00f6ytyv\u00e4t my\u00f6s Dualia sirompi ja matalampi Scout Slim mallisarja sek\u00e4 tuoteperheen tarkimmin rajatulla valokuviolla varustettu Scout One mallisarja, jossa valokuvio erityisesti korkeussuuntaan on rajatumpi ja matalampi. T\u00e4m\u00e4n my\u00f6t\u00e4 Scout One mallit soveltuvat erinomaisesti matalampiin asennuksiin. Kaikki muut Scout mallit l\u00f6yd\u00e4t painamalla<strong>\u00a0<a href=\"https:\/\/www.duunauspalvelutjarvi.fi\/?post_type=product&amp;s=scout&amp;product_cat=\">T\u00c4ST\u00c4<\/a><\/strong>.<\/p>\n<p><strong>Loistava hinta-laatusuhde!<\/strong><\/p>\n<p>&nbsp;<\/p>\n<p><strong><span lang=\"en\">Valitse pelkk\u00e4 valaisin, tai valmis lis\u00e4valopaketti.<\/span><\/strong><\/p>\n<p><strong>1 valon t\u00e4ydellinen lis\u00e4valopaketti kilpitelineell\u00e4:<\/strong><\/p>\n<ul>\n<li>1 kpl LuminaLights Scout Dual 800 lis\u00e4valo<\/li>\n<li>Relejohtosarja DT-2 liittimill\u00e4<\/li>\n<li>Kilpiteline<\/li>\n<li>Kiinnitysruuvit lis\u00e4valotelineelle<\/li>\n<\/ul>\n<p><strong>Tekniset tiedot:<\/strong><br \/>\n\u2022 115W<br \/>\n\u2022 Referenssiluku: 50<br \/>\n\u2022 J\u00e4nnite: 9-36V<br \/>\n\u2022 Valoteho: 25 200 lm (raw)<br \/>\n\u2022 V\u00e4ril\u00e4mp\u00f6tila 5700K<br \/>\n\u2022 Ledin k\u00e4ytt\u00f6ik\u00e4 yli 30 000h<br \/>\n\u2022 Leveys: 815mm<br \/>\n\u2022 Korkeus: 70mm (Ilman kiinnitysjalkaa)<br \/>\n\u2022 Syvyys: 67mm<br \/>\n\u2022 Virtajohdossa Deutch DTP 2-pin liitin<br \/>\n\u2022 Sis\u00e4lt\u00e4\u00e4 my\u00f6s Deutch DTP 2-pin liittimen vastakappaleen johdolla<br \/>\n\u2022 Kest\u00e4v\u00e4 polykarbonaattilinssi<br \/>\n\u2022 Alumiinirunko<br \/>\n\u2022 Tukevat liukus\u00e4\u00e4dett\u00e4v\u00e4t kiskokiinnikkeet<br \/>\n\u2022 Hyv\u00e4ksytty tieliikennek\u00e4ytt\u00f6\u00f6n<br \/>\n\u2022 ECE R112, ECE R10<br \/>\n\u2022 Takuu: 24kk<br \/>\n\u2022 IP67<br \/>\n\u2022 K\u00e4ytt\u00f6ohje suomeksi, ruotsiksi, englanniksi ja norjaksi.<\/p>\n<\/div>\n<\/div>\n<\/div>\n<div class=\"ProductPageContent__description-details col-sm-12 col-lg-2\">\n<div class=\"lazyload-wrapper \"><\/div>\n<div>\n<h6>Lis\u00e4tiedot<\/h6>\n<div>\n<div class=\"ProductExtraInfo ProductExtraInfo--single-column\">\n<ul class=\"inline-dot\">\n<li class=\"ProductExtraInfo--warranty\"><span class=\"ProductWarranty\">Takuu:\u00a0<span class=\"ProductWarranty__warranty\">2 vuotta<\/span><\/span><\/li>\n<li class=\"ProductExtraInfo--property-4\">V\u00e4ril\u00e4mp\u00f6tila:\u00a05700<\/li>\n<li class=\"ProductExtraInfo--property-5\">Valokuvio:\u00a0Yhdistelm\u00e4kuvio<\/li>\n<li class=\"ProductExtraInfo--property-6\">Lasin v\u00e4ri:\u00a0Kirkas<\/li>\n<li class=\"ProductExtraInfo--property-10\">V\u00e4ri:\u00a0Musta<\/li>\n<li class=\"ProductExtraInfo--property-12\">Referenssiluku:\u00a050<\/li>\n<li class=\"ProductExtraInfo--property-38\">Setti:\u00a01 kpl &#8211; t\u00e4ydellinen paketti<\/li>\n<li class=\"ProductExtraInfo--property-40\">Liittimen tyyppi:\u00a02-Pin DTP-liitin<\/li>\n<li class=\"ProductExtraInfo--property-59\">Ip-luokitus:\u00a0IP67<\/li>\n<li class=\"ProductExtraInfo--property-65\">Kiinnitystapa:\u00a0Bolt<\/li>\n<li class=\"ProductExtraInfo--property-72\">Ledien m\u00e4\u00e4r\u00e4:\u00a060<\/li>\n<li class=\"ProductExtraInfo--property-74\">Valonl\u00e4hde:\u00a0LED<\/li>\n<li class=\"ProductExtraInfo--property-106\">K\u00e4ytt\u00f6j\u00e4nnite:\u00a024<\/li>\n<li class=\"ProductExtraInfo--property-109\">syvyys (mm):\u00a067<\/li>\n<li class=\"ProductExtraInfo--property-110\">korkeus (mm):\u00a070<\/li>\n<li class=\"ProductExtraInfo--property-111\">leveys (mm):\u00a0815<\/li>\n<li class=\"ProductExtraInfo--property-112\">Tuotesarja:\u00a0Scout Dual<\/li>\n<li class=\"ProductExtraInfo--property-113\">K\u00e4ytt\u00f6j\u00e4nnitealue:\u00a09-36V<\/li>\n<li class=\"ProductExtraInfo--property-114\">ECE-hyv\u00e4ksynt\u00e4:\u00a0R112<\/li>\n<li class=\"ProductExtraInfo--property-115\">Linssin materiaali:\u00a0Polycarbonate<\/li>\n<li class=\"ProductExtraInfo--property-119\">Valovirta (teoreettinen):\u00a025200<\/li>\n<li class=\"ProductExtraInfo--property-121\">LED-valmistaja:\u00a0Osram<\/li>\n<li class=\"ProductExtraInfo--property-126\">EMC-hyv\u00e4ksynt\u00e4:\u00a0ECE R10<\/li>\n<\/ul>\n<\/div>\n<\/div>\n<\/div>\n<\/div>\n","protected":false},"excerpt":{"rendered":"<p>LED-lis\u00e4valopaneeli LuminaLights Scout Dual 800\u00a0on Luminalightsin uuden Scout tuoteperheen huipputehokas ja tyylik\u00e4s lis\u00e4valouutuus! Huikea valonteho, erinomainen yhdistelm\u00e4valokuvio sek\u00e4 suorituskykyyn n\u00e4hden kompakti koko tekev\u00e4t Luminalights Scout Dual 800 lis\u00e4valosta erinomaisen vaihtoehdon suorituskykyist\u00e4 ja laadukasta lis\u00e4valoa hakevalle kilpailukykyiseen hintaan! Tarkasti suunniteltu valokuvio tarjoaa monipuolisesti kantamaa sek\u00e4 leve\u00e4sti hajavaloa pientareille. N\u00e4in ollen valoa saadaan juuri sinne, miss\u00e4 sit\u00e4 [&hellip;]<\/p>\n","protected":false},"featured_media":14713,"comment_status":"open","ping_status":"closed","template":"","meta":[],"product_brand":[704],"product_cat":[44],"product_tag":[],"class_list":{"0":"post-9921","1":"product","2":"type-product","3":"status-publish","4":"has-post-thumbnail","6":"product_brand-luminalights","7":"product_cat-led-lisavalopaneelit","8":"product_shipping_class-xl-paketti","10":"first","11":"instock","12":"sale","13":"taxable","14":"shipping-taxable","15":"purchasable","16":"product-type-variable"},"yoast_head":"<!-- This site is optimized with the Yoast SEO plugin v27.3 - https:\/\/yoast.com\/product\/yoast-seo-wordpress\/ -->\n<title>LED-lis\u00e4valopaneeli LuminaLights Scout Dual 800 -<\/title>\n<meta name=\"robots\" content=\"index, follow, max-snippet:-1, max-image-preview:large, max-video-preview:-1\" \/>\n<link rel=\"canonical\" href=\"https:\/\/www.duunauspalvelutjarvi.fi\/?product=led-lisavalopaneeli-luminalights-scout-one-800\" \/>\n<meta property=\"og:locale\" content=\"fi_FI\" \/>\n<meta property=\"og:type\" content=\"article\" \/>\n<meta property=\"og:title\" content=\"LED-lis\u00e4valopaneeli LuminaLights Scout Dual 800 -\" \/>\n<meta property=\"og:description\" content=\"LED-lis\u00e4valopaneeli LuminaLights Scout Dual 800\u00a0on Luminalightsin uuden Scout tuoteperheen huipputehokas ja tyylik\u00e4s lis\u00e4valouutuus! Huikea valonteho, erinomainen yhdistelm\u00e4valokuvio sek\u00e4 suorituskykyyn n\u00e4hden kompakti koko tekev\u00e4t Luminalights Scout Dual 800 lis\u00e4valosta erinomaisen vaihtoehdon suorituskykyist\u00e4 ja laadukasta lis\u00e4valoa hakevalle kilpailukykyiseen hintaan! Tarkasti suunniteltu valokuvio tarjoaa monipuolisesti kantamaa sek\u00e4 leve\u00e4sti hajavaloa pientareille. N\u00e4in ollen valoa saadaan juuri sinne, miss\u00e4 sit\u00e4 [&hellip;]\" \/>\n<meta property=\"og:url\" content=\"https:\/\/www.duunauspalvelutjarvi.fi\/?product=led-lisavalopaneeli-luminalights-scout-one-800\" \/>\n<meta property=\"article:modified_time\" content=\"2025-10-09T08:39:55+00:00\" \/>\n<meta property=\"og:image\" content=\"https:\/\/www.duunauspalvelutjarvi.fi\/wp-content\/uploads\/2021\/08\/LuminaLightsScoutDual800led-lisavalopaneeli_8020102774_ec7556f837cecb071b15a8ffa4e3bf54_1.jpg\" \/>\n\t<meta property=\"og:image:width\" content=\"2000\" \/>\n\t<meta property=\"og:image:height\" content=\"2000\" \/>\n\t<meta property=\"og:image:type\" content=\"image\/jpeg\" \/>\n<meta name=\"twitter:card\" content=\"summary_large_image\" \/>\n<meta name=\"twitter:label1\" content=\"Arvioitu lukuaika\" \/>\n\t<meta name=\"twitter:data1\" content=\"3 minuuttia\" \/>\n<script type=\"application\/ld+json\" class=\"yoast-schema-graph\">{\"@context\":\"https:\\\/\\\/schema.org\",\"@graph\":[{\"@type\":\"WebPage\",\"@id\":\"https:\\\/\\\/www.duunauspalvelutjarvi.fi\\\/?product=led-lisavalopaneeli-luminalights-scout-one-800\",\"url\":\"https:\\\/\\\/www.duunauspalvelutjarvi.fi\\\/?product=led-lisavalopaneeli-luminalights-scout-one-800\",\"name\":\"LED-lis\u00e4valopaneeli LuminaLights Scout Dual 800 -\",\"isPartOf\":{\"@id\":\"https:\\\/\\\/www.duunauspalvelutjarvi.fi\\\/#website\"},\"primaryImageOfPage\":{\"@id\":\"https:\\\/\\\/www.duunauspalvelutjarvi.fi\\\/?product=led-lisavalopaneeli-luminalights-scout-one-800#primaryimage\"},\"image\":{\"@id\":\"https:\\\/\\\/www.duunauspalvelutjarvi.fi\\\/?product=led-lisavalopaneeli-luminalights-scout-one-800#primaryimage\"},\"thumbnailUrl\":\"https:\\\/\\\/www.duunauspalvelutjarvi.fi\\\/wp-content\\\/uploads\\\/2021\\\/08\\\/LuminaLightsScoutDual800led-lisavalopaneeli_8020102774_ec7556f837cecb071b15a8ffa4e3bf54_1.jpg\",\"datePublished\":\"2021-08-24T21:19:57+00:00\",\"dateModified\":\"2025-10-09T08:39:55+00:00\",\"breadcrumb\":{\"@id\":\"https:\\\/\\\/www.duunauspalvelutjarvi.fi\\\/?product=led-lisavalopaneeli-luminalights-scout-one-800#breadcrumb\"},\"inLanguage\":\"fi\",\"potentialAction\":[{\"@type\":\"ReadAction\",\"target\":[\"https:\\\/\\\/www.duunauspalvelutjarvi.fi\\\/?product=led-lisavalopaneeli-luminalights-scout-one-800\"]}]},{\"@type\":\"ImageObject\",\"inLanguage\":\"fi\",\"@id\":\"https:\\\/\\\/www.duunauspalvelutjarvi.fi\\\/?product=led-lisavalopaneeli-luminalights-scout-one-800#primaryimage\",\"url\":\"https:\\\/\\\/www.duunauspalvelutjarvi.fi\\\/wp-content\\\/uploads\\\/2021\\\/08\\\/LuminaLightsScoutDual800led-lisavalopaneeli_8020102774_ec7556f837cecb071b15a8ffa4e3bf54_1.jpg\",\"contentUrl\":\"https:\\\/\\\/www.duunauspalvelutjarvi.fi\\\/wp-content\\\/uploads\\\/2021\\\/08\\\/LuminaLightsScoutDual800led-lisavalopaneeli_8020102774_ec7556f837cecb071b15a8ffa4e3bf54_1.jpg\",\"width\":2000,\"height\":2000},{\"@type\":\"BreadcrumbList\",\"@id\":\"https:\\\/\\\/www.duunauspalvelutjarvi.fi\\\/?product=led-lisavalopaneeli-luminalights-scout-one-800#breadcrumb\",\"itemListElement\":[{\"@type\":\"ListItem\",\"position\":1,\"name\":\"Etusivu\",\"item\":\"https:\\\/\\\/www.duunauspalvelutjarvi.fi\\\/\"},{\"@type\":\"ListItem\",\"position\":2,\"name\":\"Etusivu\",\"item\":\"https:\\\/\\\/www.duunauspalvelutjarvi.fi\\\/\"},{\"@type\":\"ListItem\",\"position\":3,\"name\":\"LED-lis\u00e4valopaneeli LuminaLights Scout Dual 800\"}]},{\"@type\":\"WebSite\",\"@id\":\"https:\\\/\\\/www.duunauspalvelutjarvi.fi\\\/#website\",\"url\":\"https:\\\/\\\/www.duunauspalvelutjarvi.fi\\\/\",\"name\":\"\",\"description\":\"\",\"potentialAction\":[{\"@type\":\"SearchAction\",\"target\":{\"@type\":\"EntryPoint\",\"urlTemplate\":\"https:\\\/\\\/www.duunauspalvelutjarvi.fi\\\/?s={search_term_string}\"},\"query-input\":{\"@type\":\"PropertyValueSpecification\",\"valueRequired\":true,\"valueName\":\"search_term_string\"}}],\"inLanguage\":\"fi\"}]}<\/script>\n<!-- \/ Yoast SEO plugin. -->","yoast_head_json":{"title":"LED-lis\u00e4valopaneeli LuminaLights Scout Dual 800 -","robots":{"index":"index","follow":"follow","max-snippet":"max-snippet:-1","max-image-preview":"max-image-preview:large","max-video-preview":"max-video-preview:-1"},"canonical":"https:\/\/www.duunauspalvelutjarvi.fi\/?product=led-lisavalopaneeli-luminalights-scout-one-800","og_locale":"fi_FI","og_type":"article","og_title":"LED-lis\u00e4valopaneeli LuminaLights Scout Dual 800 -","og_description":"LED-lis\u00e4valopaneeli LuminaLights Scout Dual 800\u00a0on Luminalightsin uuden Scout tuoteperheen huipputehokas ja tyylik\u00e4s lis\u00e4valouutuus! Huikea valonteho, erinomainen yhdistelm\u00e4valokuvio sek\u00e4 suorituskykyyn n\u00e4hden kompakti koko tekev\u00e4t Luminalights Scout Dual 800 lis\u00e4valosta erinomaisen vaihtoehdon suorituskykyist\u00e4 ja laadukasta lis\u00e4valoa hakevalle kilpailukykyiseen hintaan! Tarkasti suunniteltu valokuvio tarjoaa monipuolisesti kantamaa sek\u00e4 leve\u00e4sti hajavaloa pientareille. N\u00e4in ollen valoa saadaan juuri sinne, miss\u00e4 sit\u00e4 [&hellip;]","og_url":"https:\/\/www.duunauspalvelutjarvi.fi\/?product=led-lisavalopaneeli-luminalights-scout-one-800","article_modified_time":"2025-10-09T08:39:55+00:00","og_image":[{"width":2000,"height":2000,"url":"https:\/\/www.duunauspalvelutjarvi.fi\/wp-content\/uploads\/2021\/08\/LuminaLightsScoutDual800led-lisavalopaneeli_8020102774_ec7556f837cecb071b15a8ffa4e3bf54_1.jpg","type":"image\/jpeg"}],"twitter_card":"summary_large_image","twitter_misc":{"Arvioitu lukuaika":"3 minuuttia"},"schema":{"@context":"https:\/\/schema.org","@graph":[{"@type":"WebPage","@id":"https:\/\/www.duunauspalvelutjarvi.fi\/?product=led-lisavalopaneeli-luminalights-scout-one-800","url":"https:\/\/www.duunauspalvelutjarvi.fi\/?product=led-lisavalopaneeli-luminalights-scout-one-800","name":"LED-lis\u00e4valopaneeli LuminaLights Scout Dual 800 -","isPartOf":{"@id":"https:\/\/www.duunauspalvelutjarvi.fi\/#website"},"primaryImageOfPage":{"@id":"https:\/\/www.duunauspalvelutjarvi.fi\/?product=led-lisavalopaneeli-luminalights-scout-one-800#primaryimage"},"image":{"@id":"https:\/\/www.duunauspalvelutjarvi.fi\/?product=led-lisavalopaneeli-luminalights-scout-one-800#primaryimage"},"thumbnailUrl":"https:\/\/www.duunauspalvelutjarvi.fi\/wp-content\/uploads\/2021\/08\/LuminaLightsScoutDual800led-lisavalopaneeli_8020102774_ec7556f837cecb071b15a8ffa4e3bf54_1.jpg","datePublished":"2021-08-24T21:19:57+00:00","dateModified":"2025-10-09T08:39:55+00:00","breadcrumb":{"@id":"https:\/\/www.duunauspalvelutjarvi.fi\/?product=led-lisavalopaneeli-luminalights-scout-one-800#breadcrumb"},"inLanguage":"fi","potentialAction":[{"@type":"ReadAction","target":["https:\/\/www.duunauspalvelutjarvi.fi\/?product=led-lisavalopaneeli-luminalights-scout-one-800"]}]},{"@type":"ImageObject","inLanguage":"fi","@id":"https:\/\/www.duunauspalvelutjarvi.fi\/?product=led-lisavalopaneeli-luminalights-scout-one-800#primaryimage","url":"https:\/\/www.duunauspalvelutjarvi.fi\/wp-content\/uploads\/2021\/08\/LuminaLightsScoutDual800led-lisavalopaneeli_8020102774_ec7556f837cecb071b15a8ffa4e3bf54_1.jpg","contentUrl":"https:\/\/www.duunauspalvelutjarvi.fi\/wp-content\/uploads\/2021\/08\/LuminaLightsScoutDual800led-lisavalopaneeli_8020102774_ec7556f837cecb071b15a8ffa4e3bf54_1.jpg","width":2000,"height":2000},{"@type":"BreadcrumbList","@id":"https:\/\/www.duunauspalvelutjarvi.fi\/?product=led-lisavalopaneeli-luminalights-scout-one-800#breadcrumb","itemListElement":[{"@type":"ListItem","position":1,"name":"Etusivu","item":"https:\/\/www.duunauspalvelutjarvi.fi\/"},{"@type":"ListItem","position":2,"name":"Etusivu","item":"https:\/\/www.duunauspalvelutjarvi.fi\/"},{"@type":"ListItem","position":3,"name":"LED-lis\u00e4valopaneeli LuminaLights Scout Dual 800"}]},{"@type":"WebSite","@id":"https:\/\/www.duunauspalvelutjarvi.fi\/#website","url":"https:\/\/www.duunauspalvelutjarvi.fi\/","name":"","description":"","potentialAction":[{"@type":"SearchAction","target":{"@type":"EntryPoint","urlTemplate":"https:\/\/www.duunauspalvelutjarvi.fi\/?s={search_term_string}"},"query-input":{"@type":"PropertyValueSpecification","valueRequired":true,"valueName":"search_term_string"}}],"inLanguage":"fi"}]}},"jetpack_sharing_enabled":true,"_links":{"self":[{"href":"https:\/\/www.duunauspalvelutjarvi.fi\/index.php?rest_route=\/wp\/v2\/product\/9921","targetHints":{"allow":["GET"]}}],"collection":[{"href":"https:\/\/www.duunauspalvelutjarvi.fi\/index.php?rest_route=\/wp\/v2\/product"}],"about":[{"href":"https:\/\/www.duunauspalvelutjarvi.fi\/index.php?rest_route=\/wp\/v2\/types\/product"}],"replies":[{"embeddable":true,"href":"https:\/\/www.duunauspalvelutjarvi.fi\/index.php?rest_route=%2Fwp%2Fv2%2Fcomments&post=9921"}],"wp:featuredmedia":[{"embeddable":true,"href":"https:\/\/www.duunauspalvelutjarvi.fi\/index.php?rest_route=\/wp\/v2\/media\/14713"}],"wp:attachment":[{"href":"https:\/\/www.duunauspalvelutjarvi.fi\/index.php?rest_route=%2Fwp%2Fv2%2Fmedia&parent=9921"}],"wp:term":[{"taxonomy":"product_brand","embeddable":true,"href":"https:\/\/www.duunauspalvelutjarvi.fi\/index.php?rest_route=%2Fwp%2Fv2%2Fproduct_brand&post=9921"},{"taxonomy":"product_cat","embeddable":true,"href":"https:\/\/www.duunauspalvelutjarvi.fi\/index.php?rest_route=%2Fwp%2Fv2%2Fproduct_cat&post=9921"},{"taxonomy":"product_tag","embeddable":true,"href":"https:\/\/www.duunauspalvelutjarvi.fi\/index.php?rest_route=%2Fwp%2Fv2%2Fproduct_tag&post=9921"}],"curies":[{"name":"wp","href":"https:\/\/api.w.org\/{rel}","templated":true}]}}