{"id":9929,"date":"2021-08-25T00:31:18","date_gmt":"2021-08-24T21:31:18","guid":{"rendered":"https:\/\/www.duunauspalvelutjarvi.fi\/?post_type=product&#038;p=9929"},"modified":"2025-10-09T11:38:18","modified_gmt":"2025-10-09T08:38:18","slug":"led-lisavalopaneeli-luminalights-scout-one-600","status":"publish","type":"product","link":"https:\/\/www.duunauspalvelutjarvi.fi\/?product=led-lisavalopaneeli-luminalights-scout-one-600","title":{"rendered":"LuminaLights Scout MAX Dual 600 led-lis\u00e4valopaneeli"},"content":{"rendered":"<div class=\"col-12 col-lg-10\">\n<div class=\"ProductPageContent__description\">\n<div class=\"WysiwygContent\">\n<p align=\"left\"><span lang=\"fi-FI\">Suosittu LuminaLights Scout -tuoteperhe on uudistunut! Uutuutena Scout-sarjaan on tullut tehollisesti huippuunsa viritetyt MAX-lis\u00e4valopaneelit. Paneeli on ulkoisesti eritt\u00e4in moderni ja sen suunnittelussa on huomioitu uusien ajoneuvojen muodot, joita t\u00e4m\u00e4 malli mukaileekin eritt\u00e4in hyvin.<\/span><\/p>\n<p><span lang=\"fi-FI\">Kahdessa riviss\u00e4 olevat ledit tuottavat tehokkaan yhdistelm\u00e4valokuvion, joka hajottaa paljon valoa my\u00f6s teiden reunoille, eli sinne miss\u00e4 sit\u00e4 eniten tarvitaan. Havaitset mm. pime\u00e4ss\u00e4 kulkevat el\u00e4imet aiemmin, jolloin reagointiaikaa j\u00e4\u00e4 enemm\u00e4n.<\/span><\/p>\n<p align=\"left\"><span lang=\"fi-FI\">Valon v\u00e4ri on aavistuksen kylm\u00e4ns\u00e4vyinen, joten se vastaa hyvin uudempien autojen omien valojen v\u00e4ril\u00e4mp\u00f6tilaa. Scout sopii erinomaisesti esimerkiksi LED-valotekniikalla varustettuihin ajoneuvoihin, koska lis\u00e4valo ja auton omat kaukovalot ovat v\u00e4rilt\u00e4\u00e4n l\u00e4hell\u00e4 toisiaan. Kylm\u00e4 v\u00e4ris\u00e4vy p\u00e4\u00e4see parhaiten oikeuksiinsa pime\u00e4ss\u00e4 syksyisess\u00e4 sadekeliss\u00e4, jolloin hyv\u00e4 n\u00e4kyvyys vaatii kirkasta valoa.<\/span><\/p>\n<p align=\"left\"><span lang=\"fi-FI\">Mik\u00e4li haussa on tehokas lis\u00e4valopaneeli, joka valaisee teiden reunat my\u00f6s syksyisess\u00e4 sadekeliss\u00e4 \u2013 t\u00e4ss\u00e4 on vaihtoehto, joka vastaa toiveisiinne.<\/span><\/p>\n<p align=\"left\"><span lang=\"fi-FI\">Huomioithan, ett\u00e4 MAX-malliston lis\u00e4valopaneeleilla ei ole tieliikennehyv\u00e4ksynt\u00e4\u00e4 vaan ne on sallittu ainoastaan maastok\u00e4ytt\u00f6\u00f6n.<\/span><\/p>\n<p><span lang=\"fi-FI\">T\u00e4h\u00e4n eleganttiin paneeliin on kehitetty miellytt\u00e4v\u00e4n leve\u00e4 yhdistelm\u00e4valokuvio kirkkaanvalkealla 5700K v\u00e4ril\u00e4mp\u00f6tilalla. Scout-lis\u00e4valopaneelin v\u00e4ril\u00e4mp\u00f6tila mukailee etenkin uudempien autojen ajovalojen v\u00e4ris\u00e4vy\u00e4, mutta on ehdottomasti erinomainen vaihtoehto my\u00f6s vanhempien ajovalojen rinnalle.<\/span><\/p>\n<p><span lang=\"fi-FI\">Mitatun valovirran osalta paneeli tuottaa 10 242 lumenia, joka on erinomainen lis\u00e4 auton omien valojen rinnalle.<\/span><\/p>\n<p><span lang=\"fi-FI\">Paketti sis\u00e4lt\u00e4\u00e4 taka- ja p\u00e4\u00e4tykiinnikkeet, joilla paneeli voidaan asentaa ajoneuvoosi juuri haluamallasi tavalla.<\/span><\/p>\n<p><span lang=\"fi-FI\">Kokonsa puolesta paneeli sopii erinomaisesti my\u00f6s pienempienkin ajoneuvojen keulalle. Leveytt\u00e4 paneelilla on 561 mm ja syvyys on 67 mm. Maltillinen syvyys takaa sen, ettei paneeli ulotu kauaksi keulasta tavallisellakaan kilpitelineell\u00e4 asennettuna. Paneelin linssi on valmistettu kest\u00e4v\u00e4st\u00e4 polykarbonaatista ja runko on alumiinia. Liittimen\u00e4 toimii Deutsch 2-pin DTP-liitin.<\/span><\/p>\n<p><span lang=\"fi-FI\">Paneelin ledit ovat Osramin valmistamat ja t\u00e4ss\u00e4 mallissa niit\u00e4 on yhteens\u00e4 40 kappaletta.<\/span><\/p>\n<p align=\"left\"><span lang=\"fi-FI\">K\u00e4ytt\u00f6j\u00e4nnitealue t\u00e4ll\u00e4 LuminaLightsin paneelilla on 9\u201336V, joten se sopii k\u00e4ytett\u00e4v\u00e4ksi sek\u00e4 henkil\u00f6- ett\u00e4 kuorma-autoissa.<\/span><\/p>\n<p>&nbsp;<\/p>\n<p><span lang=\"fi-FI\">Paneelin takuuaika on 24kk.<\/span><\/p>\n<p>&nbsp;<\/p>\n<p><strong><span lang=\"fi-FI\">Yhden valon lis\u00e4valopaketti sis\u00e4lt\u00e4\u00e4:<\/span><\/strong><\/p>\n<ul>\n<li><span lang=\"fi-FI\">LuminaLights Scout MAX Dual 600<\/span><\/li>\n<li><span lang=\"fi-FI\">Relejohtosarja DTP-2<\/span><\/li>\n<li><span lang=\"fi-FI\">Lis\u00e4valoteline RST 3 mm Pro<\/span><\/li>\n<li><span lang=\"fi-FI\"><span lang=\"fi-FI\">Kiinnitysruuvisarja lis\u00e4valotelineelle<\/span><\/span>&nbsp;<\/li>\n<\/ul>\n<p><strong><span lang=\"fi-FI\">Uppoasennuspaketti sis\u00e4lt\u00e4\u00e4:<\/span><\/strong><\/p>\n<ul>\n<li><span lang=\"fi-FI\">LuminaLights Scout MAX Dual 600<\/span><\/li>\n<li><span lang=\"fi-FI\">Relejohtosarja DTP-2<\/span><\/li>\n<li><span lang=\"fi-FI\">Lis\u00e4valoteline uppoasennukseen<\/span><\/li>\n<li><span lang=\"fi-FI\">Kiinnitysruuvisarja lis\u00e4valotelineelle<\/span><\/li>\n<\/ul>\n<p>&nbsp;<\/p>\n<p align=\"left\"><strong><span lang=\"fi-FI\">Miksi valitsisit LuminaLights Scout MAX Dual 600:n ajoneuvosi lis\u00e4valoksi?<\/span><\/strong><\/p>\n<ul>\n<li>\n<p align=\"left\"><span lang=\"fi-FI\">LuminaLights on tuotemerkkin\u00e4 ollut markkinoiden varma valinta jo usean vuoden ajan, eik\u00e4 t\u00e4m\u00e4k\u00e4\u00e4n malli tee poikkeusta asian suhteen.<\/span><\/p>\n<\/li>\n<li>\n<p align=\"left\"><span lang=\"fi-FI\">LuminaLights-lis\u00e4valot ovat tunnettuja erinomaisesta hinta-laatusuhteesta.<\/span><\/p>\n<\/li>\n<li>\n<p align=\"left\"><span lang=\"fi-FI\">Tuttuun tapaan my\u00f6s t\u00e4ll\u00e4 tuoteperheen paneelilla on 24kk takuuaika. Se tarjoaa huolettomia kilometrej\u00e4 sek\u00e4 pitk\u00e4\u00e4 k\u00e4ytt\u00f6ik\u00e4\u00e4.<\/span><\/p>\n<\/li>\n<\/ul>\n<p><strong>Erinomainen hinta-laatusuhde!<\/strong><\/p>\n<p><strong>Tekniset tiedot:<\/strong><\/p>\n<ul class=\"inline-dot\">\n<li class=\"ProductExtraInfo--product-id\">Tuotekoodi:\u00a08020105198<\/li>\n<li class=\"ProductExtraInfo--warranty\"><span class=\"ProductWarranty\">Takuu:\u00a0<span class=\"ProductWarranty__warranty\">2 vuotta<\/span><\/span><\/li>\n<li class=\"ProductExtraInfo--property-4\">V\u00e4ril\u00e4mp\u00f6tila:\u00a05700<\/li>\n<li class=\"ProductExtraInfo--property-5\">Valokuvio:\u00a0Yhdistelm\u00e4kuvio<\/li>\n<li class=\"ProductExtraInfo--property-6\">Lasin v\u00e4ri:\u00a0Kirkas<\/li>\n<li class=\"ProductExtraInfo--property-12\">Referenssiluku:\u00a0Ainoastaan maastok\u00e4ytt\u00f6n<\/li>\n<li class=\"ProductExtraInfo--property-13\">Kaapelin pituus:\u00a01 m<\/li>\n<li class=\"ProductExtraInfo--property-38\">Setti:\u00a01 kpl &#8211; pelkk\u00e4 valo<\/li>\n<li class=\"ProductExtraInfo--property-40\">Liittimen tyyppi:\u00a02-Pin DTP-liitin<\/li>\n<li class=\"ProductExtraInfo--property-59\">Ip-luokitus:\u00a0IP67<\/li>\n<li class=\"ProductExtraInfo--property-65\">Kiinnitystapa:\u00a0Bolt<\/li>\n<li class=\"ProductExtraInfo--property-72\">Ledien m\u00e4\u00e4r\u00e4:\u00a040<\/li>\n<li class=\"ProductExtraInfo--property-74\">Valonl\u00e4hde:\u00a0LED<\/li>\n<li class=\"ProductExtraInfo--property-109\">syvyys (mm):\u00a067<\/li>\n<li class=\"ProductExtraInfo--property-110\">korkeus (mm):\u00a070<\/li>\n<li class=\"ProductExtraInfo--property-112\">Tuotesarja:\u00a0Scout MAX<\/li>\n<li class=\"ProductExtraInfo--property-113\">K\u00e4ytt\u00f6j\u00e4nnitealue:\u00a09-36V<\/li>\n<li class=\"ProductExtraInfo--property-115\">Linssin materiaali:\u00a0Polycarbonate<\/li>\n<li class=\"ProductExtraInfo--property-118\">Rungon materiaali:\u00a0Aluminium<\/li>\n<li class=\"ProductExtraInfo--property-121\">LED-valmistaja:\u00a0Osram<\/li>\n<li class=\"ProductExtraInfo--property-122\">Mitattu valovirta:\u00a010242<\/li>\n<li class=\"ProductExtraInfo--property-131\">Nimellisteho (W):\u00a0200<\/li>\n<\/ul>\n<\/div>\n<\/div>\n<\/div>\n<div class=\"ProductPageContent__description-details col-sm-12 col-lg-2\">\n<div>\n<div class=\"ProductExtraInfo ProductExtraInfo--single-column\"><\/div>\n<\/div>\n<\/div>\n","protected":false},"excerpt":{"rendered":"<p><a href=\"https:\/\/www.duunauspalvelutjarvi.fi\/?term=&amp;s=LuminaLights&amp;post_type=product&amp;taxonomy=product_cat\"><img loading=\"lazy\" decoding=\"async\" class=\"alignnone size-full wp-image-9939\" src=\"https:\/\/www.duunauspalvelutjarvi.fi\/wp-content\/uploads\/2021\/08\/luminalights_manufacturer_image.png\" alt=\"\" width=\"200\" height=\"65\" \/><\/a><\/p>\n","protected":false},"featured_media":14702,"comment_status":"open","ping_status":"closed","template":"","meta":[],"product_brand":[704],"product_cat":[44],"product_tag":[],"class_list":{"0":"post-9929","1":"product","2":"type-product","3":"status-publish","4":"has-post-thumbnail","6":"product_brand-luminalights","7":"product_cat-led-lisavalopaneelit","8":"product_shipping_class-l-paketti","10":"first","11":"instock","12":"taxable","13":"shipping-taxable","14":"purchasable","15":"product-type-variable"},"yoast_head":"<!-- This site is optimized with the Yoast SEO plugin v27.5 - https:\/\/yoast.com\/product\/yoast-seo-wordpress\/ -->\n<title>LuminaLights Scout MAX Dual 600 led-lis\u00e4valopaneeli -<\/title>\n<meta name=\"robots\" content=\"index, follow, max-snippet:-1, max-image-preview:large, max-video-preview:-1\" \/>\n<link rel=\"canonical\" href=\"https:\/\/www.duunauspalvelutjarvi.fi\/?product=led-lisavalopaneeli-luminalights-scout-one-600\" \/>\n<meta property=\"og:locale\" content=\"fi_FI\" \/>\n<meta property=\"og:type\" content=\"article\" \/>\n<meta property=\"og:title\" content=\"LuminaLights Scout MAX Dual 600 led-lis\u00e4valopaneeli -\" \/>\n<meta property=\"og:url\" content=\"https:\/\/www.duunauspalvelutjarvi.fi\/?product=led-lisavalopaneeli-luminalights-scout-one-600\" \/>\n<meta property=\"article:modified_time\" content=\"2025-10-09T08:38:18+00:00\" \/>\n<meta property=\"og:image\" content=\"https:\/\/www.duunauspalvelutjarvi.fi\/wp-content\/uploads\/2021\/08\/LuminaLightsScoutMAXDual600led-lisavalopaneeli_8020105198_ab37e8de0f35a23f27a2d33e3f6aa20f_1.jpg\" \/>\n\t<meta property=\"og:image:width\" content=\"2000\" \/>\n\t<meta property=\"og:image:height\" content=\"2000\" \/>\n\t<meta property=\"og:image:type\" content=\"image\/jpeg\" \/>\n<meta name=\"twitter:card\" content=\"summary_large_image\" \/>\n<meta name=\"twitter:label1\" content=\"Arvioitu lukuaika\" \/>\n\t<meta name=\"twitter:data1\" content=\"3 minuuttia\" \/>\n<script type=\"application\/ld+json\" class=\"yoast-schema-graph\">{\"@context\":\"https:\\\/\\\/schema.org\",\"@graph\":[{\"@type\":\"WebPage\",\"@id\":\"https:\\\/\\\/www.duunauspalvelutjarvi.fi\\\/?product=led-lisavalopaneeli-luminalights-scout-one-600\",\"url\":\"https:\\\/\\\/www.duunauspalvelutjarvi.fi\\\/?product=led-lisavalopaneeli-luminalights-scout-one-600\",\"name\":\"LuminaLights Scout MAX Dual 600 led-lis\u00e4valopaneeli -\",\"isPartOf\":{\"@id\":\"https:\\\/\\\/www.duunauspalvelutjarvi.fi\\\/#website\"},\"primaryImageOfPage\":{\"@id\":\"https:\\\/\\\/www.duunauspalvelutjarvi.fi\\\/?product=led-lisavalopaneeli-luminalights-scout-one-600#primaryimage\"},\"image\":{\"@id\":\"https:\\\/\\\/www.duunauspalvelutjarvi.fi\\\/?product=led-lisavalopaneeli-luminalights-scout-one-600#primaryimage\"},\"thumbnailUrl\":\"https:\\\/\\\/www.duunauspalvelutjarvi.fi\\\/wp-content\\\/uploads\\\/2021\\\/08\\\/LuminaLightsScoutMAXDual600led-lisavalopaneeli_8020105198_ab37e8de0f35a23f27a2d33e3f6aa20f_1.jpg\",\"datePublished\":\"2021-08-24T21:31:18+00:00\",\"dateModified\":\"2025-10-09T08:38:18+00:00\",\"breadcrumb\":{\"@id\":\"https:\\\/\\\/www.duunauspalvelutjarvi.fi\\\/?product=led-lisavalopaneeli-luminalights-scout-one-600#breadcrumb\"},\"inLanguage\":\"fi\",\"potentialAction\":[{\"@type\":\"ReadAction\",\"target\":[\"https:\\\/\\\/www.duunauspalvelutjarvi.fi\\\/?product=led-lisavalopaneeli-luminalights-scout-one-600\"]}]},{\"@type\":\"ImageObject\",\"inLanguage\":\"fi\",\"@id\":\"https:\\\/\\\/www.duunauspalvelutjarvi.fi\\\/?product=led-lisavalopaneeli-luminalights-scout-one-600#primaryimage\",\"url\":\"https:\\\/\\\/www.duunauspalvelutjarvi.fi\\\/wp-content\\\/uploads\\\/2021\\\/08\\\/LuminaLightsScoutMAXDual600led-lisavalopaneeli_8020105198_ab37e8de0f35a23f27a2d33e3f6aa20f_1.jpg\",\"contentUrl\":\"https:\\\/\\\/www.duunauspalvelutjarvi.fi\\\/wp-content\\\/uploads\\\/2021\\\/08\\\/LuminaLightsScoutMAXDual600led-lisavalopaneeli_8020105198_ab37e8de0f35a23f27a2d33e3f6aa20f_1.jpg\",\"width\":2000,\"height\":2000},{\"@type\":\"BreadcrumbList\",\"@id\":\"https:\\\/\\\/www.duunauspalvelutjarvi.fi\\\/?product=led-lisavalopaneeli-luminalights-scout-one-600#breadcrumb\",\"itemListElement\":[{\"@type\":\"ListItem\",\"position\":1,\"name\":\"Etusivu\",\"item\":\"https:\\\/\\\/www.duunauspalvelutjarvi.fi\\\/\"},{\"@type\":\"ListItem\",\"position\":2,\"name\":\"Etusivu\",\"item\":\"https:\\\/\\\/www.duunauspalvelutjarvi.fi\\\/\"},{\"@type\":\"ListItem\",\"position\":3,\"name\":\"LuminaLights Scout MAX Dual 600 led-lis\u00e4valopaneeli\"}]},{\"@type\":\"WebSite\",\"@id\":\"https:\\\/\\\/www.duunauspalvelutjarvi.fi\\\/#website\",\"url\":\"https:\\\/\\\/www.duunauspalvelutjarvi.fi\\\/\",\"name\":\"\",\"description\":\"\",\"potentialAction\":[{\"@type\":\"SearchAction\",\"target\":{\"@type\":\"EntryPoint\",\"urlTemplate\":\"https:\\\/\\\/www.duunauspalvelutjarvi.fi\\\/?s={search_term_string}\"},\"query-input\":{\"@type\":\"PropertyValueSpecification\",\"valueRequired\":true,\"valueName\":\"search_term_string\"}}],\"inLanguage\":\"fi\"}]}<\/script>\n<!-- \/ Yoast SEO plugin. -->","yoast_head_json":{"title":"LuminaLights Scout MAX Dual 600 led-lis\u00e4valopaneeli -","robots":{"index":"index","follow":"follow","max-snippet":"max-snippet:-1","max-image-preview":"max-image-preview:large","max-video-preview":"max-video-preview:-1"},"canonical":"https:\/\/www.duunauspalvelutjarvi.fi\/?product=led-lisavalopaneeli-luminalights-scout-one-600","og_locale":"fi_FI","og_type":"article","og_title":"LuminaLights Scout MAX Dual 600 led-lis\u00e4valopaneeli -","og_url":"https:\/\/www.duunauspalvelutjarvi.fi\/?product=led-lisavalopaneeli-luminalights-scout-one-600","article_modified_time":"2025-10-09T08:38:18+00:00","og_image":[{"width":2000,"height":2000,"url":"https:\/\/www.duunauspalvelutjarvi.fi\/wp-content\/uploads\/2021\/08\/LuminaLightsScoutMAXDual600led-lisavalopaneeli_8020105198_ab37e8de0f35a23f27a2d33e3f6aa20f_1.jpg","type":"image\/jpeg"}],"twitter_card":"summary_large_image","twitter_misc":{"Arvioitu lukuaika":"3 minuuttia"},"schema":{"@context":"https:\/\/schema.org","@graph":[{"@type":"WebPage","@id":"https:\/\/www.duunauspalvelutjarvi.fi\/?product=led-lisavalopaneeli-luminalights-scout-one-600","url":"https:\/\/www.duunauspalvelutjarvi.fi\/?product=led-lisavalopaneeli-luminalights-scout-one-600","name":"LuminaLights Scout MAX Dual 600 led-lis\u00e4valopaneeli -","isPartOf":{"@id":"https:\/\/www.duunauspalvelutjarvi.fi\/#website"},"primaryImageOfPage":{"@id":"https:\/\/www.duunauspalvelutjarvi.fi\/?product=led-lisavalopaneeli-luminalights-scout-one-600#primaryimage"},"image":{"@id":"https:\/\/www.duunauspalvelutjarvi.fi\/?product=led-lisavalopaneeli-luminalights-scout-one-600#primaryimage"},"thumbnailUrl":"https:\/\/www.duunauspalvelutjarvi.fi\/wp-content\/uploads\/2021\/08\/LuminaLightsScoutMAXDual600led-lisavalopaneeli_8020105198_ab37e8de0f35a23f27a2d33e3f6aa20f_1.jpg","datePublished":"2021-08-24T21:31:18+00:00","dateModified":"2025-10-09T08:38:18+00:00","breadcrumb":{"@id":"https:\/\/www.duunauspalvelutjarvi.fi\/?product=led-lisavalopaneeli-luminalights-scout-one-600#breadcrumb"},"inLanguage":"fi","potentialAction":[{"@type":"ReadAction","target":["https:\/\/www.duunauspalvelutjarvi.fi\/?product=led-lisavalopaneeli-luminalights-scout-one-600"]}]},{"@type":"ImageObject","inLanguage":"fi","@id":"https:\/\/www.duunauspalvelutjarvi.fi\/?product=led-lisavalopaneeli-luminalights-scout-one-600#primaryimage","url":"https:\/\/www.duunauspalvelutjarvi.fi\/wp-content\/uploads\/2021\/08\/LuminaLightsScoutMAXDual600led-lisavalopaneeli_8020105198_ab37e8de0f35a23f27a2d33e3f6aa20f_1.jpg","contentUrl":"https:\/\/www.duunauspalvelutjarvi.fi\/wp-content\/uploads\/2021\/08\/LuminaLightsScoutMAXDual600led-lisavalopaneeli_8020105198_ab37e8de0f35a23f27a2d33e3f6aa20f_1.jpg","width":2000,"height":2000},{"@type":"BreadcrumbList","@id":"https:\/\/www.duunauspalvelutjarvi.fi\/?product=led-lisavalopaneeli-luminalights-scout-one-600#breadcrumb","itemListElement":[{"@type":"ListItem","position":1,"name":"Etusivu","item":"https:\/\/www.duunauspalvelutjarvi.fi\/"},{"@type":"ListItem","position":2,"name":"Etusivu","item":"https:\/\/www.duunauspalvelutjarvi.fi\/"},{"@type":"ListItem","position":3,"name":"LuminaLights Scout MAX Dual 600 led-lis\u00e4valopaneeli"}]},{"@type":"WebSite","@id":"https:\/\/www.duunauspalvelutjarvi.fi\/#website","url":"https:\/\/www.duunauspalvelutjarvi.fi\/","name":"","description":"","potentialAction":[{"@type":"SearchAction","target":{"@type":"EntryPoint","urlTemplate":"https:\/\/www.duunauspalvelutjarvi.fi\/?s={search_term_string}"},"query-input":{"@type":"PropertyValueSpecification","valueRequired":true,"valueName":"search_term_string"}}],"inLanguage":"fi"}]}},"jetpack_sharing_enabled":true,"_links":{"self":[{"href":"https:\/\/www.duunauspalvelutjarvi.fi\/index.php?rest_route=\/wp\/v2\/product\/9929","targetHints":{"allow":["GET"]}}],"collection":[{"href":"https:\/\/www.duunauspalvelutjarvi.fi\/index.php?rest_route=\/wp\/v2\/product"}],"about":[{"href":"https:\/\/www.duunauspalvelutjarvi.fi\/index.php?rest_route=\/wp\/v2\/types\/product"}],"replies":[{"embeddable":true,"href":"https:\/\/www.duunauspalvelutjarvi.fi\/index.php?rest_route=%2Fwp%2Fv2%2Fcomments&post=9929"}],"wp:featuredmedia":[{"embeddable":true,"href":"https:\/\/www.duunauspalvelutjarvi.fi\/index.php?rest_route=\/wp\/v2\/media\/14702"}],"wp:attachment":[{"href":"https:\/\/www.duunauspalvelutjarvi.fi\/index.php?rest_route=%2Fwp%2Fv2%2Fmedia&parent=9929"}],"wp:term":[{"taxonomy":"product_brand","embeddable":true,"href":"https:\/\/www.duunauspalvelutjarvi.fi\/index.php?rest_route=%2Fwp%2Fv2%2Fproduct_brand&post=9929"},{"taxonomy":"product_cat","embeddable":true,"href":"https:\/\/www.duunauspalvelutjarvi.fi\/index.php?rest_route=%2Fwp%2Fv2%2Fproduct_cat&post=9929"},{"taxonomy":"product_tag","embeddable":true,"href":"https:\/\/www.duunauspalvelutjarvi.fi\/index.php?rest_route=%2Fwp%2Fv2%2Fproduct_tag&post=9929"}],"curies":[{"name":"wp","href":"https:\/\/api.w.org\/{rel}","templated":true}]}}